{"id":4058,"date":"2024-02-12T09:23:23","date_gmt":"2024-02-12T09:23:23","guid":{"rendered":"https:\/\/miopack.com.tr\/?page_id=4058"},"modified":"2024-02-13T07:01:39","modified_gmt":"2024-02-13T07:01:39","slug":"miotripleks-tripleks-gt","status":"publish","type":"page","link":"https:\/\/miopack.com.tr\/tr\/miotripleks-tripleks-gt\/","title":{"rendered":"Miotripleks\u2122 (Tripleks, GT)"},"content":{"rendered":"\t\t<div data-elementor-type=\"wp-page\" data-elementor-id=\"4058\" class=\"elementor elementor-4058 elementor-3981\">\n\t\t\t\t\t\t<section class=\"elementor-section elementor-top-section elementor-element elementor-element-b9f397a elementor-section-boxed elementor-section-height-default elementor-section-height-default\" data-id=\"b9f397a\" data-element_type=\"section\">\n\t\t\t\t\t\t<div class=\"elementor-container elementor-column-gap-default\">\n\t\t\t\t\t<div class=\"elementor-column elementor-col-50 elementor-top-column elementor-element elementor-element-32ff602\" data-id=\"32ff602\" data-element_type=\"column\">\n\t\t\t<div class=\"elementor-widget-wrap elementor-element-populated\">\n\t\t\t\t\t\t<div class=\"elementor-element elementor-element-39319f4 elementor-widget elementor-widget-gallery_slider\" data-id=\"39319f4\" data-element_type=\"widget\" data-widget_type=\"gallery_slider.default\">\n\t\t\t\t<div class=\"elementor-widget-container\">\n\t\t\t<div class=\"gallery-fs\"><figure><img decoding=\"async\" src=\"https:\/\/miopack.com.tr\/wp-content\/uploads\/mio-print-tripleks.png\" alt=\"\"><\/figure><\/div>\t\t<\/div>\n\t\t\t\t<\/div>\n\t\t\t\t\t<\/div>\n\t\t<\/div>\n\t\t\t\t<div class=\"elementor-column elementor-col-50 elementor-top-column elementor-element elementor-element-03565b5\" data-id=\"03565b5\" data-element_type=\"column\">\n\t\t\t<div class=\"elementor-widget-wrap elementor-element-populated\">\n\t\t\t\t\t\t<div class=\"elementor-element elementor-element-b31683d elementor-widget elementor-widget-gallery_slider\" data-id=\"b31683d\" data-element_type=\"widget\" data-widget_type=\"gallery_slider.default\">\n\t\t\t\t<div class=\"elementor-widget-container\">\n\t\t\t<div class=\"gallery-fs\"><figure><img decoding=\"async\" src=\"https:\/\/miopack.com.tr\/wp-content\/uploads\/4.jpg\" alt=\"\"><\/figure><\/div>\t\t<\/div>\n\t\t\t\t<\/div>\n\t\t\t\t<div class=\"elementor-element elementor-element-b71dda0 elementor-widget elementor-widget-gallery_slider\" data-id=\"b71dda0\" data-element_type=\"widget\" data-widget_type=\"gallery_slider.default\">\n\t\t\t\t<div class=\"elementor-widget-container\">\n\t\t\t<div class=\"gallery-fs\"><figure><img decoding=\"async\" src=\"https:\/\/miopack.com.tr\/wp-content\/uploads\/miotriplex-ebat-scaled-1.jpg\" alt=\"\"><\/figure><\/div>\t\t<\/div>\n\t\t\t\t<\/div>\n\t\t\t\t\t<\/div>\n\t\t<\/div>\n\t\t\t\t\t<\/div>\n\t\t<\/section>\n\t\t\t\t<section class=\"elementor-section elementor-top-section elementor-element elementor-element-9141969 elementor-section-boxed elementor-section-height-default elementor-section-height-default\" data-id=\"9141969\" data-element_type=\"section\">\n\t\t\t\t\t\t<div class=\"elementor-container elementor-column-gap-default\">\n\t\t\t\t\t<div class=\"elementor-column elementor-col-100 elementor-top-column elementor-element elementor-element-aa3da3c\" data-id=\"aa3da3c\" data-element_type=\"column\">\n\t\t\t<div class=\"elementor-widget-wrap elementor-element-populated\">\n\t\t\t\t\t\t<div class=\"elementor-element elementor-element-6739ccb elementor-widget elementor-widget-heading\" data-id=\"6739ccb\" data-element_type=\"widget\" data-widget_type=\"heading.default\">\n\t\t\t\t<div class=\"elementor-widget-container\">\n\t\t\t<h3 class='heading-left  divider-sm'  style=\"color:#000000\"><span>MIOTRIPLEKS\u2122 (TRIPLEKS, GT)<\/span><\/h3>\t\t<\/div>\n\t\t\t\t<\/div>\n\t\t\t\t<div class=\"elementor-element elementor-element-85ca906 elementor-widget elementor-widget-text-editor\" data-id=\"85ca906\" data-element_type=\"widget\" data-widget_type=\"text-editor.default\">\n\t\t\t\t<div class=\"elementor-widget-container\">\n\t\t\t\t\t\t\t<p>Arka y\u00fcz\u00fc ve \u00f6n y\u00fcz\u00fc beyaz ve ku\u015feli olup, \u00f6n y\u00fczeyde Airknife &amp; Blade uygulamalar\u0131yla iki kat ku\u015fe uygulamas\u0131 bulunmaktad\u0131r. Arka y\u00fczeyde tek kat pigment ku\u015fe tatbik edilmi\u015ftir.<\/p><p>\u00dcretim hatt\u0131m\u0131zda 300, 350, 400 g\/m2 aral\u0131\u011f\u0131nda Miotripleks karton \u00fcretilmektedir. Miotripleks\u00a0kartonlar\u0131, Miotripleks\u00a0\u2122 kartonlar\u0131, g\u0131da ambalajlar\u0131, kozmetik ambalajlar\u0131, kitap-defter kapaklar\u0131, takvim-bro\u015f\u00fcr bask\u0131lar\u0131, ila\u00e7 kutular\u0131 uygulamalar\u0131nda kullan\u0131lmaktad\u0131r.<\/p><p>WLC dubleks karton %95 geri kazan\u0131lm\u0131\u015f at\u0131k k\u00e2\u011f\u0131ttan, %5 sel\u00fclozdan \u00fcretilmektedir. \u00dcretilen kartonun kalite \u00f6zellikleri, g\u00f6r\u00fcn\u00fcm\u00fcne ve performans\u0131na ba\u011fl\u0131d\u0131r. G\u00f6r\u00fcn\u00fcm \u00f6zellikleri aras\u0131nda renk, y\u00fczey p\u00fcr\u00fczs\u00fczl\u00fc\u011f\u00fc, y\u00fczey yap\u0131s\u0131, parlakl\u0131k, opakl\u0131k, bas\u0131labilirlik, y\u00fczey mukavemeti, y\u00fczey pH\u2019\u0131 ve temizli\u011fi dikkate al\u0131n\u0131rken; performans \u00f6zellikleri olarak gramaj, kal\u0131nl\u0131k, nem, gerilme direnci ve uzama, y\u0131rt\u0131lma direnci, patlama direnci, b\u00fck\u00fclme direnci, s\u0131k\u0131\u015ft\u0131rma direnci, katlama ve piliyaj, kat ba\u011flanma, boyutsal stabilite, g\u00f6zeneklilik, su emicilik ve y\u00fczey yap\u0131\u015fma \u00f6zellikleri takip edilmektedir.<\/p>\t\t\t\t\t\t<\/div>\n\t\t\t\t<\/div>\n\t\t\t\t<div class=\"elementor-element elementor-element-533351f elementor-widget elementor-widget-image\" data-id=\"533351f\" data-element_type=\"widget\" data-widget_type=\"image.default\">\n\t\t\t\t<div class=\"elementor-widget-container\">\n\t\t\t\t\t\t\t\t\t\t\t\t\t<img fetchpriority=\"high\" decoding=\"async\" width=\"680\" height=\"516\" src=\"https:\/\/miopack.com.tr\/wp-content\/uploads\/mioprint-tr-03.png\" class=\"attachment-large size-large wp-image-4025\" alt=\"\" srcset=\"https:\/\/miopack.com.tr\/wp-content\/uploads\/mioprint-tr-03.png 680w, https:\/\/miopack.com.tr\/wp-content\/uploads\/mioprint-tr-03-300x228.png 300w, https:\/\/miopack.com.tr\/wp-content\/uploads\/mioprint-tr-03-600x455.png 600w\" sizes=\"(max-width: 680px) 100vw, 680px\" \/>\t\t\t\t\t\t\t\t\t\t\t\t\t<\/div>\n\t\t\t\t<\/div>\n\t\t\t\t<div class=\"elementor-element elementor-element-dc3961a elementor-widget elementor-widget-image\" data-id=\"dc3961a\" data-element_type=\"widget\" data-widget_type=\"image.default\">\n\t\t\t\t<div class=\"elementor-widget-container\">\n\t\t\t\t\t\t\t\t\t\t\t\t\t<img decoding=\"async\" width=\"680\" height=\"347\" src=\"https:\/\/miopack.com.tr\/wp-content\/uploads\/mioprint-tr-04.png\" class=\"attachment-large size-large wp-image-4028\" alt=\"\" srcset=\"https:\/\/miopack.com.tr\/wp-content\/uploads\/mioprint-tr-04.png 680w, https:\/\/miopack.com.tr\/wp-content\/uploads\/mioprint-tr-04-300x153.png 300w, https:\/\/miopack.com.tr\/wp-content\/uploads\/mioprint-tr-04-600x306.png 600w\" sizes=\"(max-width: 680px) 100vw, 680px\" \/>\t\t\t\t\t\t\t\t\t\t\t\t\t<\/div>\n\t\t\t\t<\/div>\n\t\t\t\t\t<\/div>\n\t\t<\/div>\n\t\t\t\t\t<\/div>\n\t\t<\/section>\n\t\t\t\t<\/div>\n\t\t","protected":false},"excerpt":{"rendered":"<p>MIOTRIPLEKS\u2122 (TRIPLEKS, GT) Arka y\u00fcz\u00fc ve \u00f6n y\u00fcz\u00fc beyaz ve ku\u015feli olup, \u00f6n y\u00fczeyde Airknife &amp; Blade uygulamalar\u0131yla iki kat ku\u015fe uygulamas\u0131 bulunmaktad\u0131r. Arka y\u00fczeyde tek kat pigment ku\u015fe tatbik edilmi\u015ftir. \u00dcretim hatt\u0131m\u0131zda 300, 350, 400 g\/m2 aral\u0131\u011f\u0131nda Miotripleks karton &hellip;<\/p>\n","protected":false},"author":1,"featured_media":0,"parent":0,"menu_order":0,"comment_status":"closed","ping_status":"closed","template":"","meta":{"footnotes":""},"class_list":["post-4058","page","type-page","status-publish","hentry"],"yoast_head":"<!-- This site is optimized with the Yoast SEO plugin v25.2 - https:\/\/yoast.com\/wordpress\/plugins\/seo\/ -->\n<title>Miotripleks\u2122 (Tripleks, GT) - Miopack Ambalaj Packaging Solutions<\/title>\n<meta name=\"robots\" content=\"index, follow, max-snippet:-1, max-image-preview:large, max-video-preview:-1\" \/>\n<link rel=\"canonical\" href=\"https:\/\/miopack.com.tr\/tr\/miotripleks-tripleks-gt\/\" \/>\n<meta property=\"og:locale\" content=\"tr_TR\" \/>\n<meta property=\"og:type\" content=\"article\" \/>\n<meta property=\"og:title\" content=\"Miotripleks\u2122 (Tripleks, GT) - Miopack Ambalaj Packaging Solutions\" \/>\n<meta property=\"og:description\" content=\"MIOTRIPLEKS\u2122 (TRIPLEKS, GT) Arka y\u00fcz\u00fc ve \u00f6n y\u00fcz\u00fc beyaz ve ku\u015feli olup, \u00f6n y\u00fczeyde Airknife &amp; Blade uygulamalar\u0131yla iki kat ku\u015fe uygulamas\u0131 bulunmaktad\u0131r. Arka y\u00fczeyde tek kat pigment ku\u015fe tatbik edilmi\u015ftir. \u00dcretim hatt\u0131m\u0131zda 300, 350, 400 g\/m2 aral\u0131\u011f\u0131nda Miotripleks karton &hellip;\" \/>\n<meta property=\"og:url\" content=\"https:\/\/miopack.com.tr\/tr\/miotripleks-tripleks-gt\/\" \/>\n<meta property=\"og:site_name\" content=\"Miopack Ambalaj Packaging Solutions\" \/>\n<meta property=\"article:publisher\" content=\"https:\/\/www.facebook.com\/miopack.packaging.solutions\/\" \/>\n<meta property=\"article:modified_time\" content=\"2024-02-13T07:01:39+00:00\" \/>\n<meta property=\"og:image\" content=\"https:\/\/miopack.com.tr\/wp-content\/uploads\/mio-print-tripleks.png\" \/>\n<meta name=\"twitter:card\" content=\"summary_large_image\" \/>\n<meta name=\"twitter:label1\" content=\"Tahmini okuma s\u00fcresi\" \/>\n\t<meta name=\"twitter:data1\" content=\"1 dakika\" \/>\n<script type=\"application\/ld+json\" class=\"yoast-schema-graph\">{\"@context\":\"https:\/\/schema.org\",\"@graph\":[{\"@type\":\"WebPage\",\"@id\":\"https:\/\/miopack.com.tr\/tr\/miotripleks-tripleks-gt\/\",\"url\":\"https:\/\/miopack.com.tr\/tr\/miotripleks-tripleks-gt\/\",\"name\":\"Miotripleks\u2122 (Tripleks, GT) - Miopack Ambalaj Packaging Solutions\",\"isPartOf\":{\"@id\":\"https:\/\/miopack.com.tr\/tr\/#website\"},\"primaryImageOfPage\":{\"@id\":\"https:\/\/miopack.com.tr\/tr\/miotripleks-tripleks-gt\/#primaryimage\"},\"image\":{\"@id\":\"https:\/\/miopack.com.tr\/tr\/miotripleks-tripleks-gt\/#primaryimage\"},\"thumbnailUrl\":\"https:\/\/miopack.com.tr\/wp-content\/uploads\/mio-print-tripleks.png\",\"datePublished\":\"2024-02-12T09:23:23+00:00\",\"dateModified\":\"2024-02-13T07:01:39+00:00\",\"breadcrumb\":{\"@id\":\"https:\/\/miopack.com.tr\/tr\/miotripleks-tripleks-gt\/#breadcrumb\"},\"inLanguage\":\"tr\",\"potentialAction\":[{\"@type\":\"ReadAction\",\"target\":[\"https:\/\/miopack.com.tr\/tr\/miotripleks-tripleks-gt\/\"]}]},{\"@type\":\"ImageObject\",\"inLanguage\":\"tr\",\"@id\":\"https:\/\/miopack.com.tr\/tr\/miotripleks-tripleks-gt\/#primaryimage\",\"url\":\"https:\/\/miopack.com.tr\/wp-content\/uploads\/mio-print-tripleks.png\",\"contentUrl\":\"https:\/\/miopack.com.tr\/wp-content\/uploads\/mio-print-tripleks.png\"},{\"@type\":\"BreadcrumbList\",\"@id\":\"https:\/\/miopack.com.tr\/tr\/miotripleks-tripleks-gt\/#breadcrumb\",\"itemListElement\":[{\"@type\":\"ListItem\",\"position\":1,\"name\":\"Home\",\"item\":\"https:\/\/miopack.com.tr\/tr\/\"},{\"@type\":\"ListItem\",\"position\":2,\"name\":\"Miotripleks\u2122 (Tripleks, GT)\"}]},{\"@type\":\"WebSite\",\"@id\":\"https:\/\/miopack.com.tr\/tr\/#website\",\"url\":\"https:\/\/miopack.com.tr\/tr\/\",\"name\":\"www.miopack.com.tr\",\"description\":\"Cardboard corners - Edge Protector - Angle Board - Packing Sources - Cardboard - Solidboard - Angleboard - Metallized Cardboard - Pastry Coaster\",\"publisher\":{\"@id\":\"https:\/\/miopack.com.tr\/tr\/#organization\"},\"potentialAction\":[{\"@type\":\"SearchAction\",\"target\":{\"@type\":\"EntryPoint\",\"urlTemplate\":\"https:\/\/miopack.com.tr\/tr\/?s={search_term_string}\"},\"query-input\":{\"@type\":\"PropertyValueSpecification\",\"valueRequired\":true,\"valueName\":\"search_term_string\"}}],\"inLanguage\":\"tr\"},{\"@type\":\"Organization\",\"@id\":\"https:\/\/miopack.com.tr\/tr\/#organization\",\"name\":\"Miopack Ambalaj Packaging Solutions\",\"url\":\"https:\/\/miopack.com.tr\/tr\/\",\"logo\":{\"@type\":\"ImageObject\",\"inLanguage\":\"tr\",\"@id\":\"https:\/\/miopack.com.tr\/tr\/#\/schema\/logo\/image\/\",\"url\":\"https:\/\/miopack.com.tr\/wp-content\/uploads\/miopack-logo-1.png\",\"contentUrl\":\"https:\/\/miopack.com.tr\/wp-content\/uploads\/miopack-logo-1.png\",\"width\":442,\"height\":160,\"caption\":\"Miopack Ambalaj Packaging Solutions\"},\"image\":{\"@id\":\"https:\/\/miopack.com.tr\/tr\/#\/schema\/logo\/image\/\"},\"sameAs\":[\"https:\/\/www.facebook.com\/miopack.packaging.solutions\/\",\"https:\/\/www.instagram.com\/miopack_packaging\/\",\"https:\/\/www.youtube.com\/@miopack\",\"https:\/\/www.linkedin.com\/company\/miopack\"]}]}<\/script>\n<!-- \/ Yoast SEO plugin. -->","yoast_head_json":{"title":"Miotripleks\u2122 (Tripleks, GT) - Miopack Ambalaj Packaging Solutions","robots":{"index":"index","follow":"follow","max-snippet":"max-snippet:-1","max-image-preview":"max-image-preview:large","max-video-preview":"max-video-preview:-1"},"canonical":"https:\/\/miopack.com.tr\/tr\/miotripleks-tripleks-gt\/","og_locale":"tr_TR","og_type":"article","og_title":"Miotripleks\u2122 (Tripleks, GT) - Miopack Ambalaj Packaging Solutions","og_description":"MIOTRIPLEKS\u2122 (TRIPLEKS, GT) Arka y\u00fcz\u00fc ve \u00f6n y\u00fcz\u00fc beyaz ve ku\u015feli olup, \u00f6n y\u00fczeyde Airknife &amp; Blade uygulamalar\u0131yla iki kat ku\u015fe uygulamas\u0131 bulunmaktad\u0131r. Arka y\u00fczeyde tek kat pigment ku\u015fe tatbik edilmi\u015ftir. \u00dcretim hatt\u0131m\u0131zda 300, 350, 400 g\/m2 aral\u0131\u011f\u0131nda Miotripleks karton &hellip;","og_url":"https:\/\/miopack.com.tr\/tr\/miotripleks-tripleks-gt\/","og_site_name":"Miopack Ambalaj Packaging Solutions","article_publisher":"https:\/\/www.facebook.com\/miopack.packaging.solutions\/","article_modified_time":"2024-02-13T07:01:39+00:00","og_image":[{"url":"https:\/\/miopack.com.tr\/wp-content\/uploads\/mio-print-tripleks.png","type":"","width":"","height":""}],"twitter_card":"summary_large_image","twitter_misc":{"Tahmini okuma s\u00fcresi":"1 dakika"},"schema":{"@context":"https:\/\/schema.org","@graph":[{"@type":"WebPage","@id":"https:\/\/miopack.com.tr\/tr\/miotripleks-tripleks-gt\/","url":"https:\/\/miopack.com.tr\/tr\/miotripleks-tripleks-gt\/","name":"Miotripleks\u2122 (Tripleks, GT) - Miopack Ambalaj Packaging Solutions","isPartOf":{"@id":"https:\/\/miopack.com.tr\/tr\/#website"},"primaryImageOfPage":{"@id":"https:\/\/miopack.com.tr\/tr\/miotripleks-tripleks-gt\/#primaryimage"},"image":{"@id":"https:\/\/miopack.com.tr\/tr\/miotripleks-tripleks-gt\/#primaryimage"},"thumbnailUrl":"https:\/\/miopack.com.tr\/wp-content\/uploads\/mio-print-tripleks.png","datePublished":"2024-02-12T09:23:23+00:00","dateModified":"2024-02-13T07:01:39+00:00","breadcrumb":{"@id":"https:\/\/miopack.com.tr\/tr\/miotripleks-tripleks-gt\/#breadcrumb"},"inLanguage":"tr","potentialAction":[{"@type":"ReadAction","target":["https:\/\/miopack.com.tr\/tr\/miotripleks-tripleks-gt\/"]}]},{"@type":"ImageObject","inLanguage":"tr","@id":"https:\/\/miopack.com.tr\/tr\/miotripleks-tripleks-gt\/#primaryimage","url":"https:\/\/miopack.com.tr\/wp-content\/uploads\/mio-print-tripleks.png","contentUrl":"https:\/\/miopack.com.tr\/wp-content\/uploads\/mio-print-tripleks.png"},{"@type":"BreadcrumbList","@id":"https:\/\/miopack.com.tr\/tr\/miotripleks-tripleks-gt\/#breadcrumb","itemListElement":[{"@type":"ListItem","position":1,"name":"Home","item":"https:\/\/miopack.com.tr\/tr\/"},{"@type":"ListItem","position":2,"name":"Miotripleks\u2122 (Tripleks, GT)"}]},{"@type":"WebSite","@id":"https:\/\/miopack.com.tr\/tr\/#website","url":"https:\/\/miopack.com.tr\/tr\/","name":"www.miopack.com.tr","description":"Cardboard corners - Edge Protector - Angle Board - Packing Sources - Cardboard - Solidboard - Angleboard - Metallized Cardboard - Pastry Coaster","publisher":{"@id":"https:\/\/miopack.com.tr\/tr\/#organization"},"potentialAction":[{"@type":"SearchAction","target":{"@type":"EntryPoint","urlTemplate":"https:\/\/miopack.com.tr\/tr\/?s={search_term_string}"},"query-input":{"@type":"PropertyValueSpecification","valueRequired":true,"valueName":"search_term_string"}}],"inLanguage":"tr"},{"@type":"Organization","@id":"https:\/\/miopack.com.tr\/tr\/#organization","name":"Miopack Ambalaj Packaging Solutions","url":"https:\/\/miopack.com.tr\/tr\/","logo":{"@type":"ImageObject","inLanguage":"tr","@id":"https:\/\/miopack.com.tr\/tr\/#\/schema\/logo\/image\/","url":"https:\/\/miopack.com.tr\/wp-content\/uploads\/miopack-logo-1.png","contentUrl":"https:\/\/miopack.com.tr\/wp-content\/uploads\/miopack-logo-1.png","width":442,"height":160,"caption":"Miopack Ambalaj Packaging Solutions"},"image":{"@id":"https:\/\/miopack.com.tr\/tr\/#\/schema\/logo\/image\/"},"sameAs":["https:\/\/www.facebook.com\/miopack.packaging.solutions\/","https:\/\/www.instagram.com\/miopack_packaging\/","https:\/\/www.youtube.com\/@miopack","https:\/\/www.linkedin.com\/company\/miopack"]}]}},"_links":{"self":[{"href":"https:\/\/miopack.com.tr\/tr\/wp-json\/wp\/v2\/pages\/4058","targetHints":{"allow":["GET"]}}],"collection":[{"href":"https:\/\/miopack.com.tr\/tr\/wp-json\/wp\/v2\/pages"}],"about":[{"href":"https:\/\/miopack.com.tr\/tr\/wp-json\/wp\/v2\/types\/page"}],"author":[{"embeddable":true,"href":"https:\/\/miopack.com.tr\/tr\/wp-json\/wp\/v2\/users\/1"}],"replies":[{"embeddable":true,"href":"https:\/\/miopack.com.tr\/tr\/wp-json\/wp\/v2\/comments?post=4058"}],"version-history":[{"count":4,"href":"https:\/\/miopack.com.tr\/tr\/wp-json\/wp\/v2\/pages\/4058\/revisions"}],"predecessor-version":[{"id":4062,"href":"https:\/\/miopack.com.tr\/tr\/wp-json\/wp\/v2\/pages\/4058\/revisions\/4062"}],"wp:attachment":[{"href":"https:\/\/miopack.com.tr\/tr\/wp-json\/wp\/v2\/media?parent=4058"}],"curies":[{"name":"wp","href":"https:\/\/api.w.org\/{rel}","templated":true}]}}