{"id":3579,"date":"2023-12-26T06:13:22","date_gmt":"2023-12-26T06:13:22","guid":{"rendered":"https:\/\/miopack.com.tr\/pealukagit-ambalaj-filmi\/"},"modified":"2024-03-11T08:34:54","modified_gmt":"2024-03-11T08:34:54","slug":"pealukagit-ambalaj-filmi","status":"publish","type":"page","link":"https:\/\/miopack.com.tr\/tr\/pealukagit-ambalaj-filmi\/","title":{"rendered":"PE+ALU+KA\u011eIT Ambalaj Filmi"},"content":{"rendered":"\t\t<div data-elementor-type=\"wp-page\" data-elementor-id=\"3579\" class=\"elementor elementor-3579 elementor-3573\">\n\t\t\t\t\t\t<section class=\"elementor-section elementor-top-section elementor-element elementor-element-b9f397a elementor-section-boxed elementor-section-height-default elementor-section-height-default\" data-id=\"b9f397a\" data-element_type=\"section\">\n\t\t\t\t\t\t<div class=\"elementor-container elementor-column-gap-default\">\n\t\t\t\t\t<div class=\"elementor-column elementor-col-50 elementor-top-column elementor-element elementor-element-32ff602\" data-id=\"32ff602\" data-element_type=\"column\">\n\t\t\t<div class=\"elementor-widget-wrap elementor-element-populated\">\n\t\t\t\t\t\t<div class=\"elementor-element elementor-element-5be570b elementor-widget elementor-widget-gallery_slider\" data-id=\"5be570b\" data-element_type=\"widget\" data-widget_type=\"gallery_slider.default\">\n\t\t\t\t<div class=\"elementor-widget-container\">\n\t\t\t<div class=\"gallery-fs\"><figure><img decoding=\"async\" src=\"https:\/\/miopack.com.tr\/wp-content\/uploads\/PEALUPAPER-PACKAGING-FILM-1.png\" alt=\"\"><\/figure><\/div>\t\t<\/div>\n\t\t\t\t<\/div>\n\t\t\t\t\t<\/div>\n\t\t<\/div>\n\t\t\t\t<div class=\"elementor-column elementor-col-50 elementor-top-column elementor-element elementor-element-03565b5\" data-id=\"03565b5\" data-element_type=\"column\">\n\t\t\t<div class=\"elementor-widget-wrap elementor-element-populated\">\n\t\t\t\t\t\t<div class=\"elementor-element elementor-element-f8377c6 elementor-widget elementor-widget-gallery_slider\" data-id=\"f8377c6\" data-element_type=\"widget\" data-widget_type=\"gallery_slider.default\">\n\t\t\t\t<div class=\"elementor-widget-container\">\n\t\t\t<div class=\"gallery-fs\"><figure><img decoding=\"async\" src=\"https:\/\/miopack.com.tr\/wp-content\/uploads\/3-1.jpg\" alt=\"\"><\/figure><\/div>\t\t<\/div>\n\t\t\t\t<\/div>\n\t\t\t\t<div class=\"elementor-element elementor-element-8458329 elementor-widget elementor-widget-gallery_slider\" data-id=\"8458329\" data-element_type=\"widget\" data-widget_type=\"gallery_slider.default\">\n\t\t\t\t<div class=\"elementor-widget-container\">\n\t\t\t<div class=\"gallery-fs\"><figure><img decoding=\"async\" src=\"https:\/\/miopack.com.tr\/wp-content\/uploads\/dilimlemee-scaled.jpg\" alt=\"\"><\/figure><\/div>\t\t<\/div>\n\t\t\t\t<\/div>\n\t\t\t\t\t<\/div>\n\t\t<\/div>\n\t\t\t\t\t<\/div>\n\t\t<\/section>\n\t\t\t\t<section class=\"elementor-section elementor-top-section elementor-element elementor-element-9141969 elementor-section-boxed elementor-section-height-default elementor-section-height-default\" data-id=\"9141969\" data-element_type=\"section\">\n\t\t\t\t\t\t<div class=\"elementor-container elementor-column-gap-default\">\n\t\t\t\t\t<div class=\"elementor-column elementor-col-100 elementor-top-column elementor-element elementor-element-aa3da3c\" data-id=\"aa3da3c\" data-element_type=\"column\">\n\t\t\t<div class=\"elementor-widget-wrap elementor-element-populated\">\n\t\t\t\t\t\t<div class=\"elementor-element elementor-element-85ca906 elementor-widget elementor-widget-text-editor\" data-id=\"85ca906\" data-element_type=\"widget\" data-widget_type=\"text-editor.default\">\n\t\t\t\t<div class=\"elementor-widget-container\">\n\t\t\t\t\t\t\t<p>Sekt\u00f6r\u00fcn ihtiya\u00e7lar\u0131na g\u00f6re y\u00fcksek bariyerli Evohlu pp film, orta bariyerli polyamid film ve d\u00fc\u015f\u00fck bariyerli filmler \u00fcretmekteyiz.&nbsp;<\/p><p>Miopack Makine olarak her t\u00fcrl\u00fc kapatma filmi, bariyer filmi, termoform filmi, vakum po\u015feti ve kolay a\u00e7\u0131l\u0131r film \u00fcretimi yapmaktay\u0131z.<\/p>\n<p>Miopack Makina olarak sizlere daha iyi hizmet verebilmek ad\u0131na son teknoloji dilimleme makinalar\u0131m\u0131zla istenilen ebatlarda filmler ile hizmetinizdeyiz.<\/p>\n<p>Dilimleyebildi\u011fimiz ba\u015fl\u0131ca \u00fcr\u00fcnler;<\/p>\n<p>BOPP<br>\nPE+ALU+PAPER<br>\nCPP<br>\nPE+ALU+PET<br>\nMETAL\u0130ZE<br>\nPE+ALU<br>\nPET<br>\nPE+PET<\/p><p><br><\/p>\t\t\t\t\t\t<\/div>\n\t\t\t\t<\/div>\n\t\t\t\t\t<\/div>\n\t\t<\/div>\n\t\t\t\t\t<\/div>\n\t\t<\/section>\n\t\t\t\t<\/div>\n\t\t","protected":false},"excerpt":{"rendered":"<p>Sekt\u00f6r\u00fcn ihtiya\u00e7lar\u0131na g\u00f6re y\u00fcksek bariyerli Evohlu pp film, orta bariyerli polyamid film ve d\u00fc\u015f\u00fck bariyerli filmler \u00fcretmekteyiz.&nbsp; Miopack Makine olarak her t\u00fcrl\u00fc kapatma filmi, bariyer filmi, termoform filmi, vakum po\u015feti ve kolay a\u00e7\u0131l\u0131r film \u00fcretimi yapmaktay\u0131z. Miopack Makina olarak sizlere &hellip;<\/p>\n","protected":false},"author":1,"featured_media":0,"parent":0,"menu_order":0,"comment_status":"closed","ping_status":"closed","template":"","meta":{"footnotes":""},"class_list":["post-3579","page","type-page","status-publish","hentry"],"yoast_head":"<!-- This site is optimized with the Yoast SEO plugin v25.2 - https:\/\/yoast.com\/wordpress\/plugins\/seo\/ -->\n<title>PE+ALU+KA\u011eIT Ambalaj Filmi - Miopack Ambalaj Packaging Solutions<\/title>\n<meta name=\"robots\" content=\"index, follow, max-snippet:-1, max-image-preview:large, max-video-preview:-1\" \/>\n<link rel=\"canonical\" href=\"https:\/\/miopack.com.tr\/tr\/pealukagit-ambalaj-filmi\/\" \/>\n<meta property=\"og:locale\" content=\"tr_TR\" \/>\n<meta property=\"og:type\" content=\"article\" \/>\n<meta property=\"og:title\" content=\"PE+ALU+KA\u011eIT Ambalaj Filmi - Miopack Ambalaj Packaging Solutions\" \/>\n<meta property=\"og:description\" content=\"Sekt\u00f6r\u00fcn ihtiya\u00e7lar\u0131na g\u00f6re y\u00fcksek bariyerli Evohlu pp film, orta bariyerli polyamid film ve d\u00fc\u015f\u00fck bariyerli filmler \u00fcretmekteyiz.&nbsp; Miopack Makine olarak her t\u00fcrl\u00fc kapatma filmi, bariyer filmi, termoform filmi, vakum po\u015feti ve kolay a\u00e7\u0131l\u0131r film \u00fcretimi yapmaktay\u0131z. Miopack Makina olarak sizlere &hellip;\" \/>\n<meta property=\"og:url\" content=\"https:\/\/miopack.com.tr\/tr\/pealukagit-ambalaj-filmi\/\" \/>\n<meta property=\"og:site_name\" content=\"Miopack Ambalaj Packaging Solutions\" \/>\n<meta property=\"article:publisher\" content=\"https:\/\/www.facebook.com\/miopack.packaging.solutions\/\" \/>\n<meta property=\"article:modified_time\" content=\"2024-03-11T08:34:54+00:00\" \/>\n<meta property=\"og:image\" content=\"https:\/\/miopack.com.tr\/wp-content\/uploads\/PEALUPAPER-PACKAGING-FILM-1.png\" \/>\n<meta name=\"twitter:card\" content=\"summary_large_image\" \/>\n<script type=\"application\/ld+json\" class=\"yoast-schema-graph\">{\"@context\":\"https:\/\/schema.org\",\"@graph\":[{\"@type\":\"WebPage\",\"@id\":\"https:\/\/miopack.com.tr\/tr\/pealukagit-ambalaj-filmi\/\",\"url\":\"https:\/\/miopack.com.tr\/tr\/pealukagit-ambalaj-filmi\/\",\"name\":\"PE+ALU+KA\u011eIT Ambalaj Filmi - Miopack Ambalaj Packaging Solutions\",\"isPartOf\":{\"@id\":\"https:\/\/miopack.com.tr\/tr\/#website\"},\"primaryImageOfPage\":{\"@id\":\"https:\/\/miopack.com.tr\/tr\/pealukagit-ambalaj-filmi\/#primaryimage\"},\"image\":{\"@id\":\"https:\/\/miopack.com.tr\/tr\/pealukagit-ambalaj-filmi\/#primaryimage\"},\"thumbnailUrl\":\"https:\/\/miopack.com.tr\/wp-content\/uploads\/PEALUPAPER-PACKAGING-FILM-1.png\",\"datePublished\":\"2023-12-26T06:13:22+00:00\",\"dateModified\":\"2024-03-11T08:34:54+00:00\",\"breadcrumb\":{\"@id\":\"https:\/\/miopack.com.tr\/tr\/pealukagit-ambalaj-filmi\/#breadcrumb\"},\"inLanguage\":\"tr\",\"potentialAction\":[{\"@type\":\"ReadAction\",\"target\":[\"https:\/\/miopack.com.tr\/tr\/pealukagit-ambalaj-filmi\/\"]}]},{\"@type\":\"ImageObject\",\"inLanguage\":\"tr\",\"@id\":\"https:\/\/miopack.com.tr\/tr\/pealukagit-ambalaj-filmi\/#primaryimage\",\"url\":\"https:\/\/miopack.com.tr\/wp-content\/uploads\/PEALUPAPER-PACKAGING-FILM-1.png\",\"contentUrl\":\"https:\/\/miopack.com.tr\/wp-content\/uploads\/PEALUPAPER-PACKAGING-FILM-1.png\"},{\"@type\":\"BreadcrumbList\",\"@id\":\"https:\/\/miopack.com.tr\/tr\/pealukagit-ambalaj-filmi\/#breadcrumb\",\"itemListElement\":[{\"@type\":\"ListItem\",\"position\":1,\"name\":\"Home\",\"item\":\"https:\/\/miopack.com.tr\/tr\/\"},{\"@type\":\"ListItem\",\"position\":2,\"name\":\"PE+ALU+KA\u011eIT Ambalaj Filmi\"}]},{\"@type\":\"WebSite\",\"@id\":\"https:\/\/miopack.com.tr\/tr\/#website\",\"url\":\"https:\/\/miopack.com.tr\/tr\/\",\"name\":\"www.miopack.com.tr\",\"description\":\"Cardboard corners - Edge Protector - Angle Board - Packing Sources - Cardboard - Solidboard - Angleboard - Metallized Cardboard - Pastry Coaster\",\"publisher\":{\"@id\":\"https:\/\/miopack.com.tr\/tr\/#organization\"},\"potentialAction\":[{\"@type\":\"SearchAction\",\"target\":{\"@type\":\"EntryPoint\",\"urlTemplate\":\"https:\/\/miopack.com.tr\/tr\/?s={search_term_string}\"},\"query-input\":{\"@type\":\"PropertyValueSpecification\",\"valueRequired\":true,\"valueName\":\"search_term_string\"}}],\"inLanguage\":\"tr\"},{\"@type\":\"Organization\",\"@id\":\"https:\/\/miopack.com.tr\/tr\/#organization\",\"name\":\"Miopack Ambalaj Packaging Solutions\",\"url\":\"https:\/\/miopack.com.tr\/tr\/\",\"logo\":{\"@type\":\"ImageObject\",\"inLanguage\":\"tr\",\"@id\":\"https:\/\/miopack.com.tr\/tr\/#\/schema\/logo\/image\/\",\"url\":\"https:\/\/miopack.com.tr\/wp-content\/uploads\/miopack-logo-1.png\",\"contentUrl\":\"https:\/\/miopack.com.tr\/wp-content\/uploads\/miopack-logo-1.png\",\"width\":442,\"height\":160,\"caption\":\"Miopack Ambalaj Packaging Solutions\"},\"image\":{\"@id\":\"https:\/\/miopack.com.tr\/tr\/#\/schema\/logo\/image\/\"},\"sameAs\":[\"https:\/\/www.facebook.com\/miopack.packaging.solutions\/\",\"https:\/\/www.instagram.com\/miopack_packaging\/\",\"https:\/\/www.youtube.com\/@miopack\",\"https:\/\/www.linkedin.com\/company\/miopack\"]}]}<\/script>\n<!-- \/ Yoast SEO plugin. -->","yoast_head_json":{"title":"PE+ALU+KA\u011eIT Ambalaj Filmi - Miopack Ambalaj Packaging Solutions","robots":{"index":"index","follow":"follow","max-snippet":"max-snippet:-1","max-image-preview":"max-image-preview:large","max-video-preview":"max-video-preview:-1"},"canonical":"https:\/\/miopack.com.tr\/tr\/pealukagit-ambalaj-filmi\/","og_locale":"tr_TR","og_type":"article","og_title":"PE+ALU+KA\u011eIT Ambalaj Filmi - Miopack Ambalaj Packaging Solutions","og_description":"Sekt\u00f6r\u00fcn ihtiya\u00e7lar\u0131na g\u00f6re y\u00fcksek bariyerli Evohlu pp film, orta bariyerli polyamid film ve d\u00fc\u015f\u00fck bariyerli filmler \u00fcretmekteyiz.&nbsp; Miopack Makine olarak her t\u00fcrl\u00fc kapatma filmi, bariyer filmi, termoform filmi, vakum po\u015feti ve kolay a\u00e7\u0131l\u0131r film \u00fcretimi yapmaktay\u0131z. Miopack Makina olarak sizlere &hellip;","og_url":"https:\/\/miopack.com.tr\/tr\/pealukagit-ambalaj-filmi\/","og_site_name":"Miopack Ambalaj Packaging Solutions","article_publisher":"https:\/\/www.facebook.com\/miopack.packaging.solutions\/","article_modified_time":"2024-03-11T08:34:54+00:00","og_image":[{"url":"https:\/\/miopack.com.tr\/wp-content\/uploads\/PEALUPAPER-PACKAGING-FILM-1.png","type":"","width":"","height":""}],"twitter_card":"summary_large_image","schema":{"@context":"https:\/\/schema.org","@graph":[{"@type":"WebPage","@id":"https:\/\/miopack.com.tr\/tr\/pealukagit-ambalaj-filmi\/","url":"https:\/\/miopack.com.tr\/tr\/pealukagit-ambalaj-filmi\/","name":"PE+ALU+KA\u011eIT Ambalaj Filmi - Miopack Ambalaj Packaging Solutions","isPartOf":{"@id":"https:\/\/miopack.com.tr\/tr\/#website"},"primaryImageOfPage":{"@id":"https:\/\/miopack.com.tr\/tr\/pealukagit-ambalaj-filmi\/#primaryimage"},"image":{"@id":"https:\/\/miopack.com.tr\/tr\/pealukagit-ambalaj-filmi\/#primaryimage"},"thumbnailUrl":"https:\/\/miopack.com.tr\/wp-content\/uploads\/PEALUPAPER-PACKAGING-FILM-1.png","datePublished":"2023-12-26T06:13:22+00:00","dateModified":"2024-03-11T08:34:54+00:00","breadcrumb":{"@id":"https:\/\/miopack.com.tr\/tr\/pealukagit-ambalaj-filmi\/#breadcrumb"},"inLanguage":"tr","potentialAction":[{"@type":"ReadAction","target":["https:\/\/miopack.com.tr\/tr\/pealukagit-ambalaj-filmi\/"]}]},{"@type":"ImageObject","inLanguage":"tr","@id":"https:\/\/miopack.com.tr\/tr\/pealukagit-ambalaj-filmi\/#primaryimage","url":"https:\/\/miopack.com.tr\/wp-content\/uploads\/PEALUPAPER-PACKAGING-FILM-1.png","contentUrl":"https:\/\/miopack.com.tr\/wp-content\/uploads\/PEALUPAPER-PACKAGING-FILM-1.png"},{"@type":"BreadcrumbList","@id":"https:\/\/miopack.com.tr\/tr\/pealukagit-ambalaj-filmi\/#breadcrumb","itemListElement":[{"@type":"ListItem","position":1,"name":"Home","item":"https:\/\/miopack.com.tr\/tr\/"},{"@type":"ListItem","position":2,"name":"PE+ALU+KA\u011eIT Ambalaj Filmi"}]},{"@type":"WebSite","@id":"https:\/\/miopack.com.tr\/tr\/#website","url":"https:\/\/miopack.com.tr\/tr\/","name":"www.miopack.com.tr","description":"Cardboard corners - Edge Protector - Angle Board - Packing Sources - Cardboard - Solidboard - Angleboard - Metallized Cardboard - Pastry Coaster","publisher":{"@id":"https:\/\/miopack.com.tr\/tr\/#organization"},"potentialAction":[{"@type":"SearchAction","target":{"@type":"EntryPoint","urlTemplate":"https:\/\/miopack.com.tr\/tr\/?s={search_term_string}"},"query-input":{"@type":"PropertyValueSpecification","valueRequired":true,"valueName":"search_term_string"}}],"inLanguage":"tr"},{"@type":"Organization","@id":"https:\/\/miopack.com.tr\/tr\/#organization","name":"Miopack Ambalaj Packaging Solutions","url":"https:\/\/miopack.com.tr\/tr\/","logo":{"@type":"ImageObject","inLanguage":"tr","@id":"https:\/\/miopack.com.tr\/tr\/#\/schema\/logo\/image\/","url":"https:\/\/miopack.com.tr\/wp-content\/uploads\/miopack-logo-1.png","contentUrl":"https:\/\/miopack.com.tr\/wp-content\/uploads\/miopack-logo-1.png","width":442,"height":160,"caption":"Miopack Ambalaj Packaging Solutions"},"image":{"@id":"https:\/\/miopack.com.tr\/tr\/#\/schema\/logo\/image\/"},"sameAs":["https:\/\/www.facebook.com\/miopack.packaging.solutions\/","https:\/\/www.instagram.com\/miopack_packaging\/","https:\/\/www.youtube.com\/@miopack","https:\/\/www.linkedin.com\/company\/miopack"]}]}},"_links":{"self":[{"href":"https:\/\/miopack.com.tr\/tr\/wp-json\/wp\/v2\/pages\/3579","targetHints":{"allow":["GET"]}}],"collection":[{"href":"https:\/\/miopack.com.tr\/tr\/wp-json\/wp\/v2\/pages"}],"about":[{"href":"https:\/\/miopack.com.tr\/tr\/wp-json\/wp\/v2\/types\/page"}],"author":[{"embeddable":true,"href":"https:\/\/miopack.com.tr\/tr\/wp-json\/wp\/v2\/users\/1"}],"replies":[{"embeddable":true,"href":"https:\/\/miopack.com.tr\/tr\/wp-json\/wp\/v2\/comments?post=3579"}],"version-history":[{"count":2,"href":"https:\/\/miopack.com.tr\/tr\/wp-json\/wp\/v2\/pages\/3579\/revisions"}],"predecessor-version":[{"id":5455,"href":"https:\/\/miopack.com.tr\/tr\/wp-json\/wp\/v2\/pages\/3579\/revisions\/5455"}],"wp:attachment":[{"href":"https:\/\/miopack.com.tr\/tr\/wp-json\/wp\/v2\/media?parent=3579"}],"curies":[{"name":"wp","href":"https:\/\/api.w.org\/{rel}","templated":true}]}}