{"id":2089,"date":"2023-11-27T09:10:15","date_gmt":"2023-11-27T09:10:15","guid":{"rendered":"https:\/\/miopack.com.tr\/yapiskanli-kosebent\/"},"modified":"2023-12-01T12:24:09","modified_gmt":"2023-12-01T12:24:09","slug":"yapiskanli-kosebent","status":"publish","type":"page","link":"https:\/\/miopack.com.tr\/tr\/yapiskanli-kosebent\/","title":{"rendered":"Yap\u0131\u015fkanl\u0131 K\u00f6\u015febent"},"content":{"rendered":"\t\t<div data-elementor-type=\"wp-page\" data-elementor-id=\"2089\" class=\"elementor elementor-2089 elementor-2087\">\n\t\t\t\t\t\t<section class=\"elementor-section elementor-top-section elementor-element elementor-element-b9f397a elementor-section-boxed elementor-section-height-default elementor-section-height-default\" data-id=\"b9f397a\" data-element_type=\"section\">\n\t\t\t\t\t\t<div class=\"elementor-container elementor-column-gap-default\">\n\t\t\t\t\t<div class=\"elementor-column elementor-col-50 elementor-top-column elementor-element elementor-element-32ff602\" data-id=\"32ff602\" data-element_type=\"column\">\n\t\t\t<div class=\"elementor-widget-wrap elementor-element-populated\">\n\t\t\t\t\t\t<div class=\"elementor-element elementor-element-5be570b elementor-widget elementor-widget-gallery_slider\" data-id=\"5be570b\" data-element_type=\"widget\" data-widget_type=\"gallery_slider.default\">\n\t\t\t\t<div class=\"elementor-widget-container\">\n\t\t\t<div class=\"gallery-fs\"><figure><img decoding=\"async\" src=\"https:\/\/miopack.com.tr\/wp-content\/uploads\/miopaper-edge-protector-yapiskanli-kosebent.png\" alt=\"\"><\/figure><\/div>\t\t<\/div>\n\t\t\t\t<\/div>\n\t\t\t\t\t<\/div>\n\t\t<\/div>\n\t\t\t\t<div class=\"elementor-column elementor-col-50 elementor-top-column elementor-element elementor-element-03565b5\" data-id=\"03565b5\" data-element_type=\"column\">\n\t\t\t<div class=\"elementor-widget-wrap elementor-element-populated\">\n\t\t\t\t\t\t<div class=\"elementor-element elementor-element-b31683d elementor-widget elementor-widget-gallery_slider\" data-id=\"b31683d\" data-element_type=\"widget\" data-widget_type=\"gallery_slider.default\">\n\t\t\t\t<div class=\"elementor-widget-container\">\n\t\t\t<div class=\"gallery-fs\"><figure><img decoding=\"async\" src=\"https:\/\/miopack.com.tr\/wp-content\/uploads\/dogru-istifleme-kullanim-1.png.webp\" alt=\"\"><\/figure><\/div>\t\t<\/div>\n\t\t\t\t<\/div>\n\t\t\t\t\t<\/div>\n\t\t<\/div>\n\t\t\t\t\t<\/div>\n\t\t<\/section>\n\t\t\t\t<section class=\"elementor-section elementor-top-section elementor-element elementor-element-9141969 elementor-section-boxed elementor-section-height-default elementor-section-height-default\" data-id=\"9141969\" data-element_type=\"section\">\n\t\t\t\t\t\t<div class=\"elementor-container elementor-column-gap-default\">\n\t\t\t\t\t<div class=\"elementor-column elementor-col-100 elementor-top-column elementor-element elementor-element-aa3da3c\" data-id=\"aa3da3c\" data-element_type=\"column\">\n\t\t\t<div class=\"elementor-widget-wrap elementor-element-populated\">\n\t\t\t\t\t\t<div class=\"elementor-element elementor-element-6739ccb elementor-widget elementor-widget-heading\" data-id=\"6739ccb\" data-element_type=\"widget\" data-widget_type=\"heading.default\">\n\t\t\t\t<div class=\"elementor-widget-container\">\n\t\t\t<h3 class='heading-left  divider-sm'  style=\"color:#000000\"><span>YAPI\u015eKANLI K\u00d6\u015eEBENT<\/span><\/h3>\t\t<\/div>\n\t\t\t\t<\/div>\n\t\t\t\t<div class=\"elementor-element elementor-element-85ca906 elementor-widget elementor-widget-text-editor\" data-id=\"85ca906\" data-element_type=\"widget\" data-widget_type=\"text-editor.default\">\n\t\t\t\t<div class=\"elementor-widget-container\">\n\t\t\t\t\t\t\t<p><span style=\"font-family: Poppins, sans-serif; font-size: 13px;\">Kendinden yap\u0131\u015fkanl\u0131 bu \u00fcr\u00fcn b\u00fcy\u00fck kullan\u0131m kolayl\u0131\u011f\u0131 sa\u011flar. K\u00f6\u015febent \u00fczerine hotmelt tutkal yap\u0131\u015ft\u0131r\u0131larak ilgili \u00fcr\u00fcn elde edilir.<\/span><\/p>\n\t\t\t\t\t\t<\/div>\n\t\t\t\t<\/div>\n\t\t\t\t<div class=\"elementor-element elementor-element-0ee771f elementor-widget elementor-widget-heading\" data-id=\"0ee771f\" data-element_type=\"widget\" data-widget_type=\"heading.default\">\n\t\t\t\t<div class=\"elementor-widget-container\">\n\t\t\t<h3 class='heading-left  divider-sm'  style=\"color:#000000\"><span>BOYUTLAR<\/span><\/h3>\t\t<\/div>\n\t\t\t\t<\/div>\n\t\t\t\t<div class=\"elementor-element elementor-element-2c41fc2 elementor-widget elementor-widget-text-editor\" data-id=\"2c41fc2\" data-element_type=\"widget\" data-widget_type=\"text-editor.default\">\n\t\t\t\t<div class=\"elementor-widget-container\">\n\t\t\t\t\t\t\t<p><span style=\"font-family: Poppins, sans-serif; font-size: 13px;\">Bu \u00fcr\u00fcn k\u00f6\u015febent makinelerinde \u00fcretilmekte olup 35 mm*35 mm ile 60 mm*60 mm kanat a\u00e7\u0131kl\u0131\u011f\u0131nda, 3 mm ile 6 mm aras\u0131nda de\u011fi\u015fen \u00fcr\u00fcn kal\u0131nl\u0131\u011f\u0131nda ve 100 cm ile 200 cm aras\u0131nda de\u011fi\u015fen uzunlukta \u00fcretilebilmektedir.<\/span><\/p>\n\t\t\t\t\t\t<\/div>\n\t\t\t\t<\/div>\n\t\t\t\t<div class=\"elementor-element elementor-element-c73b0e0 elementor-widget elementor-widget-heading\" data-id=\"c73b0e0\" data-element_type=\"widget\" data-widget_type=\"heading.default\">\n\t\t\t\t<div class=\"elementor-widget-container\">\n\t\t\t<h3 class='heading-left  divider-sm'  style=\"color:#000000\"><span>KULLANIM ALANLARI<\/span><\/h3>\t\t<\/div>\n\t\t\t\t<\/div>\n\t\t\t\t<div class=\"elementor-element elementor-element-89745b4 elementor-widget elementor-widget-text-editor\" data-id=\"89745b4\" data-element_type=\"widget\" data-widget_type=\"text-editor.default\">\n\t\t\t\t<div class=\"elementor-widget-container\">\n\t\t\t\t\t\t\t<div id=\"teknik\" class=\"elementor-element elementor-element-85ba4be elementor-align-right elementor-widget elementor-widget-button\" style=\"box-sizing: border-box; --flex-direction: initial; --flex-wrap: initial; --justify-content: initial; --align-items: initial; --align-content: initial; --gap: initial; --flex-basis: initial; --flex-grow: initial; --flex-shrink: initial; --order: initial; --align-self: initial; flex-basis: var(--flex-basis); flex-grow: var(--flex-grow); flex-shrink: var(--flex-shrink); order: var(--order); align-self: var(--align-self); flex-direction: var(--flex-direction); flex-wrap: var(--flex-wrap); justify-content: var(--justify-content); align-items: var(--align-items); align-content: var(--align-content); gap: var(--gap); text-align: right; position: relative; --swiper-theme-color: #000; --swiper-navigation-size: 44px; --swiper-pagination-bullet-size: 6px; --swiper-pagination-bullet-horizontal-gap: 6px; --widgets-spacing: 20px 20px; color: var( --e-global-color-secondary ); font-family: Poppins, sans-serif; font-size: 13px; font-style: normal; font-variant-ligatures: normal; font-variant-caps: normal; font-weight: 400; letter-spacing: normal; orphans: 2; text-indent: 0px; text-transform: none; widows: 2; word-spacing: 0px; -webkit-text-stroke-width: 0px; white-space: normal; background-color: #ffffff; text-decoration-thickness: initial; text-decoration-style: initial; text-decoration-color: initial;\" data-id=\"85ba4be\" data-element_type=\"widget\" data-widget_type=\"button.default\">\n<div class=\"elementor-widget-container\" style=\"box-sizing: border-box; transition: background .3s,border .3s,border-radius .3s,box-shadow .3s,transform var(--e-transform-transition-duration,.4s); text-align: left;\"><span style=\"color: #7a7a7a; font-family: var( --e-global-typography-text-font-family ), Sans-serif; text-align: start;\">Kullan\u0131m alan\u0131 \u00fcr\u00fcn\u00fc farkl\u0131 y\u00fcksekliklerde yap\u0131\u015ft\u0131rarak koruma ama\u00e7l\u0131d\u0131r.<\/span><\/div>\n<\/div>\n\t\t\t\t\t\t<\/div>\n\t\t\t\t<\/div>\n\t\t\t\t\t<\/div>\n\t\t<\/div>\n\t\t\t\t\t<\/div>\n\t\t<\/section>\n\t\t\t\t<\/div>\n\t\t","protected":false},"excerpt":{"rendered":"<p>YAPI\u015eKANLI K\u00d6\u015eEBENT Kendinden yap\u0131\u015fkanl\u0131 bu \u00fcr\u00fcn b\u00fcy\u00fck kullan\u0131m kolayl\u0131\u011f\u0131 sa\u011flar. K\u00f6\u015febent \u00fczerine hotmelt tutkal yap\u0131\u015ft\u0131r\u0131larak ilgili \u00fcr\u00fcn elde edilir. BOYUTLAR Bu \u00fcr\u00fcn k\u00f6\u015febent makinelerinde \u00fcretilmekte olup 35 mm*35 mm ile 60 mm*60 mm kanat a\u00e7\u0131kl\u0131\u011f\u0131nda, 3 mm ile 6 mm &hellip;<\/p>\n","protected":false},"author":1,"featured_media":0,"parent":0,"menu_order":0,"comment_status":"closed","ping_status":"closed","template":"","meta":{"footnotes":""},"class_list":["post-2089","page","type-page","status-publish","hentry"],"yoast_head":"<!-- This site is optimized with the Yoast SEO plugin v25.2 - https:\/\/yoast.com\/wordpress\/plugins\/seo\/ -->\n<title>Yap\u0131\u015fkanl\u0131 K\u00f6\u015febent - Miopack Ambalaj Packaging Solutions<\/title>\n<meta name=\"robots\" content=\"index, follow, max-snippet:-1, max-image-preview:large, max-video-preview:-1\" \/>\n<link rel=\"canonical\" href=\"https:\/\/miopack.com.tr\/tr\/yapiskanli-kosebent\/\" \/>\n<meta property=\"og:locale\" content=\"tr_TR\" \/>\n<meta property=\"og:type\" content=\"article\" \/>\n<meta property=\"og:title\" content=\"Yap\u0131\u015fkanl\u0131 K\u00f6\u015febent - Miopack Ambalaj Packaging Solutions\" \/>\n<meta property=\"og:description\" content=\"YAPI\u015eKANLI K\u00d6\u015eEBENT Kendinden yap\u0131\u015fkanl\u0131 bu \u00fcr\u00fcn b\u00fcy\u00fck kullan\u0131m kolayl\u0131\u011f\u0131 sa\u011flar. K\u00f6\u015febent \u00fczerine hotmelt tutkal yap\u0131\u015ft\u0131r\u0131larak ilgili \u00fcr\u00fcn elde edilir. BOYUTLAR Bu \u00fcr\u00fcn k\u00f6\u015febent makinelerinde \u00fcretilmekte olup 35 mm*35 mm ile 60 mm*60 mm kanat a\u00e7\u0131kl\u0131\u011f\u0131nda, 3 mm ile 6 mm &hellip;\" \/>\n<meta property=\"og:url\" content=\"https:\/\/miopack.com.tr\/tr\/yapiskanli-kosebent\/\" \/>\n<meta property=\"og:site_name\" content=\"Miopack Ambalaj Packaging Solutions\" \/>\n<meta property=\"article:publisher\" content=\"https:\/\/www.facebook.com\/miopack.packaging.solutions\/\" \/>\n<meta property=\"article:modified_time\" content=\"2023-12-01T12:24:09+00:00\" \/>\n<meta property=\"og:image\" content=\"https:\/\/miopack.com.tr\/wp-content\/uploads\/miopaper-edge-protector-yapiskanli-kosebent.png\" \/>\n<meta name=\"twitter:card\" content=\"summary_large_image\" \/>\n<script type=\"application\/ld+json\" class=\"yoast-schema-graph\">{\"@context\":\"https:\/\/schema.org\",\"@graph\":[{\"@type\":\"WebPage\",\"@id\":\"https:\/\/miopack.com.tr\/tr\/yapiskanli-kosebent\/\",\"url\":\"https:\/\/miopack.com.tr\/tr\/yapiskanli-kosebent\/\",\"name\":\"Yap\u0131\u015fkanl\u0131 K\u00f6\u015febent - Miopack Ambalaj Packaging Solutions\",\"isPartOf\":{\"@id\":\"https:\/\/miopack.com.tr\/tr\/#website\"},\"primaryImageOfPage\":{\"@id\":\"https:\/\/miopack.com.tr\/tr\/yapiskanli-kosebent\/#primaryimage\"},\"image\":{\"@id\":\"https:\/\/miopack.com.tr\/tr\/yapiskanli-kosebent\/#primaryimage\"},\"thumbnailUrl\":\"https:\/\/miopack.com.tr\/wp-content\/uploads\/miopaper-edge-protector-yapiskanli-kosebent.png\",\"datePublished\":\"2023-11-27T09:10:15+00:00\",\"dateModified\":\"2023-12-01T12:24:09+00:00\",\"breadcrumb\":{\"@id\":\"https:\/\/miopack.com.tr\/tr\/yapiskanli-kosebent\/#breadcrumb\"},\"inLanguage\":\"tr\",\"potentialAction\":[{\"@type\":\"ReadAction\",\"target\":[\"https:\/\/miopack.com.tr\/tr\/yapiskanli-kosebent\/\"]}]},{\"@type\":\"ImageObject\",\"inLanguage\":\"tr\",\"@id\":\"https:\/\/miopack.com.tr\/tr\/yapiskanli-kosebent\/#primaryimage\",\"url\":\"https:\/\/miopack.com.tr\/wp-content\/uploads\/miopaper-edge-protector-yapiskanli-kosebent.png\",\"contentUrl\":\"https:\/\/miopack.com.tr\/wp-content\/uploads\/miopaper-edge-protector-yapiskanli-kosebent.png\"},{\"@type\":\"BreadcrumbList\",\"@id\":\"https:\/\/miopack.com.tr\/tr\/yapiskanli-kosebent\/#breadcrumb\",\"itemListElement\":[{\"@type\":\"ListItem\",\"position\":1,\"name\":\"Home\",\"item\":\"https:\/\/miopack.com.tr\/tr\/\"},{\"@type\":\"ListItem\",\"position\":2,\"name\":\"Yap\u0131\u015fkanl\u0131 K\u00f6\u015febent\"}]},{\"@type\":\"WebSite\",\"@id\":\"https:\/\/miopack.com.tr\/tr\/#website\",\"url\":\"https:\/\/miopack.com.tr\/tr\/\",\"name\":\"www.miopack.com.tr\",\"description\":\"Cardboard corners - Edge Protector - Angle Board - Packing Sources - Cardboard - Solidboard - Angleboard - Metallized Cardboard - Pastry Coaster\",\"publisher\":{\"@id\":\"https:\/\/miopack.com.tr\/tr\/#organization\"},\"potentialAction\":[{\"@type\":\"SearchAction\",\"target\":{\"@type\":\"EntryPoint\",\"urlTemplate\":\"https:\/\/miopack.com.tr\/tr\/?s={search_term_string}\"},\"query-input\":{\"@type\":\"PropertyValueSpecification\",\"valueRequired\":true,\"valueName\":\"search_term_string\"}}],\"inLanguage\":\"tr\"},{\"@type\":\"Organization\",\"@id\":\"https:\/\/miopack.com.tr\/tr\/#organization\",\"name\":\"Miopack Ambalaj Packaging Solutions\",\"url\":\"https:\/\/miopack.com.tr\/tr\/\",\"logo\":{\"@type\":\"ImageObject\",\"inLanguage\":\"tr\",\"@id\":\"https:\/\/miopack.com.tr\/tr\/#\/schema\/logo\/image\/\",\"url\":\"https:\/\/miopack.com.tr\/wp-content\/uploads\/miopack-logo-1.png\",\"contentUrl\":\"https:\/\/miopack.com.tr\/wp-content\/uploads\/miopack-logo-1.png\",\"width\":442,\"height\":160,\"caption\":\"Miopack Ambalaj Packaging Solutions\"},\"image\":{\"@id\":\"https:\/\/miopack.com.tr\/tr\/#\/schema\/logo\/image\/\"},\"sameAs\":[\"https:\/\/www.facebook.com\/miopack.packaging.solutions\/\",\"https:\/\/www.instagram.com\/miopack_packaging\/\",\"https:\/\/www.youtube.com\/@miopack\",\"https:\/\/www.linkedin.com\/company\/miopack\"]}]}<\/script>\n<!-- \/ Yoast SEO plugin. -->","yoast_head_json":{"title":"Yap\u0131\u015fkanl\u0131 K\u00f6\u015febent - Miopack Ambalaj Packaging Solutions","robots":{"index":"index","follow":"follow","max-snippet":"max-snippet:-1","max-image-preview":"max-image-preview:large","max-video-preview":"max-video-preview:-1"},"canonical":"https:\/\/miopack.com.tr\/tr\/yapiskanli-kosebent\/","og_locale":"tr_TR","og_type":"article","og_title":"Yap\u0131\u015fkanl\u0131 K\u00f6\u015febent - Miopack Ambalaj Packaging Solutions","og_description":"YAPI\u015eKANLI K\u00d6\u015eEBENT Kendinden yap\u0131\u015fkanl\u0131 bu \u00fcr\u00fcn b\u00fcy\u00fck kullan\u0131m kolayl\u0131\u011f\u0131 sa\u011flar. K\u00f6\u015febent \u00fczerine hotmelt tutkal yap\u0131\u015ft\u0131r\u0131larak ilgili \u00fcr\u00fcn elde edilir. BOYUTLAR Bu \u00fcr\u00fcn k\u00f6\u015febent makinelerinde \u00fcretilmekte olup 35 mm*35 mm ile 60 mm*60 mm kanat a\u00e7\u0131kl\u0131\u011f\u0131nda, 3 mm ile 6 mm &hellip;","og_url":"https:\/\/miopack.com.tr\/tr\/yapiskanli-kosebent\/","og_site_name":"Miopack Ambalaj Packaging Solutions","article_publisher":"https:\/\/www.facebook.com\/miopack.packaging.solutions\/","article_modified_time":"2023-12-01T12:24:09+00:00","og_image":[{"url":"https:\/\/miopack.com.tr\/wp-content\/uploads\/miopaper-edge-protector-yapiskanli-kosebent.png","type":"","width":"","height":""}],"twitter_card":"summary_large_image","schema":{"@context":"https:\/\/schema.org","@graph":[{"@type":"WebPage","@id":"https:\/\/miopack.com.tr\/tr\/yapiskanli-kosebent\/","url":"https:\/\/miopack.com.tr\/tr\/yapiskanli-kosebent\/","name":"Yap\u0131\u015fkanl\u0131 K\u00f6\u015febent - Miopack Ambalaj Packaging Solutions","isPartOf":{"@id":"https:\/\/miopack.com.tr\/tr\/#website"},"primaryImageOfPage":{"@id":"https:\/\/miopack.com.tr\/tr\/yapiskanli-kosebent\/#primaryimage"},"image":{"@id":"https:\/\/miopack.com.tr\/tr\/yapiskanli-kosebent\/#primaryimage"},"thumbnailUrl":"https:\/\/miopack.com.tr\/wp-content\/uploads\/miopaper-edge-protector-yapiskanli-kosebent.png","datePublished":"2023-11-27T09:10:15+00:00","dateModified":"2023-12-01T12:24:09+00:00","breadcrumb":{"@id":"https:\/\/miopack.com.tr\/tr\/yapiskanli-kosebent\/#breadcrumb"},"inLanguage":"tr","potentialAction":[{"@type":"ReadAction","target":["https:\/\/miopack.com.tr\/tr\/yapiskanli-kosebent\/"]}]},{"@type":"ImageObject","inLanguage":"tr","@id":"https:\/\/miopack.com.tr\/tr\/yapiskanli-kosebent\/#primaryimage","url":"https:\/\/miopack.com.tr\/wp-content\/uploads\/miopaper-edge-protector-yapiskanli-kosebent.png","contentUrl":"https:\/\/miopack.com.tr\/wp-content\/uploads\/miopaper-edge-protector-yapiskanli-kosebent.png"},{"@type":"BreadcrumbList","@id":"https:\/\/miopack.com.tr\/tr\/yapiskanli-kosebent\/#breadcrumb","itemListElement":[{"@type":"ListItem","position":1,"name":"Home","item":"https:\/\/miopack.com.tr\/tr\/"},{"@type":"ListItem","position":2,"name":"Yap\u0131\u015fkanl\u0131 K\u00f6\u015febent"}]},{"@type":"WebSite","@id":"https:\/\/miopack.com.tr\/tr\/#website","url":"https:\/\/miopack.com.tr\/tr\/","name":"www.miopack.com.tr","description":"Cardboard corners - Edge Protector - Angle Board - Packing Sources - Cardboard - Solidboard - Angleboard - Metallized Cardboard - Pastry Coaster","publisher":{"@id":"https:\/\/miopack.com.tr\/tr\/#organization"},"potentialAction":[{"@type":"SearchAction","target":{"@type":"EntryPoint","urlTemplate":"https:\/\/miopack.com.tr\/tr\/?s={search_term_string}"},"query-input":{"@type":"PropertyValueSpecification","valueRequired":true,"valueName":"search_term_string"}}],"inLanguage":"tr"},{"@type":"Organization","@id":"https:\/\/miopack.com.tr\/tr\/#organization","name":"Miopack Ambalaj Packaging Solutions","url":"https:\/\/miopack.com.tr\/tr\/","logo":{"@type":"ImageObject","inLanguage":"tr","@id":"https:\/\/miopack.com.tr\/tr\/#\/schema\/logo\/image\/","url":"https:\/\/miopack.com.tr\/wp-content\/uploads\/miopack-logo-1.png","contentUrl":"https:\/\/miopack.com.tr\/wp-content\/uploads\/miopack-logo-1.png","width":442,"height":160,"caption":"Miopack Ambalaj Packaging Solutions"},"image":{"@id":"https:\/\/miopack.com.tr\/tr\/#\/schema\/logo\/image\/"},"sameAs":["https:\/\/www.facebook.com\/miopack.packaging.solutions\/","https:\/\/www.instagram.com\/miopack_packaging\/","https:\/\/www.youtube.com\/@miopack","https:\/\/www.linkedin.com\/company\/miopack"]}]}},"_links":{"self":[{"href":"https:\/\/miopack.com.tr\/tr\/wp-json\/wp\/v2\/pages\/2089","targetHints":{"allow":["GET"]}}],"collection":[{"href":"https:\/\/miopack.com.tr\/tr\/wp-json\/wp\/v2\/pages"}],"about":[{"href":"https:\/\/miopack.com.tr\/tr\/wp-json\/wp\/v2\/types\/page"}],"author":[{"embeddable":true,"href":"https:\/\/miopack.com.tr\/tr\/wp-json\/wp\/v2\/users\/1"}],"replies":[{"embeddable":true,"href":"https:\/\/miopack.com.tr\/tr\/wp-json\/wp\/v2\/comments?post=2089"}],"version-history":[{"count":6,"href":"https:\/\/miopack.com.tr\/tr\/wp-json\/wp\/v2\/pages\/2089\/revisions"}],"predecessor-version":[{"id":3357,"href":"https:\/\/miopack.com.tr\/tr\/wp-json\/wp\/v2\/pages\/2089\/revisions\/3357"}],"wp:attachment":[{"href":"https:\/\/miopack.com.tr\/tr\/wp-json\/wp\/v2\/media?parent=2089"}],"curies":[{"name":"wp","href":"https:\/\/api.w.org\/{rel}","templated":true}]}}