{"id":1538,"date":"2023-01-20T08:33:12","date_gmt":"2023-01-20T08:33:12","guid":{"rendered":"https:\/\/miopack.com.tr\/duz-ve-penye-separatorler\/"},"modified":"2023-12-01T12:31:07","modified_gmt":"2023-12-01T12:31:07","slug":"duz-ve-penye-separatorler","status":"publish","type":"page","link":"https:\/\/miopack.com.tr\/tr\/duz-ve-penye-separatorler\/","title":{"rendered":"D\u00fcz ve Penye Separat\u00f6rler"},"content":{"rendered":"\t\t<div data-elementor-type=\"wp-page\" data-elementor-id=\"1538\" class=\"elementor elementor-1538 elementor-1014\">\n\t\t\t\t\t\t<section class=\"elementor-section elementor-top-section elementor-element elementor-element-b9f397a elementor-section-boxed elementor-section-height-default elementor-section-height-default\" data-id=\"b9f397a\" data-element_type=\"section\">\n\t\t\t\t\t\t<div class=\"elementor-container elementor-column-gap-default\">\n\t\t\t\t\t<div class=\"elementor-column elementor-col-50 elementor-top-column elementor-element elementor-element-32ff602\" data-id=\"32ff602\" data-element_type=\"column\">\n\t\t\t<div class=\"elementor-widget-wrap elementor-element-populated\">\n\t\t\t\t\t\t<div class=\"elementor-element elementor-element-b31683d elementor-widget elementor-widget-gallery_slider\" data-id=\"b31683d\" data-element_type=\"widget\" data-widget_type=\"gallery_slider.default\">\n\t\t\t\t<div class=\"elementor-widget-container\">\n\t\t\t<div class=\"gallery-fs\"><figure><img decoding=\"async\" src=\"https:\/\/miopack.com.tr\/wp-content\/uploads\/flat-combed-seperators-for-box.jpg-scaled.jpg\" alt=\"\"><\/figure><div class=\"gallery-fs-nav\"><button class=\"gallery-fs-fullscreen\"><i class=\"fa fa-arrows-alt\"><\/i><\/button><\/div><div class=\"gallery-fs-thumbnails gallery-fs-thumbnails-col-5 owl-carousel owl-loaded\"><a href='https:\/\/miopack.com.tr\/wp-content\/uploads\/flat-combed-seperators-for-box.jpg-scaled.jpg' data-caption='flat-combed-seperators-for-box.jpg' title='flat-combed-seperators-for-box.jpg' class=\"selected\"><img class='attachment-anps-gallery-thumb size-anps-gallery-thumb' src=https:\/\/miopack.com.tr\/wp-content\/uploads\/flat-combed-seperators-for-box.jpg-scaled.jpg sizes='(max-width: 280px) 100vw, 280px' width='280' height='158'><\/a><a href='https:\/\/miopack.com.tr\/wp-content\/uploads\/flat-combed-seperators-for-box.jpg' data-caption='flat-combed-seperators-for-box' title='flat-combed-seperators-for-box'><img class='attachment-anps-gallery-thumb size-anps-gallery-thumb' src=https:\/\/miopack.com.tr\/wp-content\/uploads\/flat-combed-seperators-for-box.jpg sizes='(max-width: 280px) 100vw, 280px' width='280' height='158'><\/a><\/div><\/div>\t\t<\/div>\n\t\t\t\t<\/div>\n\t\t\t\t\t<\/div>\n\t\t<\/div>\n\t\t\t\t<div class=\"elementor-column elementor-col-50 elementor-top-column elementor-element elementor-element-03565b5\" data-id=\"03565b5\" data-element_type=\"column\">\n\t\t\t<div class=\"elementor-widget-wrap\">\n\t\t\t\t\t\t\t<\/div>\n\t\t<\/div>\n\t\t\t\t\t<\/div>\n\t\t<\/section>\n\t\t\t\t<section class=\"elementor-section elementor-top-section elementor-element elementor-element-9141969 elementor-section-boxed elementor-section-height-default elementor-section-height-default\" data-id=\"9141969\" data-element_type=\"section\">\n\t\t\t\t\t\t<div class=\"elementor-container elementor-column-gap-default\">\n\t\t\t\t\t<div class=\"elementor-column elementor-col-100 elementor-top-column elementor-element elementor-element-aa3da3c\" data-id=\"aa3da3c\" data-element_type=\"column\">\n\t\t\t<div class=\"elementor-widget-wrap elementor-element-populated\">\n\t\t\t\t\t\t<div class=\"elementor-element elementor-element-6739ccb elementor-widget elementor-widget-heading\" data-id=\"6739ccb\" data-element_type=\"widget\" data-widget_type=\"heading.default\">\n\t\t\t\t<div class=\"elementor-widget-container\">\n\t\t\t<h3 class='heading-left  divider-sm'  style=\"color:#000000\"><span>D\u00dcZ VE PENYE SEPERAT\u00d6RLER<\/span><\/h3>\t\t<\/div>\n\t\t\t\t<\/div>\n\t\t\t\t<div class=\"elementor-element elementor-element-85ca906 elementor-widget elementor-widget-text-editor\" data-id=\"85ca906\" data-element_type=\"widget\" data-widget_type=\"text-editor.default\">\n\t\t\t\t<div class=\"elementor-widget-container\">\n\t\t\t\t\t\t\t<p>E, B, C, BC, EB dalga oluklu mukavvalardan \u00fcretilebilir. Genellikle \u00fcst \u00fcste istiflenen \u00fcr\u00fcnler aras\u0131nda bir b\u00f6lme olarak kullan\u0131l\u0131r. Bir koli veya palet i\u00e7inde raf g\u00f6revi g\u00f6r\u00fcr. \u00dcr\u00fcnler aras\u0131nda ba\u011flant\u0131 sa\u011flayarak da\u011f\u0131lmalar\u0131n\u0131 ve \u00e7\u00f6kmelerini engeller, mukavemeti artt\u0131r\u0131r. Oluklu Mukavva Seperat\u00f6rler, istenilen palet veya kolinin i\u00e7 \u00f6l\u00e7\u00fclerine g\u00f6re istenilen \u00f6l\u00e7\u00fclerde \u00fcretilebilmektedir.<\/p>\n<p>Penye seperat\u00f6rler istenilen kalite ve ebatlarda \u00fcretilebilmektedir. Tarak \u015feklinde kanallar a\u00e7\u0131larak kesilen seperat\u00f6rlerin birbirine dik a\u00e7\u0131 yapacak \u015fekilde art\u0131 \u015feklinde monte edilmesiyle olu\u015fturulur.<\/p>\n\t\t\t\t\t\t<\/div>\n\t\t\t\t<\/div>\n\t\t\t\t\t<\/div>\n\t\t<\/div>\n\t\t\t\t\t<\/div>\n\t\t<\/section>\n\t\t\t\t<\/div>\n\t\t","protected":false},"excerpt":{"rendered":"<p>D\u00dcZ VE PENYE SEPERAT\u00d6RLER E, B, C, BC, EB dalga oluklu mukavvalardan \u00fcretilebilir. Genellikle \u00fcst \u00fcste istiflenen \u00fcr\u00fcnler aras\u0131nda bir b\u00f6lme olarak kullan\u0131l\u0131r. Bir koli veya palet i\u00e7inde raf g\u00f6revi g\u00f6r\u00fcr. \u00dcr\u00fcnler aras\u0131nda ba\u011flant\u0131 sa\u011flayarak da\u011f\u0131lmalar\u0131n\u0131 ve \u00e7\u00f6kmelerini engeller, mukavemeti &hellip;<\/p>\n","protected":false},"author":2,"featured_media":0,"parent":0,"menu_order":0,"comment_status":"closed","ping_status":"closed","template":"","meta":{"footnotes":""},"class_list":["post-1538","page","type-page","status-publish","hentry"],"yoast_head":"<!-- This site is optimized with the Yoast SEO plugin v25.2 - https:\/\/yoast.com\/wordpress\/plugins\/seo\/ -->\n<title>D\u00fcz ve Penye Separat\u00f6rler - Miopack Ambalaj Packaging Solutions<\/title>\n<meta name=\"robots\" content=\"index, follow, max-snippet:-1, max-image-preview:large, max-video-preview:-1\" \/>\n<link rel=\"canonical\" href=\"https:\/\/miopack.com.tr\/tr\/duz-ve-penye-separatorler\/\" \/>\n<meta property=\"og:locale\" content=\"tr_TR\" \/>\n<meta property=\"og:type\" content=\"article\" \/>\n<meta property=\"og:title\" content=\"D\u00fcz ve Penye Separat\u00f6rler - Miopack Ambalaj Packaging Solutions\" \/>\n<meta property=\"og:description\" content=\"D\u00dcZ VE PENYE SEPERAT\u00d6RLER E, B, C, BC, EB dalga oluklu mukavvalardan \u00fcretilebilir. Genellikle \u00fcst \u00fcste istiflenen \u00fcr\u00fcnler aras\u0131nda bir b\u00f6lme olarak kullan\u0131l\u0131r. Bir koli veya palet i\u00e7inde raf g\u00f6revi g\u00f6r\u00fcr. \u00dcr\u00fcnler aras\u0131nda ba\u011flant\u0131 sa\u011flayarak da\u011f\u0131lmalar\u0131n\u0131 ve \u00e7\u00f6kmelerini engeller, mukavemeti &hellip;\" \/>\n<meta property=\"og:url\" content=\"https:\/\/miopack.com.tr\/tr\/duz-ve-penye-separatorler\/\" \/>\n<meta property=\"og:site_name\" content=\"Miopack Ambalaj Packaging Solutions\" \/>\n<meta property=\"article:publisher\" content=\"https:\/\/www.facebook.com\/miopack.packaging.solutions\/\" \/>\n<meta property=\"article:modified_time\" content=\"2023-12-01T12:31:07+00:00\" \/>\n<meta property=\"og:image\" content=\"https:\/\/miopack.com.tr\/wp-content\/uploads\/flat-combed-seperators-for-box.jpg-scaled.jpg\" \/>\n<meta name=\"twitter:card\" content=\"summary_large_image\" \/>\n<meta name=\"twitter:label1\" content=\"Tahmini okuma s\u00fcresi\" \/>\n\t<meta name=\"twitter:data1\" content=\"1 dakika\" \/>\n<script type=\"application\/ld+json\" class=\"yoast-schema-graph\">{\"@context\":\"https:\/\/schema.org\",\"@graph\":[{\"@type\":\"WebPage\",\"@id\":\"https:\/\/miopack.com.tr\/tr\/duz-ve-penye-separatorler\/\",\"url\":\"https:\/\/miopack.com.tr\/tr\/duz-ve-penye-separatorler\/\",\"name\":\"D\u00fcz ve Penye Separat\u00f6rler - Miopack Ambalaj Packaging Solutions\",\"isPartOf\":{\"@id\":\"https:\/\/miopack.com.tr\/tr\/#website\"},\"primaryImageOfPage\":{\"@id\":\"https:\/\/miopack.com.tr\/tr\/duz-ve-penye-separatorler\/#primaryimage\"},\"image\":{\"@id\":\"https:\/\/miopack.com.tr\/tr\/duz-ve-penye-separatorler\/#primaryimage\"},\"thumbnailUrl\":\"https:\/\/miopack.com.tr\/wp-content\/uploads\/flat-combed-seperators-for-box.jpg-scaled.jpg\",\"datePublished\":\"2023-01-20T08:33:12+00:00\",\"dateModified\":\"2023-12-01T12:31:07+00:00\",\"breadcrumb\":{\"@id\":\"https:\/\/miopack.com.tr\/tr\/duz-ve-penye-separatorler\/#breadcrumb\"},\"inLanguage\":\"tr\",\"potentialAction\":[{\"@type\":\"ReadAction\",\"target\":[\"https:\/\/miopack.com.tr\/tr\/duz-ve-penye-separatorler\/\"]}]},{\"@type\":\"ImageObject\",\"inLanguage\":\"tr\",\"@id\":\"https:\/\/miopack.com.tr\/tr\/duz-ve-penye-separatorler\/#primaryimage\",\"url\":\"https:\/\/miopack.com.tr\/wp-content\/uploads\/flat-combed-seperators-for-box.jpg-scaled.jpg\",\"contentUrl\":\"https:\/\/miopack.com.tr\/wp-content\/uploads\/flat-combed-seperators-for-box.jpg-scaled.jpg\"},{\"@type\":\"BreadcrumbList\",\"@id\":\"https:\/\/miopack.com.tr\/tr\/duz-ve-penye-separatorler\/#breadcrumb\",\"itemListElement\":[{\"@type\":\"ListItem\",\"position\":1,\"name\":\"Home\",\"item\":\"https:\/\/miopack.com.tr\/tr\/\"},{\"@type\":\"ListItem\",\"position\":2,\"name\":\"D\u00fcz ve Penye Separat\u00f6rler\"}]},{\"@type\":\"WebSite\",\"@id\":\"https:\/\/miopack.com.tr\/tr\/#website\",\"url\":\"https:\/\/miopack.com.tr\/tr\/\",\"name\":\"www.miopack.com.tr\",\"description\":\"Cardboard corners - Edge Protector - Angle Board - Packing Sources - Cardboard - Solidboard - Angleboard - Metallized Cardboard - Pastry Coaster\",\"publisher\":{\"@id\":\"https:\/\/miopack.com.tr\/tr\/#organization\"},\"potentialAction\":[{\"@type\":\"SearchAction\",\"target\":{\"@type\":\"EntryPoint\",\"urlTemplate\":\"https:\/\/miopack.com.tr\/tr\/?s={search_term_string}\"},\"query-input\":{\"@type\":\"PropertyValueSpecification\",\"valueRequired\":true,\"valueName\":\"search_term_string\"}}],\"inLanguage\":\"tr\"},{\"@type\":\"Organization\",\"@id\":\"https:\/\/miopack.com.tr\/tr\/#organization\",\"name\":\"Miopack Ambalaj Packaging Solutions\",\"url\":\"https:\/\/miopack.com.tr\/tr\/\",\"logo\":{\"@type\":\"ImageObject\",\"inLanguage\":\"tr\",\"@id\":\"https:\/\/miopack.com.tr\/tr\/#\/schema\/logo\/image\/\",\"url\":\"https:\/\/miopack.com.tr\/wp-content\/uploads\/miopack-logo-1.png\",\"contentUrl\":\"https:\/\/miopack.com.tr\/wp-content\/uploads\/miopack-logo-1.png\",\"width\":442,\"height\":160,\"caption\":\"Miopack Ambalaj Packaging Solutions\"},\"image\":{\"@id\":\"https:\/\/miopack.com.tr\/tr\/#\/schema\/logo\/image\/\"},\"sameAs\":[\"https:\/\/www.facebook.com\/miopack.packaging.solutions\/\",\"https:\/\/www.instagram.com\/miopack_packaging\/\",\"https:\/\/www.youtube.com\/@miopack\",\"https:\/\/www.linkedin.com\/company\/miopack\"]}]}<\/script>\n<!-- \/ Yoast SEO plugin. -->","yoast_head_json":{"title":"D\u00fcz ve Penye Separat\u00f6rler - Miopack Ambalaj Packaging Solutions","robots":{"index":"index","follow":"follow","max-snippet":"max-snippet:-1","max-image-preview":"max-image-preview:large","max-video-preview":"max-video-preview:-1"},"canonical":"https:\/\/miopack.com.tr\/tr\/duz-ve-penye-separatorler\/","og_locale":"tr_TR","og_type":"article","og_title":"D\u00fcz ve Penye Separat\u00f6rler - Miopack Ambalaj Packaging Solutions","og_description":"D\u00dcZ VE PENYE SEPERAT\u00d6RLER E, B, C, BC, EB dalga oluklu mukavvalardan \u00fcretilebilir. Genellikle \u00fcst \u00fcste istiflenen \u00fcr\u00fcnler aras\u0131nda bir b\u00f6lme olarak kullan\u0131l\u0131r. Bir koli veya palet i\u00e7inde raf g\u00f6revi g\u00f6r\u00fcr. \u00dcr\u00fcnler aras\u0131nda ba\u011flant\u0131 sa\u011flayarak da\u011f\u0131lmalar\u0131n\u0131 ve \u00e7\u00f6kmelerini engeller, mukavemeti &hellip;","og_url":"https:\/\/miopack.com.tr\/tr\/duz-ve-penye-separatorler\/","og_site_name":"Miopack Ambalaj Packaging Solutions","article_publisher":"https:\/\/www.facebook.com\/miopack.packaging.solutions\/","article_modified_time":"2023-12-01T12:31:07+00:00","og_image":[{"url":"https:\/\/miopack.com.tr\/wp-content\/uploads\/flat-combed-seperators-for-box.jpg-scaled.jpg","type":"","width":"","height":""}],"twitter_card":"summary_large_image","twitter_misc":{"Tahmini okuma s\u00fcresi":"1 dakika"},"schema":{"@context":"https:\/\/schema.org","@graph":[{"@type":"WebPage","@id":"https:\/\/miopack.com.tr\/tr\/duz-ve-penye-separatorler\/","url":"https:\/\/miopack.com.tr\/tr\/duz-ve-penye-separatorler\/","name":"D\u00fcz ve Penye Separat\u00f6rler - Miopack Ambalaj Packaging Solutions","isPartOf":{"@id":"https:\/\/miopack.com.tr\/tr\/#website"},"primaryImageOfPage":{"@id":"https:\/\/miopack.com.tr\/tr\/duz-ve-penye-separatorler\/#primaryimage"},"image":{"@id":"https:\/\/miopack.com.tr\/tr\/duz-ve-penye-separatorler\/#primaryimage"},"thumbnailUrl":"https:\/\/miopack.com.tr\/wp-content\/uploads\/flat-combed-seperators-for-box.jpg-scaled.jpg","datePublished":"2023-01-20T08:33:12+00:00","dateModified":"2023-12-01T12:31:07+00:00","breadcrumb":{"@id":"https:\/\/miopack.com.tr\/tr\/duz-ve-penye-separatorler\/#breadcrumb"},"inLanguage":"tr","potentialAction":[{"@type":"ReadAction","target":["https:\/\/miopack.com.tr\/tr\/duz-ve-penye-separatorler\/"]}]},{"@type":"ImageObject","inLanguage":"tr","@id":"https:\/\/miopack.com.tr\/tr\/duz-ve-penye-separatorler\/#primaryimage","url":"https:\/\/miopack.com.tr\/wp-content\/uploads\/flat-combed-seperators-for-box.jpg-scaled.jpg","contentUrl":"https:\/\/miopack.com.tr\/wp-content\/uploads\/flat-combed-seperators-for-box.jpg-scaled.jpg"},{"@type":"BreadcrumbList","@id":"https:\/\/miopack.com.tr\/tr\/duz-ve-penye-separatorler\/#breadcrumb","itemListElement":[{"@type":"ListItem","position":1,"name":"Home","item":"https:\/\/miopack.com.tr\/tr\/"},{"@type":"ListItem","position":2,"name":"D\u00fcz ve Penye Separat\u00f6rler"}]},{"@type":"WebSite","@id":"https:\/\/miopack.com.tr\/tr\/#website","url":"https:\/\/miopack.com.tr\/tr\/","name":"www.miopack.com.tr","description":"Cardboard corners - Edge Protector - Angle Board - Packing Sources - Cardboard - Solidboard - Angleboard - Metallized Cardboard - Pastry Coaster","publisher":{"@id":"https:\/\/miopack.com.tr\/tr\/#organization"},"potentialAction":[{"@type":"SearchAction","target":{"@type":"EntryPoint","urlTemplate":"https:\/\/miopack.com.tr\/tr\/?s={search_term_string}"},"query-input":{"@type":"PropertyValueSpecification","valueRequired":true,"valueName":"search_term_string"}}],"inLanguage":"tr"},{"@type":"Organization","@id":"https:\/\/miopack.com.tr\/tr\/#organization","name":"Miopack Ambalaj Packaging Solutions","url":"https:\/\/miopack.com.tr\/tr\/","logo":{"@type":"ImageObject","inLanguage":"tr","@id":"https:\/\/miopack.com.tr\/tr\/#\/schema\/logo\/image\/","url":"https:\/\/miopack.com.tr\/wp-content\/uploads\/miopack-logo-1.png","contentUrl":"https:\/\/miopack.com.tr\/wp-content\/uploads\/miopack-logo-1.png","width":442,"height":160,"caption":"Miopack Ambalaj Packaging Solutions"},"image":{"@id":"https:\/\/miopack.com.tr\/tr\/#\/schema\/logo\/image\/"},"sameAs":["https:\/\/www.facebook.com\/miopack.packaging.solutions\/","https:\/\/www.instagram.com\/miopack_packaging\/","https:\/\/www.youtube.com\/@miopack","https:\/\/www.linkedin.com\/company\/miopack"]}]}},"_links":{"self":[{"href":"https:\/\/miopack.com.tr\/tr\/wp-json\/wp\/v2\/pages\/1538","targetHints":{"allow":["GET"]}}],"collection":[{"href":"https:\/\/miopack.com.tr\/tr\/wp-json\/wp\/v2\/pages"}],"about":[{"href":"https:\/\/miopack.com.tr\/tr\/wp-json\/wp\/v2\/types\/page"}],"author":[{"embeddable":true,"href":"https:\/\/miopack.com.tr\/tr\/wp-json\/wp\/v2\/users\/2"}],"replies":[{"embeddable":true,"href":"https:\/\/miopack.com.tr\/tr\/wp-json\/wp\/v2\/comments?post=1538"}],"version-history":[{"count":2,"href":"https:\/\/miopack.com.tr\/tr\/wp-json\/wp\/v2\/pages\/1538\/revisions"}],"predecessor-version":[{"id":1545,"href":"https:\/\/miopack.com.tr\/tr\/wp-json\/wp\/v2\/pages\/1538\/revisions\/1545"}],"wp:attachment":[{"href":"https:\/\/miopack.com.tr\/tr\/wp-json\/wp\/v2\/media?parent=1538"}],"curies":[{"name":"wp","href":"https:\/\/api.w.org\/{rel}","templated":true}]}}