{"id":1519,"date":"2023-01-18T14:30:43","date_gmt":"2023-01-18T14:30:43","guid":{"rendered":"https:\/\/miopack.com.tr\/ondule-oluklu-mukavva\/"},"modified":"2023-12-01T12:30:01","modified_gmt":"2023-12-01T12:30:01","slug":"ondule-oluklu-mukavva","status":"publish","type":"page","link":"https:\/\/miopack.com.tr\/tr\/ondule-oluklu-mukavva\/","title":{"rendered":"Ondule Oluklu Mukavva"},"content":{"rendered":"\t\t<div data-elementor-type=\"wp-page\" data-elementor-id=\"1519\" class=\"elementor elementor-1519 elementor-842\">\n\t\t\t\t\t\t<section class=\"elementor-section elementor-top-section elementor-element elementor-element-b9f397a elementor-section-boxed elementor-section-height-default elementor-section-height-default\" data-id=\"b9f397a\" data-element_type=\"section\">\n\t\t\t\t\t\t<div class=\"elementor-container elementor-column-gap-default\">\n\t\t\t\t\t<div class=\"elementor-column elementor-col-50 elementor-top-column elementor-element elementor-element-32ff602\" data-id=\"32ff602\" data-element_type=\"column\">\n\t\t\t<div class=\"elementor-widget-wrap elementor-element-populated\">\n\t\t\t\t\t\t<div class=\"elementor-element elementor-element-b31683d elementor-widget elementor-widget-gallery_slider\" data-id=\"b31683d\" data-element_type=\"widget\" data-widget_type=\"gallery_slider.default\">\n\t\t\t\t<div class=\"elementor-widget-container\">\n\t\t\t<div class=\"gallery-fs\"><figure><img decoding=\"async\" src=\"https:\/\/miopack.com.tr\/wp-content\/uploads\/corrugated-cardboard.png\" alt=\"\"><\/figure><\/div>\t\t<\/div>\n\t\t\t\t<\/div>\n\t\t\t\t\t<\/div>\n\t\t<\/div>\n\t\t\t\t<div class=\"elementor-column elementor-col-50 elementor-top-column elementor-element elementor-element-03565b5\" data-id=\"03565b5\" data-element_type=\"column\">\n\t\t\t<div class=\"elementor-widget-wrap\">\n\t\t\t\t\t\t\t<\/div>\n\t\t<\/div>\n\t\t\t\t\t<\/div>\n\t\t<\/section>\n\t\t\t\t<section class=\"elementor-section elementor-top-section elementor-element elementor-element-9141969 elementor-section-boxed elementor-section-height-default elementor-section-height-default\" data-id=\"9141969\" data-element_type=\"section\">\n\t\t\t\t\t\t<div class=\"elementor-container elementor-column-gap-default\">\n\t\t\t\t\t<div class=\"elementor-column elementor-col-100 elementor-top-column elementor-element elementor-element-aa3da3c\" data-id=\"aa3da3c\" data-element_type=\"column\">\n\t\t\t<div class=\"elementor-widget-wrap elementor-element-populated\">\n\t\t\t\t\t\t<div class=\"elementor-element elementor-element-6739ccb elementor-widget elementor-widget-heading\" data-id=\"6739ccb\" data-element_type=\"widget\" data-widget_type=\"heading.default\">\n\t\t\t\t<div class=\"elementor-widget-container\">\n\t\t\t<h3 class='heading-left  divider-sm'  style=\"color:#000000\"><span>ONDULE OLUKLU MUKAVVA<\/span><\/h3>\t\t<\/div>\n\t\t\t\t<\/div>\n\t\t\t\t<div class=\"elementor-element elementor-element-85ca906 elementor-widget elementor-widget-text-editor\" data-id=\"85ca906\" data-element_type=\"widget\" data-widget_type=\"text-editor.default\">\n\t\t\t\t<div class=\"elementor-widget-container\">\n\t\t\t\t\t\t\t<p>Genellikle mobilya sekt\u00f6r\u00fcnde b\u00fcy\u00fck \u00fcr\u00fcnlerin paketlenmesinde kullan\u0131l\u0131r. Bir kat oluklu ka\u011f\u0131t ve bir kat d\u00fcz ka\u011f\u0131d\u0131n birbirine yap\u0131\u015ft\u0131r\u0131lmas\u0131ndan olu\u015fur.<\/p>\n<p>Oluklu ka\u011f\u0131d\u0131n bir y\u00fcz\u00fcne ka\u011f\u0131t yap\u0131\u015ft\u0131r\u0131lm\u0131\u015f iki ka\u011f\u0131ttan olu\u015fan plakaya verilen isimdir. Oluklu Mukavva\u00c7e\u015fitli dalga t\u00fcrlerinden \u00fcretilen tek tarafl\u0131 ofset bask\u0131l\u0131 mukavvad\u0131r. Oluklu mukavvalar\u0131n omurgas\u0131n\u0131 veya temelini olu\u015fturur.<\/p>\n<p>Oluklu Mukavvalar B Dalga, C Dalga, E Dalga ve F Dalga olarak \u00fcretilmektedir. Genellikle y\u00fcksek hacimli ve b\u00fcy\u00fck \u00fcr\u00fcnlerin korunmas\u0131 ve sevkiyat\u0131 i\u00e7in sarma ve ambalaj malzemesi olarak kullan\u0131l\u0131r.<\/p>\n<p>Oluklu Mukavva ile; Mobilya firmalar\u0131, Ara\u00e7 Yedek Par\u00e7alar\u0131, \u0130n\u015faat firmalar\u0131, Al\u00fcminyum profil firmalar\u0131 ve daha bir\u00e7ok sekt\u00f6r\u00fcn \u00fcreticileri \u00fcr\u00fcnlerini oluklu ile ve d\u00fczg\u00fcn bir \u015fekilde korur ve sevk eder.<\/p>\n<p>Oluklu mukavvan\u0131n temelini olu\u015fturur. Tek tarafl\u0131 oluklu mukavva, oluklu tabakan\u0131n sadece bir taraf\u0131n\u0131n d\u00fcz bir tabaka ile kaplanmas\u0131yla olu\u015fan oluklu mukavva olarak a\u00e7\u0131klanabilir. \u00c7e\u015fitli dalga tiplerinden \u00fcretilen tek tarafl\u0131 ofset bask\u0131l\u0131 mukavvad\u0131r. Oluklu mukavva, ka\u011f\u0131d\u0131n her iki y\u00fcz\u00fcne yap\u0131\u015ft\u0131r\u0131lmas\u0131yla \u00fcretilir. Oluklu mukavvalar b dalgas\u0131 c dalgas\u0131 e dalgas\u0131 f dalgas\u0131 olarak \u00fcretilmektedir. Oluklu mukavva genellikle y\u00fcksek hacimli ve b\u00fcy\u00fck \u00fcr\u00fcnlerin paketlenmesinde kullan\u0131l\u0131r. Bu nedenle \u00f6zellikle mobilya firmalar\u0131 taraf\u0131ndan tercih edilmektedir. B\u00fcy\u00fck \u00fcr\u00fcnlerin korunmas\u0131 ve sevkiyat\u0131 i\u00e7in sarma ve ambalaj malzemesi olarak kullan\u0131labildi\u011fi i\u00e7in ara\u00e7 yedek par\u00e7a in\u015faat firmalar\u0131, al\u00fcminyum profil firmalar\u0131 ve daha bir\u00e7ok sekt\u00f6r\u00fcn \u00fcreticileri oluklu mukavvay\u0131 tercih etmektedir.<\/p>\n\t\t\t\t\t\t<\/div>\n\t\t\t\t<\/div>\n\t\t\t\t\t<\/div>\n\t\t<\/div>\n\t\t\t\t\t<\/div>\n\t\t<\/section>\n\t\t\t\t<\/div>\n\t\t","protected":false},"excerpt":{"rendered":"<p>ONDULE OLUKLU MUKAVVA Genellikle mobilya sekt\u00f6r\u00fcnde b\u00fcy\u00fck \u00fcr\u00fcnlerin paketlenmesinde kullan\u0131l\u0131r. Bir kat oluklu ka\u011f\u0131t ve bir kat d\u00fcz ka\u011f\u0131d\u0131n birbirine yap\u0131\u015ft\u0131r\u0131lmas\u0131ndan olu\u015fur. Oluklu ka\u011f\u0131d\u0131n bir y\u00fcz\u00fcne ka\u011f\u0131t yap\u0131\u015ft\u0131r\u0131lm\u0131\u015f iki ka\u011f\u0131ttan olu\u015fan plakaya verilen isimdir. Oluklu Mukavva\u00c7e\u015fitli dalga t\u00fcrlerinden \u00fcretilen tek &hellip;<\/p>\n","protected":false},"author":2,"featured_media":0,"parent":0,"menu_order":0,"comment_status":"closed","ping_status":"closed","template":"","meta":{"footnotes":""},"class_list":["post-1519","page","type-page","status-publish","hentry"],"yoast_head":"<!-- This site is optimized with the Yoast SEO plugin v25.2 - https:\/\/yoast.com\/wordpress\/plugins\/seo\/ -->\n<title>Ondule Oluklu Mukavva - Miopack Ambalaj Packaging Solutions<\/title>\n<meta name=\"robots\" content=\"index, follow, max-snippet:-1, max-image-preview:large, max-video-preview:-1\" \/>\n<link rel=\"canonical\" href=\"https:\/\/miopack.com.tr\/tr\/ondule-oluklu-mukavva\/\" \/>\n<meta property=\"og:locale\" content=\"tr_TR\" \/>\n<meta property=\"og:type\" content=\"article\" \/>\n<meta property=\"og:title\" content=\"Ondule Oluklu Mukavva - Miopack Ambalaj Packaging Solutions\" \/>\n<meta property=\"og:description\" content=\"ONDULE OLUKLU MUKAVVA Genellikle mobilya sekt\u00f6r\u00fcnde b\u00fcy\u00fck \u00fcr\u00fcnlerin paketlenmesinde kullan\u0131l\u0131r. Bir kat oluklu ka\u011f\u0131t ve bir kat d\u00fcz ka\u011f\u0131d\u0131n birbirine yap\u0131\u015ft\u0131r\u0131lmas\u0131ndan olu\u015fur. Oluklu ka\u011f\u0131d\u0131n bir y\u00fcz\u00fcne ka\u011f\u0131t yap\u0131\u015ft\u0131r\u0131lm\u0131\u015f iki ka\u011f\u0131ttan olu\u015fan plakaya verilen isimdir. Oluklu Mukavva\u00c7e\u015fitli dalga t\u00fcrlerinden \u00fcretilen tek &hellip;\" \/>\n<meta property=\"og:url\" content=\"https:\/\/miopack.com.tr\/tr\/ondule-oluklu-mukavva\/\" \/>\n<meta property=\"og:site_name\" content=\"Miopack Ambalaj Packaging Solutions\" \/>\n<meta property=\"article:publisher\" content=\"https:\/\/www.facebook.com\/miopack.packaging.solutions\/\" \/>\n<meta property=\"article:modified_time\" content=\"2023-12-01T12:30:01+00:00\" \/>\n<meta property=\"og:image\" content=\"https:\/\/miopack.com.tr\/wp-content\/uploads\/corrugated-cardboard.png\" \/>\n<meta name=\"twitter:card\" content=\"summary_large_image\" \/>\n<meta name=\"twitter:label1\" content=\"Tahmini okuma s\u00fcresi\" \/>\n\t<meta name=\"twitter:data1\" content=\"1 dakika\" \/>\n<script type=\"application\/ld+json\" class=\"yoast-schema-graph\">{\"@context\":\"https:\/\/schema.org\",\"@graph\":[{\"@type\":\"WebPage\",\"@id\":\"https:\/\/miopack.com.tr\/tr\/ondule-oluklu-mukavva\/\",\"url\":\"https:\/\/miopack.com.tr\/tr\/ondule-oluklu-mukavva\/\",\"name\":\"Ondule Oluklu Mukavva - Miopack Ambalaj Packaging Solutions\",\"isPartOf\":{\"@id\":\"https:\/\/miopack.com.tr\/tr\/#website\"},\"primaryImageOfPage\":{\"@id\":\"https:\/\/miopack.com.tr\/tr\/ondule-oluklu-mukavva\/#primaryimage\"},\"image\":{\"@id\":\"https:\/\/miopack.com.tr\/tr\/ondule-oluklu-mukavva\/#primaryimage\"},\"thumbnailUrl\":\"https:\/\/miopack.com.tr\/wp-content\/uploads\/corrugated-cardboard.png\",\"datePublished\":\"2023-01-18T14:30:43+00:00\",\"dateModified\":\"2023-12-01T12:30:01+00:00\",\"breadcrumb\":{\"@id\":\"https:\/\/miopack.com.tr\/tr\/ondule-oluklu-mukavva\/#breadcrumb\"},\"inLanguage\":\"tr\",\"potentialAction\":[{\"@type\":\"ReadAction\",\"target\":[\"https:\/\/miopack.com.tr\/tr\/ondule-oluklu-mukavva\/\"]}]},{\"@type\":\"ImageObject\",\"inLanguage\":\"tr\",\"@id\":\"https:\/\/miopack.com.tr\/tr\/ondule-oluklu-mukavva\/#primaryimage\",\"url\":\"https:\/\/miopack.com.tr\/wp-content\/uploads\/corrugated-cardboard.png\",\"contentUrl\":\"https:\/\/miopack.com.tr\/wp-content\/uploads\/corrugated-cardboard.png\"},{\"@type\":\"BreadcrumbList\",\"@id\":\"https:\/\/miopack.com.tr\/tr\/ondule-oluklu-mukavva\/#breadcrumb\",\"itemListElement\":[{\"@type\":\"ListItem\",\"position\":1,\"name\":\"Home\",\"item\":\"https:\/\/miopack.com.tr\/tr\/\"},{\"@type\":\"ListItem\",\"position\":2,\"name\":\"Ondule Oluklu Mukavva\"}]},{\"@type\":\"WebSite\",\"@id\":\"https:\/\/miopack.com.tr\/tr\/#website\",\"url\":\"https:\/\/miopack.com.tr\/tr\/\",\"name\":\"www.miopack.com.tr\",\"description\":\"Cardboard corners - Edge Protector - Angle Board - Packing Sources - Cardboard - Solidboard - Angleboard - Metallized Cardboard - Pastry Coaster\",\"publisher\":{\"@id\":\"https:\/\/miopack.com.tr\/tr\/#organization\"},\"potentialAction\":[{\"@type\":\"SearchAction\",\"target\":{\"@type\":\"EntryPoint\",\"urlTemplate\":\"https:\/\/miopack.com.tr\/tr\/?s={search_term_string}\"},\"query-input\":{\"@type\":\"PropertyValueSpecification\",\"valueRequired\":true,\"valueName\":\"search_term_string\"}}],\"inLanguage\":\"tr\"},{\"@type\":\"Organization\",\"@id\":\"https:\/\/miopack.com.tr\/tr\/#organization\",\"name\":\"Miopack Ambalaj Packaging Solutions\",\"url\":\"https:\/\/miopack.com.tr\/tr\/\",\"logo\":{\"@type\":\"ImageObject\",\"inLanguage\":\"tr\",\"@id\":\"https:\/\/miopack.com.tr\/tr\/#\/schema\/logo\/image\/\",\"url\":\"https:\/\/miopack.com.tr\/wp-content\/uploads\/miopack-logo-1.png\",\"contentUrl\":\"https:\/\/miopack.com.tr\/wp-content\/uploads\/miopack-logo-1.png\",\"width\":442,\"height\":160,\"caption\":\"Miopack Ambalaj Packaging Solutions\"},\"image\":{\"@id\":\"https:\/\/miopack.com.tr\/tr\/#\/schema\/logo\/image\/\"},\"sameAs\":[\"https:\/\/www.facebook.com\/miopack.packaging.solutions\/\",\"https:\/\/www.instagram.com\/miopack_packaging\/\",\"https:\/\/www.youtube.com\/@miopack\",\"https:\/\/www.linkedin.com\/company\/miopack\"]}]}<\/script>\n<!-- \/ Yoast SEO plugin. -->","yoast_head_json":{"title":"Ondule Oluklu Mukavva - Miopack Ambalaj Packaging Solutions","robots":{"index":"index","follow":"follow","max-snippet":"max-snippet:-1","max-image-preview":"max-image-preview:large","max-video-preview":"max-video-preview:-1"},"canonical":"https:\/\/miopack.com.tr\/tr\/ondule-oluklu-mukavva\/","og_locale":"tr_TR","og_type":"article","og_title":"Ondule Oluklu Mukavva - Miopack Ambalaj Packaging Solutions","og_description":"ONDULE OLUKLU MUKAVVA Genellikle mobilya sekt\u00f6r\u00fcnde b\u00fcy\u00fck \u00fcr\u00fcnlerin paketlenmesinde kullan\u0131l\u0131r. Bir kat oluklu ka\u011f\u0131t ve bir kat d\u00fcz ka\u011f\u0131d\u0131n birbirine yap\u0131\u015ft\u0131r\u0131lmas\u0131ndan olu\u015fur. Oluklu ka\u011f\u0131d\u0131n bir y\u00fcz\u00fcne ka\u011f\u0131t yap\u0131\u015ft\u0131r\u0131lm\u0131\u015f iki ka\u011f\u0131ttan olu\u015fan plakaya verilen isimdir. Oluklu Mukavva\u00c7e\u015fitli dalga t\u00fcrlerinden \u00fcretilen tek &hellip;","og_url":"https:\/\/miopack.com.tr\/tr\/ondule-oluklu-mukavva\/","og_site_name":"Miopack Ambalaj Packaging Solutions","article_publisher":"https:\/\/www.facebook.com\/miopack.packaging.solutions\/","article_modified_time":"2023-12-01T12:30:01+00:00","og_image":[{"url":"https:\/\/miopack.com.tr\/wp-content\/uploads\/corrugated-cardboard.png","type":"","width":"","height":""}],"twitter_card":"summary_large_image","twitter_misc":{"Tahmini okuma s\u00fcresi":"1 dakika"},"schema":{"@context":"https:\/\/schema.org","@graph":[{"@type":"WebPage","@id":"https:\/\/miopack.com.tr\/tr\/ondule-oluklu-mukavva\/","url":"https:\/\/miopack.com.tr\/tr\/ondule-oluklu-mukavva\/","name":"Ondule Oluklu Mukavva - Miopack Ambalaj Packaging Solutions","isPartOf":{"@id":"https:\/\/miopack.com.tr\/tr\/#website"},"primaryImageOfPage":{"@id":"https:\/\/miopack.com.tr\/tr\/ondule-oluklu-mukavva\/#primaryimage"},"image":{"@id":"https:\/\/miopack.com.tr\/tr\/ondule-oluklu-mukavva\/#primaryimage"},"thumbnailUrl":"https:\/\/miopack.com.tr\/wp-content\/uploads\/corrugated-cardboard.png","datePublished":"2023-01-18T14:30:43+00:00","dateModified":"2023-12-01T12:30:01+00:00","breadcrumb":{"@id":"https:\/\/miopack.com.tr\/tr\/ondule-oluklu-mukavva\/#breadcrumb"},"inLanguage":"tr","potentialAction":[{"@type":"ReadAction","target":["https:\/\/miopack.com.tr\/tr\/ondule-oluklu-mukavva\/"]}]},{"@type":"ImageObject","inLanguage":"tr","@id":"https:\/\/miopack.com.tr\/tr\/ondule-oluklu-mukavva\/#primaryimage","url":"https:\/\/miopack.com.tr\/wp-content\/uploads\/corrugated-cardboard.png","contentUrl":"https:\/\/miopack.com.tr\/wp-content\/uploads\/corrugated-cardboard.png"},{"@type":"BreadcrumbList","@id":"https:\/\/miopack.com.tr\/tr\/ondule-oluklu-mukavva\/#breadcrumb","itemListElement":[{"@type":"ListItem","position":1,"name":"Home","item":"https:\/\/miopack.com.tr\/tr\/"},{"@type":"ListItem","position":2,"name":"Ondule Oluklu Mukavva"}]},{"@type":"WebSite","@id":"https:\/\/miopack.com.tr\/tr\/#website","url":"https:\/\/miopack.com.tr\/tr\/","name":"www.miopack.com.tr","description":"Cardboard corners - Edge Protector - Angle Board - Packing Sources - Cardboard - Solidboard - Angleboard - Metallized Cardboard - Pastry Coaster","publisher":{"@id":"https:\/\/miopack.com.tr\/tr\/#organization"},"potentialAction":[{"@type":"SearchAction","target":{"@type":"EntryPoint","urlTemplate":"https:\/\/miopack.com.tr\/tr\/?s={search_term_string}"},"query-input":{"@type":"PropertyValueSpecification","valueRequired":true,"valueName":"search_term_string"}}],"inLanguage":"tr"},{"@type":"Organization","@id":"https:\/\/miopack.com.tr\/tr\/#organization","name":"Miopack Ambalaj Packaging Solutions","url":"https:\/\/miopack.com.tr\/tr\/","logo":{"@type":"ImageObject","inLanguage":"tr","@id":"https:\/\/miopack.com.tr\/tr\/#\/schema\/logo\/image\/","url":"https:\/\/miopack.com.tr\/wp-content\/uploads\/miopack-logo-1.png","contentUrl":"https:\/\/miopack.com.tr\/wp-content\/uploads\/miopack-logo-1.png","width":442,"height":160,"caption":"Miopack Ambalaj Packaging Solutions"},"image":{"@id":"https:\/\/miopack.com.tr\/tr\/#\/schema\/logo\/image\/"},"sameAs":["https:\/\/www.facebook.com\/miopack.packaging.solutions\/","https:\/\/www.instagram.com\/miopack_packaging\/","https:\/\/www.youtube.com\/@miopack","https:\/\/www.linkedin.com\/company\/miopack"]}]}},"_links":{"self":[{"href":"https:\/\/miopack.com.tr\/tr\/wp-json\/wp\/v2\/pages\/1519","targetHints":{"allow":["GET"]}}],"collection":[{"href":"https:\/\/miopack.com.tr\/tr\/wp-json\/wp\/v2\/pages"}],"about":[{"href":"https:\/\/miopack.com.tr\/tr\/wp-json\/wp\/v2\/types\/page"}],"author":[{"embeddable":true,"href":"https:\/\/miopack.com.tr\/tr\/wp-json\/wp\/v2\/users\/2"}],"replies":[{"embeddable":true,"href":"https:\/\/miopack.com.tr\/tr\/wp-json\/wp\/v2\/comments?post=1519"}],"version-history":[{"count":2,"href":"https:\/\/miopack.com.tr\/tr\/wp-json\/wp\/v2\/pages\/1519\/revisions"}],"predecessor-version":[{"id":1524,"href":"https:\/\/miopack.com.tr\/tr\/wp-json\/wp\/v2\/pages\/1519\/revisions\/1524"}],"wp:attachment":[{"href":"https:\/\/miopack.com.tr\/tr\/wp-json\/wp\/v2\/media?parent=1519"}],"curies":[{"name":"wp","href":"https:\/\/api.w.org\/{rel}","templated":true}]}}