{"id":1511,"date":"2023-01-20T08:20:08","date_gmt":"2023-01-20T08:20:08","guid":{"rendered":"https:\/\/miopack.com.tr\/demonte-kutu\/"},"modified":"2024-03-13T06:07:56","modified_gmt":"2024-03-13T06:07:56","slug":"demonte-kutu","status":"publish","type":"page","link":"https:\/\/miopack.com.tr\/tr\/demonte-kutu\/","title":{"rendered":"Demonte Kutu"},"content":{"rendered":"\t\t<div data-elementor-type=\"wp-page\" data-elementor-id=\"1511\" class=\"elementor elementor-1511 elementor-1002\">\n\t\t\t\t\t\t<section class=\"elementor-section elementor-top-section elementor-element elementor-element-b9f397a elementor-section-boxed elementor-section-height-default elementor-section-height-default\" data-id=\"b9f397a\" data-element_type=\"section\">\n\t\t\t\t\t\t<div class=\"elementor-container elementor-column-gap-default\">\n\t\t\t\t\t<div class=\"elementor-column elementor-col-50 elementor-top-column elementor-element elementor-element-32ff602\" data-id=\"32ff602\" data-element_type=\"column\">\n\t\t\t<div class=\"elementor-widget-wrap elementor-element-populated\">\n\t\t\t\t\t\t<div class=\"elementor-element elementor-element-b31683d elementor-widget elementor-widget-gallery_slider\" data-id=\"b31683d\" data-element_type=\"widget\" data-widget_type=\"gallery_slider.default\">\n\t\t\t\t<div class=\"elementor-widget-container\">\n\t\t\t<div class=\"gallery-fs\"><figure><img decoding=\"async\" src=\"https:\/\/miopack.com.tr\/wp-content\/uploads\/dissambled-box.jpg\" alt=\"\"><\/figure><\/div>\t\t<\/div>\n\t\t\t\t<\/div>\n\t\t\t\t\t<\/div>\n\t\t<\/div>\n\t\t\t\t<div class=\"elementor-column elementor-col-50 elementor-top-column elementor-element elementor-element-03565b5\" data-id=\"03565b5\" data-element_type=\"column\">\n\t\t\t<div class=\"elementor-widget-wrap\">\n\t\t\t\t\t\t\t<\/div>\n\t\t<\/div>\n\t\t\t\t\t<\/div>\n\t\t<\/section>\n\t\t\t\t<section class=\"elementor-section elementor-top-section elementor-element elementor-element-9141969 elementor-section-boxed elementor-section-height-default elementor-section-height-default\" data-id=\"9141969\" data-element_type=\"section\">\n\t\t\t\t\t\t<div class=\"elementor-container elementor-column-gap-default\">\n\t\t\t\t\t<div class=\"elementor-column elementor-col-100 elementor-top-column elementor-element elementor-element-aa3da3c\" data-id=\"aa3da3c\" data-element_type=\"column\">\n\t\t\t<div class=\"elementor-widget-wrap elementor-element-populated\">\n\t\t\t\t\t\t<div class=\"elementor-element elementor-element-6739ccb elementor-widget elementor-widget-heading\" data-id=\"6739ccb\" data-element_type=\"widget\" data-widget_type=\"heading.default\">\n\t\t\t\t<div class=\"elementor-widget-container\">\n\t\t\t<h3 class='heading-left  divider-sm'  style=\"color:#000000\"><span>DEMONTE KUTU<\/span><\/h3>\t\t<\/div>\n\t\t\t\t<\/div>\n\t\t\t\t<div class=\"elementor-element elementor-element-85ca906 elementor-widget elementor-widget-text-editor\" data-id=\"85ca906\" data-element_type=\"widget\" data-widget_type=\"text-editor.default\">\n\t\t\t\t<div class=\"elementor-widget-container\">\n\t\t\t\t\t\t\t<p>Mobilya sekt\u00f6r\u00fcnde yo\u011fun olarak kullan\u0131lan bu kutu tipi, b\u00fcy\u00fck ebatlardaki yass\u0131 malzemelerin paketlenmesinde b\u00fcy\u00fck kolayl\u0131k ve fayda sa\u011flamaktad\u0131r. Her t\u00fcrl\u00fc mobilya kutusu \u00fcretilmektedir. Mobilyalar\u0131n\u0131z\u0131 korumak i\u00e7in mutlaka demonte bir kutu kullanmal\u0131s\u0131n\u0131z. Ankara mobilya firmalar\u0131 i\u00e7in 1. s\u0131n\u0131f demonte kutu \u00fcretiyoruz.<\/p>\n\t\t\t\t\t\t<\/div>\n\t\t\t\t<\/div>\n\t\t\t\t\t<\/div>\n\t\t<\/div>\n\t\t\t\t\t<\/div>\n\t\t<\/section>\n\t\t\t\t<\/div>\n\t\t","protected":false},"excerpt":{"rendered":"<p>DEMONTE KUTU Mobilya sekt\u00f6r\u00fcnde yo\u011fun olarak kullan\u0131lan bu kutu tipi, b\u00fcy\u00fck ebatlardaki yass\u0131 malzemelerin paketlenmesinde b\u00fcy\u00fck kolayl\u0131k ve fayda sa\u011flamaktad\u0131r. Her t\u00fcrl\u00fc mobilya kutusu \u00fcretilmektedir. Mobilyalar\u0131n\u0131z\u0131 korumak i\u00e7in mutlaka demonte bir kutu kullanmal\u0131s\u0131n\u0131z. Ankara mobilya firmalar\u0131 i\u00e7in 1. s\u0131n\u0131f demonte &hellip;<\/p>\n","protected":false},"author":2,"featured_media":0,"parent":0,"menu_order":0,"comment_status":"closed","ping_status":"closed","template":"","meta":{"footnotes":""},"class_list":["post-1511","page","type-page","status-publish","hentry"],"yoast_head":"<!-- This site is optimized with the Yoast SEO plugin v25.2 - https:\/\/yoast.com\/wordpress\/plugins\/seo\/ -->\n<title>Demonte Kutu - Miopack Ambalaj Packaging Solutions<\/title>\n<meta name=\"description\" content=\"Demonte Kutu, demonte kutu fiyatlar\u0131, demonte kutu \u00fcreticileri, demonte kutu firmalar\u0131\" \/>\n<meta name=\"robots\" content=\"index, follow, max-snippet:-1, max-image-preview:large, max-video-preview:-1\" \/>\n<link rel=\"canonical\" href=\"https:\/\/miopack.com.tr\/tr\/demonte-kutu\/\" \/>\n<meta property=\"og:locale\" content=\"tr_TR\" \/>\n<meta property=\"og:type\" content=\"article\" \/>\n<meta property=\"og:title\" content=\"Demonte Kutu - Miopack Ambalaj Packaging Solutions\" \/>\n<meta property=\"og:description\" content=\"Demonte Kutu, demonte kutu fiyatlar\u0131, demonte kutu \u00fcreticileri, demonte kutu firmalar\u0131\" \/>\n<meta property=\"og:url\" content=\"https:\/\/miopack.com.tr\/tr\/demonte-kutu\/\" \/>\n<meta property=\"og:site_name\" content=\"Miopack Ambalaj Packaging Solutions\" \/>\n<meta property=\"article:publisher\" content=\"https:\/\/www.facebook.com\/miopack.packaging.solutions\/\" \/>\n<meta property=\"article:modified_time\" content=\"2024-03-13T06:07:56+00:00\" \/>\n<meta property=\"og:image\" content=\"https:\/\/miopack.com.tr\/wp-content\/uploads\/dissambled-box.jpg\" \/>\n<meta name=\"twitter:card\" content=\"summary_large_image\" \/>\n<meta name=\"twitter:label1\" content=\"Tahmini okuma s\u00fcresi\" \/>\n\t<meta name=\"twitter:data1\" content=\"1 dakika\" \/>\n<script type=\"application\/ld+json\" class=\"yoast-schema-graph\">{\"@context\":\"https:\/\/schema.org\",\"@graph\":[{\"@type\":\"WebPage\",\"@id\":\"https:\/\/miopack.com.tr\/tr\/demonte-kutu\/\",\"url\":\"https:\/\/miopack.com.tr\/tr\/demonte-kutu\/\",\"name\":\"Demonte Kutu - Miopack Ambalaj Packaging Solutions\",\"isPartOf\":{\"@id\":\"https:\/\/miopack.com.tr\/tr\/#website\"},\"primaryImageOfPage\":{\"@id\":\"https:\/\/miopack.com.tr\/tr\/demonte-kutu\/#primaryimage\"},\"image\":{\"@id\":\"https:\/\/miopack.com.tr\/tr\/demonte-kutu\/#primaryimage\"},\"thumbnailUrl\":\"https:\/\/miopack.com.tr\/wp-content\/uploads\/dissambled-box.jpg\",\"datePublished\":\"2023-01-20T08:20:08+00:00\",\"dateModified\":\"2024-03-13T06:07:56+00:00\",\"description\":\"Demonte Kutu, demonte kutu fiyatlar\u0131, demonte kutu \u00fcreticileri, demonte kutu firmalar\u0131\",\"breadcrumb\":{\"@id\":\"https:\/\/miopack.com.tr\/tr\/demonte-kutu\/#breadcrumb\"},\"inLanguage\":\"tr\",\"potentialAction\":[{\"@type\":\"ReadAction\",\"target\":[\"https:\/\/miopack.com.tr\/tr\/demonte-kutu\/\"]}]},{\"@type\":\"ImageObject\",\"inLanguage\":\"tr\",\"@id\":\"https:\/\/miopack.com.tr\/tr\/demonte-kutu\/#primaryimage\",\"url\":\"https:\/\/miopack.com.tr\/wp-content\/uploads\/dissambled-box.jpg\",\"contentUrl\":\"https:\/\/miopack.com.tr\/wp-content\/uploads\/dissambled-box.jpg\"},{\"@type\":\"BreadcrumbList\",\"@id\":\"https:\/\/miopack.com.tr\/tr\/demonte-kutu\/#breadcrumb\",\"itemListElement\":[{\"@type\":\"ListItem\",\"position\":1,\"name\":\"Home\",\"item\":\"https:\/\/miopack.com.tr\/tr\/\"},{\"@type\":\"ListItem\",\"position\":2,\"name\":\"Demonte Kutu\"}]},{\"@type\":\"WebSite\",\"@id\":\"https:\/\/miopack.com.tr\/tr\/#website\",\"url\":\"https:\/\/miopack.com.tr\/tr\/\",\"name\":\"www.miopack.com.tr\",\"description\":\"Cardboard corners - Edge Protector - Angle Board - Packing Sources - Cardboard - Solidboard - Angleboard - Metallized Cardboard - Pastry Coaster\",\"publisher\":{\"@id\":\"https:\/\/miopack.com.tr\/tr\/#organization\"},\"potentialAction\":[{\"@type\":\"SearchAction\",\"target\":{\"@type\":\"EntryPoint\",\"urlTemplate\":\"https:\/\/miopack.com.tr\/tr\/?s={search_term_string}\"},\"query-input\":{\"@type\":\"PropertyValueSpecification\",\"valueRequired\":true,\"valueName\":\"search_term_string\"}}],\"inLanguage\":\"tr\"},{\"@type\":\"Organization\",\"@id\":\"https:\/\/miopack.com.tr\/tr\/#organization\",\"name\":\"Miopack Ambalaj Packaging Solutions\",\"url\":\"https:\/\/miopack.com.tr\/tr\/\",\"logo\":{\"@type\":\"ImageObject\",\"inLanguage\":\"tr\",\"@id\":\"https:\/\/miopack.com.tr\/tr\/#\/schema\/logo\/image\/\",\"url\":\"https:\/\/miopack.com.tr\/wp-content\/uploads\/miopack-logo-1.png\",\"contentUrl\":\"https:\/\/miopack.com.tr\/wp-content\/uploads\/miopack-logo-1.png\",\"width\":442,\"height\":160,\"caption\":\"Miopack Ambalaj Packaging Solutions\"},\"image\":{\"@id\":\"https:\/\/miopack.com.tr\/tr\/#\/schema\/logo\/image\/\"},\"sameAs\":[\"https:\/\/www.facebook.com\/miopack.packaging.solutions\/\",\"https:\/\/www.instagram.com\/miopack_packaging\/\",\"https:\/\/www.youtube.com\/@miopack\",\"https:\/\/www.linkedin.com\/company\/miopack\"]}]}<\/script>\n<!-- \/ Yoast SEO plugin. -->","yoast_head_json":{"title":"Demonte Kutu - Miopack Ambalaj Packaging Solutions","description":"Demonte Kutu, demonte kutu fiyatlar\u0131, demonte kutu \u00fcreticileri, demonte kutu firmalar\u0131","robots":{"index":"index","follow":"follow","max-snippet":"max-snippet:-1","max-image-preview":"max-image-preview:large","max-video-preview":"max-video-preview:-1"},"canonical":"https:\/\/miopack.com.tr\/tr\/demonte-kutu\/","og_locale":"tr_TR","og_type":"article","og_title":"Demonte Kutu - Miopack Ambalaj Packaging Solutions","og_description":"Demonte Kutu, demonte kutu fiyatlar\u0131, demonte kutu \u00fcreticileri, demonte kutu firmalar\u0131","og_url":"https:\/\/miopack.com.tr\/tr\/demonte-kutu\/","og_site_name":"Miopack Ambalaj Packaging Solutions","article_publisher":"https:\/\/www.facebook.com\/miopack.packaging.solutions\/","article_modified_time":"2024-03-13T06:07:56+00:00","og_image":[{"url":"https:\/\/miopack.com.tr\/wp-content\/uploads\/dissambled-box.jpg","type":"","width":"","height":""}],"twitter_card":"summary_large_image","twitter_misc":{"Tahmini okuma s\u00fcresi":"1 dakika"},"schema":{"@context":"https:\/\/schema.org","@graph":[{"@type":"WebPage","@id":"https:\/\/miopack.com.tr\/tr\/demonte-kutu\/","url":"https:\/\/miopack.com.tr\/tr\/demonte-kutu\/","name":"Demonte Kutu - Miopack Ambalaj Packaging Solutions","isPartOf":{"@id":"https:\/\/miopack.com.tr\/tr\/#website"},"primaryImageOfPage":{"@id":"https:\/\/miopack.com.tr\/tr\/demonte-kutu\/#primaryimage"},"image":{"@id":"https:\/\/miopack.com.tr\/tr\/demonte-kutu\/#primaryimage"},"thumbnailUrl":"https:\/\/miopack.com.tr\/wp-content\/uploads\/dissambled-box.jpg","datePublished":"2023-01-20T08:20:08+00:00","dateModified":"2024-03-13T06:07:56+00:00","description":"Demonte Kutu, demonte kutu fiyatlar\u0131, demonte kutu \u00fcreticileri, demonte kutu firmalar\u0131","breadcrumb":{"@id":"https:\/\/miopack.com.tr\/tr\/demonte-kutu\/#breadcrumb"},"inLanguage":"tr","potentialAction":[{"@type":"ReadAction","target":["https:\/\/miopack.com.tr\/tr\/demonte-kutu\/"]}]},{"@type":"ImageObject","inLanguage":"tr","@id":"https:\/\/miopack.com.tr\/tr\/demonte-kutu\/#primaryimage","url":"https:\/\/miopack.com.tr\/wp-content\/uploads\/dissambled-box.jpg","contentUrl":"https:\/\/miopack.com.tr\/wp-content\/uploads\/dissambled-box.jpg"},{"@type":"BreadcrumbList","@id":"https:\/\/miopack.com.tr\/tr\/demonte-kutu\/#breadcrumb","itemListElement":[{"@type":"ListItem","position":1,"name":"Home","item":"https:\/\/miopack.com.tr\/tr\/"},{"@type":"ListItem","position":2,"name":"Demonte Kutu"}]},{"@type":"WebSite","@id":"https:\/\/miopack.com.tr\/tr\/#website","url":"https:\/\/miopack.com.tr\/tr\/","name":"www.miopack.com.tr","description":"Cardboard corners - Edge Protector - Angle Board - Packing Sources - Cardboard - Solidboard - Angleboard - Metallized Cardboard - Pastry Coaster","publisher":{"@id":"https:\/\/miopack.com.tr\/tr\/#organization"},"potentialAction":[{"@type":"SearchAction","target":{"@type":"EntryPoint","urlTemplate":"https:\/\/miopack.com.tr\/tr\/?s={search_term_string}"},"query-input":{"@type":"PropertyValueSpecification","valueRequired":true,"valueName":"search_term_string"}}],"inLanguage":"tr"},{"@type":"Organization","@id":"https:\/\/miopack.com.tr\/tr\/#organization","name":"Miopack Ambalaj Packaging Solutions","url":"https:\/\/miopack.com.tr\/tr\/","logo":{"@type":"ImageObject","inLanguage":"tr","@id":"https:\/\/miopack.com.tr\/tr\/#\/schema\/logo\/image\/","url":"https:\/\/miopack.com.tr\/wp-content\/uploads\/miopack-logo-1.png","contentUrl":"https:\/\/miopack.com.tr\/wp-content\/uploads\/miopack-logo-1.png","width":442,"height":160,"caption":"Miopack Ambalaj Packaging Solutions"},"image":{"@id":"https:\/\/miopack.com.tr\/tr\/#\/schema\/logo\/image\/"},"sameAs":["https:\/\/www.facebook.com\/miopack.packaging.solutions\/","https:\/\/www.instagram.com\/miopack_packaging\/","https:\/\/www.youtube.com\/@miopack","https:\/\/www.linkedin.com\/company\/miopack"]}]}},"_links":{"self":[{"href":"https:\/\/miopack.com.tr\/tr\/wp-json\/wp\/v2\/pages\/1511","targetHints":{"allow":["GET"]}}],"collection":[{"href":"https:\/\/miopack.com.tr\/tr\/wp-json\/wp\/v2\/pages"}],"about":[{"href":"https:\/\/miopack.com.tr\/tr\/wp-json\/wp\/v2\/types\/page"}],"author":[{"embeddable":true,"href":"https:\/\/miopack.com.tr\/tr\/wp-json\/wp\/v2\/users\/2"}],"replies":[{"embeddable":true,"href":"https:\/\/miopack.com.tr\/tr\/wp-json\/wp\/v2\/comments?post=1511"}],"version-history":[{"count":1,"href":"https:\/\/miopack.com.tr\/tr\/wp-json\/wp\/v2\/pages\/1511\/revisions"}],"predecessor-version":[{"id":1514,"href":"https:\/\/miopack.com.tr\/tr\/wp-json\/wp\/v2\/pages\/1511\/revisions\/1514"}],"wp:attachment":[{"href":"https:\/\/miopack.com.tr\/tr\/wp-json\/wp\/v2\/media?parent=1511"}],"curies":[{"name":"wp","href":"https:\/\/api.w.org\/{rel}","templated":true}]}}