{"id":1501,"date":"2023-01-19T14:53:20","date_gmt":"2023-01-19T14:53:20","guid":{"rendered":"https:\/\/miopack.com.tr\/ozel-kesim-alttan-kilitli-kutu\/"},"modified":"2023-12-01T12:31:17","modified_gmt":"2023-12-01T12:31:17","slug":"ozel-kesim-alttan-kilitli-kutu","status":"publish","type":"page","link":"https:\/\/miopack.com.tr\/tr\/ozel-kesim-alttan-kilitli-kutu\/","title":{"rendered":"\u00d6zel Kesim Alttan Kilitli Kutu"},"content":{"rendered":"\t\t<div data-elementor-type=\"wp-page\" data-elementor-id=\"1501\" class=\"elementor elementor-1501 elementor-985\">\n\t\t\t\t\t\t<section class=\"elementor-section elementor-top-section elementor-element elementor-element-b9f397a elementor-section-boxed elementor-section-height-default elementor-section-height-default\" data-id=\"b9f397a\" data-element_type=\"section\">\n\t\t\t\t\t\t<div class=\"elementor-container elementor-column-gap-default\">\n\t\t\t\t\t<div class=\"elementor-column elementor-col-50 elementor-top-column elementor-element elementor-element-32ff602\" data-id=\"32ff602\" data-element_type=\"column\">\n\t\t\t<div class=\"elementor-widget-wrap elementor-element-populated\">\n\t\t\t\t\t\t<div class=\"elementor-element elementor-element-b31683d elementor-widget elementor-widget-gallery_slider\" data-id=\"b31683d\" data-element_type=\"widget\" data-widget_type=\"gallery_slider.default\">\n\t\t\t\t<div class=\"elementor-widget-container\">\n\t\t\t<div class=\"gallery-fs\"><figure><img decoding=\"async\" src=\"https:\/\/miopack.com.tr\/wp-content\/uploads\/custom-cut-bottom-locked-box.jpg\" alt=\"\"><\/figure><\/div>\t\t<\/div>\n\t\t\t\t<\/div>\n\t\t\t\t\t<\/div>\n\t\t<\/div>\n\t\t\t\t<div class=\"elementor-column elementor-col-50 elementor-top-column elementor-element elementor-element-03565b5\" data-id=\"03565b5\" data-element_type=\"column\">\n\t\t\t<div class=\"elementor-widget-wrap\">\n\t\t\t\t\t\t\t<\/div>\n\t\t<\/div>\n\t\t\t\t\t<\/div>\n\t\t<\/section>\n\t\t\t\t<section class=\"elementor-section elementor-top-section elementor-element elementor-element-9141969 elementor-section-boxed elementor-section-height-default elementor-section-height-default\" data-id=\"9141969\" data-element_type=\"section\">\n\t\t\t\t\t\t<div class=\"elementor-container elementor-column-gap-default\">\n\t\t\t\t\t<div class=\"elementor-column elementor-col-100 elementor-top-column elementor-element elementor-element-aa3da3c\" data-id=\"aa3da3c\" data-element_type=\"column\">\n\t\t\t<div class=\"elementor-widget-wrap elementor-element-populated\">\n\t\t\t\t\t\t<div class=\"elementor-element elementor-element-6739ccb elementor-widget elementor-widget-heading\" data-id=\"6739ccb\" data-element_type=\"widget\" data-widget_type=\"heading.default\">\n\t\t\t\t<div class=\"elementor-widget-container\">\n\t\t\t<h3 class='heading-left  divider-sm'  style=\"color:#000000\"><span>\u00d6ZEL KESIM ALTTAN KILITLI KUTU<\/span><\/h3>\t\t<\/div>\n\t\t\t\t<\/div>\n\t\t\t\t<div class=\"elementor-element elementor-element-85ca906 elementor-widget elementor-widget-text-editor\" data-id=\"85ca906\" data-element_type=\"widget\" data-widget_type=\"text-editor.default\">\n\t\t\t\t<div class=\"elementor-widget-container\">\n\t\t\t\t\t\t\t<p>Kal\u0131pla kesilmi\u015f bir kutudur, bant veya ba\u015fka bir \u015feye ihtiya\u00e7 duymadan \u00fcst ve alt k\u0131sm\u0131 kapat\u0131larak kutu haline getirilebilir. Kutu \u00e7e\u015fitlerinden biri olan bu kutu, banda ihtiya\u00e7 duymadan belirli bir d\u00fczende kapat\u0131ld\u0131\u011f\u0131nda kilitlenen alt ve \u00fcst kapaklar\u0131 nedeniyle genellikle t\u00fcketici ambalaj\u0131 olarak de\u011ferlendirilmektedir.<\/p>\n<p>Kesilmi\u015f kutular pizza kutusu, elektronik par\u00e7a kutusu, kimyasal kutusu, t\u0131bbi malzeme kutusu, parf\u00fcm kutusu veya kitap kutusu, alb\u00fcm kutusu gibi farkl\u0131 sekt\u00f6rlere hitap etmektedir. Kullan\u0131m\u0131 insan\u0131n hayal g\u00fcc\u00fc ile s\u0131n\u0131rl\u0131d\u0131r, bu nedenle hemen belli bir sekt\u00f6rde kullan\u0131lmaz. Her sekt\u00f6rde kullan\u0131ma uygun bir kutu \u015feklidir.<\/p>\n\t\t\t\t\t\t<\/div>\n\t\t\t\t<\/div>\n\t\t\t\t\t<\/div>\n\t\t<\/div>\n\t\t\t\t\t<\/div>\n\t\t<\/section>\n\t\t\t\t<\/div>\n\t\t","protected":false},"excerpt":{"rendered":"<p>\u00d6ZEL KESIM ALTTAN KILITLI KUTU Kal\u0131pla kesilmi\u015f bir kutudur, bant veya ba\u015fka bir \u015feye ihtiya\u00e7 duymadan \u00fcst ve alt k\u0131sm\u0131 kapat\u0131larak kutu haline getirilebilir. Kutu \u00e7e\u015fitlerinden biri olan bu kutu, banda ihtiya\u00e7 duymadan belirli bir d\u00fczende kapat\u0131ld\u0131\u011f\u0131nda kilitlenen alt ve &hellip;<\/p>\n","protected":false},"author":2,"featured_media":0,"parent":0,"menu_order":0,"comment_status":"closed","ping_status":"closed","template":"","meta":{"footnotes":""},"class_list":["post-1501","page","type-page","status-publish","hentry"],"yoast_head":"<!-- This site is optimized with the Yoast SEO plugin v25.2 - https:\/\/yoast.com\/wordpress\/plugins\/seo\/ -->\n<title>\u00d6zel Kesim Alttan Kilitli Kutu - Miopack Ambalaj Packaging Solutions<\/title>\n<meta name=\"robots\" content=\"index, follow, max-snippet:-1, max-image-preview:large, max-video-preview:-1\" \/>\n<link rel=\"canonical\" href=\"https:\/\/miopack.com.tr\/tr\/ozel-kesim-alttan-kilitli-kutu\/\" \/>\n<meta property=\"og:locale\" content=\"tr_TR\" \/>\n<meta property=\"og:type\" content=\"article\" \/>\n<meta property=\"og:title\" content=\"\u00d6zel Kesim Alttan Kilitli Kutu - Miopack Ambalaj Packaging Solutions\" \/>\n<meta property=\"og:description\" content=\"\u00d6ZEL KESIM ALTTAN KILITLI KUTU Kal\u0131pla kesilmi\u015f bir kutudur, bant veya ba\u015fka bir \u015feye ihtiya\u00e7 duymadan \u00fcst ve alt k\u0131sm\u0131 kapat\u0131larak kutu haline getirilebilir. Kutu \u00e7e\u015fitlerinden biri olan bu kutu, banda ihtiya\u00e7 duymadan belirli bir d\u00fczende kapat\u0131ld\u0131\u011f\u0131nda kilitlenen alt ve &hellip;\" \/>\n<meta property=\"og:url\" content=\"https:\/\/miopack.com.tr\/tr\/ozel-kesim-alttan-kilitli-kutu\/\" \/>\n<meta property=\"og:site_name\" content=\"Miopack Ambalaj Packaging Solutions\" \/>\n<meta property=\"article:publisher\" content=\"https:\/\/www.facebook.com\/miopack.packaging.solutions\/\" \/>\n<meta property=\"article:modified_time\" content=\"2023-12-01T12:31:17+00:00\" \/>\n<meta property=\"og:image\" content=\"https:\/\/miopack.com.tr\/wp-content\/uploads\/custom-cut-bottom-locked-box.jpg\" \/>\n<meta name=\"twitter:card\" content=\"summary_large_image\" \/>\n<meta name=\"twitter:label1\" content=\"Tahmini okuma s\u00fcresi\" \/>\n\t<meta name=\"twitter:data1\" content=\"1 dakika\" \/>\n<script type=\"application\/ld+json\" class=\"yoast-schema-graph\">{\"@context\":\"https:\/\/schema.org\",\"@graph\":[{\"@type\":\"WebPage\",\"@id\":\"https:\/\/miopack.com.tr\/tr\/ozel-kesim-alttan-kilitli-kutu\/\",\"url\":\"https:\/\/miopack.com.tr\/tr\/ozel-kesim-alttan-kilitli-kutu\/\",\"name\":\"\u00d6zel Kesim Alttan Kilitli Kutu - Miopack Ambalaj Packaging Solutions\",\"isPartOf\":{\"@id\":\"https:\/\/miopack.com.tr\/tr\/#website\"},\"primaryImageOfPage\":{\"@id\":\"https:\/\/miopack.com.tr\/tr\/ozel-kesim-alttan-kilitli-kutu\/#primaryimage\"},\"image\":{\"@id\":\"https:\/\/miopack.com.tr\/tr\/ozel-kesim-alttan-kilitli-kutu\/#primaryimage\"},\"thumbnailUrl\":\"https:\/\/miopack.com.tr\/wp-content\/uploads\/custom-cut-bottom-locked-box.jpg\",\"datePublished\":\"2023-01-19T14:53:20+00:00\",\"dateModified\":\"2023-12-01T12:31:17+00:00\",\"breadcrumb\":{\"@id\":\"https:\/\/miopack.com.tr\/tr\/ozel-kesim-alttan-kilitli-kutu\/#breadcrumb\"},\"inLanguage\":\"tr\",\"potentialAction\":[{\"@type\":\"ReadAction\",\"target\":[\"https:\/\/miopack.com.tr\/tr\/ozel-kesim-alttan-kilitli-kutu\/\"]}]},{\"@type\":\"ImageObject\",\"inLanguage\":\"tr\",\"@id\":\"https:\/\/miopack.com.tr\/tr\/ozel-kesim-alttan-kilitli-kutu\/#primaryimage\",\"url\":\"https:\/\/miopack.com.tr\/wp-content\/uploads\/custom-cut-bottom-locked-box.jpg\",\"contentUrl\":\"https:\/\/miopack.com.tr\/wp-content\/uploads\/custom-cut-bottom-locked-box.jpg\"},{\"@type\":\"BreadcrumbList\",\"@id\":\"https:\/\/miopack.com.tr\/tr\/ozel-kesim-alttan-kilitli-kutu\/#breadcrumb\",\"itemListElement\":[{\"@type\":\"ListItem\",\"position\":1,\"name\":\"Home\",\"item\":\"https:\/\/miopack.com.tr\/tr\/\"},{\"@type\":\"ListItem\",\"position\":2,\"name\":\"\u00d6zel Kesim Alttan Kilitli Kutu\"}]},{\"@type\":\"WebSite\",\"@id\":\"https:\/\/miopack.com.tr\/tr\/#website\",\"url\":\"https:\/\/miopack.com.tr\/tr\/\",\"name\":\"www.miopack.com.tr\",\"description\":\"Cardboard corners - Edge Protector - Angle Board - Packing Sources - Cardboard - Solidboard - Angleboard - Metallized Cardboard - Pastry Coaster\",\"publisher\":{\"@id\":\"https:\/\/miopack.com.tr\/tr\/#organization\"},\"potentialAction\":[{\"@type\":\"SearchAction\",\"target\":{\"@type\":\"EntryPoint\",\"urlTemplate\":\"https:\/\/miopack.com.tr\/tr\/?s={search_term_string}\"},\"query-input\":{\"@type\":\"PropertyValueSpecification\",\"valueRequired\":true,\"valueName\":\"search_term_string\"}}],\"inLanguage\":\"tr\"},{\"@type\":\"Organization\",\"@id\":\"https:\/\/miopack.com.tr\/tr\/#organization\",\"name\":\"Miopack Ambalaj Packaging Solutions\",\"url\":\"https:\/\/miopack.com.tr\/tr\/\",\"logo\":{\"@type\":\"ImageObject\",\"inLanguage\":\"tr\",\"@id\":\"https:\/\/miopack.com.tr\/tr\/#\/schema\/logo\/image\/\",\"url\":\"https:\/\/miopack.com.tr\/wp-content\/uploads\/miopack-logo-1.png\",\"contentUrl\":\"https:\/\/miopack.com.tr\/wp-content\/uploads\/miopack-logo-1.png\",\"width\":442,\"height\":160,\"caption\":\"Miopack Ambalaj Packaging Solutions\"},\"image\":{\"@id\":\"https:\/\/miopack.com.tr\/tr\/#\/schema\/logo\/image\/\"},\"sameAs\":[\"https:\/\/www.facebook.com\/miopack.packaging.solutions\/\",\"https:\/\/www.instagram.com\/miopack_packaging\/\",\"https:\/\/www.youtube.com\/@miopack\",\"https:\/\/www.linkedin.com\/company\/miopack\"]}]}<\/script>\n<!-- \/ Yoast SEO plugin. -->","yoast_head_json":{"title":"\u00d6zel Kesim Alttan Kilitli Kutu - Miopack Ambalaj Packaging Solutions","robots":{"index":"index","follow":"follow","max-snippet":"max-snippet:-1","max-image-preview":"max-image-preview:large","max-video-preview":"max-video-preview:-1"},"canonical":"https:\/\/miopack.com.tr\/tr\/ozel-kesim-alttan-kilitli-kutu\/","og_locale":"tr_TR","og_type":"article","og_title":"\u00d6zel Kesim Alttan Kilitli Kutu - Miopack Ambalaj Packaging Solutions","og_description":"\u00d6ZEL KESIM ALTTAN KILITLI KUTU Kal\u0131pla kesilmi\u015f bir kutudur, bant veya ba\u015fka bir \u015feye ihtiya\u00e7 duymadan \u00fcst ve alt k\u0131sm\u0131 kapat\u0131larak kutu haline getirilebilir. Kutu \u00e7e\u015fitlerinden biri olan bu kutu, banda ihtiya\u00e7 duymadan belirli bir d\u00fczende kapat\u0131ld\u0131\u011f\u0131nda kilitlenen alt ve &hellip;","og_url":"https:\/\/miopack.com.tr\/tr\/ozel-kesim-alttan-kilitli-kutu\/","og_site_name":"Miopack Ambalaj Packaging Solutions","article_publisher":"https:\/\/www.facebook.com\/miopack.packaging.solutions\/","article_modified_time":"2023-12-01T12:31:17+00:00","og_image":[{"url":"https:\/\/miopack.com.tr\/wp-content\/uploads\/custom-cut-bottom-locked-box.jpg","type":"","width":"","height":""}],"twitter_card":"summary_large_image","twitter_misc":{"Tahmini okuma s\u00fcresi":"1 dakika"},"schema":{"@context":"https:\/\/schema.org","@graph":[{"@type":"WebPage","@id":"https:\/\/miopack.com.tr\/tr\/ozel-kesim-alttan-kilitli-kutu\/","url":"https:\/\/miopack.com.tr\/tr\/ozel-kesim-alttan-kilitli-kutu\/","name":"\u00d6zel Kesim Alttan Kilitli Kutu - Miopack Ambalaj Packaging Solutions","isPartOf":{"@id":"https:\/\/miopack.com.tr\/tr\/#website"},"primaryImageOfPage":{"@id":"https:\/\/miopack.com.tr\/tr\/ozel-kesim-alttan-kilitli-kutu\/#primaryimage"},"image":{"@id":"https:\/\/miopack.com.tr\/tr\/ozel-kesim-alttan-kilitli-kutu\/#primaryimage"},"thumbnailUrl":"https:\/\/miopack.com.tr\/wp-content\/uploads\/custom-cut-bottom-locked-box.jpg","datePublished":"2023-01-19T14:53:20+00:00","dateModified":"2023-12-01T12:31:17+00:00","breadcrumb":{"@id":"https:\/\/miopack.com.tr\/tr\/ozel-kesim-alttan-kilitli-kutu\/#breadcrumb"},"inLanguage":"tr","potentialAction":[{"@type":"ReadAction","target":["https:\/\/miopack.com.tr\/tr\/ozel-kesim-alttan-kilitli-kutu\/"]}]},{"@type":"ImageObject","inLanguage":"tr","@id":"https:\/\/miopack.com.tr\/tr\/ozel-kesim-alttan-kilitli-kutu\/#primaryimage","url":"https:\/\/miopack.com.tr\/wp-content\/uploads\/custom-cut-bottom-locked-box.jpg","contentUrl":"https:\/\/miopack.com.tr\/wp-content\/uploads\/custom-cut-bottom-locked-box.jpg"},{"@type":"BreadcrumbList","@id":"https:\/\/miopack.com.tr\/tr\/ozel-kesim-alttan-kilitli-kutu\/#breadcrumb","itemListElement":[{"@type":"ListItem","position":1,"name":"Home","item":"https:\/\/miopack.com.tr\/tr\/"},{"@type":"ListItem","position":2,"name":"\u00d6zel Kesim Alttan Kilitli Kutu"}]},{"@type":"WebSite","@id":"https:\/\/miopack.com.tr\/tr\/#website","url":"https:\/\/miopack.com.tr\/tr\/","name":"www.miopack.com.tr","description":"Cardboard corners - Edge Protector - Angle Board - Packing Sources - Cardboard - Solidboard - Angleboard - Metallized Cardboard - Pastry Coaster","publisher":{"@id":"https:\/\/miopack.com.tr\/tr\/#organization"},"potentialAction":[{"@type":"SearchAction","target":{"@type":"EntryPoint","urlTemplate":"https:\/\/miopack.com.tr\/tr\/?s={search_term_string}"},"query-input":{"@type":"PropertyValueSpecification","valueRequired":true,"valueName":"search_term_string"}}],"inLanguage":"tr"},{"@type":"Organization","@id":"https:\/\/miopack.com.tr\/tr\/#organization","name":"Miopack Ambalaj Packaging Solutions","url":"https:\/\/miopack.com.tr\/tr\/","logo":{"@type":"ImageObject","inLanguage":"tr","@id":"https:\/\/miopack.com.tr\/tr\/#\/schema\/logo\/image\/","url":"https:\/\/miopack.com.tr\/wp-content\/uploads\/miopack-logo-1.png","contentUrl":"https:\/\/miopack.com.tr\/wp-content\/uploads\/miopack-logo-1.png","width":442,"height":160,"caption":"Miopack Ambalaj Packaging Solutions"},"image":{"@id":"https:\/\/miopack.com.tr\/tr\/#\/schema\/logo\/image\/"},"sameAs":["https:\/\/www.facebook.com\/miopack.packaging.solutions\/","https:\/\/www.instagram.com\/miopack_packaging\/","https:\/\/www.youtube.com\/@miopack","https:\/\/www.linkedin.com\/company\/miopack"]}]}},"_links":{"self":[{"href":"https:\/\/miopack.com.tr\/tr\/wp-json\/wp\/v2\/pages\/1501","targetHints":{"allow":["GET"]}}],"collection":[{"href":"https:\/\/miopack.com.tr\/tr\/wp-json\/wp\/v2\/pages"}],"about":[{"href":"https:\/\/miopack.com.tr\/tr\/wp-json\/wp\/v2\/types\/page"}],"author":[{"embeddable":true,"href":"https:\/\/miopack.com.tr\/tr\/wp-json\/wp\/v2\/users\/2"}],"replies":[{"embeddable":true,"href":"https:\/\/miopack.com.tr\/tr\/wp-json\/wp\/v2\/comments?post=1501"}],"version-history":[{"count":1,"href":"https:\/\/miopack.com.tr\/tr\/wp-json\/wp\/v2\/pages\/1501\/revisions"}],"predecessor-version":[{"id":1504,"href":"https:\/\/miopack.com.tr\/tr\/wp-json\/wp\/v2\/pages\/1501\/revisions\/1504"}],"wp:attachment":[{"href":"https:\/\/miopack.com.tr\/tr\/wp-json\/wp\/v2\/media?parent=1501"}],"curies":[{"name":"wp","href":"https:\/\/api.w.org\/{rel}","templated":true}]}}