{"id":1491,"date":"2023-01-07T15:34:34","date_gmt":"2023-01-07T15:34:34","guid":{"rendered":"https:\/\/miopack.com.tr\/pasta-altligi\/"},"modified":"2024-01-15T13:20:44","modified_gmt":"2024-01-15T13:20:44","slug":"pasta-altligi","status":"publish","type":"page","link":"https:\/\/miopack.com.tr\/tr\/pasta-altligi\/","title":{"rendered":"Pasta Altl\u0131\u011f\u0131"},"content":{"rendered":"\t\t<div data-elementor-type=\"wp-page\" data-elementor-id=\"1491\" class=\"elementor elementor-1491 elementor-710\">\n\t\t\t\t\t\t<section class=\"elementor-section elementor-top-section elementor-element elementor-element-b9f397a elementor-section-boxed elementor-section-height-default elementor-section-height-default\" data-id=\"b9f397a\" data-element_type=\"section\">\n\t\t\t\t\t\t<div class=\"elementor-container elementor-column-gap-default\">\n\t\t\t\t\t<div class=\"elementor-column elementor-col-50 elementor-top-column elementor-element elementor-element-32ff602\" data-id=\"32ff602\" data-element_type=\"column\">\n\t\t\t<div class=\"elementor-widget-wrap elementor-element-populated\">\n\t\t\t\t\t\t<div class=\"elementor-element elementor-element-a687e76 elementor-widget elementor-widget-gallery_slider\" data-id=\"a687e76\" data-element_type=\"widget\" data-widget_type=\"gallery_slider.default\">\n\t\t\t\t<div class=\"elementor-widget-container\">\n\t\t\t<div class=\"gallery-fs\"><figure><img decoding=\"async\" src=\"https:\/\/miopack.com.tr\/wp-content\/uploads\/pasta-altligi-01.jpg\" alt=\"\"><\/figure><\/div>\t\t<\/div>\n\t\t\t\t<\/div>\n\t\t\t\t<div class=\"elementor-element elementor-element-b85636f elementor-widget elementor-widget-gallery_slider\" data-id=\"b85636f\" data-element_type=\"widget\" data-widget_type=\"gallery_slider.default\">\n\t\t\t\t<div class=\"elementor-widget-container\">\n\t\t\t<div class=\"gallery-fs\"><figure><img decoding=\"async\" src=\"https:\/\/miopack.com.tr\/wp-content\/uploads\/pasta-altligi-05.jpg\" alt=\"\"><\/figure><\/div>\t\t<\/div>\n\t\t\t\t<\/div>\n\t\t\t\t\t<\/div>\n\t\t<\/div>\n\t\t\t\t<div class=\"elementor-column elementor-col-50 elementor-top-column elementor-element elementor-element-03565b5\" data-id=\"03565b5\" data-element_type=\"column\">\n\t\t\t<div class=\"elementor-widget-wrap elementor-element-populated\">\n\t\t\t\t\t\t<div class=\"elementor-element elementor-element-b31683d elementor-widget elementor-widget-gallery_slider\" data-id=\"b31683d\" data-element_type=\"widget\" data-widget_type=\"gallery_slider.default\">\n\t\t\t\t<div class=\"elementor-widget-container\">\n\t\t\t<div class=\"gallery-fs\"><figure><img decoding=\"async\" src=\"https:\/\/miopack.com.tr\/wp-content\/uploads\/pasta-altligi-02.jpg\" alt=\"\"><\/figure><\/div>\t\t<\/div>\n\t\t\t\t<\/div>\n\t\t\t\t<div class=\"elementor-element elementor-element-1bb8a52 elementor-widget elementor-widget-gallery_slider\" data-id=\"1bb8a52\" data-element_type=\"widget\" data-widget_type=\"gallery_slider.default\">\n\t\t\t\t<div class=\"elementor-widget-container\">\n\t\t\t<div class=\"gallery-fs\"><figure><img decoding=\"async\" src=\"https:\/\/miopack.com.tr\/wp-content\/uploads\/pasta-altligi-04.jpg\" alt=\"\"><\/figure><\/div>\t\t<\/div>\n\t\t\t\t<\/div>\n\t\t\t\t\t<\/div>\n\t\t<\/div>\n\t\t\t\t\t<\/div>\n\t\t<\/section>\n\t\t\t\t<section class=\"elementor-section elementor-top-section elementor-element elementor-element-9141969 elementor-section-boxed elementor-section-height-default elementor-section-height-default\" data-id=\"9141969\" data-element_type=\"section\">\n\t\t\t\t\t\t<div class=\"elementor-container elementor-column-gap-default\">\n\t\t\t\t\t<div class=\"elementor-column elementor-col-100 elementor-top-column elementor-element elementor-element-aa3da3c\" data-id=\"aa3da3c\" data-element_type=\"column\">\n\t\t\t<div class=\"elementor-widget-wrap elementor-element-populated\">\n\t\t\t\t\t\t<div class=\"elementor-element elementor-element-6739ccb elementor-widget elementor-widget-heading\" data-id=\"6739ccb\" data-element_type=\"widget\" data-widget_type=\"heading.default\">\n\t\t\t\t<div class=\"elementor-widget-container\">\n\t\t\t<h3 class='heading-left  divider-sm'  style=\"color:#000000\"><span>PASTA ALTLI\u011eI<\/span><\/h3>\t\t<\/div>\n\t\t\t\t<\/div>\n\t\t\t\t<div class=\"elementor-element elementor-element-85ca906 elementor-widget elementor-widget-text-editor\" data-id=\"85ca906\" data-element_type=\"widget\" data-widget_type=\"text-editor.default\">\n\t\t\t\t<div class=\"elementor-widget-container\">\n\t\t\t\t\t\t\t<p>G\u0131da uygunluk sertifikal\u0131 %100 geri d\u00f6n\u00fc\u015ft\u00fcr\u00fclm\u00fc\u015f pasta altl\u0131\u011f\u0131m\u0131z.<\/p>\n<p>\u0130stedi\u011finiz renk ve lamine \u00fcr\u00fcn se\u00e7enekleri ile hizmetinizde.<\/p>\n<p>En kaliteli lamine \u00fcr\u00fcnler kullan\u0131lmaktad\u0131r. \u00dcretimde kullan\u0131lan t\u00fcm \u00fcr\u00fcnlerin kalite belgeleri m\u00fc\u015fterilere teslim edilmektedir.<\/p>\n<p>\u00dcr\u00fcnlerimizin \u00d6zellikleri ve Faydalar\u0131<\/p>\n<ul>\n<li>B\u00fct\u00e7e dostu<\/li>\n<li>Y\u00fcksek diren\u00e7li hafif malzeme<\/li>\n<li>Neme kar\u015f\u0131 diren\u00e7<\/li>\n<li>Farkl\u0131 ayarlar i\u00e7in kullan\u0131m kolayl\u0131\u011f\u0131<\/li>\n<\/ul>\n\t\t\t\t\t\t<\/div>\n\t\t\t\t<\/div>\n\t\t\t\t\t<\/div>\n\t\t<\/div>\n\t\t\t\t\t<\/div>\n\t\t<\/section>\n\t\t\t\t<section class=\"elementor-section elementor-top-section elementor-element elementor-element-0a407a1 elementor-section-boxed elementor-section-height-default elementor-section-height-default\" data-id=\"0a407a1\" data-element_type=\"section\">\n\t\t\t\t\t\t<div class=\"elementor-container elementor-column-gap-default\">\n\t\t\t\t\t<div class=\"elementor-column elementor-col-100 elementor-top-column elementor-element elementor-element-1821c12\" data-id=\"1821c12\" data-element_type=\"column\">\n\t\t\t<div class=\"elementor-widget-wrap elementor-element-populated\">\n\t\t\t\t\t\t<div class=\"elementor-element elementor-element-c3fdad2 elementor-widget elementor-widget-heading\" data-id=\"c3fdad2\" data-element_type=\"widget\" data-widget_type=\"heading.default\">\n\t\t\t\t<div class=\"elementor-widget-container\">\n\t\t\t<h3 class='heading-left  divider-sm'  style=\"color:#000000\"><span>TEKNI\u0307K DETAYLAR<\/span><\/h3>\t\t<\/div>\n\t\t\t\t<\/div>\n\t\t\t\t<div class=\"elementor-element elementor-element-1dfc69c elementor-widget elementor-widget-text-editor\" data-id=\"1dfc69c\" data-element_type=\"widget\" data-widget_type=\"text-editor.default\">\n\t\t\t\t<div class=\"elementor-widget-container\">\n\t\t\t\t\t\t\t<h3 class=\"p-title\"> <\/h3>\n<table class=\"uk-table uk-table-justify uk-table-divider\" style=\"height: 149px;\" width=\"419\">\n<thead>\n<tr>\n<td>\n  <strong>Tip<\/strong>\n<\/td>\n<td>\n  <strong>Birim<\/strong>\n<\/td>\n<td>\n  <strong>Pasta Altl\u0131\u011f\u0131<\/strong>\n<\/td>\n<\/tr>\n<\/thead>\n<tbody>\n<tr>\n<td>Kal\u0131nl\u0131k (t)<\/td>\n<td>\u00b5m<\/td>\n<td>1 mm &#8211; 4 mm<\/td>\n<\/tr>\n<tr>\n<td>A\u011f\u0131rl\u0131k (w)<\/td>\n<td>gr\/m\u00b2<\/td>\n<td>600 gsm &#8211; 2650 gsm<\/td>\n<\/tr>\n<\/tbody>\n<\/table>\n\t\t\t\t\t\t<\/div>\n\t\t\t\t<\/div>\n\t\t\t\t\t<\/div>\n\t\t<\/div>\n\t\t\t\t\t<\/div>\n\t\t<\/section>\n\t\t\t\t<\/div>\n\t\t","protected":false},"excerpt":{"rendered":"<p>PASTA ALTLI\u011eI G\u0131da uygunluk sertifikal\u0131 %100 geri d\u00f6n\u00fc\u015ft\u00fcr\u00fclm\u00fc\u015f pasta altl\u0131\u011f\u0131m\u0131z. \u0130stedi\u011finiz renk ve lamine \u00fcr\u00fcn se\u00e7enekleri ile hizmetinizde. En kaliteli lamine \u00fcr\u00fcnler kullan\u0131lmaktad\u0131r. \u00dcretimde kullan\u0131lan t\u00fcm \u00fcr\u00fcnlerin kalite belgeleri m\u00fc\u015fterilere teslim edilmektedir. \u00dcr\u00fcnlerimizin \u00d6zellikleri ve Faydalar\u0131 B\u00fct\u00e7e dostu Y\u00fcksek diren\u00e7li &hellip;<\/p>\n","protected":false},"author":1,"featured_media":0,"parent":0,"menu_order":0,"comment_status":"closed","ping_status":"closed","template":"","meta":{"footnotes":""},"class_list":["post-1491","page","type-page","status-publish","hentry"],"yoast_head":"<!-- This site is optimized with the Yoast SEO plugin v25.2 - https:\/\/yoast.com\/wordpress\/plugins\/seo\/ -->\n<title>Pasta Altl\u0131\u011f\u0131 - Miopack Ambalaj Packaging Solutions<\/title>\n<meta name=\"robots\" content=\"index, follow, max-snippet:-1, max-image-preview:large, max-video-preview:-1\" \/>\n<link rel=\"canonical\" href=\"https:\/\/miopack.com.tr\/tr\/pasta-altligi\/\" \/>\n<meta property=\"og:locale\" content=\"tr_TR\" \/>\n<meta property=\"og:type\" content=\"article\" \/>\n<meta property=\"og:title\" content=\"Pasta Altl\u0131\u011f\u0131 - Miopack Ambalaj Packaging Solutions\" \/>\n<meta property=\"og:description\" content=\"PASTA ALTLI\u011eI G\u0131da uygunluk sertifikal\u0131 %100 geri d\u00f6n\u00fc\u015ft\u00fcr\u00fclm\u00fc\u015f pasta altl\u0131\u011f\u0131m\u0131z. \u0130stedi\u011finiz renk ve lamine \u00fcr\u00fcn se\u00e7enekleri ile hizmetinizde. En kaliteli lamine \u00fcr\u00fcnler kullan\u0131lmaktad\u0131r. \u00dcretimde kullan\u0131lan t\u00fcm \u00fcr\u00fcnlerin kalite belgeleri m\u00fc\u015fterilere teslim edilmektedir. \u00dcr\u00fcnlerimizin \u00d6zellikleri ve Faydalar\u0131 B\u00fct\u00e7e dostu Y\u00fcksek diren\u00e7li &hellip;\" \/>\n<meta property=\"og:url\" content=\"https:\/\/miopack.com.tr\/tr\/pasta-altligi\/\" \/>\n<meta property=\"og:site_name\" content=\"Miopack Ambalaj Packaging Solutions\" \/>\n<meta property=\"article:publisher\" content=\"https:\/\/www.facebook.com\/miopack.packaging.solutions\/\" \/>\n<meta property=\"article:modified_time\" content=\"2024-01-15T13:20:44+00:00\" \/>\n<meta property=\"og:image\" content=\"https:\/\/miopack.com.tr\/wp-content\/uploads\/pasta-altligi-01.jpg\" \/>\n<meta name=\"twitter:card\" content=\"summary_large_image\" \/>\n<script type=\"application\/ld+json\" class=\"yoast-schema-graph\">{\"@context\":\"https:\/\/schema.org\",\"@graph\":[{\"@type\":\"WebPage\",\"@id\":\"https:\/\/miopack.com.tr\/tr\/pasta-altligi\/\",\"url\":\"https:\/\/miopack.com.tr\/tr\/pasta-altligi\/\",\"name\":\"Pasta Altl\u0131\u011f\u0131 - Miopack Ambalaj Packaging Solutions\",\"isPartOf\":{\"@id\":\"https:\/\/miopack.com.tr\/tr\/#website\"},\"primaryImageOfPage\":{\"@id\":\"https:\/\/miopack.com.tr\/tr\/pasta-altligi\/#primaryimage\"},\"image\":{\"@id\":\"https:\/\/miopack.com.tr\/tr\/pasta-altligi\/#primaryimage\"},\"thumbnailUrl\":\"https:\/\/miopack.com.tr\/wp-content\/uploads\/pasta-altligi-01.jpg\",\"datePublished\":\"2023-01-07T15:34:34+00:00\",\"dateModified\":\"2024-01-15T13:20:44+00:00\",\"breadcrumb\":{\"@id\":\"https:\/\/miopack.com.tr\/tr\/pasta-altligi\/#breadcrumb\"},\"inLanguage\":\"tr\",\"potentialAction\":[{\"@type\":\"ReadAction\",\"target\":[\"https:\/\/miopack.com.tr\/tr\/pasta-altligi\/\"]}]},{\"@type\":\"ImageObject\",\"inLanguage\":\"tr\",\"@id\":\"https:\/\/miopack.com.tr\/tr\/pasta-altligi\/#primaryimage\",\"url\":\"https:\/\/miopack.com.tr\/wp-content\/uploads\/pasta-altligi-01.jpg\",\"contentUrl\":\"https:\/\/miopack.com.tr\/wp-content\/uploads\/pasta-altligi-01.jpg\"},{\"@type\":\"BreadcrumbList\",\"@id\":\"https:\/\/miopack.com.tr\/tr\/pasta-altligi\/#breadcrumb\",\"itemListElement\":[{\"@type\":\"ListItem\",\"position\":1,\"name\":\"Home\",\"item\":\"https:\/\/miopack.com.tr\/tr\/\"},{\"@type\":\"ListItem\",\"position\":2,\"name\":\"Pasta Altl\u0131\u011f\u0131\"}]},{\"@type\":\"WebSite\",\"@id\":\"https:\/\/miopack.com.tr\/tr\/#website\",\"url\":\"https:\/\/miopack.com.tr\/tr\/\",\"name\":\"www.miopack.com.tr\",\"description\":\"Cardboard corners - Edge Protector - Angle Board - Packing Sources - Cardboard - Solidboard - Angleboard - Metallized Cardboard - Pastry Coaster\",\"publisher\":{\"@id\":\"https:\/\/miopack.com.tr\/tr\/#organization\"},\"potentialAction\":[{\"@type\":\"SearchAction\",\"target\":{\"@type\":\"EntryPoint\",\"urlTemplate\":\"https:\/\/miopack.com.tr\/tr\/?s={search_term_string}\"},\"query-input\":{\"@type\":\"PropertyValueSpecification\",\"valueRequired\":true,\"valueName\":\"search_term_string\"}}],\"inLanguage\":\"tr\"},{\"@type\":\"Organization\",\"@id\":\"https:\/\/miopack.com.tr\/tr\/#organization\",\"name\":\"Miopack Ambalaj Packaging Solutions\",\"url\":\"https:\/\/miopack.com.tr\/tr\/\",\"logo\":{\"@type\":\"ImageObject\",\"inLanguage\":\"tr\",\"@id\":\"https:\/\/miopack.com.tr\/tr\/#\/schema\/logo\/image\/\",\"url\":\"https:\/\/miopack.com.tr\/wp-content\/uploads\/miopack-logo-1.png\",\"contentUrl\":\"https:\/\/miopack.com.tr\/wp-content\/uploads\/miopack-logo-1.png\",\"width\":442,\"height\":160,\"caption\":\"Miopack Ambalaj Packaging Solutions\"},\"image\":{\"@id\":\"https:\/\/miopack.com.tr\/tr\/#\/schema\/logo\/image\/\"},\"sameAs\":[\"https:\/\/www.facebook.com\/miopack.packaging.solutions\/\",\"https:\/\/www.instagram.com\/miopack_packaging\/\",\"https:\/\/www.youtube.com\/@miopack\",\"https:\/\/www.linkedin.com\/company\/miopack\"]}]}<\/script>\n<!-- \/ Yoast SEO plugin. -->","yoast_head_json":{"title":"Pasta Altl\u0131\u011f\u0131 - Miopack Ambalaj Packaging Solutions","robots":{"index":"index","follow":"follow","max-snippet":"max-snippet:-1","max-image-preview":"max-image-preview:large","max-video-preview":"max-video-preview:-1"},"canonical":"https:\/\/miopack.com.tr\/tr\/pasta-altligi\/","og_locale":"tr_TR","og_type":"article","og_title":"Pasta Altl\u0131\u011f\u0131 - Miopack Ambalaj Packaging Solutions","og_description":"PASTA ALTLI\u011eI G\u0131da uygunluk sertifikal\u0131 %100 geri d\u00f6n\u00fc\u015ft\u00fcr\u00fclm\u00fc\u015f pasta altl\u0131\u011f\u0131m\u0131z. \u0130stedi\u011finiz renk ve lamine \u00fcr\u00fcn se\u00e7enekleri ile hizmetinizde. En kaliteli lamine \u00fcr\u00fcnler kullan\u0131lmaktad\u0131r. \u00dcretimde kullan\u0131lan t\u00fcm \u00fcr\u00fcnlerin kalite belgeleri m\u00fc\u015fterilere teslim edilmektedir. \u00dcr\u00fcnlerimizin \u00d6zellikleri ve Faydalar\u0131 B\u00fct\u00e7e dostu Y\u00fcksek diren\u00e7li &hellip;","og_url":"https:\/\/miopack.com.tr\/tr\/pasta-altligi\/","og_site_name":"Miopack Ambalaj Packaging Solutions","article_publisher":"https:\/\/www.facebook.com\/miopack.packaging.solutions\/","article_modified_time":"2024-01-15T13:20:44+00:00","og_image":[{"url":"https:\/\/miopack.com.tr\/wp-content\/uploads\/pasta-altligi-01.jpg","type":"","width":"","height":""}],"twitter_card":"summary_large_image","schema":{"@context":"https:\/\/schema.org","@graph":[{"@type":"WebPage","@id":"https:\/\/miopack.com.tr\/tr\/pasta-altligi\/","url":"https:\/\/miopack.com.tr\/tr\/pasta-altligi\/","name":"Pasta Altl\u0131\u011f\u0131 - Miopack Ambalaj Packaging Solutions","isPartOf":{"@id":"https:\/\/miopack.com.tr\/tr\/#website"},"primaryImageOfPage":{"@id":"https:\/\/miopack.com.tr\/tr\/pasta-altligi\/#primaryimage"},"image":{"@id":"https:\/\/miopack.com.tr\/tr\/pasta-altligi\/#primaryimage"},"thumbnailUrl":"https:\/\/miopack.com.tr\/wp-content\/uploads\/pasta-altligi-01.jpg","datePublished":"2023-01-07T15:34:34+00:00","dateModified":"2024-01-15T13:20:44+00:00","breadcrumb":{"@id":"https:\/\/miopack.com.tr\/tr\/pasta-altligi\/#breadcrumb"},"inLanguage":"tr","potentialAction":[{"@type":"ReadAction","target":["https:\/\/miopack.com.tr\/tr\/pasta-altligi\/"]}]},{"@type":"ImageObject","inLanguage":"tr","@id":"https:\/\/miopack.com.tr\/tr\/pasta-altligi\/#primaryimage","url":"https:\/\/miopack.com.tr\/wp-content\/uploads\/pasta-altligi-01.jpg","contentUrl":"https:\/\/miopack.com.tr\/wp-content\/uploads\/pasta-altligi-01.jpg"},{"@type":"BreadcrumbList","@id":"https:\/\/miopack.com.tr\/tr\/pasta-altligi\/#breadcrumb","itemListElement":[{"@type":"ListItem","position":1,"name":"Home","item":"https:\/\/miopack.com.tr\/tr\/"},{"@type":"ListItem","position":2,"name":"Pasta Altl\u0131\u011f\u0131"}]},{"@type":"WebSite","@id":"https:\/\/miopack.com.tr\/tr\/#website","url":"https:\/\/miopack.com.tr\/tr\/","name":"www.miopack.com.tr","description":"Cardboard corners - Edge Protector - Angle Board - Packing Sources - Cardboard - Solidboard - Angleboard - Metallized Cardboard - Pastry Coaster","publisher":{"@id":"https:\/\/miopack.com.tr\/tr\/#organization"},"potentialAction":[{"@type":"SearchAction","target":{"@type":"EntryPoint","urlTemplate":"https:\/\/miopack.com.tr\/tr\/?s={search_term_string}"},"query-input":{"@type":"PropertyValueSpecification","valueRequired":true,"valueName":"search_term_string"}}],"inLanguage":"tr"},{"@type":"Organization","@id":"https:\/\/miopack.com.tr\/tr\/#organization","name":"Miopack Ambalaj Packaging Solutions","url":"https:\/\/miopack.com.tr\/tr\/","logo":{"@type":"ImageObject","inLanguage":"tr","@id":"https:\/\/miopack.com.tr\/tr\/#\/schema\/logo\/image\/","url":"https:\/\/miopack.com.tr\/wp-content\/uploads\/miopack-logo-1.png","contentUrl":"https:\/\/miopack.com.tr\/wp-content\/uploads\/miopack-logo-1.png","width":442,"height":160,"caption":"Miopack Ambalaj Packaging Solutions"},"image":{"@id":"https:\/\/miopack.com.tr\/tr\/#\/schema\/logo\/image\/"},"sameAs":["https:\/\/www.facebook.com\/miopack.packaging.solutions\/","https:\/\/www.instagram.com\/miopack_packaging\/","https:\/\/www.youtube.com\/@miopack","https:\/\/www.linkedin.com\/company\/miopack"]}]}},"_links":{"self":[{"href":"https:\/\/miopack.com.tr\/tr\/wp-json\/wp\/v2\/pages\/1491","targetHints":{"allow":["GET"]}}],"collection":[{"href":"https:\/\/miopack.com.tr\/tr\/wp-json\/wp\/v2\/pages"}],"about":[{"href":"https:\/\/miopack.com.tr\/tr\/wp-json\/wp\/v2\/types\/page"}],"author":[{"embeddable":true,"href":"https:\/\/miopack.com.tr\/tr\/wp-json\/wp\/v2\/users\/1"}],"replies":[{"embeddable":true,"href":"https:\/\/miopack.com.tr\/tr\/wp-json\/wp\/v2\/comments?post=1491"}],"version-history":[{"count":8,"href":"https:\/\/miopack.com.tr\/tr\/wp-json\/wp\/v2\/pages\/1491\/revisions"}],"predecessor-version":[{"id":3969,"href":"https:\/\/miopack.com.tr\/tr\/wp-json\/wp\/v2\/pages\/1491\/revisions\/3969"}],"wp:attachment":[{"href":"https:\/\/miopack.com.tr\/tr\/wp-json\/wp\/v2\/media?parent=1491"}],"curies":[{"name":"wp","href":"https:\/\/api.w.org\/{rel}","templated":true}]}}