{"id":1462,"date":"2023-01-07T14:20:39","date_gmt":"2023-01-07T14:20:39","guid":{"rendered":"https:\/\/miopack.com.tr\/siyah-metalize-karton\/"},"modified":"2024-02-28T08:04:02","modified_gmt":"2024-02-28T08:04:02","slug":"siyah-metalize-karton","status":"publish","type":"page","link":"https:\/\/miopack.com.tr\/tr\/siyah-metalize-karton\/","title":{"rendered":"Siyah Metalize Mukavva"},"content":{"rendered":"\t\t<div data-elementor-type=\"wp-page\" data-elementor-id=\"1462\" class=\"elementor elementor-1462 elementor-666\">\n\t\t\t\t\t\t<section class=\"elementor-section elementor-top-section elementor-element elementor-element-b9f397a elementor-section-boxed elementor-section-height-default elementor-section-height-default\" data-id=\"b9f397a\" data-element_type=\"section\">\n\t\t\t\t\t\t<div class=\"elementor-container elementor-column-gap-default\">\n\t\t\t\t\t<div class=\"elementor-column elementor-col-50 elementor-top-column elementor-element elementor-element-32ff602\" data-id=\"32ff602\" data-element_type=\"column\">\n\t\t\t<div class=\"elementor-widget-wrap elementor-element-populated\">\n\t\t\t\t\t\t<div class=\"elementor-element elementor-element-b31683d elementor-widget elementor-widget-gallery_slider\" data-id=\"b31683d\" data-element_type=\"widget\" data-widget_type=\"gallery_slider.default\">\n\t\t\t\t<div class=\"elementor-widget-container\">\n\t\t\t<div class=\"gallery-fs\"><figure><img decoding=\"async\" src=\"https:\/\/miopack.com.tr\/wp-content\/uploads\/black-mettalized-cardboard.jpg\" alt=\"\"><\/figure><\/div>\t\t<\/div>\n\t\t\t\t<\/div>\n\t\t\t\t\t<\/div>\n\t\t<\/div>\n\t\t\t\t<div class=\"elementor-column elementor-col-50 elementor-top-column elementor-element elementor-element-03565b5\" data-id=\"03565b5\" data-element_type=\"column\">\n\t\t\t<div class=\"elementor-widget-wrap\">\n\t\t\t\t\t\t\t<\/div>\n\t\t<\/div>\n\t\t\t\t\t<\/div>\n\t\t<\/section>\n\t\t\t\t<section class=\"elementor-section elementor-top-section elementor-element elementor-element-9141969 elementor-section-boxed elementor-section-height-default elementor-section-height-default\" data-id=\"9141969\" data-element_type=\"section\">\n\t\t\t\t\t\t<div class=\"elementor-container elementor-column-gap-default\">\n\t\t\t\t\t<div class=\"elementor-column elementor-col-100 elementor-top-column elementor-element elementor-element-aa3da3c\" data-id=\"aa3da3c\" data-element_type=\"column\">\n\t\t\t<div class=\"elementor-widget-wrap elementor-element-populated\">\n\t\t\t\t\t\t<div class=\"elementor-element elementor-element-6739ccb elementor-widget elementor-widget-heading\" data-id=\"6739ccb\" data-element_type=\"widget\" data-widget_type=\"heading.default\">\n\t\t\t\t<div class=\"elementor-widget-container\">\n\t\t\t<h3 class='heading-left  divider-sm'  style=\"color:#000000\"><span>SIYAH METALIZE MUKAVVA<\/span><\/h3>\t\t<\/div>\n\t\t\t\t<\/div>\n\t\t\t\t<div class=\"elementor-element elementor-element-85ca906 elementor-widget elementor-widget-text-editor\" data-id=\"85ca906\" data-element_type=\"widget\" data-widget_type=\"text-editor.default\">\n\t\t\t\t<div class=\"elementor-widget-container\">\n\t\t\t\t\t\t\t<p>Y\u00fcksek standartlarda \u00fcretim kapasitesine sahip olan MioPaper, hafif, ekonomik ve geri d\u00f6n\u00fc\u015ft\u00fcr\u00fclm\u00fc\u015f bir ambalaj malzemesi olan mukavvaya y\u00f6nelik t\u00fcm ihtiya\u00e7lar\u0131n\u0131z\u0131 kar\u015f\u0131lamaktad\u0131r.<\/p>\n<p>Dilinmi\u015f kartonda kaliteli ambalaj\u0131 ve titiz \u00fcretimi ile m\u00fc\u015fterilerimize yard\u0131mc\u0131 olmaktad\u0131r.<\/p>\n<p>100 at\u0131k ka\u011f\u0131t kullanarak karton ve mukavva \u00fcretir ve b\u00f6ylece ekonomiye \u00f6nemli \u00f6l\u00e7\u00fcde katk\u0131da bulunur.<\/p>\n<p>\u00dcr\u00fcnlerimizin \u00d6zellikleri ve Faydalar\u0131<\/p>\n<ul>\n<li>B\u00fct\u00e7e dostu<\/li>\n<li>100 geri d\u00f6n\u00fc\u015ft\u00fcr\u00fclebilir<\/li>\n<li>Y\u00fcksek diren\u00e7li hafif malzeme<\/li>\n<li>Neme kar\u015f\u0131 diren\u00e7<\/li>\n<li>Farkl\u0131 ayarlar i\u00e7in kullan\u0131m kolayl\u0131\u011f\u0131<\/li>\n<\/ul>\n<p>NOT: \u0130stedi\u011finiz \u015fekil ve boyutta kesilebilir<\/p>\n\t\t\t\t\t\t<\/div>\n\t\t\t\t<\/div>\n\t\t\t\t\t<\/div>\n\t\t<\/div>\n\t\t\t\t\t<\/div>\n\t\t<\/section>\n\t\t\t\t<section class=\"elementor-section elementor-top-section elementor-element elementor-element-0a407a1 elementor-section-boxed elementor-section-height-default elementor-section-height-default\" data-id=\"0a407a1\" data-element_type=\"section\">\n\t\t\t\t\t\t<div class=\"elementor-container elementor-column-gap-default\">\n\t\t\t\t\t<div class=\"elementor-column elementor-col-100 elementor-top-column elementor-element elementor-element-1821c12\" data-id=\"1821c12\" data-element_type=\"column\">\n\t\t\t<div class=\"elementor-widget-wrap elementor-element-populated\">\n\t\t\t\t\t\t<div class=\"elementor-element elementor-element-c3fdad2 elementor-widget elementor-widget-heading\" data-id=\"c3fdad2\" data-element_type=\"widget\" data-widget_type=\"heading.default\">\n\t\t\t\t<div class=\"elementor-widget-container\">\n\t\t\t<h3 class='heading-left  divider-sm'  style=\"color:#000000\"><span>TEKNI\u0307K DETAYLAR<\/span><\/h3>\t\t<\/div>\n\t\t\t\t<\/div>\n\t\t\t\t<div class=\"elementor-element elementor-element-1dfc69c elementor-widget elementor-widget-text-editor\" data-id=\"1dfc69c\" data-element_type=\"widget\" data-widget_type=\"text-editor.default\">\n\t\t\t\t<div class=\"elementor-widget-container\">\n\t\t\t\t\t\t\t<section class=\"page-content-wrapper\"><div class=\"row no-gutters\"><div id=\"ctl00_masterRight\" class=\"col-md-9\"><div class=\"page-content\"><div class=\"product-detail\"><div class=\"row\"><div class=\"col-md-8 p-content\"><div class=\"p-text\"><table class=\"uk-table uk-table-justify uk-table-divider\" style=\"height: 176px;\" width=\"462\"><thead><tr><td style=\"text-align: center;\">Tip<\/td><td style=\"text-align: center;\">Birim<\/td><td style=\"text-align: center;\">Laminasyon Kartonu<\/td><\/tr><\/thead><tbody><tr><td>Uzunluk (I)<\/td><td>cm<\/td><td>50 &#8211; 200<\/td><\/tr><tr><td>Geni\u015flik (w)<\/td><td>cm<\/td><td>50 &#8211; 110<\/td><\/tr><tr><td>Kal\u0131nl\u0131k (t)<\/td><td>mm<\/td><td>1 mm &#8211; 4 mm<\/td><\/tr><tr><td>A\u011f\u0131rl\u0131k (w)<\/td><td>gr\/m\u00b2<\/td><td>600 gsm &#8211; 2650 gsm<\/td><\/tr><\/tbody><\/table><\/div><div class=\"p-gallery\"><div id=\"ctl00_icerik_pnl_video\" class=\"col-sm-6 gallo\"><div class=\"col-sm-12\"><h5>\u00a0<\/h5><\/div><\/div><\/div><\/div><\/div><\/div><\/div><\/div><\/div><\/section>\t\t\t\t\t\t<\/div>\n\t\t\t\t<\/div>\n\t\t\t\t\t<\/div>\n\t\t<\/div>\n\t\t\t\t\t<\/div>\n\t\t<\/section>\n\t\t\t\t<\/div>\n\t\t","protected":false},"excerpt":{"rendered":"<p>SIYAH METALIZE MUKAVVA Y\u00fcksek standartlarda \u00fcretim kapasitesine sahip olan MioPaper, hafif, ekonomik ve geri d\u00f6n\u00fc\u015ft\u00fcr\u00fclm\u00fc\u015f bir ambalaj malzemesi olan mukavvaya y\u00f6nelik t\u00fcm ihtiya\u00e7lar\u0131n\u0131z\u0131 kar\u015f\u0131lamaktad\u0131r. Dilinmi\u015f kartonda kaliteli ambalaj\u0131 ve titiz \u00fcretimi ile m\u00fc\u015fterilerimize yard\u0131mc\u0131 olmaktad\u0131r. 100 at\u0131k ka\u011f\u0131t kullanarak karton &hellip;<\/p>\n","protected":false},"author":1,"featured_media":0,"parent":0,"menu_order":0,"comment_status":"closed","ping_status":"closed","template":"","meta":{"footnotes":""},"class_list":["post-1462","page","type-page","status-publish","hentry"],"yoast_head":"<!-- This site is optimized with the Yoast SEO plugin v25.2 - https:\/\/yoast.com\/wordpress\/plugins\/seo\/ -->\n<title>Siyah Metalize Mukavva - Miopack Ambalaj Packaging Solutions<\/title>\n<meta name=\"robots\" content=\"index, follow, max-snippet:-1, max-image-preview:large, max-video-preview:-1\" \/>\n<link rel=\"canonical\" href=\"https:\/\/miopack.com.tr\/tr\/siyah-metalize-karton\/\" \/>\n<meta property=\"og:locale\" content=\"tr_TR\" \/>\n<meta property=\"og:type\" content=\"article\" \/>\n<meta property=\"og:title\" content=\"Siyah Metalize Mukavva - Miopack Ambalaj Packaging Solutions\" \/>\n<meta property=\"og:description\" content=\"SIYAH METALIZE MUKAVVA Y\u00fcksek standartlarda \u00fcretim kapasitesine sahip olan MioPaper, hafif, ekonomik ve geri d\u00f6n\u00fc\u015ft\u00fcr\u00fclm\u00fc\u015f bir ambalaj malzemesi olan mukavvaya y\u00f6nelik t\u00fcm ihtiya\u00e7lar\u0131n\u0131z\u0131 kar\u015f\u0131lamaktad\u0131r. Dilinmi\u015f kartonda kaliteli ambalaj\u0131 ve titiz \u00fcretimi ile m\u00fc\u015fterilerimize yard\u0131mc\u0131 olmaktad\u0131r. 100 at\u0131k ka\u011f\u0131t kullanarak karton &hellip;\" \/>\n<meta property=\"og:url\" content=\"https:\/\/miopack.com.tr\/tr\/siyah-metalize-karton\/\" \/>\n<meta property=\"og:site_name\" content=\"Miopack Ambalaj Packaging Solutions\" \/>\n<meta property=\"article:publisher\" content=\"https:\/\/www.facebook.com\/miopack.packaging.solutions\/\" \/>\n<meta property=\"article:modified_time\" content=\"2024-02-28T08:04:02+00:00\" \/>\n<meta property=\"og:image\" content=\"https:\/\/miopack.com.tr\/wp-content\/uploads\/black-mettalized-cardboard.jpg\" \/>\n<meta name=\"twitter:card\" content=\"summary_large_image\" \/>\n<meta name=\"twitter:label1\" content=\"Tahmini okuma s\u00fcresi\" \/>\n\t<meta name=\"twitter:data1\" content=\"1 dakika\" \/>\n<script type=\"application\/ld+json\" class=\"yoast-schema-graph\">{\"@context\":\"https:\/\/schema.org\",\"@graph\":[{\"@type\":\"WebPage\",\"@id\":\"https:\/\/miopack.com.tr\/tr\/siyah-metalize-karton\/\",\"url\":\"https:\/\/miopack.com.tr\/tr\/siyah-metalize-karton\/\",\"name\":\"Siyah Metalize Mukavva - Miopack Ambalaj Packaging Solutions\",\"isPartOf\":{\"@id\":\"https:\/\/miopack.com.tr\/tr\/#website\"},\"primaryImageOfPage\":{\"@id\":\"https:\/\/miopack.com.tr\/tr\/siyah-metalize-karton\/#primaryimage\"},\"image\":{\"@id\":\"https:\/\/miopack.com.tr\/tr\/siyah-metalize-karton\/#primaryimage\"},\"thumbnailUrl\":\"https:\/\/miopack.com.tr\/wp-content\/uploads\/black-mettalized-cardboard.jpg\",\"datePublished\":\"2023-01-07T14:20:39+00:00\",\"dateModified\":\"2024-02-28T08:04:02+00:00\",\"breadcrumb\":{\"@id\":\"https:\/\/miopack.com.tr\/tr\/siyah-metalize-karton\/#breadcrumb\"},\"inLanguage\":\"tr\",\"potentialAction\":[{\"@type\":\"ReadAction\",\"target\":[\"https:\/\/miopack.com.tr\/tr\/siyah-metalize-karton\/\"]}]},{\"@type\":\"ImageObject\",\"inLanguage\":\"tr\",\"@id\":\"https:\/\/miopack.com.tr\/tr\/siyah-metalize-karton\/#primaryimage\",\"url\":\"https:\/\/miopack.com.tr\/wp-content\/uploads\/black-mettalized-cardboard.jpg\",\"contentUrl\":\"https:\/\/miopack.com.tr\/wp-content\/uploads\/black-mettalized-cardboard.jpg\"},{\"@type\":\"BreadcrumbList\",\"@id\":\"https:\/\/miopack.com.tr\/tr\/siyah-metalize-karton\/#breadcrumb\",\"itemListElement\":[{\"@type\":\"ListItem\",\"position\":1,\"name\":\"Home\",\"item\":\"https:\/\/miopack.com.tr\/tr\/\"},{\"@type\":\"ListItem\",\"position\":2,\"name\":\"Siyah Metalize Mukavva\"}]},{\"@type\":\"WebSite\",\"@id\":\"https:\/\/miopack.com.tr\/tr\/#website\",\"url\":\"https:\/\/miopack.com.tr\/tr\/\",\"name\":\"www.miopack.com.tr\",\"description\":\"Cardboard corners - Edge Protector - Angle Board - Packing Sources - Cardboard - Solidboard - Angleboard - Metallized Cardboard - Pastry Coaster\",\"publisher\":{\"@id\":\"https:\/\/miopack.com.tr\/tr\/#organization\"},\"potentialAction\":[{\"@type\":\"SearchAction\",\"target\":{\"@type\":\"EntryPoint\",\"urlTemplate\":\"https:\/\/miopack.com.tr\/tr\/?s={search_term_string}\"},\"query-input\":{\"@type\":\"PropertyValueSpecification\",\"valueRequired\":true,\"valueName\":\"search_term_string\"}}],\"inLanguage\":\"tr\"},{\"@type\":\"Organization\",\"@id\":\"https:\/\/miopack.com.tr\/tr\/#organization\",\"name\":\"Miopack Ambalaj Packaging Solutions\",\"url\":\"https:\/\/miopack.com.tr\/tr\/\",\"logo\":{\"@type\":\"ImageObject\",\"inLanguage\":\"tr\",\"@id\":\"https:\/\/miopack.com.tr\/tr\/#\/schema\/logo\/image\/\",\"url\":\"https:\/\/miopack.com.tr\/wp-content\/uploads\/miopack-logo-1.png\",\"contentUrl\":\"https:\/\/miopack.com.tr\/wp-content\/uploads\/miopack-logo-1.png\",\"width\":442,\"height\":160,\"caption\":\"Miopack Ambalaj Packaging Solutions\"},\"image\":{\"@id\":\"https:\/\/miopack.com.tr\/tr\/#\/schema\/logo\/image\/\"},\"sameAs\":[\"https:\/\/www.facebook.com\/miopack.packaging.solutions\/\",\"https:\/\/www.instagram.com\/miopack_packaging\/\",\"https:\/\/www.youtube.com\/@miopack\",\"https:\/\/www.linkedin.com\/company\/miopack\"]}]}<\/script>\n<!-- \/ Yoast SEO plugin. -->","yoast_head_json":{"title":"Siyah Metalize Mukavva - Miopack Ambalaj Packaging Solutions","robots":{"index":"index","follow":"follow","max-snippet":"max-snippet:-1","max-image-preview":"max-image-preview:large","max-video-preview":"max-video-preview:-1"},"canonical":"https:\/\/miopack.com.tr\/tr\/siyah-metalize-karton\/","og_locale":"tr_TR","og_type":"article","og_title":"Siyah Metalize Mukavva - Miopack Ambalaj Packaging Solutions","og_description":"SIYAH METALIZE MUKAVVA Y\u00fcksek standartlarda \u00fcretim kapasitesine sahip olan MioPaper, hafif, ekonomik ve geri d\u00f6n\u00fc\u015ft\u00fcr\u00fclm\u00fc\u015f bir ambalaj malzemesi olan mukavvaya y\u00f6nelik t\u00fcm ihtiya\u00e7lar\u0131n\u0131z\u0131 kar\u015f\u0131lamaktad\u0131r. Dilinmi\u015f kartonda kaliteli ambalaj\u0131 ve titiz \u00fcretimi ile m\u00fc\u015fterilerimize yard\u0131mc\u0131 olmaktad\u0131r. 100 at\u0131k ka\u011f\u0131t kullanarak karton &hellip;","og_url":"https:\/\/miopack.com.tr\/tr\/siyah-metalize-karton\/","og_site_name":"Miopack Ambalaj Packaging Solutions","article_publisher":"https:\/\/www.facebook.com\/miopack.packaging.solutions\/","article_modified_time":"2024-02-28T08:04:02+00:00","og_image":[{"url":"https:\/\/miopack.com.tr\/wp-content\/uploads\/black-mettalized-cardboard.jpg","type":"","width":"","height":""}],"twitter_card":"summary_large_image","twitter_misc":{"Tahmini okuma s\u00fcresi":"1 dakika"},"schema":{"@context":"https:\/\/schema.org","@graph":[{"@type":"WebPage","@id":"https:\/\/miopack.com.tr\/tr\/siyah-metalize-karton\/","url":"https:\/\/miopack.com.tr\/tr\/siyah-metalize-karton\/","name":"Siyah Metalize Mukavva - Miopack Ambalaj Packaging Solutions","isPartOf":{"@id":"https:\/\/miopack.com.tr\/tr\/#website"},"primaryImageOfPage":{"@id":"https:\/\/miopack.com.tr\/tr\/siyah-metalize-karton\/#primaryimage"},"image":{"@id":"https:\/\/miopack.com.tr\/tr\/siyah-metalize-karton\/#primaryimage"},"thumbnailUrl":"https:\/\/miopack.com.tr\/wp-content\/uploads\/black-mettalized-cardboard.jpg","datePublished":"2023-01-07T14:20:39+00:00","dateModified":"2024-02-28T08:04:02+00:00","breadcrumb":{"@id":"https:\/\/miopack.com.tr\/tr\/siyah-metalize-karton\/#breadcrumb"},"inLanguage":"tr","potentialAction":[{"@type":"ReadAction","target":["https:\/\/miopack.com.tr\/tr\/siyah-metalize-karton\/"]}]},{"@type":"ImageObject","inLanguage":"tr","@id":"https:\/\/miopack.com.tr\/tr\/siyah-metalize-karton\/#primaryimage","url":"https:\/\/miopack.com.tr\/wp-content\/uploads\/black-mettalized-cardboard.jpg","contentUrl":"https:\/\/miopack.com.tr\/wp-content\/uploads\/black-mettalized-cardboard.jpg"},{"@type":"BreadcrumbList","@id":"https:\/\/miopack.com.tr\/tr\/siyah-metalize-karton\/#breadcrumb","itemListElement":[{"@type":"ListItem","position":1,"name":"Home","item":"https:\/\/miopack.com.tr\/tr\/"},{"@type":"ListItem","position":2,"name":"Siyah Metalize Mukavva"}]},{"@type":"WebSite","@id":"https:\/\/miopack.com.tr\/tr\/#website","url":"https:\/\/miopack.com.tr\/tr\/","name":"www.miopack.com.tr","description":"Cardboard corners - Edge Protector - Angle Board - Packing Sources - Cardboard - Solidboard - Angleboard - Metallized Cardboard - Pastry Coaster","publisher":{"@id":"https:\/\/miopack.com.tr\/tr\/#organization"},"potentialAction":[{"@type":"SearchAction","target":{"@type":"EntryPoint","urlTemplate":"https:\/\/miopack.com.tr\/tr\/?s={search_term_string}"},"query-input":{"@type":"PropertyValueSpecification","valueRequired":true,"valueName":"search_term_string"}}],"inLanguage":"tr"},{"@type":"Organization","@id":"https:\/\/miopack.com.tr\/tr\/#organization","name":"Miopack Ambalaj Packaging Solutions","url":"https:\/\/miopack.com.tr\/tr\/","logo":{"@type":"ImageObject","inLanguage":"tr","@id":"https:\/\/miopack.com.tr\/tr\/#\/schema\/logo\/image\/","url":"https:\/\/miopack.com.tr\/wp-content\/uploads\/miopack-logo-1.png","contentUrl":"https:\/\/miopack.com.tr\/wp-content\/uploads\/miopack-logo-1.png","width":442,"height":160,"caption":"Miopack Ambalaj Packaging Solutions"},"image":{"@id":"https:\/\/miopack.com.tr\/tr\/#\/schema\/logo\/image\/"},"sameAs":["https:\/\/www.facebook.com\/miopack.packaging.solutions\/","https:\/\/www.instagram.com\/miopack_packaging\/","https:\/\/www.youtube.com\/@miopack","https:\/\/www.linkedin.com\/company\/miopack"]}]}},"_links":{"self":[{"href":"https:\/\/miopack.com.tr\/tr\/wp-json\/wp\/v2\/pages\/1462","targetHints":{"allow":["GET"]}}],"collection":[{"href":"https:\/\/miopack.com.tr\/tr\/wp-json\/wp\/v2\/pages"}],"about":[{"href":"https:\/\/miopack.com.tr\/tr\/wp-json\/wp\/v2\/types\/page"}],"author":[{"embeddable":true,"href":"https:\/\/miopack.com.tr\/tr\/wp-json\/wp\/v2\/users\/1"}],"replies":[{"embeddable":true,"href":"https:\/\/miopack.com.tr\/tr\/wp-json\/wp\/v2\/comments?post=1462"}],"version-history":[{"count":10,"href":"https:\/\/miopack.com.tr\/tr\/wp-json\/wp\/v2\/pages\/1462\/revisions"}],"predecessor-version":[{"id":4723,"href":"https:\/\/miopack.com.tr\/tr\/wp-json\/wp\/v2\/pages\/1462\/revisions\/4723"}],"wp:attachment":[{"href":"https:\/\/miopack.com.tr\/tr\/wp-json\/wp\/v2\/media?parent=1462"}],"curies":[{"name":"wp","href":"https:\/\/api.w.org\/{rel}","templated":true}]}}