{"id":1438,"date":"2020-03-16T13:04:08","date_gmt":"2020-03-16T13:04:08","guid":{"rendered":"https:\/\/miopack.com.tr\/hakkimizda\/"},"modified":"2024-07-31T11:09:38","modified_gmt":"2024-07-31T11:09:38","slug":"hakkimizda","status":"publish","type":"page","link":"https:\/\/miopack.com.tr\/tr\/hakkimizda\/","title":{"rendered":"Hakk\u0131m\u0131zda"},"content":{"rendered":"\t\t<div data-elementor-type=\"wp-page\" data-elementor-id=\"1438\" class=\"elementor elementor-1438 elementor-94\">\n\t\t\t\t\t\t<section class=\"elementor-section elementor-top-section elementor-element elementor-element-d4735f3 elementor-section-boxed elementor-section-height-default elementor-section-height-default\" data-id=\"d4735f3\" data-element_type=\"section\">\n\t\t\t\t\t\t<div class=\"elementor-container elementor-column-gap-default\">\n\t\t\t\t\t<div class=\"elementor-column elementor-col-50 elementor-top-column elementor-element elementor-element-b46ca0a\" data-id=\"b46ca0a\" data-element_type=\"column\">\n\t\t\t<div class=\"elementor-widget-wrap elementor-element-populated\">\n\t\t\t\t\t\t<div class=\"elementor-element elementor-element-d817781 elementor-widget elementor-widget-heading\" data-id=\"d817781\" data-element_type=\"widget\" data-widget_type=\"heading.default\">\n\t\t\t\t<div class=\"elementor-widget-container\">\n\t\t\t<h3 class='heading-left  divider-modern'  style=\"color:#000000\"><span><em class=\"heading-subtitle\">\u015eirketimiz<\/em>MiOPACK HAKKINDA<\/span><\/h3>\t\t<\/div>\n\t\t\t\t<\/div>\n\t\t\t\t<div class=\"elementor-element elementor-element-2e39c59 elementor-widget elementor-widget-text-editor\" data-id=\"2e39c59\" data-element_type=\"widget\" data-widget_type=\"text-editor.default\">\n\t\t\t\t<div class=\"elementor-widget-container\">\n\t\t\t\t\t\t\t<p>&#8220;Miopack, ambalaj malzemeleri ve ambalaj \u00e7e\u015fitleri \u00fcreticisidir. Miopack olarak ka\u011f\u0131t, gri karton, kraftliner, testliner, petek dolgu ka\u011f\u0131d\u0131 ve ka\u011f\u0131t kaplar \u00fcretmektedir. Stre\u00e7 film, shrink naylon, balonlu naylon, koli band\u0131, plastik g\u0131da kaplar\u0131, G\u0131da paketleme makineleri, g\u0131da ambalajlar\u0131 a\u011f\u0131z yap\u0131\u015ft\u0131rma makineleri \u00fcreticisidir. 37 \u00fclkeye ihracat yapan Miopack Ambalaj, Miopaper Ka\u011f\u0131t Fabrikas\u0131 ve Mioplast Plastik Fabrikas\u0131&#8217;n\u0131n sahibidir. Ankara, \u0130zmir ve \u0130stanbul&#8217;da faaliyet g\u00f6steriyor.&#8221;<\/p>\n<\/p>\n<p><img fetchpriority=\"high\" decoding=\"async\" class=\"alignnone wp-image-1143\" src=\"https:\/\/miopack.com.tr\/wp-content\/uploads\/miopack-kalite-belgeleri-miopaer-mioplast-quality-certificates-1024x1024-1-300x300.png\" alt=\"\" width=\"450\" height=\"450\" srcset=\"https:\/\/miopack.com.tr\/wp-content\/uploads\/miopack-kalite-belgeleri-miopaer-mioplast-quality-certificates-1024x1024-1-300x300.png 300w, https:\/\/miopack.com.tr\/wp-content\/uploads\/miopack-kalite-belgeleri-miopaer-mioplast-quality-certificates-1024x1024-1-100x100.png 100w, https:\/\/miopack.com.tr\/wp-content\/uploads\/miopack-kalite-belgeleri-miopaer-mioplast-quality-certificates-1024x1024-1-600x600.png 600w, https:\/\/miopack.com.tr\/wp-content\/uploads\/miopack-kalite-belgeleri-miopaer-mioplast-quality-certificates-1024x1024-1-150x150.png 150w, https:\/\/miopack.com.tr\/wp-content\/uploads\/miopack-kalite-belgeleri-miopaer-mioplast-quality-certificates-1024x1024-1-768x768.png 768w, https:\/\/miopack.com.tr\/wp-content\/uploads\/miopack-kalite-belgeleri-miopaer-mioplast-quality-certificates-1024x1024-1.png 1024w\" sizes=\"(max-width: 450px) 100vw, 450px\" \/><\/p>\n\t\t\t\t\t\t<\/div>\n\t\t\t\t<\/div>\n\t\t\t\t\t<\/div>\n\t\t<\/div>\n\t\t\t\t<div class=\"elementor-column elementor-col-50 elementor-top-column elementor-element elementor-element-6606ae0\" data-id=\"6606ae0\" data-element_type=\"column\">\n\t\t\t<div class=\"elementor-widget-wrap elementor-element-populated\">\n\t\t\t\t\t\t<div class=\"elementor-element elementor-element-6fd0c6d elementor-widget elementor-widget-spacer\" data-id=\"6fd0c6d\" data-element_type=\"widget\" data-widget_type=\"spacer.default\">\n\t\t\t\t<div class=\"elementor-widget-container\">\n\t\t\t\t\t<div class=\"elementor-spacer\">\n\t\t\t<div class=\"elementor-spacer-inner\"><\/div>\n\t\t<\/div>\n\t\t\t\t<\/div>\n\t\t\t\t<\/div>\n\t\t\t\t<div class=\"elementor-element elementor-element-6f7810d elementor-widget elementor-widget-image\" data-id=\"6f7810d\" data-element_type=\"widget\" data-widget_type=\"image.default\">\n\t\t\t\t<div class=\"elementor-widget-container\">\n\t\t\t\t\t\t\t\t\t\t\t\t\t<img decoding=\"async\" width=\"980\" height=\"515\" src=\"https:\/\/miopack.com.tr\/wp-content\/uploads\/miopack-angle-board-edge-protector-cantoneras-pastry-coaster-corner-honeycomb-paper-laminated-cardboard-white-black-gold-silver-1024x538.png\" class=\"attachment-large size-large wp-image-1427\" alt=\"\" srcset=\"https:\/\/miopack.com.tr\/wp-content\/uploads\/miopack-angle-board-edge-protector-cantoneras-pastry-coaster-corner-honeycomb-paper-laminated-cardboard-white-black-gold-silver-1024x538.png 1024w, https:\/\/miopack.com.tr\/wp-content\/uploads\/miopack-angle-board-edge-protector-cantoneras-pastry-coaster-corner-honeycomb-paper-laminated-cardboard-white-black-gold-silver-600x315.png 600w, https:\/\/miopack.com.tr\/wp-content\/uploads\/miopack-angle-board-edge-protector-cantoneras-pastry-coaster-corner-honeycomb-paper-laminated-cardboard-white-black-gold-silver-300x158.png 300w, https:\/\/miopack.com.tr\/wp-content\/uploads\/miopack-angle-board-edge-protector-cantoneras-pastry-coaster-corner-honeycomb-paper-laminated-cardboard-white-black-gold-silver-768x403.png 768w, https:\/\/miopack.com.tr\/wp-content\/uploads\/miopack-angle-board-edge-protector-cantoneras-pastry-coaster-corner-honeycomb-paper-laminated-cardboard-white-black-gold-silver.png 1200w\" sizes=\"(max-width: 980px) 100vw, 980px\" \/>\t\t\t\t\t\t\t\t\t\t\t\t\t<\/div>\n\t\t\t\t<\/div>\n\t\t\t\t\t<\/div>\n\t\t<\/div>\n\t\t\t\t\t<\/div>\n\t\t<\/section>\n\t\t\t\t<section class=\"elementor-section elementor-top-section elementor-element elementor-element-cf6ca46 elementor-section-stretched elementor-section-boxed elementor-section-height-default elementor-section-height-default\" data-id=\"cf6ca46\" data-element_type=\"section\" data-settings=\"{&quot;stretch_section&quot;:&quot;section-stretched&quot;,&quot;background_background&quot;:&quot;classic&quot;}\">\n\t\t\t\t\t\t<div class=\"elementor-container elementor-column-gap-no\">\n\t\t\t\t\t<div class=\"elementor-column elementor-col-100 elementor-top-column elementor-element elementor-element-4346b9d\" data-id=\"4346b9d\" data-element_type=\"column\">\n\t\t\t<div class=\"elementor-widget-wrap elementor-element-populated\">\n\t\t\t\t\t\t<div class=\"elementor-element elementor-element-f9b5e0e elementor-widget elementor-widget-download\" data-id=\"f9b5e0e\" data-element_type=\"widget\" data-widget_type=\"download.default\">\n\t\t\t\t<div class=\"elementor-widget-container\">\n\t\t\t<div class=\"download\"><div class='download-content text-uppercase' style='color: #FFFFFF'>H\u0130ZMETLER\u0130M\u0130Z VE PROJELER\u0130M\u0130Z \u0130\u00c7\u0130N KATALOGLARIMIZI \u0130ND\u0130R\u0130N<\/div><\/div>\t\t<\/div>\n\t\t\t\t<\/div>\n\t\t\t\t\t<\/div>\n\t\t<\/div>\n\t\t\t\t\t<\/div>\n\t\t<\/section>\n\t\t\t\t<section class=\"elementor-section elementor-top-section elementor-element elementor-element-fe55bbb elementor-section-stretched elementor-section-boxed elementor-section-height-default elementor-section-height-default\" data-id=\"fe55bbb\" data-element_type=\"section\" data-settings=\"{&quot;stretch_section&quot;:&quot;section-stretched&quot;,&quot;background_background&quot;:&quot;classic&quot;}\">\n\t\t\t\t\t\t<div class=\"elementor-container elementor-column-gap-no\">\n\t\t\t\t\t<div class=\"elementor-column elementor-col-33 elementor-top-column elementor-element elementor-element-a889d1f\" data-id=\"a889d1f\" data-element_type=\"column\">\n\t\t\t<div class=\"elementor-widget-wrap elementor-element-populated\">\n\t\t\t\t\t\t<div class=\"elementor-element elementor-element-163a1a8 elementor-widget__width-initial elementor-widget elementor-widget-download\" data-id=\"163a1a8\" data-element_type=\"widget\" data-widget_type=\"download.default\">\n\t\t\t\t<div class=\"elementor-widget-container\">\n\t\t\t<div class=\"download\"><div class='download-content text-uppercase' style='color: #FFFFFF'><i class='fa far fa-file-pdf'><\/i> <\/div><a target='_blank' href='https:\/\/miopack.com.tr\/wp-content\/uploads\/MIOPACK-CATALOG-2023-ASIL.pdf' class='btn btn-md btn-dark btn-shadow'><i class='fa fas fa-cloud-download-alt'><\/i> M\u0130OPACK \u00dcR\u00dcNLER<\/a><\/div>\t\t<\/div>\n\t\t\t\t<\/div>\n\t\t\t\t\t<\/div>\n\t\t<\/div>\n\t\t\t\t<div class=\"elementor-column elementor-col-33 elementor-top-column elementor-element elementor-element-fc4da68\" data-id=\"fc4da68\" data-element_type=\"column\">\n\t\t\t<div class=\"elementor-widget-wrap elementor-element-populated\">\n\t\t\t\t\t\t<div class=\"elementor-element elementor-element-8df814c elementor-widget__width-initial elementor-widget elementor-widget-download\" data-id=\"8df814c\" data-element_type=\"widget\" data-widget_type=\"download.default\">\n\t\t\t\t<div class=\"elementor-widget-container\">\n\t\t\t<div class=\"download\"><div class='download-content text-uppercase' style='color: #FFFFFF'><i class='fa far fa-file-pdf'><\/i> <\/div><a target='_blank' href='https:\/\/miopack.com.tr\/wp-content\/uploads\/min_miopack-mioplast-aluminium-2023-katalog.pdf' class='btn btn-md btn-dark btn-shadow'><i class='fa fas fa-cloud-download-alt'><\/i> AL\u00dcM\u0130NYUM AMBALAJLAR<\/a><\/div>\t\t<\/div>\n\t\t\t\t<\/div>\n\t\t\t\t\t<\/div>\n\t\t<\/div>\n\t\t\t\t<div class=\"elementor-column elementor-col-33 elementor-top-column elementor-element elementor-element-bfd00b9\" data-id=\"bfd00b9\" data-element_type=\"column\">\n\t\t\t<div class=\"elementor-widget-wrap elementor-element-populated\">\n\t\t\t\t\t\t<div class=\"elementor-element elementor-element-cba101f elementor-widget__width-initial elementor-widget elementor-widget-download\" data-id=\"cba101f\" data-element_type=\"widget\" data-widget_type=\"download.default\">\n\t\t\t\t<div class=\"elementor-widget-container\">\n\t\t\t<div class=\"download\"><div class='download-content text-uppercase' style='color: #FFFFFF'><i class='fa far fa-file-pdf'><\/i> <\/div><a target='_blank' href='https:\/\/miopack.com.tr\/wp-content\/uploads\/miopack_PASTA-ALTI-OLCULERI-VE-SEKILLERI.pdf' class='btn btn-md btn-dark btn-shadow'><i class='fa fas fa-cloud-download-alt'><\/i> PASTA ALTLI\u011eI<\/a><\/div>\t\t<\/div>\n\t\t\t\t<\/div>\n\t\t\t\t\t<\/div>\n\t\t<\/div>\n\t\t\t\t\t<\/div>\n\t\t<\/section>\n\t\t\t\t<\/div>\n\t\t","protected":false},"excerpt":{"rendered":"<p>\u015eirketimizMiOPACK HAKKINDA &#8220;Miopack, ambalaj malzemeleri ve ambalaj \u00e7e\u015fitleri \u00fcreticisidir. Miopack olarak ka\u011f\u0131t, gri karton, kraftliner, testliner, petek dolgu ka\u011f\u0131d\u0131 ve ka\u011f\u0131t kaplar \u00fcretmektedir. Stre\u00e7 film, shrink naylon, balonlu naylon, koli band\u0131, plastik g\u0131da kaplar\u0131, G\u0131da paketleme makineleri, g\u0131da ambalajlar\u0131 a\u011f\u0131z &hellip;<\/p>\n","protected":false},"author":1,"featured_media":0,"parent":0,"menu_order":0,"comment_status":"closed","ping_status":"closed","template":"","meta":{"footnotes":""},"class_list":["post-1438","page","type-page","status-publish","hentry"],"yoast_head":"<!-- This site is optimized with the Yoast SEO plugin v25.2 - https:\/\/yoast.com\/wordpress\/plugins\/seo\/ -->\n<title>Hakk\u0131m\u0131zda - Miopack Ambalaj Packaging Solutions<\/title>\n<meta name=\"robots\" content=\"index, follow, max-snippet:-1, max-image-preview:large, max-video-preview:-1\" \/>\n<link rel=\"canonical\" href=\"https:\/\/miopack.com.tr\/tr\/hakkimizda\/\" \/>\n<meta property=\"og:locale\" content=\"tr_TR\" \/>\n<meta property=\"og:type\" content=\"article\" \/>\n<meta property=\"og:title\" content=\"Hakk\u0131m\u0131zda - Miopack Ambalaj Packaging Solutions\" \/>\n<meta property=\"og:description\" content=\"\u015eirketimizMiOPACK HAKKINDA &#8220;Miopack, ambalaj malzemeleri ve ambalaj \u00e7e\u015fitleri \u00fcreticisidir. Miopack olarak ka\u011f\u0131t, gri karton, kraftliner, testliner, petek dolgu ka\u011f\u0131d\u0131 ve ka\u011f\u0131t kaplar \u00fcretmektedir. Stre\u00e7 film, shrink naylon, balonlu naylon, koli band\u0131, plastik g\u0131da kaplar\u0131, G\u0131da paketleme makineleri, g\u0131da ambalajlar\u0131 a\u011f\u0131z &hellip;\" \/>\n<meta property=\"og:url\" content=\"https:\/\/miopack.com.tr\/tr\/hakkimizda\/\" \/>\n<meta property=\"og:site_name\" content=\"Miopack Ambalaj Packaging Solutions\" \/>\n<meta property=\"article:publisher\" content=\"https:\/\/www.facebook.com\/miopack.packaging.solutions\/\" \/>\n<meta property=\"article:modified_time\" content=\"2024-07-31T11:09:38+00:00\" \/>\n<meta property=\"og:image\" content=\"https:\/\/miopack.com.tr\/wp-content\/uploads\/miopack-kalite-belgeleri-miopaer-mioplast-quality-certificates-1024x1024-1-300x300.png\" \/>\n<meta name=\"twitter:card\" content=\"summary_large_image\" \/>\n<meta name=\"twitter:label1\" content=\"Tahmini okuma s\u00fcresi\" \/>\n\t<meta name=\"twitter:data1\" content=\"1 dakika\" \/>\n<script type=\"application\/ld+json\" class=\"yoast-schema-graph\">{\"@context\":\"https:\/\/schema.org\",\"@graph\":[{\"@type\":\"WebPage\",\"@id\":\"https:\/\/miopack.com.tr\/tr\/hakkimizda\/\",\"url\":\"https:\/\/miopack.com.tr\/tr\/hakkimizda\/\",\"name\":\"Hakk\u0131m\u0131zda - Miopack Ambalaj Packaging Solutions\",\"isPartOf\":{\"@id\":\"https:\/\/miopack.com.tr\/tr\/#website\"},\"primaryImageOfPage\":{\"@id\":\"https:\/\/miopack.com.tr\/tr\/hakkimizda\/#primaryimage\"},\"image\":{\"@id\":\"https:\/\/miopack.com.tr\/tr\/hakkimizda\/#primaryimage\"},\"thumbnailUrl\":\"https:\/\/miopack.com.tr\/wp-content\/uploads\/\/miopack-kalite-belgeleri-miopaer-mioplast-quality-certificates-1024x1024-1-300x300.png\",\"datePublished\":\"2020-03-16T13:04:08+00:00\",\"dateModified\":\"2024-07-31T11:09:38+00:00\",\"breadcrumb\":{\"@id\":\"https:\/\/miopack.com.tr\/tr\/hakkimizda\/#breadcrumb\"},\"inLanguage\":\"tr\",\"potentialAction\":[{\"@type\":\"ReadAction\",\"target\":[\"https:\/\/miopack.com.tr\/tr\/hakkimizda\/\"]}]},{\"@type\":\"ImageObject\",\"inLanguage\":\"tr\",\"@id\":\"https:\/\/miopack.com.tr\/tr\/hakkimizda\/#primaryimage\",\"url\":\"https:\/\/miopack.com.tr\/wp-content\/uploads\/\/miopack-kalite-belgeleri-miopaer-mioplast-quality-certificates-1024x1024-1-300x300.png\",\"contentUrl\":\"https:\/\/miopack.com.tr\/wp-content\/uploads\/\/miopack-kalite-belgeleri-miopaer-mioplast-quality-certificates-1024x1024-1-300x300.png\"},{\"@type\":\"BreadcrumbList\",\"@id\":\"https:\/\/miopack.com.tr\/tr\/hakkimizda\/#breadcrumb\",\"itemListElement\":[{\"@type\":\"ListItem\",\"position\":1,\"name\":\"Home\",\"item\":\"https:\/\/miopack.com.tr\/tr\/\"},{\"@type\":\"ListItem\",\"position\":2,\"name\":\"Hakk\u0131m\u0131zda\"}]},{\"@type\":\"WebSite\",\"@id\":\"https:\/\/miopack.com.tr\/tr\/#website\",\"url\":\"https:\/\/miopack.com.tr\/tr\/\",\"name\":\"www.miopack.com.tr\",\"description\":\"Cardboard corners - Edge Protector - Angle Board - Packing Sources - Cardboard - Solidboard - Angleboard - Metallized Cardboard - Pastry Coaster\",\"publisher\":{\"@id\":\"https:\/\/miopack.com.tr\/tr\/#organization\"},\"potentialAction\":[{\"@type\":\"SearchAction\",\"target\":{\"@type\":\"EntryPoint\",\"urlTemplate\":\"https:\/\/miopack.com.tr\/tr\/?s={search_term_string}\"},\"query-input\":{\"@type\":\"PropertyValueSpecification\",\"valueRequired\":true,\"valueName\":\"search_term_string\"}}],\"inLanguage\":\"tr\"},{\"@type\":\"Organization\",\"@id\":\"https:\/\/miopack.com.tr\/tr\/#organization\",\"name\":\"Miopack Ambalaj Packaging Solutions\",\"url\":\"https:\/\/miopack.com.tr\/tr\/\",\"logo\":{\"@type\":\"ImageObject\",\"inLanguage\":\"tr\",\"@id\":\"https:\/\/miopack.com.tr\/tr\/#\/schema\/logo\/image\/\",\"url\":\"https:\/\/miopack.com.tr\/wp-content\/uploads\/miopack-logo-1.png\",\"contentUrl\":\"https:\/\/miopack.com.tr\/wp-content\/uploads\/miopack-logo-1.png\",\"width\":442,\"height\":160,\"caption\":\"Miopack Ambalaj Packaging Solutions\"},\"image\":{\"@id\":\"https:\/\/miopack.com.tr\/tr\/#\/schema\/logo\/image\/\"},\"sameAs\":[\"https:\/\/www.facebook.com\/miopack.packaging.solutions\/\",\"https:\/\/www.instagram.com\/miopack_packaging\/\",\"https:\/\/www.youtube.com\/@miopack\",\"https:\/\/www.linkedin.com\/company\/miopack\"]}]}<\/script>\n<!-- \/ Yoast SEO plugin. -->","yoast_head_json":{"title":"Hakk\u0131m\u0131zda - Miopack Ambalaj Packaging Solutions","robots":{"index":"index","follow":"follow","max-snippet":"max-snippet:-1","max-image-preview":"max-image-preview:large","max-video-preview":"max-video-preview:-1"},"canonical":"https:\/\/miopack.com.tr\/tr\/hakkimizda\/","og_locale":"tr_TR","og_type":"article","og_title":"Hakk\u0131m\u0131zda - Miopack Ambalaj Packaging Solutions","og_description":"\u015eirketimizMiOPACK HAKKINDA &#8220;Miopack, ambalaj malzemeleri ve ambalaj \u00e7e\u015fitleri \u00fcreticisidir. Miopack olarak ka\u011f\u0131t, gri karton, kraftliner, testliner, petek dolgu ka\u011f\u0131d\u0131 ve ka\u011f\u0131t kaplar \u00fcretmektedir. Stre\u00e7 film, shrink naylon, balonlu naylon, koli band\u0131, plastik g\u0131da kaplar\u0131, G\u0131da paketleme makineleri, g\u0131da ambalajlar\u0131 a\u011f\u0131z &hellip;","og_url":"https:\/\/miopack.com.tr\/tr\/hakkimizda\/","og_site_name":"Miopack Ambalaj Packaging Solutions","article_publisher":"https:\/\/www.facebook.com\/miopack.packaging.solutions\/","article_modified_time":"2024-07-31T11:09:38+00:00","og_image":[{"url":"https:\/\/miopack.com.tr\/wp-content\/uploads\/miopack-kalite-belgeleri-miopaer-mioplast-quality-certificates-1024x1024-1-300x300.png","type":"","width":"","height":""}],"twitter_card":"summary_large_image","twitter_misc":{"Tahmini okuma s\u00fcresi":"1 dakika"},"schema":{"@context":"https:\/\/schema.org","@graph":[{"@type":"WebPage","@id":"https:\/\/miopack.com.tr\/tr\/hakkimizda\/","url":"https:\/\/miopack.com.tr\/tr\/hakkimizda\/","name":"Hakk\u0131m\u0131zda - Miopack Ambalaj Packaging Solutions","isPartOf":{"@id":"https:\/\/miopack.com.tr\/tr\/#website"},"primaryImageOfPage":{"@id":"https:\/\/miopack.com.tr\/tr\/hakkimizda\/#primaryimage"},"image":{"@id":"https:\/\/miopack.com.tr\/tr\/hakkimizda\/#primaryimage"},"thumbnailUrl":"https:\/\/miopack.com.tr\/wp-content\/uploads\/\/miopack-kalite-belgeleri-miopaer-mioplast-quality-certificates-1024x1024-1-300x300.png","datePublished":"2020-03-16T13:04:08+00:00","dateModified":"2024-07-31T11:09:38+00:00","breadcrumb":{"@id":"https:\/\/miopack.com.tr\/tr\/hakkimizda\/#breadcrumb"},"inLanguage":"tr","potentialAction":[{"@type":"ReadAction","target":["https:\/\/miopack.com.tr\/tr\/hakkimizda\/"]}]},{"@type":"ImageObject","inLanguage":"tr","@id":"https:\/\/miopack.com.tr\/tr\/hakkimizda\/#primaryimage","url":"https:\/\/miopack.com.tr\/wp-content\/uploads\/\/miopack-kalite-belgeleri-miopaer-mioplast-quality-certificates-1024x1024-1-300x300.png","contentUrl":"https:\/\/miopack.com.tr\/wp-content\/uploads\/\/miopack-kalite-belgeleri-miopaer-mioplast-quality-certificates-1024x1024-1-300x300.png"},{"@type":"BreadcrumbList","@id":"https:\/\/miopack.com.tr\/tr\/hakkimizda\/#breadcrumb","itemListElement":[{"@type":"ListItem","position":1,"name":"Home","item":"https:\/\/miopack.com.tr\/tr\/"},{"@type":"ListItem","position":2,"name":"Hakk\u0131m\u0131zda"}]},{"@type":"WebSite","@id":"https:\/\/miopack.com.tr\/tr\/#website","url":"https:\/\/miopack.com.tr\/tr\/","name":"www.miopack.com.tr","description":"Cardboard corners - Edge Protector - Angle Board - Packing Sources - Cardboard - Solidboard - Angleboard - Metallized Cardboard - Pastry Coaster","publisher":{"@id":"https:\/\/miopack.com.tr\/tr\/#organization"},"potentialAction":[{"@type":"SearchAction","target":{"@type":"EntryPoint","urlTemplate":"https:\/\/miopack.com.tr\/tr\/?s={search_term_string}"},"query-input":{"@type":"PropertyValueSpecification","valueRequired":true,"valueName":"search_term_string"}}],"inLanguage":"tr"},{"@type":"Organization","@id":"https:\/\/miopack.com.tr\/tr\/#organization","name":"Miopack Ambalaj Packaging Solutions","url":"https:\/\/miopack.com.tr\/tr\/","logo":{"@type":"ImageObject","inLanguage":"tr","@id":"https:\/\/miopack.com.tr\/tr\/#\/schema\/logo\/image\/","url":"https:\/\/miopack.com.tr\/wp-content\/uploads\/miopack-logo-1.png","contentUrl":"https:\/\/miopack.com.tr\/wp-content\/uploads\/miopack-logo-1.png","width":442,"height":160,"caption":"Miopack Ambalaj Packaging Solutions"},"image":{"@id":"https:\/\/miopack.com.tr\/tr\/#\/schema\/logo\/image\/"},"sameAs":["https:\/\/www.facebook.com\/miopack.packaging.solutions\/","https:\/\/www.instagram.com\/miopack_packaging\/","https:\/\/www.youtube.com\/@miopack","https:\/\/www.linkedin.com\/company\/miopack"]}]}},"_links":{"self":[{"href":"https:\/\/miopack.com.tr\/tr\/wp-json\/wp\/v2\/pages\/1438","targetHints":{"allow":["GET"]}}],"collection":[{"href":"https:\/\/miopack.com.tr\/tr\/wp-json\/wp\/v2\/pages"}],"about":[{"href":"https:\/\/miopack.com.tr\/tr\/wp-json\/wp\/v2\/types\/page"}],"author":[{"embeddable":true,"href":"https:\/\/miopack.com.tr\/tr\/wp-json\/wp\/v2\/users\/1"}],"replies":[{"embeddable":true,"href":"https:\/\/miopack.com.tr\/tr\/wp-json\/wp\/v2\/comments?post=1438"}],"version-history":[{"count":25,"href":"https:\/\/miopack.com.tr\/tr\/wp-json\/wp\/v2\/pages\/1438\/revisions"}],"predecessor-version":[{"id":5485,"href":"https:\/\/miopack.com.tr\/tr\/wp-json\/wp\/v2\/pages\/1438\/revisions\/5485"}],"wp:attachment":[{"href":"https:\/\/miopack.com.tr\/tr\/wp-json\/wp\/v2\/media?parent=1438"}],"curies":[{"name":"wp","href":"https:\/\/api.w.org\/{rel}","templated":true}]}}