{"id":5163,"date":"2023-11-27T09:10:15","date_gmt":"2023-11-27T09:10:15","guid":{"rendered":"https:\/\/miopack.com.tr\/?page_id=5163"},"modified":"2024-03-07T07:58:01","modified_gmt":"2024-03-07T07:58:01","slug":"support-adhesif","status":"publish","type":"page","link":"https:\/\/miopack.com.tr\/fr\/support-adhesif\/","title":{"rendered":"SUPPORT ADH\u00c9SIF"},"content":{"rendered":"\t\t<div data-elementor-type=\"wp-page\" data-elementor-id=\"5163\" class=\"elementor elementor-5163 elementor-2087\">\n\t\t\t\t\t\t<section class=\"elementor-section elementor-top-section elementor-element elementor-element-b9f397a elementor-section-boxed elementor-section-height-default elementor-section-height-default\" data-id=\"b9f397a\" data-element_type=\"section\">\n\t\t\t\t\t\t<div class=\"elementor-container elementor-column-gap-default\">\n\t\t\t\t\t<div class=\"elementor-column elementor-col-50 elementor-top-column elementor-element elementor-element-32ff602\" data-id=\"32ff602\" data-element_type=\"column\">\n\t\t\t<div class=\"elementor-widget-wrap elementor-element-populated\">\n\t\t\t\t\t\t<div class=\"elementor-element elementor-element-5be570b elementor-widget elementor-widget-gallery_slider\" data-id=\"5be570b\" data-element_type=\"widget\" data-widget_type=\"gallery_slider.default\">\n\t\t\t\t<div class=\"elementor-widget-container\">\n\t\t\t<div class=\"gallery-fs\"><figure><img decoding=\"async\" src=\"https:\/\/miopack.com.tr\/wp-content\/uploads\/miopaper-edge-protector-yapiskanli-kosebent.png\" alt=\"\"><\/figure><\/div>\t\t<\/div>\n\t\t\t\t<\/div>\n\t\t\t\t\t<\/div>\n\t\t<\/div>\n\t\t\t\t<div class=\"elementor-column elementor-col-50 elementor-top-column elementor-element elementor-element-03565b5\" data-id=\"03565b5\" data-element_type=\"column\">\n\t\t\t<div class=\"elementor-widget-wrap elementor-element-populated\">\n\t\t\t\t\t\t<div class=\"elementor-element elementor-element-b31683d elementor-widget elementor-widget-gallery_slider\" data-id=\"b31683d\" data-element_type=\"widget\" data-widget_type=\"gallery_slider.default\">\n\t\t\t\t<div class=\"elementor-widget-container\">\n\t\t\t<div class=\"gallery-fs\"><figure><img decoding=\"async\" src=\"https:\/\/miopack.com.tr\/wp-content\/uploads\/dogru-istifleme-kullanim-1.png.webp\" alt=\"\"><\/figure><\/div>\t\t<\/div>\n\t\t\t\t<\/div>\n\t\t\t\t\t<\/div>\n\t\t<\/div>\n\t\t\t\t\t<\/div>\n\t\t<\/section>\n\t\t\t\t<section class=\"elementor-section elementor-top-section elementor-element elementor-element-9141969 elementor-section-boxed elementor-section-height-default elementor-section-height-default\" data-id=\"9141969\" data-element_type=\"section\">\n\t\t\t\t\t\t<div class=\"elementor-container elementor-column-gap-default\">\n\t\t\t\t\t<div class=\"elementor-column elementor-col-100 elementor-top-column elementor-element elementor-element-aa3da3c\" data-id=\"aa3da3c\" data-element_type=\"column\">\n\t\t\t<div class=\"elementor-widget-wrap elementor-element-populated\">\n\t\t\t\t\t\t<div class=\"elementor-element elementor-element-6739ccb elementor-widget elementor-widget-heading\" data-id=\"6739ccb\" data-element_type=\"widget\" data-widget_type=\"heading.default\">\n\t\t\t\t<div class=\"elementor-widget-container\">\n\t\t\t<h3 class='heading-left  divider-sm'  style=\"color:#000000\"><span>SUPPORT ADH\u00c9SIF<\/span><\/h3>\t\t<\/div>\n\t\t\t\t<\/div>\n\t\t\t\t<div class=\"elementor-element elementor-element-85ca906 elementor-widget elementor-widget-text-editor\" data-id=\"85ca906\" data-element_type=\"widget\" data-widget_type=\"text-editor.default\">\n\t\t\t\t<div class=\"elementor-widget-container\">\n\t\t\t\t\t\t\t<div class=\"elementor-element elementor-element-0ee771f elementor-widget elementor-widget-heading\" style=\"box-sizing: border-box; --flex-direction: initial; --flex-wrap: initial; --justify-content: initial; --align-items: initial; --align-content: initial; --gap: initial; --flex-basis: initial; --flex-grow: initial; --flex-shrink: initial; --order: initial; --align-self: initial; flex-basis: var(--flex-basis); flex-grow: var(--flex-grow); flex-shrink: var(--flex-shrink); order: var(--order); align-self: var(--align-self); flex-direction: var(--flex-direction); flex-wrap: var(--flex-wrap); justify-content: var(--justify-content); align-items: var(--align-items); align-content: var(--align-content); gap: var(--gap); position: relative; --swiper-theme-color: #000; --swiper-navigation-size: 44px; --swiper-pagination-bullet-size: 6px; --swiper-pagination-bullet-horizontal-gap: 6px; --widgets-spacing: 20px 20px; color: #000000; width: 827.5px; margin-bottom: 20px; margin-block-end: 20px; font-family: 'PT Sans'; font-size: 14px; font-style: normal; font-variant-ligatures: normal; font-variant-caps: normal; font-weight: 400; letter-spacing: normal; orphans: 2; text-align: start; text-indent: 0px; text-transform: none; widows: 2; word-spacing: 0px; -webkit-text-stroke-width: 0px; white-space: normal; background-color: #ffffff; text-decoration-thickness: initial; text-decoration-style: initial; text-decoration-color: initial;\" data-id=\"0ee771f\" data-element_type=\"widget\" data-widget_type=\"heading.default\"><div class=\"elementor-widget-container\" style=\"box-sizing: border-box; transition: background .3s,border .3s,border-radius .3s,box-shadow .3s,transform var(--e-transform-transition-duration,.4s);\"><span style=\"box-sizing: border-box; vertical-align: inherit;\">Ce produit autocollant offre une grande facilit\u00e9 d&rsquo;utilisation. <\/span><span style=\"box-sizing: border-box; vertical-align: inherit;\">Le produit concern\u00e9 est obtenu en collant de la colle thermofusible sur la corni\u00e8re.<\/span><\/div><\/div>\t\t\t\t\t\t<\/div>\n\t\t\t\t<\/div>\n\t\t\t\t<div class=\"elementor-element elementor-element-0ee771f elementor-widget elementor-widget-heading\" data-id=\"0ee771f\" data-element_type=\"widget\" data-widget_type=\"heading.default\">\n\t\t\t\t<div class=\"elementor-widget-container\">\n\t\t\t<h3 class='heading-left  divider-sm'  style=\"color:#000000\"><span>DIMENSIONS<\/span><\/h3>\t\t<\/div>\n\t\t\t\t<\/div>\n\t\t\t\t<div class=\"elementor-element elementor-element-2c41fc2 elementor-widget elementor-widget-text-editor\" data-id=\"2c41fc2\" data-element_type=\"widget\" data-widget_type=\"text-editor.default\">\n\t\t\t\t<div class=\"elementor-widget-container\">\n\t\t\t\t\t\t\t<div class=\"elementor-element elementor-element-c73b0e0 elementor-widget elementor-widget-heading\" style=\"box-sizing: border-box; --flex-direction: initial; --flex-wrap: initial; --justify-content: initial; --align-items: initial; --align-content: initial; --gap: initial; --flex-basis: initial; --flex-grow: initial; --flex-shrink: initial; --order: initial; --align-self: initial; flex-basis: var(--flex-basis); flex-grow: var(--flex-grow); flex-shrink: var(--flex-shrink); order: var(--order); align-self: var(--align-self); flex-direction: var(--flex-direction); flex-wrap: var(--flex-wrap); justify-content: var(--justify-content); align-items: var(--align-items); align-content: var(--align-content); gap: var(--gap); position: relative; --swiper-theme-color: #000; --swiper-navigation-size: 44px; --swiper-pagination-bullet-size: 6px; --swiper-pagination-bullet-horizontal-gap: 6px; --widgets-spacing: 20px 20px; color: #000000; width: 827.5px; margin-bottom: 20px; margin-block-end: 20px; font-family: 'PT Sans'; font-size: 14px; font-style: normal; font-variant-ligatures: normal; font-variant-caps: normal; font-weight: 400; letter-spacing: normal; orphans: 2; text-align: start; text-indent: 0px; text-transform: none; widows: 2; word-spacing: 0px; -webkit-text-stroke-width: 0px; white-space: normal; background-color: #ffffff; text-decoration-thickness: initial; text-decoration-style: initial; text-decoration-color: initial;\" data-id=\"c73b0e0\" data-element_type=\"widget\" data-widget_type=\"heading.default\"><div class=\"elementor-widget-container\" style=\"box-sizing: border-box; transition: background .3s,border .3s,border-radius .3s,box-shadow .3s,transform var(--e-transform-transition-duration,.4s);\"><span style=\"font-family: Poppins, sans-serif; font-size: 13px; color: var( --e-global-color-text );\">Ce produit est fabriqu\u00e9 sur des machines \u00e0 corni\u00e8res et peut \u00eatre produit dans des envergures de 35 mm*35 mm et 60 mm*60 mm, une \u00e9paisseur de produit allant de 3 mm \u00e0 6 mm et des longueurs allant de 100 cm \u00e0 200 cm.<\/span><\/div><\/div>\t\t\t\t\t\t<\/div>\n\t\t\t\t<\/div>\n\t\t\t\t<div class=\"elementor-element elementor-element-c73b0e0 elementor-widget elementor-widget-heading\" data-id=\"c73b0e0\" data-element_type=\"widget\" data-widget_type=\"heading.default\">\n\t\t\t\t<div class=\"elementor-widget-container\">\n\t\t\t<h3 class='heading-left  divider-sm'  style=\"color:#000000\"><span>domaines d'utilisation<\/span><\/h3>\t\t<\/div>\n\t\t\t\t<\/div>\n\t\t\t\t<div class=\"elementor-element elementor-element-89745b4 elementor-widget elementor-widget-text-editor\" data-id=\"89745b4\" data-element_type=\"widget\" data-widget_type=\"text-editor.default\">\n\t\t\t\t<div class=\"elementor-widget-container\">\n\t\t\t\t\t\t\t<div id=\"teknik\" class=\"elementor-element elementor-element-85ba4be elementor-align-right elementor-widget elementor-widget-button\" style=\"box-sizing: border-box; --flex-direction: initial; --flex-wrap: initial; --justify-content: initial; --align-items: initial; --align-content: initial; --gap: initial; --flex-basis: initial; --flex-grow: initial; --flex-shrink: initial; --order: initial; --align-self: initial; flex-basis: var(--flex-basis); flex-grow: var(--flex-grow); flex-shrink: var(--flex-shrink); order: var(--order); align-self: var(--align-self); flex-direction: var(--flex-direction); flex-wrap: var(--flex-wrap); justify-content: var(--justify-content); align-items: var(--align-items); align-content: var(--align-content); gap: var(--gap); text-align: right; position: relative; --swiper-theme-color: #000; --swiper-navigation-size: 44px; --swiper-pagination-bullet-size: 6px; --swiper-pagination-bullet-horizontal-gap: 6px; --widgets-spacing: 20px 20px; color: var( --e-global-color-secondary ); font-family: Poppins, sans-serif; font-size: 13px; font-style: normal; font-variant-ligatures: normal; font-variant-caps: normal; font-weight: 400; letter-spacing: normal; orphans: 2; text-indent: 0px; text-transform: none; widows: 2; word-spacing: 0px; -webkit-text-stroke-width: 0px; white-space: normal; background-color: #ffffff; text-decoration-thickness: initial; text-decoration-style: initial; text-decoration-color: initial;\" data-id=\"85ba4be\" data-element_type=\"widget\" data-widget_type=\"button.default\"><div class=\"elementor-widget-container\" style=\"box-sizing: border-box; transition: background .3s,border .3s,border-radius .3s,box-shadow .3s,transform var(--e-transform-transition-duration,.4s); text-align: left;\"><p><span style=\"color: var( --e-global-color-secondary );\">La zone d&rsquo;utilisation est destin\u00e9e \u00e0 des fins de protection en collant le produit \u00e0 diff\u00e9rentes hauteurs.<\/span><\/p><\/div><\/div>\t\t\t\t\t\t<\/div>\n\t\t\t\t<\/div>\n\t\t\t\t\t<\/div>\n\t\t<\/div>\n\t\t\t\t\t<\/div>\n\t\t<\/section>\n\t\t\t\t<\/div>\n\t\t","protected":false},"excerpt":{"rendered":"<p>SUPPORT ADH\u00c9SIF Ce produit autocollant offre une grande facilit\u00e9 d&rsquo;utilisation. Le produit concern\u00e9 est obtenu en collant de la colle thermofusible sur la corni\u00e8re. DIMENSIONS Ce produit est fabriqu\u00e9 sur des machines \u00e0 corni\u00e8res et peut \u00eatre produit dans des &hellip;<\/p>\n","protected":false},"author":1,"featured_media":0,"parent":0,"menu_order":0,"comment_status":"closed","ping_status":"closed","template":"","meta":{"footnotes":""},"class_list":["post-5163","page","type-page","status-publish","hentry"],"yoast_head":"<!-- This site is optimized with the Yoast SEO plugin v25.2 - https:\/\/yoast.com\/wordpress\/plugins\/seo\/ -->\n<title>SUPPORT ADH\u00c9SIF - Miopack Ambalaj Packaging Solutions<\/title>\n<meta name=\"robots\" content=\"index, follow, max-snippet:-1, max-image-preview:large, max-video-preview:-1\" \/>\n<link rel=\"canonical\" href=\"https:\/\/miopack.com.tr\/fr\/support-adhesif\/\" \/>\n<meta property=\"og:locale\" content=\"fr_FR\" \/>\n<meta property=\"og:type\" content=\"article\" \/>\n<meta property=\"og:title\" content=\"SUPPORT ADH\u00c9SIF - Miopack Ambalaj Packaging Solutions\" \/>\n<meta property=\"og:description\" content=\"SUPPORT ADH\u00c9SIF Ce produit autocollant offre une grande facilit\u00e9 d&rsquo;utilisation. Le produit concern\u00e9 est obtenu en collant de la colle thermofusible sur la corni\u00e8re. DIMENSIONS Ce produit est fabriqu\u00e9 sur des machines \u00e0 corni\u00e8res et peut \u00eatre produit dans des &hellip;\" \/>\n<meta property=\"og:url\" content=\"https:\/\/miopack.com.tr\/fr\/support-adhesif\/\" \/>\n<meta property=\"og:site_name\" content=\"Miopack Ambalaj Packaging Solutions\" \/>\n<meta property=\"article:publisher\" content=\"https:\/\/www.facebook.com\/miopack.packaging.solutions\/\" \/>\n<meta property=\"article:modified_time\" content=\"2024-03-07T07:58:01+00:00\" \/>\n<meta property=\"og:image\" content=\"https:\/\/miopack.com.tr\/wp-content\/uploads\/miopaper-edge-protector-yapiskanli-kosebent.png\" \/>\n<meta name=\"twitter:card\" content=\"summary_large_image\" \/>\n<script type=\"application\/ld+json\" class=\"yoast-schema-graph\">{\"@context\":\"https:\/\/schema.org\",\"@graph\":[{\"@type\":\"WebPage\",\"@id\":\"https:\/\/miopack.com.tr\/fr\/support-adhesif\/\",\"url\":\"https:\/\/miopack.com.tr\/fr\/support-adhesif\/\",\"name\":\"SUPPORT ADH\u00c9SIF - Miopack Ambalaj Packaging Solutions\",\"isPartOf\":{\"@id\":\"https:\/\/miopack.com.tr\/fr\/#website\"},\"primaryImageOfPage\":{\"@id\":\"https:\/\/miopack.com.tr\/fr\/support-adhesif\/#primaryimage\"},\"image\":{\"@id\":\"https:\/\/miopack.com.tr\/fr\/support-adhesif\/#primaryimage\"},\"thumbnailUrl\":\"https:\/\/miopack.com.tr\/wp-content\/uploads\/miopaper-edge-protector-yapiskanli-kosebent.png\",\"datePublished\":\"2023-11-27T09:10:15+00:00\",\"dateModified\":\"2024-03-07T07:58:01+00:00\",\"breadcrumb\":{\"@id\":\"https:\/\/miopack.com.tr\/fr\/support-adhesif\/#breadcrumb\"},\"inLanguage\":\"fr-FR\",\"potentialAction\":[{\"@type\":\"ReadAction\",\"target\":[\"https:\/\/miopack.com.tr\/fr\/support-adhesif\/\"]}]},{\"@type\":\"ImageObject\",\"inLanguage\":\"fr-FR\",\"@id\":\"https:\/\/miopack.com.tr\/fr\/support-adhesif\/#primaryimage\",\"url\":\"https:\/\/miopack.com.tr\/wp-content\/uploads\/miopaper-edge-protector-yapiskanli-kosebent.png\",\"contentUrl\":\"https:\/\/miopack.com.tr\/wp-content\/uploads\/miopaper-edge-protector-yapiskanli-kosebent.png\"},{\"@type\":\"BreadcrumbList\",\"@id\":\"https:\/\/miopack.com.tr\/fr\/support-adhesif\/#breadcrumb\",\"itemListElement\":[{\"@type\":\"ListItem\",\"position\":1,\"name\":\"Home\",\"item\":\"https:\/\/miopack.com.tr\/fr\/homepage-2\/\"},{\"@type\":\"ListItem\",\"position\":2,\"name\":\"SUPPORT ADH\u00c9SIF\"}]},{\"@type\":\"WebSite\",\"@id\":\"https:\/\/miopack.com.tr\/fr\/#website\",\"url\":\"https:\/\/miopack.com.tr\/fr\/\",\"name\":\"www.miopack.com.tr\",\"description\":\"Cardboard corners - Edge Protector - Angle Board - Packing Sources - Cardboard - Solidboard - Angleboard - Metallized Cardboard - Pastry Coaster\",\"publisher\":{\"@id\":\"https:\/\/miopack.com.tr\/fr\/#organization\"},\"potentialAction\":[{\"@type\":\"SearchAction\",\"target\":{\"@type\":\"EntryPoint\",\"urlTemplate\":\"https:\/\/miopack.com.tr\/fr\/?s={search_term_string}\"},\"query-input\":{\"@type\":\"PropertyValueSpecification\",\"valueRequired\":true,\"valueName\":\"search_term_string\"}}],\"inLanguage\":\"fr-FR\"},{\"@type\":\"Organization\",\"@id\":\"https:\/\/miopack.com.tr\/fr\/#organization\",\"name\":\"Miopack Ambalaj Packaging Solutions\",\"url\":\"https:\/\/miopack.com.tr\/fr\/\",\"logo\":{\"@type\":\"ImageObject\",\"inLanguage\":\"fr-FR\",\"@id\":\"https:\/\/miopack.com.tr\/fr\/#\/schema\/logo\/image\/\",\"url\":\"https:\/\/miopack.com.tr\/wp-content\/uploads\/miopack-logo-1.png\",\"contentUrl\":\"https:\/\/miopack.com.tr\/wp-content\/uploads\/miopack-logo-1.png\",\"width\":442,\"height\":160,\"caption\":\"Miopack Ambalaj Packaging Solutions\"},\"image\":{\"@id\":\"https:\/\/miopack.com.tr\/fr\/#\/schema\/logo\/image\/\"},\"sameAs\":[\"https:\/\/www.facebook.com\/miopack.packaging.solutions\/\",\"https:\/\/www.instagram.com\/miopack_packaging\/\",\"https:\/\/www.youtube.com\/@miopack\",\"https:\/\/www.linkedin.com\/company\/miopack\"]}]}<\/script>\n<!-- \/ Yoast SEO plugin. -->","yoast_head_json":{"title":"SUPPORT ADH\u00c9SIF - Miopack Ambalaj Packaging Solutions","robots":{"index":"index","follow":"follow","max-snippet":"max-snippet:-1","max-image-preview":"max-image-preview:large","max-video-preview":"max-video-preview:-1"},"canonical":"https:\/\/miopack.com.tr\/fr\/support-adhesif\/","og_locale":"fr_FR","og_type":"article","og_title":"SUPPORT ADH\u00c9SIF - Miopack Ambalaj Packaging Solutions","og_description":"SUPPORT ADH\u00c9SIF Ce produit autocollant offre une grande facilit\u00e9 d&rsquo;utilisation. Le produit concern\u00e9 est obtenu en collant de la colle thermofusible sur la corni\u00e8re. DIMENSIONS Ce produit est fabriqu\u00e9 sur des machines \u00e0 corni\u00e8res et peut \u00eatre produit dans des &hellip;","og_url":"https:\/\/miopack.com.tr\/fr\/support-adhesif\/","og_site_name":"Miopack Ambalaj Packaging Solutions","article_publisher":"https:\/\/www.facebook.com\/miopack.packaging.solutions\/","article_modified_time":"2024-03-07T07:58:01+00:00","og_image":[{"url":"https:\/\/miopack.com.tr\/wp-content\/uploads\/miopaper-edge-protector-yapiskanli-kosebent.png","type":"","width":"","height":""}],"twitter_card":"summary_large_image","schema":{"@context":"https:\/\/schema.org","@graph":[{"@type":"WebPage","@id":"https:\/\/miopack.com.tr\/fr\/support-adhesif\/","url":"https:\/\/miopack.com.tr\/fr\/support-adhesif\/","name":"SUPPORT ADH\u00c9SIF - Miopack Ambalaj Packaging Solutions","isPartOf":{"@id":"https:\/\/miopack.com.tr\/fr\/#website"},"primaryImageOfPage":{"@id":"https:\/\/miopack.com.tr\/fr\/support-adhesif\/#primaryimage"},"image":{"@id":"https:\/\/miopack.com.tr\/fr\/support-adhesif\/#primaryimage"},"thumbnailUrl":"https:\/\/miopack.com.tr\/wp-content\/uploads\/miopaper-edge-protector-yapiskanli-kosebent.png","datePublished":"2023-11-27T09:10:15+00:00","dateModified":"2024-03-07T07:58:01+00:00","breadcrumb":{"@id":"https:\/\/miopack.com.tr\/fr\/support-adhesif\/#breadcrumb"},"inLanguage":"fr-FR","potentialAction":[{"@type":"ReadAction","target":["https:\/\/miopack.com.tr\/fr\/support-adhesif\/"]}]},{"@type":"ImageObject","inLanguage":"fr-FR","@id":"https:\/\/miopack.com.tr\/fr\/support-adhesif\/#primaryimage","url":"https:\/\/miopack.com.tr\/wp-content\/uploads\/miopaper-edge-protector-yapiskanli-kosebent.png","contentUrl":"https:\/\/miopack.com.tr\/wp-content\/uploads\/miopaper-edge-protector-yapiskanli-kosebent.png"},{"@type":"BreadcrumbList","@id":"https:\/\/miopack.com.tr\/fr\/support-adhesif\/#breadcrumb","itemListElement":[{"@type":"ListItem","position":1,"name":"Home","item":"https:\/\/miopack.com.tr\/fr\/homepage-2\/"},{"@type":"ListItem","position":2,"name":"SUPPORT ADH\u00c9SIF"}]},{"@type":"WebSite","@id":"https:\/\/miopack.com.tr\/fr\/#website","url":"https:\/\/miopack.com.tr\/fr\/","name":"www.miopack.com.tr","description":"Cardboard corners - Edge Protector - Angle Board - Packing Sources - Cardboard - Solidboard - Angleboard - Metallized Cardboard - Pastry Coaster","publisher":{"@id":"https:\/\/miopack.com.tr\/fr\/#organization"},"potentialAction":[{"@type":"SearchAction","target":{"@type":"EntryPoint","urlTemplate":"https:\/\/miopack.com.tr\/fr\/?s={search_term_string}"},"query-input":{"@type":"PropertyValueSpecification","valueRequired":true,"valueName":"search_term_string"}}],"inLanguage":"fr-FR"},{"@type":"Organization","@id":"https:\/\/miopack.com.tr\/fr\/#organization","name":"Miopack Ambalaj Packaging Solutions","url":"https:\/\/miopack.com.tr\/fr\/","logo":{"@type":"ImageObject","inLanguage":"fr-FR","@id":"https:\/\/miopack.com.tr\/fr\/#\/schema\/logo\/image\/","url":"https:\/\/miopack.com.tr\/wp-content\/uploads\/miopack-logo-1.png","contentUrl":"https:\/\/miopack.com.tr\/wp-content\/uploads\/miopack-logo-1.png","width":442,"height":160,"caption":"Miopack Ambalaj Packaging Solutions"},"image":{"@id":"https:\/\/miopack.com.tr\/fr\/#\/schema\/logo\/image\/"},"sameAs":["https:\/\/www.facebook.com\/miopack.packaging.solutions\/","https:\/\/www.instagram.com\/miopack_packaging\/","https:\/\/www.youtube.com\/@miopack","https:\/\/www.linkedin.com\/company\/miopack"]}]}},"_links":{"self":[{"href":"https:\/\/miopack.com.tr\/fr\/wp-json\/wp\/v2\/pages\/5163","targetHints":{"allow":["GET"]}}],"collection":[{"href":"https:\/\/miopack.com.tr\/fr\/wp-json\/wp\/v2\/pages"}],"about":[{"href":"https:\/\/miopack.com.tr\/fr\/wp-json\/wp\/v2\/types\/page"}],"author":[{"embeddable":true,"href":"https:\/\/miopack.com.tr\/fr\/wp-json\/wp\/v2\/users\/1"}],"replies":[{"embeddable":true,"href":"https:\/\/miopack.com.tr\/fr\/wp-json\/wp\/v2\/comments?post=5163"}],"version-history":[{"count":10,"href":"https:\/\/miopack.com.tr\/fr\/wp-json\/wp\/v2\/pages\/5163\/revisions"}],"predecessor-version":[{"id":5186,"href":"https:\/\/miopack.com.tr\/fr\/wp-json\/wp\/v2\/pages\/5163\/revisions\/5186"}],"wp:attachment":[{"href":"https:\/\/miopack.com.tr\/fr\/wp-json\/wp\/v2\/media?parent=5163"}],"curies":[{"name":"wp","href":"https:\/\/api.w.org\/{rel}","templated":true}]}}