{"id":5161,"date":"2023-01-18T14:37:51","date_gmt":"2023-01-18T14:37:51","guid":{"rendered":"https:\/\/miopack.com.tr\/?page_id=5161"},"modified":"2024-03-07T08:02:43","modified_gmt":"2024-03-07T08:02:43","slug":"boite-telescopique-a-couvercle-unique","status":"publish","type":"page","link":"https:\/\/miopack.com.tr\/fr\/boite-telescopique-a-couvercle-unique\/","title":{"rendered":"BO\u00ceTE T\u00c9LESCOPIQUE \u00c0 COUVERCLE UNIQUE"},"content":{"rendered":"\t\t<div data-elementor-type=\"wp-page\" data-elementor-id=\"5161\" class=\"elementor elementor-5161 elementor-854\">\n\t\t\t\t\t\t<section class=\"elementor-section elementor-top-section elementor-element elementor-element-b9f397a elementor-section-boxed elementor-section-height-default elementor-section-height-default\" data-id=\"b9f397a\" data-element_type=\"section\">\n\t\t\t\t\t\t<div class=\"elementor-container elementor-column-gap-default\">\n\t\t\t\t\t<div class=\"elementor-column elementor-col-50 elementor-top-column elementor-element elementor-element-32ff602\" data-id=\"32ff602\" data-element_type=\"column\">\n\t\t\t<div class=\"elementor-widget-wrap elementor-element-populated\">\n\t\t\t\t\t\t<div class=\"elementor-element elementor-element-b31683d elementor-widget elementor-widget-gallery_slider\" data-id=\"b31683d\" data-element_type=\"widget\" data-widget_type=\"gallery_slider.default\">\n\t\t\t\t<div class=\"elementor-widget-container\">\n\t\t\t<div class=\"gallery-fs\"><figure><img decoding=\"async\" src=\"https:\/\/miopack.com.tr\/wp-content\/uploads\/Single-Lid-Telescopic-Box-.png\" alt=\"\"><\/figure><\/div>\t\t<\/div>\n\t\t\t\t<\/div>\n\t\t\t\t\t<\/div>\n\t\t<\/div>\n\t\t\t\t<div class=\"elementor-column elementor-col-50 elementor-top-column elementor-element elementor-element-03565b5\" data-id=\"03565b5\" data-element_type=\"column\">\n\t\t\t<div class=\"elementor-widget-wrap\">\n\t\t\t\t\t\t\t<\/div>\n\t\t<\/div>\n\t\t\t\t\t<\/div>\n\t\t<\/section>\n\t\t\t\t<section class=\"elementor-section elementor-top-section elementor-element elementor-element-9141969 elementor-section-boxed elementor-section-height-default elementor-section-height-default\" data-id=\"9141969\" data-element_type=\"section\">\n\t\t\t\t\t\t<div class=\"elementor-container elementor-column-gap-default\">\n\t\t\t\t\t<div class=\"elementor-column elementor-col-100 elementor-top-column elementor-element elementor-element-aa3da3c\" data-id=\"aa3da3c\" data-element_type=\"column\">\n\t\t\t<div class=\"elementor-widget-wrap elementor-element-populated\">\n\t\t\t\t\t\t<div class=\"elementor-element elementor-element-6739ccb elementor-widget elementor-widget-heading\" data-id=\"6739ccb\" data-element_type=\"widget\" data-widget_type=\"heading.default\">\n\t\t\t\t<div class=\"elementor-widget-container\">\n\t\t\t<h3 class='heading-left  divider-sm'  style=\"color:#000000\"><span>BO\u00ceTE T\u00c9LESCOPIQUE \u00c0 COUVERCLE UNIQUE<\/span><\/h3>\t\t<\/div>\n\t\t\t\t<\/div>\n\t\t\t\t<div class=\"elementor-element elementor-element-85ca906 elementor-widget elementor-widget-text-editor\" data-id=\"85ca906\" data-element_type=\"widget\" data-widget_type=\"text-editor.default\">\n\t\t\t\t<div class=\"elementor-widget-container\">\n\t\t\t\t\t\t\t<p><font style=\"vertical-align: inherit;\"><font style=\"vertical-align: inherit;\">C&rsquo;est juste une bo\u00eete avec un couvercle d&rsquo;un c\u00f4t\u00e9 et pas de couvercle de l&rsquo;autre.&nbsp;<\/font><font style=\"vertical-align: inherit;\">La caisse t\u00e9lescopique ferm\u00e9e dans les remplisseuses automatiques est polyvalente.&nbsp;<\/font><font style=\"vertical-align: inherit;\">Elle conditionne de nombreux produits, depuis les biens de consommation durables jusqu&rsquo;\u00e0 la viande.&nbsp;<\/font><font style=\"vertical-align: inherit;\">Il r\u00e9siste \u00e0 l&#8217;empilement.&nbsp;<\/font><font style=\"vertical-align: inherit;\">Bo\u00eete t\u00e9lescopique \u00e0 couvercle unique<\/font><\/font><\/p><p><font style=\"vertical-align: inherit;\"><font style=\"vertical-align: inherit;\">La bo\u00eete, qui a un couvercle d&rsquo;un c\u00f4t\u00e9 et pas de couvercle de l&rsquo;autre, peut \u00eatre utilis\u00e9e \u00e0 des fins multiples.&nbsp;<\/font><font style=\"vertical-align: inherit;\">La bo\u00eete t\u00e9lescopique ferm\u00e9e dans les machines de remplissage automatiques est particuli\u00e8rement pr\u00e9f\u00e9r\u00e9e dans l&rsquo;industrie du verre.&nbsp;<\/font><font style=\"vertical-align: inherit;\">Elle conditionne de nombreux produits, depuis les biens de consommation durables jusqu&rsquo;aux produits alimentaires.<\/font><\/font><\/p>\t\t\t\t\t\t<\/div>\n\t\t\t\t<\/div>\n\t\t\t\t\t<\/div>\n\t\t<\/div>\n\t\t\t\t\t<\/div>\n\t\t<\/section>\n\t\t\t\t<\/div>\n\t\t","protected":false},"excerpt":{"rendered":"<p>BO\u00ceTE T\u00c9LESCOPIQUE \u00c0 COUVERCLE UNIQUE C&rsquo;est juste une bo\u00eete avec un couvercle d&rsquo;un c\u00f4t\u00e9 et pas de couvercle de l&rsquo;autre.&nbsp;La caisse t\u00e9lescopique ferm\u00e9e dans les remplisseuses automatiques est polyvalente.&nbsp;Elle conditionne de nombreux produits, depuis les biens de consommation durables jusqu&rsquo;\u00e0 &hellip;<\/p>\n","protected":false},"author":1,"featured_media":0,"parent":0,"menu_order":0,"comment_status":"closed","ping_status":"closed","template":"","meta":{"footnotes":""},"class_list":["post-5161","page","type-page","status-publish","hentry"],"yoast_head":"<!-- This site is optimized with the Yoast SEO plugin v25.2 - https:\/\/yoast.com\/wordpress\/plugins\/seo\/ -->\n<title>BO\u00ceTE T\u00c9LESCOPIQUE \u00c0 COUVERCLE UNIQUE - Miopack Ambalaj Packaging Solutions<\/title>\n<meta name=\"robots\" content=\"index, follow, max-snippet:-1, max-image-preview:large, max-video-preview:-1\" \/>\n<link rel=\"canonical\" href=\"https:\/\/miopack.com.tr\/fr\/boite-telescopique-a-couvercle-unique\/\" \/>\n<meta property=\"og:locale\" content=\"fr_FR\" \/>\n<meta property=\"og:type\" content=\"article\" \/>\n<meta property=\"og:title\" content=\"BO\u00ceTE T\u00c9LESCOPIQUE \u00c0 COUVERCLE UNIQUE - Miopack Ambalaj Packaging Solutions\" \/>\n<meta property=\"og:description\" content=\"BO\u00ceTE T\u00c9LESCOPIQUE \u00c0 COUVERCLE UNIQUE C&rsquo;est juste une bo\u00eete avec un couvercle d&rsquo;un c\u00f4t\u00e9 et pas de couvercle de l&rsquo;autre.&nbsp;La caisse t\u00e9lescopique ferm\u00e9e dans les remplisseuses automatiques est polyvalente.&nbsp;Elle conditionne de nombreux produits, depuis les biens de consommation durables jusqu&rsquo;\u00e0 &hellip;\" \/>\n<meta property=\"og:url\" content=\"https:\/\/miopack.com.tr\/fr\/boite-telescopique-a-couvercle-unique\/\" \/>\n<meta property=\"og:site_name\" content=\"Miopack Ambalaj Packaging Solutions\" \/>\n<meta property=\"article:publisher\" content=\"https:\/\/www.facebook.com\/miopack.packaging.solutions\/\" \/>\n<meta property=\"article:modified_time\" content=\"2024-03-07T08:02:43+00:00\" \/>\n<meta property=\"og:image\" content=\"https:\/\/miopack.com.tr\/wp-content\/uploads\/Single-Lid-Telescopic-Box-.png\" \/>\n<meta name=\"twitter:card\" content=\"summary_large_image\" \/>\n<meta name=\"twitter:label1\" content=\"Dur\u00e9e de lecture estim\u00e9e\" \/>\n\t<meta name=\"twitter:data1\" content=\"1 minute\" \/>\n<script type=\"application\/ld+json\" class=\"yoast-schema-graph\">{\"@context\":\"https:\/\/schema.org\",\"@graph\":[{\"@type\":\"WebPage\",\"@id\":\"https:\/\/miopack.com.tr\/fr\/boite-telescopique-a-couvercle-unique\/\",\"url\":\"https:\/\/miopack.com.tr\/fr\/boite-telescopique-a-couvercle-unique\/\",\"name\":\"BO\u00ceTE T\u00c9LESCOPIQUE \u00c0 COUVERCLE UNIQUE - Miopack Ambalaj Packaging Solutions\",\"isPartOf\":{\"@id\":\"https:\/\/miopack.com.tr\/fr\/#website\"},\"primaryImageOfPage\":{\"@id\":\"https:\/\/miopack.com.tr\/fr\/boite-telescopique-a-couvercle-unique\/#primaryimage\"},\"image\":{\"@id\":\"https:\/\/miopack.com.tr\/fr\/boite-telescopique-a-couvercle-unique\/#primaryimage\"},\"thumbnailUrl\":\"https:\/\/miopack.com.tr\/wp-content\/uploads\/Single-Lid-Telescopic-Box-.png\",\"datePublished\":\"2023-01-18T14:37:51+00:00\",\"dateModified\":\"2024-03-07T08:02:43+00:00\",\"breadcrumb\":{\"@id\":\"https:\/\/miopack.com.tr\/fr\/boite-telescopique-a-couvercle-unique\/#breadcrumb\"},\"inLanguage\":\"fr-FR\",\"potentialAction\":[{\"@type\":\"ReadAction\",\"target\":[\"https:\/\/miopack.com.tr\/fr\/boite-telescopique-a-couvercle-unique\/\"]}]},{\"@type\":\"ImageObject\",\"inLanguage\":\"fr-FR\",\"@id\":\"https:\/\/miopack.com.tr\/fr\/boite-telescopique-a-couvercle-unique\/#primaryimage\",\"url\":\"https:\/\/miopack.com.tr\/wp-content\/uploads\/Single-Lid-Telescopic-Box-.png\",\"contentUrl\":\"https:\/\/miopack.com.tr\/wp-content\/uploads\/Single-Lid-Telescopic-Box-.png\"},{\"@type\":\"BreadcrumbList\",\"@id\":\"https:\/\/miopack.com.tr\/fr\/boite-telescopique-a-couvercle-unique\/#breadcrumb\",\"itemListElement\":[{\"@type\":\"ListItem\",\"position\":1,\"name\":\"Home\",\"item\":\"https:\/\/miopack.com.tr\/fr\/homepage-2\/\"},{\"@type\":\"ListItem\",\"position\":2,\"name\":\"BO\u00ceTE T\u00c9LESCOPIQUE \u00c0 COUVERCLE UNIQUE\"}]},{\"@type\":\"WebSite\",\"@id\":\"https:\/\/miopack.com.tr\/fr\/#website\",\"url\":\"https:\/\/miopack.com.tr\/fr\/\",\"name\":\"www.miopack.com.tr\",\"description\":\"Cardboard corners - Edge Protector - Angle Board - Packing Sources - Cardboard - Solidboard - Angleboard - Metallized Cardboard - Pastry Coaster\",\"publisher\":{\"@id\":\"https:\/\/miopack.com.tr\/fr\/#organization\"},\"potentialAction\":[{\"@type\":\"SearchAction\",\"target\":{\"@type\":\"EntryPoint\",\"urlTemplate\":\"https:\/\/miopack.com.tr\/fr\/?s={search_term_string}\"},\"query-input\":{\"@type\":\"PropertyValueSpecification\",\"valueRequired\":true,\"valueName\":\"search_term_string\"}}],\"inLanguage\":\"fr-FR\"},{\"@type\":\"Organization\",\"@id\":\"https:\/\/miopack.com.tr\/fr\/#organization\",\"name\":\"Miopack Ambalaj Packaging Solutions\",\"url\":\"https:\/\/miopack.com.tr\/fr\/\",\"logo\":{\"@type\":\"ImageObject\",\"inLanguage\":\"fr-FR\",\"@id\":\"https:\/\/miopack.com.tr\/fr\/#\/schema\/logo\/image\/\",\"url\":\"https:\/\/miopack.com.tr\/wp-content\/uploads\/miopack-logo-1.png\",\"contentUrl\":\"https:\/\/miopack.com.tr\/wp-content\/uploads\/miopack-logo-1.png\",\"width\":442,\"height\":160,\"caption\":\"Miopack Ambalaj Packaging Solutions\"},\"image\":{\"@id\":\"https:\/\/miopack.com.tr\/fr\/#\/schema\/logo\/image\/\"},\"sameAs\":[\"https:\/\/www.facebook.com\/miopack.packaging.solutions\/\",\"https:\/\/www.instagram.com\/miopack_packaging\/\",\"https:\/\/www.youtube.com\/@miopack\",\"https:\/\/www.linkedin.com\/company\/miopack\"]}]}<\/script>\n<!-- \/ Yoast SEO plugin. -->","yoast_head_json":{"title":"BO\u00ceTE T\u00c9LESCOPIQUE \u00c0 COUVERCLE UNIQUE - Miopack Ambalaj Packaging Solutions","robots":{"index":"index","follow":"follow","max-snippet":"max-snippet:-1","max-image-preview":"max-image-preview:large","max-video-preview":"max-video-preview:-1"},"canonical":"https:\/\/miopack.com.tr\/fr\/boite-telescopique-a-couvercle-unique\/","og_locale":"fr_FR","og_type":"article","og_title":"BO\u00ceTE T\u00c9LESCOPIQUE \u00c0 COUVERCLE UNIQUE - Miopack Ambalaj Packaging Solutions","og_description":"BO\u00ceTE T\u00c9LESCOPIQUE \u00c0 COUVERCLE UNIQUE C&rsquo;est juste une bo\u00eete avec un couvercle d&rsquo;un c\u00f4t\u00e9 et pas de couvercle de l&rsquo;autre.&nbsp;La caisse t\u00e9lescopique ferm\u00e9e dans les remplisseuses automatiques est polyvalente.&nbsp;Elle conditionne de nombreux produits, depuis les biens de consommation durables jusqu&rsquo;\u00e0 &hellip;","og_url":"https:\/\/miopack.com.tr\/fr\/boite-telescopique-a-couvercle-unique\/","og_site_name":"Miopack Ambalaj Packaging Solutions","article_publisher":"https:\/\/www.facebook.com\/miopack.packaging.solutions\/","article_modified_time":"2024-03-07T08:02:43+00:00","og_image":[{"url":"https:\/\/miopack.com.tr\/wp-content\/uploads\/Single-Lid-Telescopic-Box-.png","type":"","width":"","height":""}],"twitter_card":"summary_large_image","twitter_misc":{"Dur\u00e9e de lecture estim\u00e9e":"1 minute"},"schema":{"@context":"https:\/\/schema.org","@graph":[{"@type":"WebPage","@id":"https:\/\/miopack.com.tr\/fr\/boite-telescopique-a-couvercle-unique\/","url":"https:\/\/miopack.com.tr\/fr\/boite-telescopique-a-couvercle-unique\/","name":"BO\u00ceTE T\u00c9LESCOPIQUE \u00c0 COUVERCLE UNIQUE - Miopack Ambalaj Packaging Solutions","isPartOf":{"@id":"https:\/\/miopack.com.tr\/fr\/#website"},"primaryImageOfPage":{"@id":"https:\/\/miopack.com.tr\/fr\/boite-telescopique-a-couvercle-unique\/#primaryimage"},"image":{"@id":"https:\/\/miopack.com.tr\/fr\/boite-telescopique-a-couvercle-unique\/#primaryimage"},"thumbnailUrl":"https:\/\/miopack.com.tr\/wp-content\/uploads\/Single-Lid-Telescopic-Box-.png","datePublished":"2023-01-18T14:37:51+00:00","dateModified":"2024-03-07T08:02:43+00:00","breadcrumb":{"@id":"https:\/\/miopack.com.tr\/fr\/boite-telescopique-a-couvercle-unique\/#breadcrumb"},"inLanguage":"fr-FR","potentialAction":[{"@type":"ReadAction","target":["https:\/\/miopack.com.tr\/fr\/boite-telescopique-a-couvercle-unique\/"]}]},{"@type":"ImageObject","inLanguage":"fr-FR","@id":"https:\/\/miopack.com.tr\/fr\/boite-telescopique-a-couvercle-unique\/#primaryimage","url":"https:\/\/miopack.com.tr\/wp-content\/uploads\/Single-Lid-Telescopic-Box-.png","contentUrl":"https:\/\/miopack.com.tr\/wp-content\/uploads\/Single-Lid-Telescopic-Box-.png"},{"@type":"BreadcrumbList","@id":"https:\/\/miopack.com.tr\/fr\/boite-telescopique-a-couvercle-unique\/#breadcrumb","itemListElement":[{"@type":"ListItem","position":1,"name":"Home","item":"https:\/\/miopack.com.tr\/fr\/homepage-2\/"},{"@type":"ListItem","position":2,"name":"BO\u00ceTE T\u00c9LESCOPIQUE \u00c0 COUVERCLE UNIQUE"}]},{"@type":"WebSite","@id":"https:\/\/miopack.com.tr\/fr\/#website","url":"https:\/\/miopack.com.tr\/fr\/","name":"www.miopack.com.tr","description":"Cardboard corners - Edge Protector - Angle Board - Packing Sources - Cardboard - Solidboard - Angleboard - Metallized Cardboard - Pastry Coaster","publisher":{"@id":"https:\/\/miopack.com.tr\/fr\/#organization"},"potentialAction":[{"@type":"SearchAction","target":{"@type":"EntryPoint","urlTemplate":"https:\/\/miopack.com.tr\/fr\/?s={search_term_string}"},"query-input":{"@type":"PropertyValueSpecification","valueRequired":true,"valueName":"search_term_string"}}],"inLanguage":"fr-FR"},{"@type":"Organization","@id":"https:\/\/miopack.com.tr\/fr\/#organization","name":"Miopack Ambalaj Packaging Solutions","url":"https:\/\/miopack.com.tr\/fr\/","logo":{"@type":"ImageObject","inLanguage":"fr-FR","@id":"https:\/\/miopack.com.tr\/fr\/#\/schema\/logo\/image\/","url":"https:\/\/miopack.com.tr\/wp-content\/uploads\/miopack-logo-1.png","contentUrl":"https:\/\/miopack.com.tr\/wp-content\/uploads\/miopack-logo-1.png","width":442,"height":160,"caption":"Miopack Ambalaj Packaging Solutions"},"image":{"@id":"https:\/\/miopack.com.tr\/fr\/#\/schema\/logo\/image\/"},"sameAs":["https:\/\/www.facebook.com\/miopack.packaging.solutions\/","https:\/\/www.instagram.com\/miopack_packaging\/","https:\/\/www.youtube.com\/@miopack","https:\/\/www.linkedin.com\/company\/miopack"]}]}},"_links":{"self":[{"href":"https:\/\/miopack.com.tr\/fr\/wp-json\/wp\/v2\/pages\/5161","targetHints":{"allow":["GET"]}}],"collection":[{"href":"https:\/\/miopack.com.tr\/fr\/wp-json\/wp\/v2\/pages"}],"about":[{"href":"https:\/\/miopack.com.tr\/fr\/wp-json\/wp\/v2\/types\/page"}],"author":[{"embeddable":true,"href":"https:\/\/miopack.com.tr\/fr\/wp-json\/wp\/v2\/users\/1"}],"replies":[{"embeddable":true,"href":"https:\/\/miopack.com.tr\/fr\/wp-json\/wp\/v2\/comments?post=5161"}],"version-history":[{"count":4,"href":"https:\/\/miopack.com.tr\/fr\/wp-json\/wp\/v2\/pages\/5161\/revisions"}],"predecessor-version":[{"id":5168,"href":"https:\/\/miopack.com.tr\/fr\/wp-json\/wp\/v2\/pages\/5161\/revisions\/5168"}],"wp:attachment":[{"href":"https:\/\/miopack.com.tr\/fr\/wp-json\/wp\/v2\/media?parent=5161"}],"curies":[{"name":"wp","href":"https:\/\/api.w.org\/{rel}","templated":true}]}}