{"id":5121,"date":"2023-01-07T15:34:34","date_gmt":"2023-01-07T15:34:34","guid":{"rendered":"https:\/\/miopack.com.tr\/?page_id=5121"},"modified":"2024-03-07T08:00:21","modified_gmt":"2024-03-07T08:00:21","slug":"dessous-de-verre-a-gateau","status":"publish","type":"page","link":"https:\/\/miopack.com.tr\/fr\/dessous-de-verre-a-gateau\/","title":{"rendered":"DESSOUS DE VERRE \u00c0 G\u00c2TEAU"},"content":{"rendered":"\t\t<div data-elementor-type=\"wp-page\" data-elementor-id=\"5121\" class=\"elementor elementor-5121 elementor-710\">\n\t\t\t\t\t\t<section class=\"elementor-section elementor-top-section elementor-element elementor-element-b9f397a elementor-section-boxed elementor-section-height-default elementor-section-height-default\" data-id=\"b9f397a\" data-element_type=\"section\">\n\t\t\t\t\t\t<div class=\"elementor-container elementor-column-gap-default\">\n\t\t\t\t\t<div class=\"elementor-column elementor-col-50 elementor-top-column elementor-element elementor-element-32ff602\" data-id=\"32ff602\" data-element_type=\"column\">\n\t\t\t<div class=\"elementor-widget-wrap elementor-element-populated\">\n\t\t\t\t\t\t<div class=\"elementor-element elementor-element-b31683d elementor-widget elementor-widget-gallery_slider\" data-id=\"b31683d\" data-element_type=\"widget\" data-widget_type=\"gallery_slider.default\">\n\t\t\t\t<div class=\"elementor-widget-container\">\n\t\t\t<div class=\"gallery-fs\"><figure><img decoding=\"async\" src=\"https:\/\/miopack.com.tr\/wp-content\/uploads\/pasta-altligi-01.jpg\" alt=\"\"><\/figure><\/div>\t\t<\/div>\n\t\t\t\t<\/div>\n\t\t\t\t\t<\/div>\n\t\t<\/div>\n\t\t\t\t<div class=\"elementor-column elementor-col-50 elementor-top-column elementor-element elementor-element-03565b5\" data-id=\"03565b5\" data-element_type=\"column\">\n\t\t\t<div class=\"elementor-widget-wrap elementor-element-populated\">\n\t\t\t\t\t\t<div class=\"elementor-element elementor-element-5c60813 elementor-widget elementor-widget-gallery_slider\" data-id=\"5c60813\" data-element_type=\"widget\" data-widget_type=\"gallery_slider.default\">\n\t\t\t\t<div class=\"elementor-widget-container\">\n\t\t\t<div class=\"gallery-fs\"><figure><img decoding=\"async\" src=\"https:\/\/miopack.com.tr\/wp-content\/uploads\/pasta-altligi-02.jpg\" alt=\"\"><\/figure><\/div>\t\t<\/div>\n\t\t\t\t<\/div>\n\t\t\t\t\t<\/div>\n\t\t<\/div>\n\t\t\t\t\t<\/div>\n\t\t<\/section>\n\t\t\t\t<section class=\"elementor-section elementor-top-section elementor-element elementor-element-e75f873 elementor-section-boxed elementor-section-height-default elementor-section-height-default\" data-id=\"e75f873\" data-element_type=\"section\">\n\t\t\t\t\t\t<div class=\"elementor-container elementor-column-gap-default\">\n\t\t\t\t\t<div class=\"elementor-column elementor-col-50 elementor-top-column elementor-element elementor-element-56ae5b8\" data-id=\"56ae5b8\" data-element_type=\"column\">\n\t\t\t<div class=\"elementor-widget-wrap elementor-element-populated\">\n\t\t\t\t\t\t<div class=\"elementor-element elementor-element-2d22d53 elementor-widget elementor-widget-gallery_slider\" data-id=\"2d22d53\" data-element_type=\"widget\" data-widget_type=\"gallery_slider.default\">\n\t\t\t\t<div class=\"elementor-widget-container\">\n\t\t\t<div class=\"gallery-fs\"><figure><img decoding=\"async\" src=\"https:\/\/miopack.com.tr\/wp-content\/uploads\/pasta-altligi-04.jpg\" alt=\"\"><\/figure><\/div>\t\t<\/div>\n\t\t\t\t<\/div>\n\t\t\t\t\t<\/div>\n\t\t<\/div>\n\t\t\t\t<div class=\"elementor-column elementor-col-50 elementor-top-column elementor-element elementor-element-1f8a9ec\" data-id=\"1f8a9ec\" data-element_type=\"column\">\n\t\t\t<div class=\"elementor-widget-wrap elementor-element-populated\">\n\t\t\t\t\t\t<div class=\"elementor-element elementor-element-afe1153 elementor-widget elementor-widget-gallery_slider\" data-id=\"afe1153\" data-element_type=\"widget\" data-widget_type=\"gallery_slider.default\">\n\t\t\t\t<div class=\"elementor-widget-container\">\n\t\t\t<div class=\"gallery-fs\"><figure><img decoding=\"async\" src=\"https:\/\/miopack.com.tr\/wp-content\/uploads\/pasta-altligi-05.jpg\" alt=\"\"><\/figure><\/div>\t\t<\/div>\n\t\t\t\t<\/div>\n\t\t\t\t\t<\/div>\n\t\t<\/div>\n\t\t\t\t\t<\/div>\n\t\t<\/section>\n\t\t\t\t<section class=\"elementor-section elementor-top-section elementor-element elementor-element-9141969 elementor-section-boxed elementor-section-height-default elementor-section-height-default\" data-id=\"9141969\" data-element_type=\"section\">\n\t\t\t\t\t\t<div class=\"elementor-container elementor-column-gap-default\">\n\t\t\t\t\t<div class=\"elementor-column elementor-col-100 elementor-top-column elementor-element elementor-element-aa3da3c\" data-id=\"aa3da3c\" data-element_type=\"column\">\n\t\t\t<div class=\"elementor-widget-wrap elementor-element-populated\">\n\t\t\t\t\t\t<div class=\"elementor-element elementor-element-6739ccb elementor-widget elementor-widget-heading\" data-id=\"6739ccb\" data-element_type=\"widget\" data-widget_type=\"heading.default\">\n\t\t\t\t<div class=\"elementor-widget-container\">\n\t\t\t<h3 class='heading-left  divider-sm'  style=\"color:#000000\"><span>DESSOUS DE VERRE \u00c0 G\u00c2TEAU<\/span><\/h3>\t\t<\/div>\n\t\t\t\t<\/div>\n\t\t\t\t<div class=\"elementor-element elementor-element-85ca906 elementor-widget elementor-widget-text-editor\" data-id=\"85ca906\" data-element_type=\"widget\" data-widget_type=\"text-editor.default\">\n\t\t\t\t<div class=\"elementor-widget-container\">\n\t\t\t\t\t\t\t<p><span style=\"vertical-align: inherit;\">Notre tapis \u00e0 g\u00e2teau 100% recycl\u00e9 avec certification de conformit\u00e9 alimentaire.<\/span><\/p><p><span style=\"vertical-align: inherit;\">Nous sommes \u00e0 votre service avec les options de couleurs et de produits lamin\u00e9s que vous souhaitez.<\/span><\/p><p><span style=\"vertical-align: inherit;\"><span style=\"vertical-align: inherit;\">Des produits stratifi\u00e9s de la plus haute qualit\u00e9 sont utilis\u00e9s.\u00a0<\/span><span style=\"vertical-align: inherit;\">Les certificats de qualit\u00e9 de tous les produits utilis\u00e9s dans la production sont d\u00e9livr\u00e9s aux clients.<\/span><\/span><\/p><p><span style=\"vertical-align: inherit;\">Caract\u00e9ristiques et avantages de nos produits<\/span><\/p><ul><li><span style=\"vertical-align: inherit;\">\u00e9conomique<\/span><\/li><li><span style=\"vertical-align: inherit;\">Mat\u00e9riau l\u00e9ger \u00e0 haute r\u00e9sistance<\/span><\/li><li><span style=\"vertical-align: inherit;\">R\u00e9sistance \u00e0 l&rsquo;humidit\u00e9<\/span><\/li><li><span style=\"vertical-align: inherit;\">Facilit\u00e9 d&rsquo;utilisation pour diff\u00e9rents param\u00e8tres<\/span><\/li><\/ul>\t\t\t\t\t\t<\/div>\n\t\t\t\t<\/div>\n\t\t\t\t\t<\/div>\n\t\t<\/div>\n\t\t\t\t\t<\/div>\n\t\t<\/section>\n\t\t\t\t<section class=\"elementor-section elementor-top-section elementor-element elementor-element-0a407a1 elementor-section-boxed elementor-section-height-default elementor-section-height-default\" data-id=\"0a407a1\" data-element_type=\"section\">\n\t\t\t\t\t\t<div class=\"elementor-container elementor-column-gap-default\">\n\t\t\t\t\t<div class=\"elementor-column elementor-col-100 elementor-top-column elementor-element elementor-element-1821c12\" data-id=\"1821c12\" data-element_type=\"column\">\n\t\t\t<div class=\"elementor-widget-wrap elementor-element-populated\">\n\t\t\t\t\t\t<div class=\"elementor-element elementor-element-c3fdad2 elementor-widget elementor-widget-heading\" data-id=\"c3fdad2\" data-element_type=\"widget\" data-widget_type=\"heading.default\">\n\t\t\t\t<div class=\"elementor-widget-container\">\n\t\t\t<h3 class='heading-left  divider-sm'  style=\"color:#000000\"><span>D\u00c9TAILS TECHNIQUES<\/span><\/h3>\t\t<\/div>\n\t\t\t\t<\/div>\n\t\t\t\t<div class=\"elementor-element elementor-element-1dfc69c elementor-widget elementor-widget-text-editor\" data-id=\"1dfc69c\" data-element_type=\"widget\" data-widget_type=\"text-editor.default\">\n\t\t\t\t<div class=\"elementor-widget-container\">\n\t\t\t\t\t\t\t<h3>&nbsp;<\/h3>\n<table style=\"height: 149px;\" width=\"419\">\n<thead>\n<tr>\n<td><table class=\"uk-table uk-table-justify uk-table-divider\" width=\"419\" style=\"background-color: rgb(255, 255, 255); height: 149px;\"><thead><tr><td><strong>Conseil<\/strong><\/td><td><strong>Unit\u00e9<\/strong><\/td><td><strong>Dessous de verre \u00e0 g\u00e2teau<\/strong><\/td><\/tr><\/thead><tbody><tr><td><font style=\"vertical-align: inherit;\">\u00c9paisseur (t)<\/font><\/td><td><font style=\"vertical-align: inherit;\">\u00b5m<\/font><\/td><td><font style=\"vertical-align: inherit;\">1 mm \u2013 4 mm<\/font><\/td><\/tr><tr><td><font style=\"vertical-align: inherit;\">Poids (w)<\/font><\/td><td><font style=\"vertical-align: inherit;\">gr\/m\u00b2<\/font><\/td><td><font style=\"vertical-align: inherit;\">600 g\/m\u00b2 \u2013 2&nbsp;650 g\/m\u00b2<\/font><\/td><\/tr><\/tbody><\/table><\/td><td><\/td><td><br><\/td><\/tr><\/thead><tbody>\n<\/tbody>\n<\/table>\t\t\t\t\t\t<\/div>\n\t\t\t\t<\/div>\n\t\t\t\t\t<\/div>\n\t\t<\/div>\n\t\t\t\t\t<\/div>\n\t\t<\/section>\n\t\t\t\t<\/div>\n\t\t","protected":false},"excerpt":{"rendered":"<p>DESSOUS DE VERRE \u00c0 G\u00c2TEAU Notre tapis \u00e0 g\u00e2teau 100% recycl\u00e9 avec certification de conformit\u00e9 alimentaire. Nous sommes \u00e0 votre service avec les options de couleurs et de produits lamin\u00e9s que vous souhaitez. Des produits stratifi\u00e9s de la plus haute &hellip;<\/p>\n","protected":false},"author":1,"featured_media":0,"parent":0,"menu_order":0,"comment_status":"closed","ping_status":"closed","template":"","meta":{"footnotes":""},"class_list":["post-5121","page","type-page","status-publish","hentry"],"yoast_head":"<!-- This site is optimized with the Yoast SEO plugin v25.2 - https:\/\/yoast.com\/wordpress\/plugins\/seo\/ -->\n<title>DESSOUS DE VERRE \u00c0 G\u00c2TEAU - Miopack Ambalaj Packaging Solutions<\/title>\n<meta name=\"robots\" content=\"index, follow, max-snippet:-1, max-image-preview:large, max-video-preview:-1\" \/>\n<link rel=\"canonical\" href=\"https:\/\/miopack.com.tr\/fr\/dessous-de-verre-a-gateau\/\" \/>\n<meta property=\"og:locale\" content=\"fr_FR\" \/>\n<meta property=\"og:type\" content=\"article\" \/>\n<meta property=\"og:title\" content=\"DESSOUS DE VERRE \u00c0 G\u00c2TEAU - Miopack Ambalaj Packaging Solutions\" \/>\n<meta property=\"og:description\" content=\"DESSOUS DE VERRE \u00c0 G\u00c2TEAU Notre tapis \u00e0 g\u00e2teau 100% recycl\u00e9 avec certification de conformit\u00e9 alimentaire. Nous sommes \u00e0 votre service avec les options de couleurs et de produits lamin\u00e9s que vous souhaitez. Des produits stratifi\u00e9s de la plus haute &hellip;\" \/>\n<meta property=\"og:url\" content=\"https:\/\/miopack.com.tr\/fr\/dessous-de-verre-a-gateau\/\" \/>\n<meta property=\"og:site_name\" content=\"Miopack Ambalaj Packaging Solutions\" \/>\n<meta property=\"article:publisher\" content=\"https:\/\/www.facebook.com\/miopack.packaging.solutions\/\" \/>\n<meta property=\"article:modified_time\" content=\"2024-03-07T08:00:21+00:00\" \/>\n<meta property=\"og:image\" content=\"https:\/\/miopack.com.tr\/wp-content\/uploads\/pasta-altligi-01.jpg\" \/>\n<meta name=\"twitter:card\" content=\"summary_large_image\" \/>\n<meta name=\"twitter:label1\" content=\"Dur\u00e9e de lecture estim\u00e9e\" \/>\n\t<meta name=\"twitter:data1\" content=\"1 minute\" \/>\n<script type=\"application\/ld+json\" class=\"yoast-schema-graph\">{\"@context\":\"https:\/\/schema.org\",\"@graph\":[{\"@type\":\"WebPage\",\"@id\":\"https:\/\/miopack.com.tr\/fr\/dessous-de-verre-a-gateau\/\",\"url\":\"https:\/\/miopack.com.tr\/fr\/dessous-de-verre-a-gateau\/\",\"name\":\"DESSOUS DE VERRE \u00c0 G\u00c2TEAU - Miopack Ambalaj Packaging Solutions\",\"isPartOf\":{\"@id\":\"https:\/\/miopack.com.tr\/fr\/#website\"},\"primaryImageOfPage\":{\"@id\":\"https:\/\/miopack.com.tr\/fr\/dessous-de-verre-a-gateau\/#primaryimage\"},\"image\":{\"@id\":\"https:\/\/miopack.com.tr\/fr\/dessous-de-verre-a-gateau\/#primaryimage\"},\"thumbnailUrl\":\"https:\/\/miopack.com.tr\/wp-content\/uploads\/pasta-altligi-01.jpg\",\"datePublished\":\"2023-01-07T15:34:34+00:00\",\"dateModified\":\"2024-03-07T08:00:21+00:00\",\"breadcrumb\":{\"@id\":\"https:\/\/miopack.com.tr\/fr\/dessous-de-verre-a-gateau\/#breadcrumb\"},\"inLanguage\":\"fr-FR\",\"potentialAction\":[{\"@type\":\"ReadAction\",\"target\":[\"https:\/\/miopack.com.tr\/fr\/dessous-de-verre-a-gateau\/\"]}]},{\"@type\":\"ImageObject\",\"inLanguage\":\"fr-FR\",\"@id\":\"https:\/\/miopack.com.tr\/fr\/dessous-de-verre-a-gateau\/#primaryimage\",\"url\":\"https:\/\/miopack.com.tr\/wp-content\/uploads\/pasta-altligi-01.jpg\",\"contentUrl\":\"https:\/\/miopack.com.tr\/wp-content\/uploads\/pasta-altligi-01.jpg\"},{\"@type\":\"BreadcrumbList\",\"@id\":\"https:\/\/miopack.com.tr\/fr\/dessous-de-verre-a-gateau\/#breadcrumb\",\"itemListElement\":[{\"@type\":\"ListItem\",\"position\":1,\"name\":\"Home\",\"item\":\"https:\/\/miopack.com.tr\/fr\/homepage-2\/\"},{\"@type\":\"ListItem\",\"position\":2,\"name\":\"DESSOUS DE VERRE \u00c0 G\u00c2TEAU\"}]},{\"@type\":\"WebSite\",\"@id\":\"https:\/\/miopack.com.tr\/fr\/#website\",\"url\":\"https:\/\/miopack.com.tr\/fr\/\",\"name\":\"www.miopack.com.tr\",\"description\":\"Cardboard corners - Edge Protector - Angle Board - Packing Sources - Cardboard - Solidboard - Angleboard - Metallized Cardboard - Pastry Coaster\",\"publisher\":{\"@id\":\"https:\/\/miopack.com.tr\/fr\/#organization\"},\"potentialAction\":[{\"@type\":\"SearchAction\",\"target\":{\"@type\":\"EntryPoint\",\"urlTemplate\":\"https:\/\/miopack.com.tr\/fr\/?s={search_term_string}\"},\"query-input\":{\"@type\":\"PropertyValueSpecification\",\"valueRequired\":true,\"valueName\":\"search_term_string\"}}],\"inLanguage\":\"fr-FR\"},{\"@type\":\"Organization\",\"@id\":\"https:\/\/miopack.com.tr\/fr\/#organization\",\"name\":\"Miopack Ambalaj Packaging Solutions\",\"url\":\"https:\/\/miopack.com.tr\/fr\/\",\"logo\":{\"@type\":\"ImageObject\",\"inLanguage\":\"fr-FR\",\"@id\":\"https:\/\/miopack.com.tr\/fr\/#\/schema\/logo\/image\/\",\"url\":\"https:\/\/miopack.com.tr\/wp-content\/uploads\/miopack-logo-1.png\",\"contentUrl\":\"https:\/\/miopack.com.tr\/wp-content\/uploads\/miopack-logo-1.png\",\"width\":442,\"height\":160,\"caption\":\"Miopack Ambalaj Packaging Solutions\"},\"image\":{\"@id\":\"https:\/\/miopack.com.tr\/fr\/#\/schema\/logo\/image\/\"},\"sameAs\":[\"https:\/\/www.facebook.com\/miopack.packaging.solutions\/\",\"https:\/\/www.instagram.com\/miopack_packaging\/\",\"https:\/\/www.youtube.com\/@miopack\",\"https:\/\/www.linkedin.com\/company\/miopack\"]}]}<\/script>\n<!-- \/ Yoast SEO plugin. -->","yoast_head_json":{"title":"DESSOUS DE VERRE \u00c0 G\u00c2TEAU - Miopack Ambalaj Packaging Solutions","robots":{"index":"index","follow":"follow","max-snippet":"max-snippet:-1","max-image-preview":"max-image-preview:large","max-video-preview":"max-video-preview:-1"},"canonical":"https:\/\/miopack.com.tr\/fr\/dessous-de-verre-a-gateau\/","og_locale":"fr_FR","og_type":"article","og_title":"DESSOUS DE VERRE \u00c0 G\u00c2TEAU - Miopack Ambalaj Packaging Solutions","og_description":"DESSOUS DE VERRE \u00c0 G\u00c2TEAU Notre tapis \u00e0 g\u00e2teau 100% recycl\u00e9 avec certification de conformit\u00e9 alimentaire. Nous sommes \u00e0 votre service avec les options de couleurs et de produits lamin\u00e9s que vous souhaitez. Des produits stratifi\u00e9s de la plus haute &hellip;","og_url":"https:\/\/miopack.com.tr\/fr\/dessous-de-verre-a-gateau\/","og_site_name":"Miopack Ambalaj Packaging Solutions","article_publisher":"https:\/\/www.facebook.com\/miopack.packaging.solutions\/","article_modified_time":"2024-03-07T08:00:21+00:00","og_image":[{"url":"https:\/\/miopack.com.tr\/wp-content\/uploads\/pasta-altligi-01.jpg","type":"","width":"","height":""}],"twitter_card":"summary_large_image","twitter_misc":{"Dur\u00e9e de lecture estim\u00e9e":"1 minute"},"schema":{"@context":"https:\/\/schema.org","@graph":[{"@type":"WebPage","@id":"https:\/\/miopack.com.tr\/fr\/dessous-de-verre-a-gateau\/","url":"https:\/\/miopack.com.tr\/fr\/dessous-de-verre-a-gateau\/","name":"DESSOUS DE VERRE \u00c0 G\u00c2TEAU - Miopack Ambalaj Packaging Solutions","isPartOf":{"@id":"https:\/\/miopack.com.tr\/fr\/#website"},"primaryImageOfPage":{"@id":"https:\/\/miopack.com.tr\/fr\/dessous-de-verre-a-gateau\/#primaryimage"},"image":{"@id":"https:\/\/miopack.com.tr\/fr\/dessous-de-verre-a-gateau\/#primaryimage"},"thumbnailUrl":"https:\/\/miopack.com.tr\/wp-content\/uploads\/pasta-altligi-01.jpg","datePublished":"2023-01-07T15:34:34+00:00","dateModified":"2024-03-07T08:00:21+00:00","breadcrumb":{"@id":"https:\/\/miopack.com.tr\/fr\/dessous-de-verre-a-gateau\/#breadcrumb"},"inLanguage":"fr-FR","potentialAction":[{"@type":"ReadAction","target":["https:\/\/miopack.com.tr\/fr\/dessous-de-verre-a-gateau\/"]}]},{"@type":"ImageObject","inLanguage":"fr-FR","@id":"https:\/\/miopack.com.tr\/fr\/dessous-de-verre-a-gateau\/#primaryimage","url":"https:\/\/miopack.com.tr\/wp-content\/uploads\/pasta-altligi-01.jpg","contentUrl":"https:\/\/miopack.com.tr\/wp-content\/uploads\/pasta-altligi-01.jpg"},{"@type":"BreadcrumbList","@id":"https:\/\/miopack.com.tr\/fr\/dessous-de-verre-a-gateau\/#breadcrumb","itemListElement":[{"@type":"ListItem","position":1,"name":"Home","item":"https:\/\/miopack.com.tr\/fr\/homepage-2\/"},{"@type":"ListItem","position":2,"name":"DESSOUS DE VERRE \u00c0 G\u00c2TEAU"}]},{"@type":"WebSite","@id":"https:\/\/miopack.com.tr\/fr\/#website","url":"https:\/\/miopack.com.tr\/fr\/","name":"www.miopack.com.tr","description":"Cardboard corners - Edge Protector - Angle Board - Packing Sources - Cardboard - Solidboard - Angleboard - Metallized Cardboard - Pastry Coaster","publisher":{"@id":"https:\/\/miopack.com.tr\/fr\/#organization"},"potentialAction":[{"@type":"SearchAction","target":{"@type":"EntryPoint","urlTemplate":"https:\/\/miopack.com.tr\/fr\/?s={search_term_string}"},"query-input":{"@type":"PropertyValueSpecification","valueRequired":true,"valueName":"search_term_string"}}],"inLanguage":"fr-FR"},{"@type":"Organization","@id":"https:\/\/miopack.com.tr\/fr\/#organization","name":"Miopack Ambalaj Packaging Solutions","url":"https:\/\/miopack.com.tr\/fr\/","logo":{"@type":"ImageObject","inLanguage":"fr-FR","@id":"https:\/\/miopack.com.tr\/fr\/#\/schema\/logo\/image\/","url":"https:\/\/miopack.com.tr\/wp-content\/uploads\/miopack-logo-1.png","contentUrl":"https:\/\/miopack.com.tr\/wp-content\/uploads\/miopack-logo-1.png","width":442,"height":160,"caption":"Miopack Ambalaj Packaging Solutions"},"image":{"@id":"https:\/\/miopack.com.tr\/fr\/#\/schema\/logo\/image\/"},"sameAs":["https:\/\/www.facebook.com\/miopack.packaging.solutions\/","https:\/\/www.instagram.com\/miopack_packaging\/","https:\/\/www.youtube.com\/@miopack","https:\/\/www.linkedin.com\/company\/miopack"]}]}},"_links":{"self":[{"href":"https:\/\/miopack.com.tr\/fr\/wp-json\/wp\/v2\/pages\/5121","targetHints":{"allow":["GET"]}}],"collection":[{"href":"https:\/\/miopack.com.tr\/fr\/wp-json\/wp\/v2\/pages"}],"about":[{"href":"https:\/\/miopack.com.tr\/fr\/wp-json\/wp\/v2\/types\/page"}],"author":[{"embeddable":true,"href":"https:\/\/miopack.com.tr\/fr\/wp-json\/wp\/v2\/users\/1"}],"replies":[{"embeddable":true,"href":"https:\/\/miopack.com.tr\/fr\/wp-json\/wp\/v2\/comments?post=5121"}],"version-history":[{"count":4,"href":"https:\/\/miopack.com.tr\/fr\/wp-json\/wp\/v2\/pages\/5121\/revisions"}],"predecessor-version":[{"id":5125,"href":"https:\/\/miopack.com.tr\/fr\/wp-json\/wp\/v2\/pages\/5121\/revisions\/5125"}],"wp:attachment":[{"href":"https:\/\/miopack.com.tr\/fr\/wp-json\/wp\/v2\/media?parent=5121"}],"curies":[{"name":"wp","href":"https:\/\/api.w.org\/{rel}","templated":true}]}}