{"id":5116,"date":"2023-01-19T14:44:20","date_gmt":"2023-01-19T14:44:20","guid":{"rendered":"https:\/\/miopack.com.tr\/?page_id=5116"},"modified":"2024-03-07T08:03:19","modified_gmt":"2024-03-07T08:03:19","slug":"boite-en-carton-decoupee-sur-mesure","status":"publish","type":"page","link":"https:\/\/miopack.com.tr\/fr\/boite-en-carton-decoupee-sur-mesure\/","title":{"rendered":"BO\u00ceTE EN CARTON D\u00c9COUP\u00c9E SUR MESURE"},"content":{"rendered":"\t\t<div data-elementor-type=\"wp-page\" data-elementor-id=\"5116\" class=\"elementor elementor-5116 elementor-979\">\n\t\t\t\t\t\t<section class=\"elementor-section elementor-top-section elementor-element elementor-element-b9f397a elementor-section-boxed elementor-section-height-default elementor-section-height-default\" data-id=\"b9f397a\" data-element_type=\"section\">\n\t\t\t\t\t\t<div class=\"elementor-container elementor-column-gap-default\">\n\t\t\t\t\t<div class=\"elementor-column elementor-col-50 elementor-top-column elementor-element elementor-element-32ff602\" data-id=\"32ff602\" data-element_type=\"column\">\n\t\t\t<div class=\"elementor-widget-wrap elementor-element-populated\">\n\t\t\t\t\t\t<div class=\"elementor-element elementor-element-b31683d elementor-widget elementor-widget-gallery_slider\" data-id=\"b31683d\" data-element_type=\"widget\" data-widget_type=\"gallery_slider.default\">\n\t\t\t\t<div class=\"elementor-widget-container\">\n\t\t\t<div class=\"gallery-fs\"><figure><img decoding=\"async\" src=\"https:\/\/miopack.com.tr\/wp-content\/uploads\/ozel-kesim-custom-cut-box.png\" alt=\"\"><\/figure><\/div>\t\t<\/div>\n\t\t\t\t<\/div>\n\t\t\t\t\t<\/div>\n\t\t<\/div>\n\t\t\t\t<div class=\"elementor-column elementor-col-50 elementor-top-column elementor-element elementor-element-03565b5\" data-id=\"03565b5\" data-element_type=\"column\">\n\t\t\t<div class=\"elementor-widget-wrap\">\n\t\t\t\t\t\t\t<\/div>\n\t\t<\/div>\n\t\t\t\t\t<\/div>\n\t\t<\/section>\n\t\t\t\t<section class=\"elementor-section elementor-top-section elementor-element elementor-element-9141969 elementor-section-boxed elementor-section-height-default elementor-section-height-default\" data-id=\"9141969\" data-element_type=\"section\">\n\t\t\t\t\t\t<div class=\"elementor-container elementor-column-gap-default\">\n\t\t\t\t\t<div class=\"elementor-column elementor-col-100 elementor-top-column elementor-element elementor-element-aa3da3c\" data-id=\"aa3da3c\" data-element_type=\"column\">\n\t\t\t<div class=\"elementor-widget-wrap elementor-element-populated\">\n\t\t\t\t\t\t<div class=\"elementor-element elementor-element-6739ccb elementor-widget elementor-widget-heading\" data-id=\"6739ccb\" data-element_type=\"widget\" data-widget_type=\"heading.default\">\n\t\t\t\t<div class=\"elementor-widget-container\">\n\t\t\t<h3 class='heading-left  divider-sm'  style=\"color:#000000\"><span>BO\u00ceTE EN CARTON D\u00c9COUP\u00c9E SUR MESURE<\/span><\/h3>\t\t<\/div>\n\t\t\t\t<\/div>\n\t\t\t\t<div class=\"elementor-element elementor-element-85ca906 elementor-widget elementor-widget-text-editor\" data-id=\"85ca906\" data-element_type=\"widget\" data-widget_type=\"text-editor.default\">\n\t\t\t\t<div class=\"elementor-widget-container\">\n\t\t\t\t\t\t\t<p><font style=\"vertical-align: inherit;\"><font style=\"vertical-align: inherit;\">Special Cut Box refl\u00e8te votre imagination avec ses d\u00e9coupes qui r\u00e9pondent \u00e0 tous les besoins.&nbsp;<\/font><font style=\"vertical-align: inherit;\">Les entreprises qui fabriquent diff\u00e9rents produits ont la possibilit\u00e9 d&rsquo;exposer leurs produits plus facilement gr\u00e2ce \u00e0 des bo\u00eetes sp\u00e9cialement d\u00e9coup\u00e9es, n\u00e9cessaires \u00e0 des activit\u00e9s telles que le transport et les foires.&nbsp;<\/font><font style=\"vertical-align: inherit;\">Vous pouvez nous appeler pour obtenir des informations sur les types et les prix de bo\u00eetes d\u00e9coup\u00e9es sp\u00e9ciales.<\/font><\/font><\/p><p><font style=\"vertical-align: inherit;\"><font style=\"vertical-align: inherit;\">La bo\u00eete sp\u00e9cialement d\u00e9coup\u00e9e, r\u00e9alis\u00e9e sp\u00e9cifiquement pour les produits d&rsquo;entreprises fabriquant diff\u00e9rents produits, refl\u00e8te votre imagination.&nbsp;<\/font><font style=\"vertical-align: inherit;\">Les bo\u00eetes sp\u00e9cialement d\u00e9coup\u00e9es, dont les entreprises ont besoin pour des activit\u00e9s telles que le transport et les foires, offrent la possibilit\u00e9 de pr\u00e9senter visuellement les produits plus fr\u00e9quemment.&nbsp;<\/font><font style=\"vertical-align: inherit;\">Vous pouvez contacter notre soci\u00e9t\u00e9 pour obtenir des informations sur les types et les prix de bo\u00eetes d\u00e9coup\u00e9es sp\u00e9ciales.<\/font><\/font><\/p>\t\t\t\t\t\t<\/div>\n\t\t\t\t<\/div>\n\t\t\t\t\t<\/div>\n\t\t<\/div>\n\t\t\t\t\t<\/div>\n\t\t<\/section>\n\t\t\t\t<\/div>\n\t\t","protected":false},"excerpt":{"rendered":"<p>BO\u00ceTE EN CARTON D\u00c9COUP\u00c9E SUR MESURE Special Cut Box refl\u00e8te votre imagination avec ses d\u00e9coupes qui r\u00e9pondent \u00e0 tous les besoins.&nbsp;Les entreprises qui fabriquent diff\u00e9rents produits ont la possibilit\u00e9 d&rsquo;exposer leurs produits plus facilement gr\u00e2ce \u00e0 des bo\u00eetes sp\u00e9cialement d\u00e9coup\u00e9es, &hellip;<\/p>\n","protected":false},"author":1,"featured_media":0,"parent":0,"menu_order":0,"comment_status":"closed","ping_status":"closed","template":"","meta":{"footnotes":""},"class_list":["post-5116","page","type-page","status-publish","hentry"],"yoast_head":"<!-- This site is optimized with the Yoast SEO plugin v25.2 - https:\/\/yoast.com\/wordpress\/plugins\/seo\/ -->\n<title>BO\u00ceTE EN CARTON D\u00c9COUP\u00c9E SUR MESURE - Miopack Ambalaj Packaging Solutions<\/title>\n<meta name=\"robots\" content=\"index, follow, max-snippet:-1, max-image-preview:large, max-video-preview:-1\" \/>\n<link rel=\"canonical\" href=\"https:\/\/miopack.com.tr\/fr\/boite-en-carton-decoupee-sur-mesure\/\" \/>\n<meta property=\"og:locale\" content=\"fr_FR\" \/>\n<meta property=\"og:type\" content=\"article\" \/>\n<meta property=\"og:title\" content=\"BO\u00ceTE EN CARTON D\u00c9COUP\u00c9E SUR MESURE - Miopack Ambalaj Packaging Solutions\" \/>\n<meta property=\"og:description\" content=\"BO\u00ceTE EN CARTON D\u00c9COUP\u00c9E SUR MESURE Special Cut Box refl\u00e8te votre imagination avec ses d\u00e9coupes qui r\u00e9pondent \u00e0 tous les besoins.&nbsp;Les entreprises qui fabriquent diff\u00e9rents produits ont la possibilit\u00e9 d&rsquo;exposer leurs produits plus facilement gr\u00e2ce \u00e0 des bo\u00eetes sp\u00e9cialement d\u00e9coup\u00e9es, &hellip;\" \/>\n<meta property=\"og:url\" content=\"https:\/\/miopack.com.tr\/fr\/boite-en-carton-decoupee-sur-mesure\/\" \/>\n<meta property=\"og:site_name\" content=\"Miopack Ambalaj Packaging Solutions\" \/>\n<meta property=\"article:publisher\" content=\"https:\/\/www.facebook.com\/miopack.packaging.solutions\/\" \/>\n<meta property=\"article:modified_time\" content=\"2024-03-07T08:03:19+00:00\" \/>\n<meta property=\"og:image\" content=\"https:\/\/miopack.com.tr\/wp-content\/uploads\/ozel-kesim-custom-cut-box.png\" \/>\n<meta name=\"twitter:card\" content=\"summary_large_image\" \/>\n<meta name=\"twitter:label1\" content=\"Dur\u00e9e de lecture estim\u00e9e\" \/>\n\t<meta name=\"twitter:data1\" content=\"1 minute\" \/>\n<script type=\"application\/ld+json\" class=\"yoast-schema-graph\">{\"@context\":\"https:\/\/schema.org\",\"@graph\":[{\"@type\":\"WebPage\",\"@id\":\"https:\/\/miopack.com.tr\/fr\/boite-en-carton-decoupee-sur-mesure\/\",\"url\":\"https:\/\/miopack.com.tr\/fr\/boite-en-carton-decoupee-sur-mesure\/\",\"name\":\"BO\u00ceTE EN CARTON D\u00c9COUP\u00c9E SUR MESURE - Miopack Ambalaj Packaging Solutions\",\"isPartOf\":{\"@id\":\"https:\/\/miopack.com.tr\/fr\/#website\"},\"primaryImageOfPage\":{\"@id\":\"https:\/\/miopack.com.tr\/fr\/boite-en-carton-decoupee-sur-mesure\/#primaryimage\"},\"image\":{\"@id\":\"https:\/\/miopack.com.tr\/fr\/boite-en-carton-decoupee-sur-mesure\/#primaryimage\"},\"thumbnailUrl\":\"https:\/\/miopack.com.tr\/wp-content\/uploads\/ozel-kesim-custom-cut-box.png\",\"datePublished\":\"2023-01-19T14:44:20+00:00\",\"dateModified\":\"2024-03-07T08:03:19+00:00\",\"breadcrumb\":{\"@id\":\"https:\/\/miopack.com.tr\/fr\/boite-en-carton-decoupee-sur-mesure\/#breadcrumb\"},\"inLanguage\":\"fr-FR\",\"potentialAction\":[{\"@type\":\"ReadAction\",\"target\":[\"https:\/\/miopack.com.tr\/fr\/boite-en-carton-decoupee-sur-mesure\/\"]}]},{\"@type\":\"ImageObject\",\"inLanguage\":\"fr-FR\",\"@id\":\"https:\/\/miopack.com.tr\/fr\/boite-en-carton-decoupee-sur-mesure\/#primaryimage\",\"url\":\"https:\/\/miopack.com.tr\/wp-content\/uploads\/ozel-kesim-custom-cut-box.png\",\"contentUrl\":\"https:\/\/miopack.com.tr\/wp-content\/uploads\/ozel-kesim-custom-cut-box.png\"},{\"@type\":\"BreadcrumbList\",\"@id\":\"https:\/\/miopack.com.tr\/fr\/boite-en-carton-decoupee-sur-mesure\/#breadcrumb\",\"itemListElement\":[{\"@type\":\"ListItem\",\"position\":1,\"name\":\"Home\",\"item\":\"https:\/\/miopack.com.tr\/fr\/homepage-2\/\"},{\"@type\":\"ListItem\",\"position\":2,\"name\":\"BO\u00ceTE EN CARTON D\u00c9COUP\u00c9E SUR MESURE\"}]},{\"@type\":\"WebSite\",\"@id\":\"https:\/\/miopack.com.tr\/fr\/#website\",\"url\":\"https:\/\/miopack.com.tr\/fr\/\",\"name\":\"www.miopack.com.tr\",\"description\":\"Cardboard corners - Edge Protector - Angle Board - Packing Sources - Cardboard - Solidboard - Angleboard - Metallized Cardboard - Pastry Coaster\",\"publisher\":{\"@id\":\"https:\/\/miopack.com.tr\/fr\/#organization\"},\"potentialAction\":[{\"@type\":\"SearchAction\",\"target\":{\"@type\":\"EntryPoint\",\"urlTemplate\":\"https:\/\/miopack.com.tr\/fr\/?s={search_term_string}\"},\"query-input\":{\"@type\":\"PropertyValueSpecification\",\"valueRequired\":true,\"valueName\":\"search_term_string\"}}],\"inLanguage\":\"fr-FR\"},{\"@type\":\"Organization\",\"@id\":\"https:\/\/miopack.com.tr\/fr\/#organization\",\"name\":\"Miopack Ambalaj Packaging Solutions\",\"url\":\"https:\/\/miopack.com.tr\/fr\/\",\"logo\":{\"@type\":\"ImageObject\",\"inLanguage\":\"fr-FR\",\"@id\":\"https:\/\/miopack.com.tr\/fr\/#\/schema\/logo\/image\/\",\"url\":\"https:\/\/miopack.com.tr\/wp-content\/uploads\/miopack-logo-1.png\",\"contentUrl\":\"https:\/\/miopack.com.tr\/wp-content\/uploads\/miopack-logo-1.png\",\"width\":442,\"height\":160,\"caption\":\"Miopack Ambalaj Packaging Solutions\"},\"image\":{\"@id\":\"https:\/\/miopack.com.tr\/fr\/#\/schema\/logo\/image\/\"},\"sameAs\":[\"https:\/\/www.facebook.com\/miopack.packaging.solutions\/\",\"https:\/\/www.instagram.com\/miopack_packaging\/\",\"https:\/\/www.youtube.com\/@miopack\",\"https:\/\/www.linkedin.com\/company\/miopack\"]}]}<\/script>\n<!-- \/ Yoast SEO plugin. -->","yoast_head_json":{"title":"BO\u00ceTE EN CARTON D\u00c9COUP\u00c9E SUR MESURE - Miopack Ambalaj Packaging Solutions","robots":{"index":"index","follow":"follow","max-snippet":"max-snippet:-1","max-image-preview":"max-image-preview:large","max-video-preview":"max-video-preview:-1"},"canonical":"https:\/\/miopack.com.tr\/fr\/boite-en-carton-decoupee-sur-mesure\/","og_locale":"fr_FR","og_type":"article","og_title":"BO\u00ceTE EN CARTON D\u00c9COUP\u00c9E SUR MESURE - Miopack Ambalaj Packaging Solutions","og_description":"BO\u00ceTE EN CARTON D\u00c9COUP\u00c9E SUR MESURE Special Cut Box refl\u00e8te votre imagination avec ses d\u00e9coupes qui r\u00e9pondent \u00e0 tous les besoins.&nbsp;Les entreprises qui fabriquent diff\u00e9rents produits ont la possibilit\u00e9 d&rsquo;exposer leurs produits plus facilement gr\u00e2ce \u00e0 des bo\u00eetes sp\u00e9cialement d\u00e9coup\u00e9es, &hellip;","og_url":"https:\/\/miopack.com.tr\/fr\/boite-en-carton-decoupee-sur-mesure\/","og_site_name":"Miopack Ambalaj Packaging Solutions","article_publisher":"https:\/\/www.facebook.com\/miopack.packaging.solutions\/","article_modified_time":"2024-03-07T08:03:19+00:00","og_image":[{"url":"https:\/\/miopack.com.tr\/wp-content\/uploads\/ozel-kesim-custom-cut-box.png","type":"","width":"","height":""}],"twitter_card":"summary_large_image","twitter_misc":{"Dur\u00e9e de lecture estim\u00e9e":"1 minute"},"schema":{"@context":"https:\/\/schema.org","@graph":[{"@type":"WebPage","@id":"https:\/\/miopack.com.tr\/fr\/boite-en-carton-decoupee-sur-mesure\/","url":"https:\/\/miopack.com.tr\/fr\/boite-en-carton-decoupee-sur-mesure\/","name":"BO\u00ceTE EN CARTON D\u00c9COUP\u00c9E SUR MESURE - Miopack Ambalaj Packaging Solutions","isPartOf":{"@id":"https:\/\/miopack.com.tr\/fr\/#website"},"primaryImageOfPage":{"@id":"https:\/\/miopack.com.tr\/fr\/boite-en-carton-decoupee-sur-mesure\/#primaryimage"},"image":{"@id":"https:\/\/miopack.com.tr\/fr\/boite-en-carton-decoupee-sur-mesure\/#primaryimage"},"thumbnailUrl":"https:\/\/miopack.com.tr\/wp-content\/uploads\/ozel-kesim-custom-cut-box.png","datePublished":"2023-01-19T14:44:20+00:00","dateModified":"2024-03-07T08:03:19+00:00","breadcrumb":{"@id":"https:\/\/miopack.com.tr\/fr\/boite-en-carton-decoupee-sur-mesure\/#breadcrumb"},"inLanguage":"fr-FR","potentialAction":[{"@type":"ReadAction","target":["https:\/\/miopack.com.tr\/fr\/boite-en-carton-decoupee-sur-mesure\/"]}]},{"@type":"ImageObject","inLanguage":"fr-FR","@id":"https:\/\/miopack.com.tr\/fr\/boite-en-carton-decoupee-sur-mesure\/#primaryimage","url":"https:\/\/miopack.com.tr\/wp-content\/uploads\/ozel-kesim-custom-cut-box.png","contentUrl":"https:\/\/miopack.com.tr\/wp-content\/uploads\/ozel-kesim-custom-cut-box.png"},{"@type":"BreadcrumbList","@id":"https:\/\/miopack.com.tr\/fr\/boite-en-carton-decoupee-sur-mesure\/#breadcrumb","itemListElement":[{"@type":"ListItem","position":1,"name":"Home","item":"https:\/\/miopack.com.tr\/fr\/homepage-2\/"},{"@type":"ListItem","position":2,"name":"BO\u00ceTE EN CARTON D\u00c9COUP\u00c9E SUR MESURE"}]},{"@type":"WebSite","@id":"https:\/\/miopack.com.tr\/fr\/#website","url":"https:\/\/miopack.com.tr\/fr\/","name":"www.miopack.com.tr","description":"Cardboard corners - Edge Protector - Angle Board - Packing Sources - Cardboard - Solidboard - Angleboard - Metallized Cardboard - Pastry Coaster","publisher":{"@id":"https:\/\/miopack.com.tr\/fr\/#organization"},"potentialAction":[{"@type":"SearchAction","target":{"@type":"EntryPoint","urlTemplate":"https:\/\/miopack.com.tr\/fr\/?s={search_term_string}"},"query-input":{"@type":"PropertyValueSpecification","valueRequired":true,"valueName":"search_term_string"}}],"inLanguage":"fr-FR"},{"@type":"Organization","@id":"https:\/\/miopack.com.tr\/fr\/#organization","name":"Miopack Ambalaj Packaging Solutions","url":"https:\/\/miopack.com.tr\/fr\/","logo":{"@type":"ImageObject","inLanguage":"fr-FR","@id":"https:\/\/miopack.com.tr\/fr\/#\/schema\/logo\/image\/","url":"https:\/\/miopack.com.tr\/wp-content\/uploads\/miopack-logo-1.png","contentUrl":"https:\/\/miopack.com.tr\/wp-content\/uploads\/miopack-logo-1.png","width":442,"height":160,"caption":"Miopack Ambalaj Packaging Solutions"},"image":{"@id":"https:\/\/miopack.com.tr\/fr\/#\/schema\/logo\/image\/"},"sameAs":["https:\/\/www.facebook.com\/miopack.packaging.solutions\/","https:\/\/www.instagram.com\/miopack_packaging\/","https:\/\/www.youtube.com\/@miopack","https:\/\/www.linkedin.com\/company\/miopack"]}]}},"_links":{"self":[{"href":"https:\/\/miopack.com.tr\/fr\/wp-json\/wp\/v2\/pages\/5116","targetHints":{"allow":["GET"]}}],"collection":[{"href":"https:\/\/miopack.com.tr\/fr\/wp-json\/wp\/v2\/pages"}],"about":[{"href":"https:\/\/miopack.com.tr\/fr\/wp-json\/wp\/v2\/types\/page"}],"author":[{"embeddable":true,"href":"https:\/\/miopack.com.tr\/fr\/wp-json\/wp\/v2\/users\/1"}],"replies":[{"embeddable":true,"href":"https:\/\/miopack.com.tr\/fr\/wp-json\/wp\/v2\/comments?post=5116"}],"version-history":[{"count":4,"href":"https:\/\/miopack.com.tr\/fr\/wp-json\/wp\/v2\/pages\/5116\/revisions"}],"predecessor-version":[{"id":5120,"href":"https:\/\/miopack.com.tr\/fr\/wp-json\/wp\/v2\/pages\/5116\/revisions\/5120"}],"wp:attachment":[{"href":"https:\/\/miopack.com.tr\/fr\/wp-json\/wp\/v2\/media?parent=5116"}],"curies":[{"name":"wp","href":"https:\/\/api.w.org\/{rel}","templated":true}]}}