{"id":5106,"date":"2023-01-18T14:30:43","date_gmt":"2023-01-18T14:30:43","guid":{"rendered":"https:\/\/miopack.com.tr\/?page_id=5106"},"modified":"2024-03-07T08:02:26","modified_gmt":"2024-03-07T08:02:26","slug":"carton-ondule-2","status":"publish","type":"page","link":"https:\/\/miopack.com.tr\/fr\/carton-ondule-2\/","title":{"rendered":"CARTON ONDUL\u00c9"},"content":{"rendered":"\t\t<div data-elementor-type=\"wp-page\" data-elementor-id=\"5106\" class=\"elementor elementor-5106 elementor-842\">\n\t\t\t\t\t\t<section class=\"elementor-section elementor-top-section elementor-element elementor-element-b9f397a elementor-section-boxed elementor-section-height-default elementor-section-height-default\" data-id=\"b9f397a\" data-element_type=\"section\">\n\t\t\t\t\t\t<div class=\"elementor-container elementor-column-gap-default\">\n\t\t\t\t\t<div class=\"elementor-column elementor-col-50 elementor-top-column elementor-element elementor-element-32ff602\" data-id=\"32ff602\" data-element_type=\"column\">\n\t\t\t<div class=\"elementor-widget-wrap elementor-element-populated\">\n\t\t\t\t\t\t<div class=\"elementor-element elementor-element-b31683d elementor-widget elementor-widget-gallery_slider\" data-id=\"b31683d\" data-element_type=\"widget\" data-widget_type=\"gallery_slider.default\">\n\t\t\t\t<div class=\"elementor-widget-container\">\n\t\t\t<div class=\"gallery-fs\"><figure><img decoding=\"async\" src=\"https:\/\/miopack.com.tr\/wp-content\/uploads\/corrugated-cardboard.png\" alt=\"\"><\/figure><\/div>\t\t<\/div>\n\t\t\t\t<\/div>\n\t\t\t\t\t<\/div>\n\t\t<\/div>\n\t\t\t\t<div class=\"elementor-column elementor-col-50 elementor-top-column elementor-element elementor-element-03565b5\" data-id=\"03565b5\" data-element_type=\"column\">\n\t\t\t<div class=\"elementor-widget-wrap\">\n\t\t\t\t\t\t\t<\/div>\n\t\t<\/div>\n\t\t\t\t\t<\/div>\n\t\t<\/section>\n\t\t\t\t<section class=\"elementor-section elementor-top-section elementor-element elementor-element-9141969 elementor-section-boxed elementor-section-height-default elementor-section-height-default\" data-id=\"9141969\" data-element_type=\"section\">\n\t\t\t\t\t\t<div class=\"elementor-container elementor-column-gap-default\">\n\t\t\t\t\t<div class=\"elementor-column elementor-col-100 elementor-top-column elementor-element elementor-element-aa3da3c\" data-id=\"aa3da3c\" data-element_type=\"column\">\n\t\t\t<div class=\"elementor-widget-wrap elementor-element-populated\">\n\t\t\t\t\t\t<div class=\"elementor-element elementor-element-6739ccb elementor-widget elementor-widget-heading\" data-id=\"6739ccb\" data-element_type=\"widget\" data-widget_type=\"heading.default\">\n\t\t\t\t<div class=\"elementor-widget-container\">\n\t\t\t<h3 class='heading-left  divider-sm'  style=\"color:#000000\"><span>CARTON ONDUL\u00c9<\/span><\/h3>\t\t<\/div>\n\t\t\t\t<\/div>\n\t\t\t\t<div class=\"elementor-element elementor-element-85ca906 elementor-widget elementor-widget-text-editor\" data-id=\"85ca906\" data-element_type=\"widget\" data-widget_type=\"text-editor.default\">\n\t\t\t\t<div class=\"elementor-widget-container\">\n\t\t\t\t\t\t\t<p><font style=\"vertical-align: inherit;\"><font style=\"vertical-align: inherit;\">Il est g\u00e9n\u00e9ralement utilis\u00e9 dans l\u2019emballage de produits volumineux dans l\u2019industrie du meuble.&nbsp;<\/font><font style=\"vertical-align: inherit;\">Elle consiste \u00e0 coller ensemble une couche de papier ondul\u00e9 et une couche de papier ordinaire.<\/font><\/font><\/p><p><font style=\"vertical-align: inherit;\"><font style=\"vertical-align: inherit;\">C&rsquo;est le nom donn\u00e9 \u00e0 une assiette compos\u00e9e de deux feuilles de papier ondul\u00e9 avec du papier coll\u00e9 sur une face.&nbsp;<\/font><font style=\"vertical-align: inherit;\">Le carton ondul\u00e9 est un carton imprim\u00e9 offset sur une seule face produit \u00e0 partir de diff\u00e9rents types de vagues.&nbsp;<\/font><font style=\"vertical-align: inherit;\">Il constitue l&rsquo;\u00e9pine dorsale ou la base du carton ondul\u00e9.<\/font><\/font><\/p><p><font style=\"vertical-align: inherit;\"><font style=\"vertical-align: inherit;\">Les cartons ondul\u00e9s sont produits sous les noms de B Wave, C Wave, E Wave et F Wave.&nbsp;<\/font><font style=\"vertical-align: inherit;\">Il est g\u00e9n\u00e9ralement utilis\u00e9 comme mat\u00e9riau d\u2019emballage et d\u2019emballage pour la protection et l\u2019exp\u00e9dition de produits volumineux et volumineux.<\/font><\/font><\/p><p><font style=\"vertical-align: inherit;\"><font style=\"vertical-align: inherit;\">Avec du carton ondul\u00e9&nbsp;;&nbsp;<\/font><font style=\"vertical-align: inherit;\">Les entreprises de meubles, de pi\u00e8ces d\u00e9tach\u00e9es automobiles, les entreprises de construction, les entreprises de profil\u00e9s en aluminium et les fabricants de nombreux autres secteurs prot\u00e8gent et exp\u00e9dient correctement leurs produits avec du carton ondul\u00e9.<\/font><\/font><\/p><p><font style=\"vertical-align: inherit;\"><font style=\"vertical-align: inherit;\">Il constitue la base du carton ondul\u00e9.&nbsp;<\/font><font style=\"vertical-align: inherit;\">Le carton ondul\u00e9 simple face peut \u00eatre expliqu\u00e9 comme du carton ondul\u00e9 form\u00e9 en recouvrant un seul c\u00f4t\u00e9 de la feuille ondul\u00e9e avec une couche plate.&nbsp;<\/font><font style=\"vertical-align: inherit;\">Il s&rsquo;agit d&rsquo;un carton imprim\u00e9 offset simple face produit \u00e0 partir de diff\u00e9rents types de vagues.&nbsp;<\/font><font style=\"vertical-align: inherit;\">Le carton ondul\u00e9 est produit en collant du papier sur les deux faces.&nbsp;<\/font><font style=\"vertical-align: inherit;\">Les cartons ondul\u00e9s sont produits sous forme de vague b, de vague c et de vague f.&nbsp;<\/font><font style=\"vertical-align: inherit;\">Le carton ondul\u00e9 est g\u00e9n\u00e9ralement utilis\u00e9 pour emballer des produits volumineux et volumineux.&nbsp;<\/font><font style=\"vertical-align: inherit;\">C\u2019est pour cette raison qu\u2019il est particuli\u00e8rement pr\u00e9f\u00e9r\u00e9 par les fabricants de meubles.&nbsp;<\/font><font style=\"vertical-align: inherit;\">Les entreprises de construction de pi\u00e8ces d\u00e9tach\u00e9es automobiles, les entreprises de profil\u00e9s en aluminium et les fabricants de nombreux autres secteurs pr\u00e9f\u00e8rent le carton ondul\u00e9 car il peut \u00eatre utilis\u00e9 comme mat\u00e9riau d&#8217;emballage et d&#8217;emballage pour la protection et l&rsquo;exp\u00e9dition de produits volumineux.<\/font><\/font><\/p>\t\t\t\t\t\t<\/div>\n\t\t\t\t<\/div>\n\t\t\t\t\t<\/div>\n\t\t<\/div>\n\t\t\t\t\t<\/div>\n\t\t<\/section>\n\t\t\t\t<\/div>\n\t\t","protected":false},"excerpt":{"rendered":"<p>CARTON ONDUL\u00c9 Il est g\u00e9n\u00e9ralement utilis\u00e9 dans l\u2019emballage de produits volumineux dans l\u2019industrie du meuble.&nbsp;Elle consiste \u00e0 coller ensemble une couche de papier ondul\u00e9 et une couche de papier ordinaire. C&rsquo;est le nom donn\u00e9 \u00e0 une assiette compos\u00e9e de deux &hellip;<\/p>\n","protected":false},"author":1,"featured_media":0,"parent":0,"menu_order":0,"comment_status":"closed","ping_status":"closed","template":"","meta":{"footnotes":""},"class_list":["post-5106","page","type-page","status-publish","hentry"],"yoast_head":"<!-- This site is optimized with the Yoast SEO plugin v25.2 - https:\/\/yoast.com\/wordpress\/plugins\/seo\/ -->\n<title>CARTON ONDUL\u00c9 - Miopack Ambalaj Packaging Solutions<\/title>\n<meta name=\"robots\" content=\"index, follow, max-snippet:-1, max-image-preview:large, max-video-preview:-1\" \/>\n<link rel=\"canonical\" href=\"https:\/\/miopack.com.tr\/fr\/carton-ondule-2\/\" \/>\n<meta property=\"og:locale\" content=\"fr_FR\" \/>\n<meta property=\"og:type\" content=\"article\" \/>\n<meta property=\"og:title\" content=\"CARTON ONDUL\u00c9 - Miopack Ambalaj Packaging Solutions\" \/>\n<meta property=\"og:description\" content=\"CARTON ONDUL\u00c9 Il est g\u00e9n\u00e9ralement utilis\u00e9 dans l\u2019emballage de produits volumineux dans l\u2019industrie du meuble.&nbsp;Elle consiste \u00e0 coller ensemble une couche de papier ondul\u00e9 et une couche de papier ordinaire. C&rsquo;est le nom donn\u00e9 \u00e0 une assiette compos\u00e9e de deux &hellip;\" \/>\n<meta property=\"og:url\" content=\"https:\/\/miopack.com.tr\/fr\/carton-ondule-2\/\" \/>\n<meta property=\"og:site_name\" content=\"Miopack Ambalaj Packaging Solutions\" \/>\n<meta property=\"article:publisher\" content=\"https:\/\/www.facebook.com\/miopack.packaging.solutions\/\" \/>\n<meta property=\"article:modified_time\" content=\"2024-03-07T08:02:26+00:00\" \/>\n<meta property=\"og:image\" content=\"https:\/\/miopack.com.tr\/wp-content\/uploads\/corrugated-cardboard.png\" \/>\n<meta name=\"twitter:card\" content=\"summary_large_image\" \/>\n<meta name=\"twitter:label1\" content=\"Dur\u00e9e de lecture estim\u00e9e\" \/>\n\t<meta name=\"twitter:data1\" content=\"2 minutes\" \/>\n<script type=\"application\/ld+json\" class=\"yoast-schema-graph\">{\"@context\":\"https:\/\/schema.org\",\"@graph\":[{\"@type\":\"WebPage\",\"@id\":\"https:\/\/miopack.com.tr\/fr\/carton-ondule-2\/\",\"url\":\"https:\/\/miopack.com.tr\/fr\/carton-ondule-2\/\",\"name\":\"CARTON ONDUL\u00c9 - Miopack Ambalaj Packaging Solutions\",\"isPartOf\":{\"@id\":\"https:\/\/miopack.com.tr\/fr\/#website\"},\"primaryImageOfPage\":{\"@id\":\"https:\/\/miopack.com.tr\/fr\/carton-ondule-2\/#primaryimage\"},\"image\":{\"@id\":\"https:\/\/miopack.com.tr\/fr\/carton-ondule-2\/#primaryimage\"},\"thumbnailUrl\":\"https:\/\/miopack.com.tr\/wp-content\/uploads\/corrugated-cardboard.png\",\"datePublished\":\"2023-01-18T14:30:43+00:00\",\"dateModified\":\"2024-03-07T08:02:26+00:00\",\"breadcrumb\":{\"@id\":\"https:\/\/miopack.com.tr\/fr\/carton-ondule-2\/#breadcrumb\"},\"inLanguage\":\"fr-FR\",\"potentialAction\":[{\"@type\":\"ReadAction\",\"target\":[\"https:\/\/miopack.com.tr\/fr\/carton-ondule-2\/\"]}]},{\"@type\":\"ImageObject\",\"inLanguage\":\"fr-FR\",\"@id\":\"https:\/\/miopack.com.tr\/fr\/carton-ondule-2\/#primaryimage\",\"url\":\"https:\/\/miopack.com.tr\/wp-content\/uploads\/corrugated-cardboard.png\",\"contentUrl\":\"https:\/\/miopack.com.tr\/wp-content\/uploads\/corrugated-cardboard.png\"},{\"@type\":\"BreadcrumbList\",\"@id\":\"https:\/\/miopack.com.tr\/fr\/carton-ondule-2\/#breadcrumb\",\"itemListElement\":[{\"@type\":\"ListItem\",\"position\":1,\"name\":\"Home\",\"item\":\"https:\/\/miopack.com.tr\/fr\/homepage-2\/\"},{\"@type\":\"ListItem\",\"position\":2,\"name\":\"CARTON ONDUL\u00c9\"}]},{\"@type\":\"WebSite\",\"@id\":\"https:\/\/miopack.com.tr\/fr\/#website\",\"url\":\"https:\/\/miopack.com.tr\/fr\/\",\"name\":\"www.miopack.com.tr\",\"description\":\"Cardboard corners - Edge Protector - Angle Board - Packing Sources - Cardboard - Solidboard - Angleboard - Metallized Cardboard - Pastry Coaster\",\"publisher\":{\"@id\":\"https:\/\/miopack.com.tr\/fr\/#organization\"},\"potentialAction\":[{\"@type\":\"SearchAction\",\"target\":{\"@type\":\"EntryPoint\",\"urlTemplate\":\"https:\/\/miopack.com.tr\/fr\/?s={search_term_string}\"},\"query-input\":{\"@type\":\"PropertyValueSpecification\",\"valueRequired\":true,\"valueName\":\"search_term_string\"}}],\"inLanguage\":\"fr-FR\"},{\"@type\":\"Organization\",\"@id\":\"https:\/\/miopack.com.tr\/fr\/#organization\",\"name\":\"Miopack Ambalaj Packaging Solutions\",\"url\":\"https:\/\/miopack.com.tr\/fr\/\",\"logo\":{\"@type\":\"ImageObject\",\"inLanguage\":\"fr-FR\",\"@id\":\"https:\/\/miopack.com.tr\/fr\/#\/schema\/logo\/image\/\",\"url\":\"https:\/\/miopack.com.tr\/wp-content\/uploads\/miopack-logo-1.png\",\"contentUrl\":\"https:\/\/miopack.com.tr\/wp-content\/uploads\/miopack-logo-1.png\",\"width\":442,\"height\":160,\"caption\":\"Miopack Ambalaj Packaging Solutions\"},\"image\":{\"@id\":\"https:\/\/miopack.com.tr\/fr\/#\/schema\/logo\/image\/\"},\"sameAs\":[\"https:\/\/www.facebook.com\/miopack.packaging.solutions\/\",\"https:\/\/www.instagram.com\/miopack_packaging\/\",\"https:\/\/www.youtube.com\/@miopack\",\"https:\/\/www.linkedin.com\/company\/miopack\"]}]}<\/script>\n<!-- \/ Yoast SEO plugin. -->","yoast_head_json":{"title":"CARTON ONDUL\u00c9 - Miopack Ambalaj Packaging Solutions","robots":{"index":"index","follow":"follow","max-snippet":"max-snippet:-1","max-image-preview":"max-image-preview:large","max-video-preview":"max-video-preview:-1"},"canonical":"https:\/\/miopack.com.tr\/fr\/carton-ondule-2\/","og_locale":"fr_FR","og_type":"article","og_title":"CARTON ONDUL\u00c9 - Miopack Ambalaj Packaging Solutions","og_description":"CARTON ONDUL\u00c9 Il est g\u00e9n\u00e9ralement utilis\u00e9 dans l\u2019emballage de produits volumineux dans l\u2019industrie du meuble.&nbsp;Elle consiste \u00e0 coller ensemble une couche de papier ondul\u00e9 et une couche de papier ordinaire. C&rsquo;est le nom donn\u00e9 \u00e0 une assiette compos\u00e9e de deux &hellip;","og_url":"https:\/\/miopack.com.tr\/fr\/carton-ondule-2\/","og_site_name":"Miopack Ambalaj Packaging Solutions","article_publisher":"https:\/\/www.facebook.com\/miopack.packaging.solutions\/","article_modified_time":"2024-03-07T08:02:26+00:00","og_image":[{"url":"https:\/\/miopack.com.tr\/wp-content\/uploads\/corrugated-cardboard.png","type":"","width":"","height":""}],"twitter_card":"summary_large_image","twitter_misc":{"Dur\u00e9e de lecture estim\u00e9e":"2 minutes"},"schema":{"@context":"https:\/\/schema.org","@graph":[{"@type":"WebPage","@id":"https:\/\/miopack.com.tr\/fr\/carton-ondule-2\/","url":"https:\/\/miopack.com.tr\/fr\/carton-ondule-2\/","name":"CARTON ONDUL\u00c9 - Miopack Ambalaj Packaging Solutions","isPartOf":{"@id":"https:\/\/miopack.com.tr\/fr\/#website"},"primaryImageOfPage":{"@id":"https:\/\/miopack.com.tr\/fr\/carton-ondule-2\/#primaryimage"},"image":{"@id":"https:\/\/miopack.com.tr\/fr\/carton-ondule-2\/#primaryimage"},"thumbnailUrl":"https:\/\/miopack.com.tr\/wp-content\/uploads\/corrugated-cardboard.png","datePublished":"2023-01-18T14:30:43+00:00","dateModified":"2024-03-07T08:02:26+00:00","breadcrumb":{"@id":"https:\/\/miopack.com.tr\/fr\/carton-ondule-2\/#breadcrumb"},"inLanguage":"fr-FR","potentialAction":[{"@type":"ReadAction","target":["https:\/\/miopack.com.tr\/fr\/carton-ondule-2\/"]}]},{"@type":"ImageObject","inLanguage":"fr-FR","@id":"https:\/\/miopack.com.tr\/fr\/carton-ondule-2\/#primaryimage","url":"https:\/\/miopack.com.tr\/wp-content\/uploads\/corrugated-cardboard.png","contentUrl":"https:\/\/miopack.com.tr\/wp-content\/uploads\/corrugated-cardboard.png"},{"@type":"BreadcrumbList","@id":"https:\/\/miopack.com.tr\/fr\/carton-ondule-2\/#breadcrumb","itemListElement":[{"@type":"ListItem","position":1,"name":"Home","item":"https:\/\/miopack.com.tr\/fr\/homepage-2\/"},{"@type":"ListItem","position":2,"name":"CARTON ONDUL\u00c9"}]},{"@type":"WebSite","@id":"https:\/\/miopack.com.tr\/fr\/#website","url":"https:\/\/miopack.com.tr\/fr\/","name":"www.miopack.com.tr","description":"Cardboard corners - Edge Protector - Angle Board - Packing Sources - Cardboard - Solidboard - Angleboard - Metallized Cardboard - Pastry Coaster","publisher":{"@id":"https:\/\/miopack.com.tr\/fr\/#organization"},"potentialAction":[{"@type":"SearchAction","target":{"@type":"EntryPoint","urlTemplate":"https:\/\/miopack.com.tr\/fr\/?s={search_term_string}"},"query-input":{"@type":"PropertyValueSpecification","valueRequired":true,"valueName":"search_term_string"}}],"inLanguage":"fr-FR"},{"@type":"Organization","@id":"https:\/\/miopack.com.tr\/fr\/#organization","name":"Miopack Ambalaj Packaging Solutions","url":"https:\/\/miopack.com.tr\/fr\/","logo":{"@type":"ImageObject","inLanguage":"fr-FR","@id":"https:\/\/miopack.com.tr\/fr\/#\/schema\/logo\/image\/","url":"https:\/\/miopack.com.tr\/wp-content\/uploads\/miopack-logo-1.png","contentUrl":"https:\/\/miopack.com.tr\/wp-content\/uploads\/miopack-logo-1.png","width":442,"height":160,"caption":"Miopack Ambalaj Packaging Solutions"},"image":{"@id":"https:\/\/miopack.com.tr\/fr\/#\/schema\/logo\/image\/"},"sameAs":["https:\/\/www.facebook.com\/miopack.packaging.solutions\/","https:\/\/www.instagram.com\/miopack_packaging\/","https:\/\/www.youtube.com\/@miopack","https:\/\/www.linkedin.com\/company\/miopack"]}]}},"_links":{"self":[{"href":"https:\/\/miopack.com.tr\/fr\/wp-json\/wp\/v2\/pages\/5106","targetHints":{"allow":["GET"]}}],"collection":[{"href":"https:\/\/miopack.com.tr\/fr\/wp-json\/wp\/v2\/pages"}],"about":[{"href":"https:\/\/miopack.com.tr\/fr\/wp-json\/wp\/v2\/types\/page"}],"author":[{"embeddable":true,"href":"https:\/\/miopack.com.tr\/fr\/wp-json\/wp\/v2\/users\/1"}],"replies":[{"embeddable":true,"href":"https:\/\/miopack.com.tr\/fr\/wp-json\/wp\/v2\/comments?post=5106"}],"version-history":[{"count":4,"href":"https:\/\/miopack.com.tr\/fr\/wp-json\/wp\/v2\/pages\/5106\/revisions"}],"predecessor-version":[{"id":5110,"href":"https:\/\/miopack.com.tr\/fr\/wp-json\/wp\/v2\/pages\/5106\/revisions\/5110"}],"wp:attachment":[{"href":"https:\/\/miopack.com.tr\/fr\/wp-json\/wp\/v2\/media?parent=5106"}],"curies":[{"name":"wp","href":"https:\/\/api.w.org\/{rel}","templated":true}]}}