{"id":4841,"date":"2023-01-20T07:38:59","date_gmt":"2023-01-20T07:38:59","guid":{"rendered":"https:\/\/miopack.com.tr\/?page_id=4841"},"modified":"2024-03-07T08:03:00","modified_gmt":"2024-03-07T08:03:00","slug":"boite-a-casseroles-inferieure-et-superieure","status":"publish","type":"page","link":"https:\/\/miopack.com.tr\/fr\/boite-a-casseroles-inferieure-et-superieure\/","title":{"rendered":"BO\u00ceTE \u00c0 CASSEROLES INF\u00c9RIEURE ET SUP\u00c9RIEURE"},"content":{"rendered":"\t\t<div data-elementor-type=\"wp-page\" data-elementor-id=\"4841\" class=\"elementor elementor-4841 elementor-991\">\n\t\t\t\t\t\t<section class=\"elementor-section elementor-top-section elementor-element elementor-element-b9f397a elementor-section-boxed elementor-section-height-default elementor-section-height-default\" data-id=\"b9f397a\" data-element_type=\"section\">\n\t\t\t\t\t\t<div class=\"elementor-container elementor-column-gap-default\">\n\t\t\t\t\t<div class=\"elementor-column elementor-col-50 elementor-top-column elementor-element elementor-element-32ff602\" data-id=\"32ff602\" data-element_type=\"column\">\n\t\t\t<div class=\"elementor-widget-wrap elementor-element-populated\">\n\t\t\t\t\t\t<div class=\"elementor-element elementor-element-b31683d elementor-widget elementor-widget-gallery_slider\" data-id=\"b31683d\" data-element_type=\"widget\" data-widget_type=\"gallery_slider.default\">\n\t\t\t\t<div class=\"elementor-widget-container\">\n\t\t\t<div class=\"gallery-fs\"><figure><img decoding=\"async\" src=\"https:\/\/miopack.com.tr\/wp-content\/uploads\/pan-box.png\" alt=\"\"><\/figure><\/div>\t\t<\/div>\n\t\t\t\t<\/div>\n\t\t\t\t\t<\/div>\n\t\t<\/div>\n\t\t\t\t<div class=\"elementor-column elementor-col-50 elementor-top-column elementor-element elementor-element-03565b5\" data-id=\"03565b5\" data-element_type=\"column\">\n\t\t\t<div class=\"elementor-widget-wrap\">\n\t\t\t\t\t\t\t<\/div>\n\t\t<\/div>\n\t\t\t\t\t<\/div>\n\t\t<\/section>\n\t\t\t\t<section class=\"elementor-section elementor-top-section elementor-element elementor-element-9141969 elementor-section-boxed elementor-section-height-default elementor-section-height-default\" data-id=\"9141969\" data-element_type=\"section\">\n\t\t\t\t\t\t<div class=\"elementor-container elementor-column-gap-default\">\n\t\t\t\t\t<div class=\"elementor-column elementor-col-100 elementor-top-column elementor-element elementor-element-aa3da3c\" data-id=\"aa3da3c\" data-element_type=\"column\">\n\t\t\t<div class=\"elementor-widget-wrap elementor-element-populated\">\n\t\t\t\t\t\t<div class=\"elementor-element elementor-element-6739ccb elementor-widget elementor-widget-heading\" data-id=\"6739ccb\" data-element_type=\"widget\" data-widget_type=\"heading.default\">\n\t\t\t\t<div class=\"elementor-widget-container\">\n\t\t\t<h3 class='heading-left  divider-sm'  style=\"color:#000000\"><span>Bo\u00eete \u00e0 casseroles inf\u00e9rieure et sup\u00e9rieure<\/span><\/h3>\t\t<\/div>\n\t\t\t\t<\/div>\n\t\t\t\t<div class=\"elementor-element elementor-element-85ca906 elementor-widget elementor-widget-text-editor\" data-id=\"85ca906\" data-element_type=\"widget\" data-widget_type=\"text-editor.default\">\n\t\t\t\t<div class=\"elementor-widget-container\">\n\t\t\t\t\t\t\t<p><span>Ces casseroles, moul\u00e9es ou produites en standard, sont exp\u00e9di\u00e9es \u00e0 plat.\u00a0Il est largement utilis\u00e9 comme emballage de fleurs coup\u00e9es dans notre pays.\u00a0Bottom Upper Tray BoxLa bo\u00eete \u00e0 plateaux t\u00e9lescopique est produite en deux types moul\u00e9e ou standard, ces bo\u00eetes de type casserole sont g\u00e9n\u00e9ralement exp\u00e9di\u00e9es \u00e0 plat, l&rsquo;assemblage des bo\u00eetes est organis\u00e9 par l&rsquo;unit\u00e9 de conditionnement de l&rsquo;entreprise utilisatrice, les bords sont coll\u00e9s ou cousus sur demande, certaines entreprises utilisent \u00e9galement du ruban adh\u00e9sif.\u00a0ils pr\u00e9f\u00e8rent.<\/span><\/p><p><span>Il est souvent utilis\u00e9 dans l\u2019industrie alimentaire.\u00a0Une fois les bocaux et les bouteilles plac\u00e9s dans le bac, ils sont exp\u00e9di\u00e9s via le processus de r\u00e9tr\u00e9cissement du nylon.<\/span><\/p>\t\t\t\t\t\t<\/div>\n\t\t\t\t<\/div>\n\t\t\t\t\t<\/div>\n\t\t<\/div>\n\t\t\t\t\t<\/div>\n\t\t<\/section>\n\t\t\t\t<\/div>\n\t\t","protected":false},"excerpt":{"rendered":"<p>Bo\u00eete \u00e0 casseroles inf\u00e9rieure et sup\u00e9rieure Ces casseroles, moul\u00e9es ou produites en standard, sont exp\u00e9di\u00e9es \u00e0 plat.\u00a0Il est largement utilis\u00e9 comme emballage de fleurs coup\u00e9es dans notre pays.\u00a0Bottom Upper Tray BoxLa bo\u00eete \u00e0 plateaux t\u00e9lescopique est produite en deux types &hellip;<\/p>\n","protected":false},"author":1,"featured_media":0,"parent":0,"menu_order":0,"comment_status":"closed","ping_status":"closed","template":"","meta":{"footnotes":""},"class_list":["post-4841","page","type-page","status-publish","hentry"],"yoast_head":"<!-- This site is optimized with the Yoast SEO plugin v25.2 - https:\/\/yoast.com\/wordpress\/plugins\/seo\/ -->\n<title>BO\u00ceTE \u00c0 CASSEROLES INF\u00c9RIEURE ET SUP\u00c9RIEURE - Miopack Ambalaj Packaging Solutions<\/title>\n<meta name=\"robots\" content=\"index, follow, max-snippet:-1, max-image-preview:large, max-video-preview:-1\" \/>\n<link rel=\"canonical\" href=\"https:\/\/miopack.com.tr\/fr\/boite-a-casseroles-inferieure-et-superieure\/\" \/>\n<meta property=\"og:locale\" content=\"fr_FR\" \/>\n<meta property=\"og:type\" content=\"article\" \/>\n<meta property=\"og:title\" content=\"BO\u00ceTE \u00c0 CASSEROLES INF\u00c9RIEURE ET SUP\u00c9RIEURE - Miopack Ambalaj Packaging Solutions\" \/>\n<meta property=\"og:description\" content=\"Bo\u00eete \u00e0 casseroles inf\u00e9rieure et sup\u00e9rieure Ces casseroles, moul\u00e9es ou produites en standard, sont exp\u00e9di\u00e9es \u00e0 plat.\u00a0Il est largement utilis\u00e9 comme emballage de fleurs coup\u00e9es dans notre pays.\u00a0Bottom Upper Tray BoxLa bo\u00eete \u00e0 plateaux t\u00e9lescopique est produite en deux types &hellip;\" \/>\n<meta property=\"og:url\" content=\"https:\/\/miopack.com.tr\/fr\/boite-a-casseroles-inferieure-et-superieure\/\" \/>\n<meta property=\"og:site_name\" content=\"Miopack Ambalaj Packaging Solutions\" \/>\n<meta property=\"article:publisher\" content=\"https:\/\/www.facebook.com\/miopack.packaging.solutions\/\" \/>\n<meta property=\"article:modified_time\" content=\"2024-03-07T08:03:00+00:00\" \/>\n<meta property=\"og:image\" content=\"https:\/\/miopack.com.tr\/wp-content\/uploads\/pan-box.png\" \/>\n<meta name=\"twitter:card\" content=\"summary_large_image\" \/>\n<meta name=\"twitter:label1\" content=\"Dur\u00e9e de lecture estim\u00e9e\" \/>\n\t<meta name=\"twitter:data1\" content=\"1 minute\" \/>\n<script type=\"application\/ld+json\" class=\"yoast-schema-graph\">{\"@context\":\"https:\/\/schema.org\",\"@graph\":[{\"@type\":\"WebPage\",\"@id\":\"https:\/\/miopack.com.tr\/fr\/boite-a-casseroles-inferieure-et-superieure\/\",\"url\":\"https:\/\/miopack.com.tr\/fr\/boite-a-casseroles-inferieure-et-superieure\/\",\"name\":\"BO\u00ceTE \u00c0 CASSEROLES INF\u00c9RIEURE ET SUP\u00c9RIEURE - Miopack Ambalaj Packaging Solutions\",\"isPartOf\":{\"@id\":\"https:\/\/miopack.com.tr\/fr\/#website\"},\"primaryImageOfPage\":{\"@id\":\"https:\/\/miopack.com.tr\/fr\/boite-a-casseroles-inferieure-et-superieure\/#primaryimage\"},\"image\":{\"@id\":\"https:\/\/miopack.com.tr\/fr\/boite-a-casseroles-inferieure-et-superieure\/#primaryimage\"},\"thumbnailUrl\":\"https:\/\/miopack.com.tr\/wp-content\/uploads\/pan-box.png\",\"datePublished\":\"2023-01-20T07:38:59+00:00\",\"dateModified\":\"2024-03-07T08:03:00+00:00\",\"breadcrumb\":{\"@id\":\"https:\/\/miopack.com.tr\/fr\/boite-a-casseroles-inferieure-et-superieure\/#breadcrumb\"},\"inLanguage\":\"fr-FR\",\"potentialAction\":[{\"@type\":\"ReadAction\",\"target\":[\"https:\/\/miopack.com.tr\/fr\/boite-a-casseroles-inferieure-et-superieure\/\"]}]},{\"@type\":\"ImageObject\",\"inLanguage\":\"fr-FR\",\"@id\":\"https:\/\/miopack.com.tr\/fr\/boite-a-casseroles-inferieure-et-superieure\/#primaryimage\",\"url\":\"https:\/\/miopack.com.tr\/wp-content\/uploads\/pan-box.png\",\"contentUrl\":\"https:\/\/miopack.com.tr\/wp-content\/uploads\/pan-box.png\"},{\"@type\":\"BreadcrumbList\",\"@id\":\"https:\/\/miopack.com.tr\/fr\/boite-a-casseroles-inferieure-et-superieure\/#breadcrumb\",\"itemListElement\":[{\"@type\":\"ListItem\",\"position\":1,\"name\":\"Home\",\"item\":\"https:\/\/miopack.com.tr\/fr\/homepage-2\/\"},{\"@type\":\"ListItem\",\"position\":2,\"name\":\"BO\u00ceTE \u00c0 CASSEROLES INF\u00c9RIEURE ET SUP\u00c9RIEURE\"}]},{\"@type\":\"WebSite\",\"@id\":\"https:\/\/miopack.com.tr\/fr\/#website\",\"url\":\"https:\/\/miopack.com.tr\/fr\/\",\"name\":\"www.miopack.com.tr\",\"description\":\"Cardboard corners - Edge Protector - Angle Board - Packing Sources - Cardboard - Solidboard - Angleboard - Metallized Cardboard - Pastry Coaster\",\"publisher\":{\"@id\":\"https:\/\/miopack.com.tr\/fr\/#organization\"},\"potentialAction\":[{\"@type\":\"SearchAction\",\"target\":{\"@type\":\"EntryPoint\",\"urlTemplate\":\"https:\/\/miopack.com.tr\/fr\/?s={search_term_string}\"},\"query-input\":{\"@type\":\"PropertyValueSpecification\",\"valueRequired\":true,\"valueName\":\"search_term_string\"}}],\"inLanguage\":\"fr-FR\"},{\"@type\":\"Organization\",\"@id\":\"https:\/\/miopack.com.tr\/fr\/#organization\",\"name\":\"Miopack Ambalaj Packaging Solutions\",\"url\":\"https:\/\/miopack.com.tr\/fr\/\",\"logo\":{\"@type\":\"ImageObject\",\"inLanguage\":\"fr-FR\",\"@id\":\"https:\/\/miopack.com.tr\/fr\/#\/schema\/logo\/image\/\",\"url\":\"https:\/\/miopack.com.tr\/wp-content\/uploads\/miopack-logo-1.png\",\"contentUrl\":\"https:\/\/miopack.com.tr\/wp-content\/uploads\/miopack-logo-1.png\",\"width\":442,\"height\":160,\"caption\":\"Miopack Ambalaj Packaging Solutions\"},\"image\":{\"@id\":\"https:\/\/miopack.com.tr\/fr\/#\/schema\/logo\/image\/\"},\"sameAs\":[\"https:\/\/www.facebook.com\/miopack.packaging.solutions\/\",\"https:\/\/www.instagram.com\/miopack_packaging\/\",\"https:\/\/www.youtube.com\/@miopack\",\"https:\/\/www.linkedin.com\/company\/miopack\"]}]}<\/script>\n<!-- \/ Yoast SEO plugin. -->","yoast_head_json":{"title":"BO\u00ceTE \u00c0 CASSEROLES INF\u00c9RIEURE ET SUP\u00c9RIEURE - Miopack Ambalaj Packaging Solutions","robots":{"index":"index","follow":"follow","max-snippet":"max-snippet:-1","max-image-preview":"max-image-preview:large","max-video-preview":"max-video-preview:-1"},"canonical":"https:\/\/miopack.com.tr\/fr\/boite-a-casseroles-inferieure-et-superieure\/","og_locale":"fr_FR","og_type":"article","og_title":"BO\u00ceTE \u00c0 CASSEROLES INF\u00c9RIEURE ET SUP\u00c9RIEURE - Miopack Ambalaj Packaging Solutions","og_description":"Bo\u00eete \u00e0 casseroles inf\u00e9rieure et sup\u00e9rieure Ces casseroles, moul\u00e9es ou produites en standard, sont exp\u00e9di\u00e9es \u00e0 plat.\u00a0Il est largement utilis\u00e9 comme emballage de fleurs coup\u00e9es dans notre pays.\u00a0Bottom Upper Tray BoxLa bo\u00eete \u00e0 plateaux t\u00e9lescopique est produite en deux types &hellip;","og_url":"https:\/\/miopack.com.tr\/fr\/boite-a-casseroles-inferieure-et-superieure\/","og_site_name":"Miopack Ambalaj Packaging Solutions","article_publisher":"https:\/\/www.facebook.com\/miopack.packaging.solutions\/","article_modified_time":"2024-03-07T08:03:00+00:00","og_image":[{"url":"https:\/\/miopack.com.tr\/wp-content\/uploads\/pan-box.png","type":"","width":"","height":""}],"twitter_card":"summary_large_image","twitter_misc":{"Dur\u00e9e de lecture estim\u00e9e":"1 minute"},"schema":{"@context":"https:\/\/schema.org","@graph":[{"@type":"WebPage","@id":"https:\/\/miopack.com.tr\/fr\/boite-a-casseroles-inferieure-et-superieure\/","url":"https:\/\/miopack.com.tr\/fr\/boite-a-casseroles-inferieure-et-superieure\/","name":"BO\u00ceTE \u00c0 CASSEROLES INF\u00c9RIEURE ET SUP\u00c9RIEURE - Miopack Ambalaj Packaging Solutions","isPartOf":{"@id":"https:\/\/miopack.com.tr\/fr\/#website"},"primaryImageOfPage":{"@id":"https:\/\/miopack.com.tr\/fr\/boite-a-casseroles-inferieure-et-superieure\/#primaryimage"},"image":{"@id":"https:\/\/miopack.com.tr\/fr\/boite-a-casseroles-inferieure-et-superieure\/#primaryimage"},"thumbnailUrl":"https:\/\/miopack.com.tr\/wp-content\/uploads\/pan-box.png","datePublished":"2023-01-20T07:38:59+00:00","dateModified":"2024-03-07T08:03:00+00:00","breadcrumb":{"@id":"https:\/\/miopack.com.tr\/fr\/boite-a-casseroles-inferieure-et-superieure\/#breadcrumb"},"inLanguage":"fr-FR","potentialAction":[{"@type":"ReadAction","target":["https:\/\/miopack.com.tr\/fr\/boite-a-casseroles-inferieure-et-superieure\/"]}]},{"@type":"ImageObject","inLanguage":"fr-FR","@id":"https:\/\/miopack.com.tr\/fr\/boite-a-casseroles-inferieure-et-superieure\/#primaryimage","url":"https:\/\/miopack.com.tr\/wp-content\/uploads\/pan-box.png","contentUrl":"https:\/\/miopack.com.tr\/wp-content\/uploads\/pan-box.png"},{"@type":"BreadcrumbList","@id":"https:\/\/miopack.com.tr\/fr\/boite-a-casseroles-inferieure-et-superieure\/#breadcrumb","itemListElement":[{"@type":"ListItem","position":1,"name":"Home","item":"https:\/\/miopack.com.tr\/fr\/homepage-2\/"},{"@type":"ListItem","position":2,"name":"BO\u00ceTE \u00c0 CASSEROLES INF\u00c9RIEURE ET SUP\u00c9RIEURE"}]},{"@type":"WebSite","@id":"https:\/\/miopack.com.tr\/fr\/#website","url":"https:\/\/miopack.com.tr\/fr\/","name":"www.miopack.com.tr","description":"Cardboard corners - Edge Protector - Angle Board - Packing Sources - Cardboard - Solidboard - Angleboard - Metallized Cardboard - Pastry Coaster","publisher":{"@id":"https:\/\/miopack.com.tr\/fr\/#organization"},"potentialAction":[{"@type":"SearchAction","target":{"@type":"EntryPoint","urlTemplate":"https:\/\/miopack.com.tr\/fr\/?s={search_term_string}"},"query-input":{"@type":"PropertyValueSpecification","valueRequired":true,"valueName":"search_term_string"}}],"inLanguage":"fr-FR"},{"@type":"Organization","@id":"https:\/\/miopack.com.tr\/fr\/#organization","name":"Miopack Ambalaj Packaging Solutions","url":"https:\/\/miopack.com.tr\/fr\/","logo":{"@type":"ImageObject","inLanguage":"fr-FR","@id":"https:\/\/miopack.com.tr\/fr\/#\/schema\/logo\/image\/","url":"https:\/\/miopack.com.tr\/wp-content\/uploads\/miopack-logo-1.png","contentUrl":"https:\/\/miopack.com.tr\/wp-content\/uploads\/miopack-logo-1.png","width":442,"height":160,"caption":"Miopack Ambalaj Packaging Solutions"},"image":{"@id":"https:\/\/miopack.com.tr\/fr\/#\/schema\/logo\/image\/"},"sameAs":["https:\/\/www.facebook.com\/miopack.packaging.solutions\/","https:\/\/www.instagram.com\/miopack_packaging\/","https:\/\/www.youtube.com\/@miopack","https:\/\/www.linkedin.com\/company\/miopack"]}]}},"_links":{"self":[{"href":"https:\/\/miopack.com.tr\/fr\/wp-json\/wp\/v2\/pages\/4841","targetHints":{"allow":["GET"]}}],"collection":[{"href":"https:\/\/miopack.com.tr\/fr\/wp-json\/wp\/v2\/pages"}],"about":[{"href":"https:\/\/miopack.com.tr\/fr\/wp-json\/wp\/v2\/types\/page"}],"author":[{"embeddable":true,"href":"https:\/\/miopack.com.tr\/fr\/wp-json\/wp\/v2\/users\/1"}],"replies":[{"embeddable":true,"href":"https:\/\/miopack.com.tr\/fr\/wp-json\/wp\/v2\/comments?post=4841"}],"version-history":[{"count":4,"href":"https:\/\/miopack.com.tr\/fr\/wp-json\/wp\/v2\/pages\/4841\/revisions"}],"predecessor-version":[{"id":4845,"href":"https:\/\/miopack.com.tr\/fr\/wp-json\/wp\/v2\/pages\/4841\/revisions\/4845"}],"wp:attachment":[{"href":"https:\/\/miopack.com.tr\/fr\/wp-json\/wp\/v2\/media?parent=4841"}],"curies":[{"name":"wp","href":"https:\/\/api.w.org\/{rel}","templated":true}]}}