{"id":4836,"date":"2023-01-20T08:17:04","date_gmt":"2023-01-20T08:17:04","guid":{"rendered":"https:\/\/miopack.com.tr\/?page_id=4836"},"modified":"2024-03-07T08:02:55","modified_gmt":"2024-03-07T08:02:55","slug":"chapeau-haut-de-forme-a-pan-inferieur","status":"publish","type":"page","link":"https:\/\/miopack.com.tr\/fr\/chapeau-haut-de-forme-a-pan-inferieur\/","title":{"rendered":"CHAPEAU HAUT DE FORME \u00c0 PAN INF\u00c9RIEUR"},"content":{"rendered":"\t\t<div data-elementor-type=\"wp-page\" data-elementor-id=\"4836\" class=\"elementor elementor-4836 elementor-997\">\n\t\t\t\t\t\t<section class=\"elementor-section elementor-top-section elementor-element elementor-element-b9f397a elementor-section-boxed elementor-section-height-default elementor-section-height-default\" data-id=\"b9f397a\" data-element_type=\"section\">\n\t\t\t\t\t\t<div class=\"elementor-container elementor-column-gap-default\">\n\t\t\t\t\t<div class=\"elementor-column elementor-col-50 elementor-top-column elementor-element elementor-element-32ff602\" data-id=\"32ff602\" data-element_type=\"column\">\n\t\t\t<div class=\"elementor-widget-wrap elementor-element-populated\">\n\t\t\t\t\t\t<div class=\"elementor-element elementor-element-b31683d elementor-widget elementor-widget-gallery_slider\" data-id=\"b31683d\" data-element_type=\"widget\" data-widget_type=\"gallery_slider.default\">\n\t\t\t\t<div class=\"elementor-widget-container\">\n\t\t\t<div class=\"gallery-fs\"><figure><img decoding=\"async\" src=\"https:\/\/miopack.com.tr\/wp-content\/uploads\/bottom-pan-top-hat-box-scaled.jpg\" alt=\"\"><\/figure><\/div>\t\t<\/div>\n\t\t\t\t<\/div>\n\t\t\t\t\t<\/div>\n\t\t<\/div>\n\t\t\t\t<div class=\"elementor-column elementor-col-50 elementor-top-column elementor-element elementor-element-03565b5\" data-id=\"03565b5\" data-element_type=\"column\">\n\t\t\t<div class=\"elementor-widget-wrap\">\n\t\t\t\t\t\t\t<\/div>\n\t\t<\/div>\n\t\t\t\t\t<\/div>\n\t\t<\/section>\n\t\t\t\t<section class=\"elementor-section elementor-top-section elementor-element elementor-element-9141969 elementor-section-boxed elementor-section-height-default elementor-section-height-default\" data-id=\"9141969\" data-element_type=\"section\">\n\t\t\t\t\t\t<div class=\"elementor-container elementor-column-gap-default\">\n\t\t\t\t\t<div class=\"elementor-column elementor-col-100 elementor-top-column elementor-element elementor-element-aa3da3c\" data-id=\"aa3da3c\" data-element_type=\"column\">\n\t\t\t<div class=\"elementor-widget-wrap elementor-element-populated\">\n\t\t\t\t\t\t<div class=\"elementor-element elementor-element-6739ccb elementor-widget elementor-widget-heading\" data-id=\"6739ccb\" data-element_type=\"widget\" data-widget_type=\"heading.default\">\n\t\t\t\t<div class=\"elementor-widget-container\">\n\t\t\t<h3 class='heading-left  divider-sm'  style=\"color:#000000\"><span>CHAPEAU INF\u00c9RIEUR ET SUP\u00c9RIEUR<\/span><\/h3>\t\t<\/div>\n\t\t\t\t<\/div>\n\t\t\t\t<div class=\"elementor-element elementor-element-85ca906 elementor-widget elementor-widget-text-editor\" data-id=\"85ca906\" data-element_type=\"widget\" data-widget_type=\"text-editor.default\">\n\t\t\t\t<div class=\"elementor-widget-container\">\n\t\t\t\t\t\t\t<main class=\"site-main\"><div class=\"container content-container\"><div class=\"row\"><div class=\"page-content col-md-9\"><div class=\"elementor elementor-1508 elementor-997\" data-elementor-type=\"wp-page\" data-elementor-id=\"1508\"><section class=\"elementor-section elementor-top-section elementor-element elementor-element-9141969 elementor-section-boxed elementor-section-height-default elementor-section-height-default\" data-id=\"9141969\" data-element_type=\"section\"><div class=\"elementor-container elementor-column-gap-default\"><div class=\"elementor-column elementor-col-100 elementor-top-column elementor-element elementor-element-aa3da3c\" data-id=\"aa3da3c\" data-element_type=\"column\"><div class=\"elementor-widget-wrap elementor-element-populated\"><div class=\"elementor-element elementor-element-85ca906 elementor-widget elementor-widget-text-editor\" data-id=\"85ca906\" data-element_type=\"widget\" data-widget_type=\"text-editor.default\"><div class=\"elementor-widget-container\"><p><span>Il s&rsquo;agit d&rsquo;un type de bo\u00eete con\u00e7ue en forme de chapeau, dont la partie inf\u00e9rieure est un plateau et la partie sup\u00e9rieure est plus courte que le plateau inf\u00e9rieur.<\/span><\/p><\/div><\/div><\/div><\/div><\/div><\/section><\/div><\/div><\/div><\/div><\/main>\t\t\t\t\t\t<\/div>\n\t\t\t\t<\/div>\n\t\t\t\t\t<\/div>\n\t\t<\/div>\n\t\t\t\t\t<\/div>\n\t\t<\/section>\n\t\t\t\t<\/div>\n\t\t","protected":false},"excerpt":{"rendered":"<p>CHAPEAU INF\u00c9RIEUR ET SUP\u00c9RIEUR Il s&rsquo;agit d&rsquo;un type de bo\u00eete con\u00e7ue en forme de chapeau, dont la partie inf\u00e9rieure est un plateau et la partie sup\u00e9rieure est plus courte que le plateau inf\u00e9rieur.<\/p>\n","protected":false},"author":1,"featured_media":0,"parent":0,"menu_order":0,"comment_status":"closed","ping_status":"closed","template":"","meta":{"footnotes":""},"class_list":["post-4836","page","type-page","status-publish","hentry"],"yoast_head":"<!-- This site is optimized with the Yoast SEO plugin v25.2 - https:\/\/yoast.com\/wordpress\/plugins\/seo\/ -->\n<title>CHAPEAU HAUT DE FORME \u00c0 PAN INF\u00c9RIEUR - Miopack Ambalaj Packaging Solutions<\/title>\n<meta name=\"robots\" content=\"index, follow, max-snippet:-1, max-image-preview:large, max-video-preview:-1\" \/>\n<link rel=\"canonical\" href=\"https:\/\/miopack.com.tr\/fr\/chapeau-haut-de-forme-a-pan-inferieur\/\" \/>\n<meta property=\"og:locale\" content=\"fr_FR\" \/>\n<meta property=\"og:type\" content=\"article\" \/>\n<meta property=\"og:title\" content=\"CHAPEAU HAUT DE FORME \u00c0 PAN INF\u00c9RIEUR - Miopack Ambalaj Packaging Solutions\" \/>\n<meta property=\"og:description\" content=\"CHAPEAU INF\u00c9RIEUR ET SUP\u00c9RIEUR Il s&rsquo;agit d&rsquo;un type de bo\u00eete con\u00e7ue en forme de chapeau, dont la partie inf\u00e9rieure est un plateau et la partie sup\u00e9rieure est plus courte que le plateau inf\u00e9rieur.\" \/>\n<meta property=\"og:url\" content=\"https:\/\/miopack.com.tr\/fr\/chapeau-haut-de-forme-a-pan-inferieur\/\" \/>\n<meta property=\"og:site_name\" content=\"Miopack Ambalaj Packaging Solutions\" \/>\n<meta property=\"article:publisher\" content=\"https:\/\/www.facebook.com\/miopack.packaging.solutions\/\" \/>\n<meta property=\"article:modified_time\" content=\"2024-03-07T08:02:55+00:00\" \/>\n<meta property=\"og:image\" content=\"https:\/\/miopack.com.tr\/wp-content\/uploads\/bottom-pan-top-hat-box-scaled.jpg\" \/>\n<meta name=\"twitter:card\" content=\"summary_large_image\" \/>\n<script type=\"application\/ld+json\" class=\"yoast-schema-graph\">{\"@context\":\"https:\/\/schema.org\",\"@graph\":[{\"@type\":\"WebPage\",\"@id\":\"https:\/\/miopack.com.tr\/fr\/chapeau-haut-de-forme-a-pan-inferieur\/\",\"url\":\"https:\/\/miopack.com.tr\/fr\/chapeau-haut-de-forme-a-pan-inferieur\/\",\"name\":\"CHAPEAU HAUT DE FORME \u00c0 PAN INF\u00c9RIEUR - Miopack Ambalaj Packaging Solutions\",\"isPartOf\":{\"@id\":\"https:\/\/miopack.com.tr\/fr\/#website\"},\"primaryImageOfPage\":{\"@id\":\"https:\/\/miopack.com.tr\/fr\/chapeau-haut-de-forme-a-pan-inferieur\/#primaryimage\"},\"image\":{\"@id\":\"https:\/\/miopack.com.tr\/fr\/chapeau-haut-de-forme-a-pan-inferieur\/#primaryimage\"},\"thumbnailUrl\":\"https:\/\/miopack.com.tr\/wp-content\/uploads\/bottom-pan-top-hat-box-scaled.jpg\",\"datePublished\":\"2023-01-20T08:17:04+00:00\",\"dateModified\":\"2024-03-07T08:02:55+00:00\",\"breadcrumb\":{\"@id\":\"https:\/\/miopack.com.tr\/fr\/chapeau-haut-de-forme-a-pan-inferieur\/#breadcrumb\"},\"inLanguage\":\"fr-FR\",\"potentialAction\":[{\"@type\":\"ReadAction\",\"target\":[\"https:\/\/miopack.com.tr\/fr\/chapeau-haut-de-forme-a-pan-inferieur\/\"]}]},{\"@type\":\"ImageObject\",\"inLanguage\":\"fr-FR\",\"@id\":\"https:\/\/miopack.com.tr\/fr\/chapeau-haut-de-forme-a-pan-inferieur\/#primaryimage\",\"url\":\"https:\/\/miopack.com.tr\/wp-content\/uploads\/bottom-pan-top-hat-box-scaled.jpg\",\"contentUrl\":\"https:\/\/miopack.com.tr\/wp-content\/uploads\/bottom-pan-top-hat-box-scaled.jpg\"},{\"@type\":\"BreadcrumbList\",\"@id\":\"https:\/\/miopack.com.tr\/fr\/chapeau-haut-de-forme-a-pan-inferieur\/#breadcrumb\",\"itemListElement\":[{\"@type\":\"ListItem\",\"position\":1,\"name\":\"Home\",\"item\":\"https:\/\/miopack.com.tr\/fr\/homepage-2\/\"},{\"@type\":\"ListItem\",\"position\":2,\"name\":\"CHAPEAU HAUT DE FORME \u00c0 PAN INF\u00c9RIEUR\"}]},{\"@type\":\"WebSite\",\"@id\":\"https:\/\/miopack.com.tr\/fr\/#website\",\"url\":\"https:\/\/miopack.com.tr\/fr\/\",\"name\":\"www.miopack.com.tr\",\"description\":\"Cardboard corners - Edge Protector - Angle Board - Packing Sources - Cardboard - Solidboard - Angleboard - Metallized Cardboard - Pastry Coaster\",\"publisher\":{\"@id\":\"https:\/\/miopack.com.tr\/fr\/#organization\"},\"potentialAction\":[{\"@type\":\"SearchAction\",\"target\":{\"@type\":\"EntryPoint\",\"urlTemplate\":\"https:\/\/miopack.com.tr\/fr\/?s={search_term_string}\"},\"query-input\":{\"@type\":\"PropertyValueSpecification\",\"valueRequired\":true,\"valueName\":\"search_term_string\"}}],\"inLanguage\":\"fr-FR\"},{\"@type\":\"Organization\",\"@id\":\"https:\/\/miopack.com.tr\/fr\/#organization\",\"name\":\"Miopack Ambalaj Packaging Solutions\",\"url\":\"https:\/\/miopack.com.tr\/fr\/\",\"logo\":{\"@type\":\"ImageObject\",\"inLanguage\":\"fr-FR\",\"@id\":\"https:\/\/miopack.com.tr\/fr\/#\/schema\/logo\/image\/\",\"url\":\"https:\/\/miopack.com.tr\/wp-content\/uploads\/miopack-logo-1.png\",\"contentUrl\":\"https:\/\/miopack.com.tr\/wp-content\/uploads\/miopack-logo-1.png\",\"width\":442,\"height\":160,\"caption\":\"Miopack Ambalaj Packaging Solutions\"},\"image\":{\"@id\":\"https:\/\/miopack.com.tr\/fr\/#\/schema\/logo\/image\/\"},\"sameAs\":[\"https:\/\/www.facebook.com\/miopack.packaging.solutions\/\",\"https:\/\/www.instagram.com\/miopack_packaging\/\",\"https:\/\/www.youtube.com\/@miopack\",\"https:\/\/www.linkedin.com\/company\/miopack\"]}]}<\/script>\n<!-- \/ Yoast SEO plugin. -->","yoast_head_json":{"title":"CHAPEAU HAUT DE FORME \u00c0 PAN INF\u00c9RIEUR - Miopack Ambalaj Packaging Solutions","robots":{"index":"index","follow":"follow","max-snippet":"max-snippet:-1","max-image-preview":"max-image-preview:large","max-video-preview":"max-video-preview:-1"},"canonical":"https:\/\/miopack.com.tr\/fr\/chapeau-haut-de-forme-a-pan-inferieur\/","og_locale":"fr_FR","og_type":"article","og_title":"CHAPEAU HAUT DE FORME \u00c0 PAN INF\u00c9RIEUR - Miopack Ambalaj Packaging Solutions","og_description":"CHAPEAU INF\u00c9RIEUR ET SUP\u00c9RIEUR Il s&rsquo;agit d&rsquo;un type de bo\u00eete con\u00e7ue en forme de chapeau, dont la partie inf\u00e9rieure est un plateau et la partie sup\u00e9rieure est plus courte que le plateau inf\u00e9rieur.","og_url":"https:\/\/miopack.com.tr\/fr\/chapeau-haut-de-forme-a-pan-inferieur\/","og_site_name":"Miopack Ambalaj Packaging Solutions","article_publisher":"https:\/\/www.facebook.com\/miopack.packaging.solutions\/","article_modified_time":"2024-03-07T08:02:55+00:00","og_image":[{"url":"https:\/\/miopack.com.tr\/wp-content\/uploads\/bottom-pan-top-hat-box-scaled.jpg","type":"","width":"","height":""}],"twitter_card":"summary_large_image","schema":{"@context":"https:\/\/schema.org","@graph":[{"@type":"WebPage","@id":"https:\/\/miopack.com.tr\/fr\/chapeau-haut-de-forme-a-pan-inferieur\/","url":"https:\/\/miopack.com.tr\/fr\/chapeau-haut-de-forme-a-pan-inferieur\/","name":"CHAPEAU HAUT DE FORME \u00c0 PAN INF\u00c9RIEUR - Miopack Ambalaj Packaging Solutions","isPartOf":{"@id":"https:\/\/miopack.com.tr\/fr\/#website"},"primaryImageOfPage":{"@id":"https:\/\/miopack.com.tr\/fr\/chapeau-haut-de-forme-a-pan-inferieur\/#primaryimage"},"image":{"@id":"https:\/\/miopack.com.tr\/fr\/chapeau-haut-de-forme-a-pan-inferieur\/#primaryimage"},"thumbnailUrl":"https:\/\/miopack.com.tr\/wp-content\/uploads\/bottom-pan-top-hat-box-scaled.jpg","datePublished":"2023-01-20T08:17:04+00:00","dateModified":"2024-03-07T08:02:55+00:00","breadcrumb":{"@id":"https:\/\/miopack.com.tr\/fr\/chapeau-haut-de-forme-a-pan-inferieur\/#breadcrumb"},"inLanguage":"fr-FR","potentialAction":[{"@type":"ReadAction","target":["https:\/\/miopack.com.tr\/fr\/chapeau-haut-de-forme-a-pan-inferieur\/"]}]},{"@type":"ImageObject","inLanguage":"fr-FR","@id":"https:\/\/miopack.com.tr\/fr\/chapeau-haut-de-forme-a-pan-inferieur\/#primaryimage","url":"https:\/\/miopack.com.tr\/wp-content\/uploads\/bottom-pan-top-hat-box-scaled.jpg","contentUrl":"https:\/\/miopack.com.tr\/wp-content\/uploads\/bottom-pan-top-hat-box-scaled.jpg"},{"@type":"BreadcrumbList","@id":"https:\/\/miopack.com.tr\/fr\/chapeau-haut-de-forme-a-pan-inferieur\/#breadcrumb","itemListElement":[{"@type":"ListItem","position":1,"name":"Home","item":"https:\/\/miopack.com.tr\/fr\/homepage-2\/"},{"@type":"ListItem","position":2,"name":"CHAPEAU HAUT DE FORME \u00c0 PAN INF\u00c9RIEUR"}]},{"@type":"WebSite","@id":"https:\/\/miopack.com.tr\/fr\/#website","url":"https:\/\/miopack.com.tr\/fr\/","name":"www.miopack.com.tr","description":"Cardboard corners - Edge Protector - Angle Board - Packing Sources - Cardboard - Solidboard - Angleboard - Metallized Cardboard - Pastry Coaster","publisher":{"@id":"https:\/\/miopack.com.tr\/fr\/#organization"},"potentialAction":[{"@type":"SearchAction","target":{"@type":"EntryPoint","urlTemplate":"https:\/\/miopack.com.tr\/fr\/?s={search_term_string}"},"query-input":{"@type":"PropertyValueSpecification","valueRequired":true,"valueName":"search_term_string"}}],"inLanguage":"fr-FR"},{"@type":"Organization","@id":"https:\/\/miopack.com.tr\/fr\/#organization","name":"Miopack Ambalaj Packaging Solutions","url":"https:\/\/miopack.com.tr\/fr\/","logo":{"@type":"ImageObject","inLanguage":"fr-FR","@id":"https:\/\/miopack.com.tr\/fr\/#\/schema\/logo\/image\/","url":"https:\/\/miopack.com.tr\/wp-content\/uploads\/miopack-logo-1.png","contentUrl":"https:\/\/miopack.com.tr\/wp-content\/uploads\/miopack-logo-1.png","width":442,"height":160,"caption":"Miopack Ambalaj Packaging Solutions"},"image":{"@id":"https:\/\/miopack.com.tr\/fr\/#\/schema\/logo\/image\/"},"sameAs":["https:\/\/www.facebook.com\/miopack.packaging.solutions\/","https:\/\/www.instagram.com\/miopack_packaging\/","https:\/\/www.youtube.com\/@miopack","https:\/\/www.linkedin.com\/company\/miopack"]}]}},"_links":{"self":[{"href":"https:\/\/miopack.com.tr\/fr\/wp-json\/wp\/v2\/pages\/4836","targetHints":{"allow":["GET"]}}],"collection":[{"href":"https:\/\/miopack.com.tr\/fr\/wp-json\/wp\/v2\/pages"}],"about":[{"href":"https:\/\/miopack.com.tr\/fr\/wp-json\/wp\/v2\/types\/page"}],"author":[{"embeddable":true,"href":"https:\/\/miopack.com.tr\/fr\/wp-json\/wp\/v2\/users\/1"}],"replies":[{"embeddable":true,"href":"https:\/\/miopack.com.tr\/fr\/wp-json\/wp\/v2\/comments?post=4836"}],"version-history":[{"count":4,"href":"https:\/\/miopack.com.tr\/fr\/wp-json\/wp\/v2\/pages\/4836\/revisions"}],"predecessor-version":[{"id":4840,"href":"https:\/\/miopack.com.tr\/fr\/wp-json\/wp\/v2\/pages\/4836\/revisions\/4840"}],"wp:attachment":[{"href":"https:\/\/miopack.com.tr\/fr\/wp-json\/wp\/v2\/media?parent=4836"}],"curies":[{"name":"wp","href":"https:\/\/api.w.org\/{rel}","templated":true}]}}