{"id":4070,"date":"2024-02-12T09:23:23","date_gmt":"2024-02-12T09:23:23","guid":{"rendered":"https:\/\/miopack.com.tr\/?page_id=4070"},"modified":"2024-02-13T07:05:11","modified_gmt":"2024-02-13T07:05:11","slug":"miotripleks-tripleks-gt","status":"publish","type":"page","link":"https:\/\/miopack.com.tr\/es\/miotripleks-tripleks-gt\/","title":{"rendered":"Miotripleks\u2122 (Tripleks, GT)"},"content":{"rendered":"\t\t<div data-elementor-type=\"wp-page\" data-elementor-id=\"4070\" class=\"elementor elementor-4070 elementor-3981\">\n\t\t\t\t\t\t<section class=\"elementor-section elementor-top-section elementor-element elementor-element-b9f397a elementor-section-boxed elementor-section-height-default elementor-section-height-default\" data-id=\"b9f397a\" data-element_type=\"section\">\n\t\t\t\t\t\t<div class=\"elementor-container elementor-column-gap-default\">\n\t\t\t\t\t<div class=\"elementor-column elementor-col-50 elementor-top-column elementor-element elementor-element-32ff602\" data-id=\"32ff602\" data-element_type=\"column\">\n\t\t\t<div class=\"elementor-widget-wrap elementor-element-populated\">\n\t\t\t\t\t\t<div class=\"elementor-element elementor-element-39319f4 elementor-widget elementor-widget-gallery_slider\" data-id=\"39319f4\" data-element_type=\"widget\" data-widget_type=\"gallery_slider.default\">\n\t\t\t\t<div class=\"elementor-widget-container\">\n\t\t\t<div class=\"gallery-fs\"><figure><img decoding=\"async\" src=\"https:\/\/miopack.com.tr\/wp-content\/uploads\/mio-print-tripleks.png\" alt=\"\"><\/figure><\/div>\t\t<\/div>\n\t\t\t\t<\/div>\n\t\t\t\t\t<\/div>\n\t\t<\/div>\n\t\t\t\t<div class=\"elementor-column elementor-col-50 elementor-top-column elementor-element elementor-element-03565b5\" data-id=\"03565b5\" data-element_type=\"column\">\n\t\t\t<div class=\"elementor-widget-wrap elementor-element-populated\">\n\t\t\t\t\t\t<div class=\"elementor-element elementor-element-b31683d elementor-widget elementor-widget-gallery_slider\" data-id=\"b31683d\" data-element_type=\"widget\" data-widget_type=\"gallery_slider.default\">\n\t\t\t\t<div class=\"elementor-widget-container\">\n\t\t\t<div class=\"gallery-fs\"><figure><img decoding=\"async\" src=\"https:\/\/miopack.com.tr\/wp-content\/uploads\/4.jpg\" alt=\"\"><\/figure><\/div>\t\t<\/div>\n\t\t\t\t<\/div>\n\t\t\t\t<div class=\"elementor-element elementor-element-b71dda0 elementor-widget elementor-widget-gallery_slider\" data-id=\"b71dda0\" data-element_type=\"widget\" data-widget_type=\"gallery_slider.default\">\n\t\t\t\t<div class=\"elementor-widget-container\">\n\t\t\t<div class=\"gallery-fs\"><figure><img decoding=\"async\" src=\"https:\/\/miopack.com.tr\/wp-content\/uploads\/miotriplex-ebat-scaled-1.jpg\" alt=\"\"><\/figure><\/div>\t\t<\/div>\n\t\t\t\t<\/div>\n\t\t\t\t\t<\/div>\n\t\t<\/div>\n\t\t\t\t\t<\/div>\n\t\t<\/section>\n\t\t\t\t<section class=\"elementor-section elementor-top-section elementor-element elementor-element-9141969 elementor-section-boxed elementor-section-height-default elementor-section-height-default\" data-id=\"9141969\" data-element_type=\"section\">\n\t\t\t\t\t\t<div class=\"elementor-container elementor-column-gap-default\">\n\t\t\t\t\t<div class=\"elementor-column elementor-col-100 elementor-top-column elementor-element elementor-element-aa3da3c\" data-id=\"aa3da3c\" data-element_type=\"column\">\n\t\t\t<div class=\"elementor-widget-wrap elementor-element-populated\">\n\t\t\t\t\t\t<div class=\"elementor-element elementor-element-6739ccb elementor-widget elementor-widget-heading\" data-id=\"6739ccb\" data-element_type=\"widget\" data-widget_type=\"heading.default\">\n\t\t\t\t<div class=\"elementor-widget-container\">\n\t\t\t<h3 class='heading-left  divider-sm'  style=\"color:#000000\"><span>MIOTRIPLEKS\u2122 (TRIPLEKS, GT)<\/span><\/h3>\t\t<\/div>\n\t\t\t\t<\/div>\n\t\t\t\t<div class=\"elementor-element elementor-element-85ca906 elementor-widget elementor-widget-text-editor\" data-id=\"85ca906\" data-element_type=\"widget\" data-widget_type=\"text-editor.default\">\n\t\t\t\t<div class=\"elementor-widget-container\">\n\t\t\t\t\t\t\t<p>Las caras posterior y anterior son blancas y est\u00e1n recubiertas, y en la superficie anterior se aplican dos capas de recubrimiento con Airknife &amp; Blade. En la superficie posterior se aplica un revestimiento pigmentado de una sola capa.<\/p><p>En nuestra l\u00ednea de producci\u00f3n se fabrica cart\u00f3n Miotriplex de 300, 350 y 400 g\/m2. Los cartones Miotriplex, Miotriplex\u2122 se utilizan en aplicaciones de envasado de alimentos, envasado de cosm\u00e9ticos, cubiertas de libros, impresi\u00f3n de calendarios y folletos, cajas farmac\u00e9uticas.<\/p><p>El cart\u00f3n d\u00faplex WLC se produce a partir de un 95% de papel usado reciclado y un 5% de celulosa. Las caracter\u00edsticas de calidad del cart\u00f3n producido dependen de su aspecto y rendimiento. Las caracter\u00edsticas de apariencia incluyen el color, la suavidad de la superficie, la estructura de la superficie, el brillo, la opacidad, la imprimibilidad, la resistencia de la superficie, el pH de la superficie y la limpieza, mientras que las caracter\u00edsticas de rendimiento incluyen el peso, el grosor, la humedad, la resistencia a la tracci\u00f3n y el alargamiento, la resistencia al desgarro, la resistencia al estallido, la resistencia a la flexi\u00f3n, la resistencia a la compresi\u00f3n, el plegado y el plisado, la uni\u00f3n de las capas, la estabilidad dimensional, la porosidad, la absorci\u00f3n de agua y la adhesi\u00f3n a la superficie.<\/p>\t\t\t\t\t\t<\/div>\n\t\t\t\t<\/div>\n\t\t\t\t<div class=\"elementor-element elementor-element-533351f elementor-widget elementor-widget-image\" data-id=\"533351f\" data-element_type=\"widget\" data-widget_type=\"image.default\">\n\t\t\t\t<div class=\"elementor-widget-container\">\n\t\t\t\t\t\t\t\t\t\t\t\t\t<img fetchpriority=\"high\" decoding=\"async\" width=\"680\" height=\"516\" src=\"https:\/\/miopack.com.tr\/wp-content\/uploads\/mioprint-en-05-2.png\" class=\"attachment-large size-large wp-image-4039\" alt=\"\" srcset=\"https:\/\/miopack.com.tr\/wp-content\/uploads\/mioprint-en-05-2.png 680w, https:\/\/miopack.com.tr\/wp-content\/uploads\/mioprint-en-05-2-300x228.png 300w, https:\/\/miopack.com.tr\/wp-content\/uploads\/mioprint-en-05-2-600x455.png 600w\" sizes=\"(max-width: 680px) 100vw, 680px\" \/>\t\t\t\t\t\t\t\t\t\t\t\t\t<\/div>\n\t\t\t\t<\/div>\n\t\t\t\t<div class=\"elementor-element elementor-element-dc3961a elementor-widget elementor-widget-image\" data-id=\"dc3961a\" data-element_type=\"widget\" data-widget_type=\"image.default\">\n\t\t\t\t<div class=\"elementor-widget-container\">\n\t\t\t\t\t\t\t\t\t\t\t\t\t<img decoding=\"async\" width=\"765\" height=\"429\" src=\"https:\/\/miopack.com.tr\/wp-content\/uploads\/mioprint-en-06.png\" class=\"attachment-large size-large wp-image-4042\" alt=\"\" srcset=\"https:\/\/miopack.com.tr\/wp-content\/uploads\/mioprint-en-06.png 765w, https:\/\/miopack.com.tr\/wp-content\/uploads\/mioprint-en-06-300x168.png 300w, https:\/\/miopack.com.tr\/wp-content\/uploads\/mioprint-en-06-600x336.png 600w\" sizes=\"(max-width: 765px) 100vw, 765px\" \/>\t\t\t\t\t\t\t\t\t\t\t\t\t<\/div>\n\t\t\t\t<\/div>\n\t\t\t\t\t<\/div>\n\t\t<\/div>\n\t\t\t\t\t<\/div>\n\t\t<\/section>\n\t\t\t\t<\/div>\n\t\t","protected":false},"excerpt":{"rendered":"<p>MIOTRIPLEKS\u2122 (TRIPLEKS, GT) Las caras posterior y anterior son blancas y est\u00e1n recubiertas, y en la superficie anterior se aplican dos capas de recubrimiento con Airknife &amp; Blade. En la superficie posterior se aplica un revestimiento pigmentado de una sola &hellip;<\/p>\n","protected":false},"author":1,"featured_media":0,"parent":0,"menu_order":0,"comment_status":"closed","ping_status":"closed","template":"","meta":{"footnotes":""},"class_list":["post-4070","page","type-page","status-publish","hentry"],"yoast_head":"<!-- This site is optimized with the Yoast SEO plugin v25.2 - https:\/\/yoast.com\/wordpress\/plugins\/seo\/ -->\n<title>Miotripleks\u2122 (Tripleks, GT) - Miopack Ambalaj Packaging Solutions<\/title>\n<meta name=\"robots\" content=\"index, follow, max-snippet:-1, max-image-preview:large, max-video-preview:-1\" \/>\n<link rel=\"canonical\" href=\"https:\/\/miopack.com.tr\/es\/miotripleks-tripleks-gt\/\" \/>\n<meta property=\"og:locale\" content=\"es_ES\" \/>\n<meta property=\"og:type\" content=\"article\" \/>\n<meta property=\"og:title\" content=\"Miotripleks\u2122 (Tripleks, GT) - Miopack Ambalaj Packaging Solutions\" \/>\n<meta property=\"og:description\" content=\"MIOTRIPLEKS\u2122 (TRIPLEKS, GT) Las caras posterior y anterior son blancas y est\u00e1n recubiertas, y en la superficie anterior se aplican dos capas de recubrimiento con Airknife &amp; Blade. En la superficie posterior se aplica un revestimiento pigmentado de una sola &hellip;\" \/>\n<meta property=\"og:url\" content=\"https:\/\/miopack.com.tr\/es\/miotripleks-tripleks-gt\/\" \/>\n<meta property=\"og:site_name\" content=\"Miopack Ambalaj Packaging Solutions\" \/>\n<meta property=\"article:publisher\" content=\"https:\/\/www.facebook.com\/miopack.packaging.solutions\/\" \/>\n<meta property=\"article:modified_time\" content=\"2024-02-13T07:05:11+00:00\" \/>\n<meta property=\"og:image\" content=\"https:\/\/miopack.com.tr\/wp-content\/uploads\/mio-print-tripleks.png\" \/>\n<meta name=\"twitter:card\" content=\"summary_large_image\" \/>\n<meta name=\"twitter:label1\" content=\"Tiempo de lectura\" \/>\n\t<meta name=\"twitter:data1\" content=\"1 minuto\" \/>\n<script type=\"application\/ld+json\" class=\"yoast-schema-graph\">{\"@context\":\"https:\/\/schema.org\",\"@graph\":[{\"@type\":\"WebPage\",\"@id\":\"https:\/\/miopack.com.tr\/es\/miotripleks-tripleks-gt\/\",\"url\":\"https:\/\/miopack.com.tr\/es\/miotripleks-tripleks-gt\/\",\"name\":\"Miotripleks\u2122 (Tripleks, GT) - Miopack Ambalaj Packaging Solutions\",\"isPartOf\":{\"@id\":\"https:\/\/miopack.com.tr\/es\/#website\"},\"primaryImageOfPage\":{\"@id\":\"https:\/\/miopack.com.tr\/es\/miotripleks-tripleks-gt\/#primaryimage\"},\"image\":{\"@id\":\"https:\/\/miopack.com.tr\/es\/miotripleks-tripleks-gt\/#primaryimage\"},\"thumbnailUrl\":\"https:\/\/miopack.com.tr\/wp-content\/uploads\/mio-print-tripleks.png\",\"datePublished\":\"2024-02-12T09:23:23+00:00\",\"dateModified\":\"2024-02-13T07:05:11+00:00\",\"breadcrumb\":{\"@id\":\"https:\/\/miopack.com.tr\/es\/miotripleks-tripleks-gt\/#breadcrumb\"},\"inLanguage\":\"es\",\"potentialAction\":[{\"@type\":\"ReadAction\",\"target\":[\"https:\/\/miopack.com.tr\/es\/miotripleks-tripleks-gt\/\"]}]},{\"@type\":\"ImageObject\",\"inLanguage\":\"es\",\"@id\":\"https:\/\/miopack.com.tr\/es\/miotripleks-tripleks-gt\/#primaryimage\",\"url\":\"https:\/\/miopack.com.tr\/wp-content\/uploads\/mio-print-tripleks.png\",\"contentUrl\":\"https:\/\/miopack.com.tr\/wp-content\/uploads\/mio-print-tripleks.png\"},{\"@type\":\"BreadcrumbList\",\"@id\":\"https:\/\/miopack.com.tr\/es\/miotripleks-tripleks-gt\/#breadcrumb\",\"itemListElement\":[{\"@type\":\"ListItem\",\"position\":1,\"name\":\"Home\",\"item\":\"https:\/\/miopack.com.tr\/es\/inicio\/\"},{\"@type\":\"ListItem\",\"position\":2,\"name\":\"Miotripleks\u2122 (Tripleks, GT)\"}]},{\"@type\":\"WebSite\",\"@id\":\"https:\/\/miopack.com.tr\/es\/#website\",\"url\":\"https:\/\/miopack.com.tr\/es\/\",\"name\":\"www.miopack.com.tr\",\"description\":\"Cardboard corners - Edge Protector - Angle Board - Packing Sources - Cardboard - Solidboard - Angleboard - Metallized Cardboard - Pastry Coaster\",\"publisher\":{\"@id\":\"https:\/\/miopack.com.tr\/es\/#organization\"},\"potentialAction\":[{\"@type\":\"SearchAction\",\"target\":{\"@type\":\"EntryPoint\",\"urlTemplate\":\"https:\/\/miopack.com.tr\/es\/?s={search_term_string}\"},\"query-input\":{\"@type\":\"PropertyValueSpecification\",\"valueRequired\":true,\"valueName\":\"search_term_string\"}}],\"inLanguage\":\"es\"},{\"@type\":\"Organization\",\"@id\":\"https:\/\/miopack.com.tr\/es\/#organization\",\"name\":\"Miopack Ambalaj Packaging Solutions\",\"url\":\"https:\/\/miopack.com.tr\/es\/\",\"logo\":{\"@type\":\"ImageObject\",\"inLanguage\":\"es\",\"@id\":\"https:\/\/miopack.com.tr\/es\/#\/schema\/logo\/image\/\",\"url\":\"https:\/\/miopack.com.tr\/wp-content\/uploads\/miopack-logo-1.png\",\"contentUrl\":\"https:\/\/miopack.com.tr\/wp-content\/uploads\/miopack-logo-1.png\",\"width\":442,\"height\":160,\"caption\":\"Miopack Ambalaj Packaging Solutions\"},\"image\":{\"@id\":\"https:\/\/miopack.com.tr\/es\/#\/schema\/logo\/image\/\"},\"sameAs\":[\"https:\/\/www.facebook.com\/miopack.packaging.solutions\/\",\"https:\/\/www.instagram.com\/miopack_packaging\/\",\"https:\/\/www.youtube.com\/@miopack\",\"https:\/\/www.linkedin.com\/company\/miopack\"]}]}<\/script>\n<!-- \/ Yoast SEO plugin. -->","yoast_head_json":{"title":"Miotripleks\u2122 (Tripleks, GT) - Miopack Ambalaj Packaging Solutions","robots":{"index":"index","follow":"follow","max-snippet":"max-snippet:-1","max-image-preview":"max-image-preview:large","max-video-preview":"max-video-preview:-1"},"canonical":"https:\/\/miopack.com.tr\/es\/miotripleks-tripleks-gt\/","og_locale":"es_ES","og_type":"article","og_title":"Miotripleks\u2122 (Tripleks, GT) - Miopack Ambalaj Packaging Solutions","og_description":"MIOTRIPLEKS\u2122 (TRIPLEKS, GT) Las caras posterior y anterior son blancas y est\u00e1n recubiertas, y en la superficie anterior se aplican dos capas de recubrimiento con Airknife &amp; Blade. En la superficie posterior se aplica un revestimiento pigmentado de una sola &hellip;","og_url":"https:\/\/miopack.com.tr\/es\/miotripleks-tripleks-gt\/","og_site_name":"Miopack Ambalaj Packaging Solutions","article_publisher":"https:\/\/www.facebook.com\/miopack.packaging.solutions\/","article_modified_time":"2024-02-13T07:05:11+00:00","og_image":[{"url":"https:\/\/miopack.com.tr\/wp-content\/uploads\/mio-print-tripleks.png","type":"","width":"","height":""}],"twitter_card":"summary_large_image","twitter_misc":{"Tiempo de lectura":"1 minuto"},"schema":{"@context":"https:\/\/schema.org","@graph":[{"@type":"WebPage","@id":"https:\/\/miopack.com.tr\/es\/miotripleks-tripleks-gt\/","url":"https:\/\/miopack.com.tr\/es\/miotripleks-tripleks-gt\/","name":"Miotripleks\u2122 (Tripleks, GT) - Miopack Ambalaj Packaging Solutions","isPartOf":{"@id":"https:\/\/miopack.com.tr\/es\/#website"},"primaryImageOfPage":{"@id":"https:\/\/miopack.com.tr\/es\/miotripleks-tripleks-gt\/#primaryimage"},"image":{"@id":"https:\/\/miopack.com.tr\/es\/miotripleks-tripleks-gt\/#primaryimage"},"thumbnailUrl":"https:\/\/miopack.com.tr\/wp-content\/uploads\/mio-print-tripleks.png","datePublished":"2024-02-12T09:23:23+00:00","dateModified":"2024-02-13T07:05:11+00:00","breadcrumb":{"@id":"https:\/\/miopack.com.tr\/es\/miotripleks-tripleks-gt\/#breadcrumb"},"inLanguage":"es","potentialAction":[{"@type":"ReadAction","target":["https:\/\/miopack.com.tr\/es\/miotripleks-tripleks-gt\/"]}]},{"@type":"ImageObject","inLanguage":"es","@id":"https:\/\/miopack.com.tr\/es\/miotripleks-tripleks-gt\/#primaryimage","url":"https:\/\/miopack.com.tr\/wp-content\/uploads\/mio-print-tripleks.png","contentUrl":"https:\/\/miopack.com.tr\/wp-content\/uploads\/mio-print-tripleks.png"},{"@type":"BreadcrumbList","@id":"https:\/\/miopack.com.tr\/es\/miotripleks-tripleks-gt\/#breadcrumb","itemListElement":[{"@type":"ListItem","position":1,"name":"Home","item":"https:\/\/miopack.com.tr\/es\/inicio\/"},{"@type":"ListItem","position":2,"name":"Miotripleks\u2122 (Tripleks, GT)"}]},{"@type":"WebSite","@id":"https:\/\/miopack.com.tr\/es\/#website","url":"https:\/\/miopack.com.tr\/es\/","name":"www.miopack.com.tr","description":"Cardboard corners - Edge Protector - Angle Board - Packing Sources - Cardboard - Solidboard - Angleboard - Metallized Cardboard - Pastry Coaster","publisher":{"@id":"https:\/\/miopack.com.tr\/es\/#organization"},"potentialAction":[{"@type":"SearchAction","target":{"@type":"EntryPoint","urlTemplate":"https:\/\/miopack.com.tr\/es\/?s={search_term_string}"},"query-input":{"@type":"PropertyValueSpecification","valueRequired":true,"valueName":"search_term_string"}}],"inLanguage":"es"},{"@type":"Organization","@id":"https:\/\/miopack.com.tr\/es\/#organization","name":"Miopack Ambalaj Packaging Solutions","url":"https:\/\/miopack.com.tr\/es\/","logo":{"@type":"ImageObject","inLanguage":"es","@id":"https:\/\/miopack.com.tr\/es\/#\/schema\/logo\/image\/","url":"https:\/\/miopack.com.tr\/wp-content\/uploads\/miopack-logo-1.png","contentUrl":"https:\/\/miopack.com.tr\/wp-content\/uploads\/miopack-logo-1.png","width":442,"height":160,"caption":"Miopack Ambalaj Packaging Solutions"},"image":{"@id":"https:\/\/miopack.com.tr\/es\/#\/schema\/logo\/image\/"},"sameAs":["https:\/\/www.facebook.com\/miopack.packaging.solutions\/","https:\/\/www.instagram.com\/miopack_packaging\/","https:\/\/www.youtube.com\/@miopack","https:\/\/www.linkedin.com\/company\/miopack"]}]}},"_links":{"self":[{"href":"https:\/\/miopack.com.tr\/es\/wp-json\/wp\/v2\/pages\/4070","targetHints":{"allow":["GET"]}}],"collection":[{"href":"https:\/\/miopack.com.tr\/es\/wp-json\/wp\/v2\/pages"}],"about":[{"href":"https:\/\/miopack.com.tr\/es\/wp-json\/wp\/v2\/types\/page"}],"author":[{"embeddable":true,"href":"https:\/\/miopack.com.tr\/es\/wp-json\/wp\/v2\/users\/1"}],"replies":[{"embeddable":true,"href":"https:\/\/miopack.com.tr\/es\/wp-json\/wp\/v2\/comments?post=4070"}],"version-history":[{"count":4,"href":"https:\/\/miopack.com.tr\/es\/wp-json\/wp\/v2\/pages\/4070\/revisions"}],"predecessor-version":[{"id":4077,"href":"https:\/\/miopack.com.tr\/es\/wp-json\/wp\/v2\/pages\/4070\/revisions\/4077"}],"wp:attachment":[{"href":"https:\/\/miopack.com.tr\/es\/wp-json\/wp\/v2\/media?parent=4070"}],"curies":[{"name":"wp","href":"https:\/\/api.w.org\/{rel}","templated":true}]}}