{"id":2854,"date":"2023-11-27T09:06:14","date_gmt":"2023-11-27T09:06:14","guid":{"rendered":"https:\/\/miopack.com.tr\/cantoneras-perfil-u\/"},"modified":"2023-12-01T13:02:49","modified_gmt":"2023-12-01T13:02:49","slug":"cantoneras-perfil-u","status":"publish","type":"page","link":"https:\/\/miopack.com.tr\/es\/cantoneras-perfil-u\/","title":{"rendered":"Protectores de perfil en U"},"content":{"rendered":"\t\t<div data-elementor-type=\"wp-page\" data-elementor-id=\"2854\" class=\"elementor elementor-2854 elementor-2078\">\n\t\t\t\t\t\t<section class=\"elementor-section elementor-top-section elementor-element elementor-element-b9f397a elementor-section-boxed elementor-section-height-default elementor-section-height-default\" data-id=\"b9f397a\" data-element_type=\"section\">\n\t\t\t\t\t\t<div class=\"elementor-container elementor-column-gap-default\">\n\t\t\t\t\t<div class=\"elementor-column elementor-col-50 elementor-top-column elementor-element elementor-element-32ff602\" data-id=\"32ff602\" data-element_type=\"column\">\n\t\t\t<div class=\"elementor-widget-wrap elementor-element-populated\">\n\t\t\t\t\t\t<div class=\"elementor-element elementor-element-b31683d elementor-widget elementor-widget-gallery_slider\" data-id=\"b31683d\" data-element_type=\"widget\" data-widget_type=\"gallery_slider.default\">\n\t\t\t\t<div class=\"elementor-widget-container\">\n\t\t\t<div class=\"gallery-fs\"><figure><img decoding=\"async\" src=\"https:\/\/miopack.com.tr\/wp-content\/uploads\/Logosuz-U-profil-edge-protector.jpg\" alt=\"\"><\/figure><\/div>\t\t<\/div>\n\t\t\t\t<\/div>\n\t\t\t\t\t<\/div>\n\t\t<\/div>\n\t\t\t\t<div class=\"elementor-column elementor-col-50 elementor-top-column elementor-element elementor-element-03565b5\" data-id=\"03565b5\" data-element_type=\"column\">\n\t\t\t<div class=\"elementor-widget-wrap\">\n\t\t\t\t\t\t\t<\/div>\n\t\t<\/div>\n\t\t\t\t\t<\/div>\n\t\t<\/section>\n\t\t\t\t<section class=\"elementor-section elementor-top-section elementor-element elementor-element-48c3e4d elementor-section-boxed elementor-section-height-default elementor-section-height-default\" data-id=\"48c3e4d\" data-element_type=\"section\">\n\t\t\t\t\t\t<div class=\"elementor-container elementor-column-gap-default\">\n\t\t\t\t\t<div class=\"elementor-column elementor-col-100 elementor-top-column elementor-element elementor-element-17b8798\" data-id=\"17b8798\" data-element_type=\"column\">\n\t\t\t<div class=\"elementor-widget-wrap elementor-element-populated\">\n\t\t\t\t\t\t<div class=\"elementor-element elementor-element-b51a13d elementor-widget elementor-widget-heading\" data-id=\"b51a13d\" data-element_type=\"widget\" data-widget_type=\"heading.default\">\n\t\t\t\t<div class=\"elementor-widget-container\">\n\t\t\t<h3 class='heading-left  divider-sm'  style=\"color:#000000\"><span>CANTONERAS PERFIL U<\/span><\/h3>\t\t<\/div>\n\t\t\t\t<\/div>\n\t\t\t\t<div class=\"elementor-element elementor-element-06dced4 elementor-widget elementor-widget-text-editor\" data-id=\"06dced4\" data-element_type=\"widget\" data-widget_type=\"text-editor.default\">\n\t\t\t\t<div class=\"elementor-widget-container\">\n\t\t\t\t\t\t\t<p><span style=\"font-family: Poppins, sans-serif; font-size: 13px;\">El perfil en U proporciona una gran protecci\u00f3n durante el proceso de transporte.<\/span><\/p>\n\t\t\t\t\t\t<\/div>\n\t\t\t\t<\/div>\n\t\t\t\t<div class=\"elementor-element elementor-element-a960523 elementor-widget elementor-widget-heading\" data-id=\"a960523\" data-element_type=\"widget\" data-widget_type=\"heading.default\">\n\t\t\t\t<div class=\"elementor-widget-container\">\n\t\t\t<h3 class='heading-left  divider-sm'  style=\"color:#000000\"><span>DIMENSIONES<\/span><\/h3>\t\t<\/div>\n\t\t\t\t<\/div>\n\t\t\t\t<div class=\"elementor-element elementor-element-6ab5a38 elementor-widget elementor-widget-text-editor\" data-id=\"6ab5a38\" data-element_type=\"widget\" data-widget_type=\"text-editor.default\">\n\t\t\t\t<div class=\"elementor-widget-container\">\n\t\t\t\t\t\t\t<ul class=\"elementor-icon-list-items\" style=\"border: 0px; outline: 0px; font-size: 16px; vertical-align: baseline; background-image: initial; background-position: 0px 0px; background-size: initial; background-repeat: initial; background-attachment: initial; background-origin: initial; background-clip: initial; color: #333333; font-family: -apple-system, BlinkMacSystemFont, 'Segoe UI', Roboto, 'Helvetica Neue', Arial, 'Noto Sans', sans-serif, 'Apple Color Emoji', 'Segoe UI Emoji', 'Segoe UI Symbol', 'Noto Color Emoji';\">\n<li class=\"elementor-icon-list-item\" style=\"border: 0px; outline: 0px; vertical-align: baseline; background: 0px 0px; padding-bottom: calc(0px); align-items: var(--icon-vertical-align,center); justify-content: flex-start; text-align: left;\"><span class=\"elementor-icon-list-text\" style=\"color: var(--e-global-color-secondary); display: inline-block; font-family: Poppins, sans-serif; transition: color 0.3s ease 0s; font-size: 14px;\">Espesor: 3,0 &#8211; 5,0 mm<\/span><\/li>\n<li class=\"elementor-icon-list-item\" style=\"margin-top: calc(0px); border: 0px; outline: 0px; vertical-align: baseline; background: 0px 0px; align-items: var(--icon-vertical-align,center); justify-content: flex-start; text-align: left;\"><span class=\"elementor-icon-list-text\" style=\"color: var(--e-global-color-secondary); display: inline-block; font-family: Poppins, sans-serif; transition: color 0.3s ease 0s; font-size: 14px;\">Longitud : 500 &#8211; 5000 mm<\/span><\/li>\n<\/ul>\n\t\t\t\t\t\t<\/div>\n\t\t\t\t<\/div>\n\t\t\t\t<div class=\"elementor-element elementor-element-1fa349b elementor-widget elementor-widget-heading\" data-id=\"1fa349b\" data-element_type=\"widget\" data-widget_type=\"heading.default\">\n\t\t\t\t<div class=\"elementor-widget-container\">\n\t\t\t<h3 class='heading-left  divider-sm'  style=\"color:#000000\"><span>\u00c1REAS DE USO<\/span><\/h3>\t\t<\/div>\n\t\t\t\t<\/div>\n\t\t\t\t<div class=\"elementor-element elementor-element-047e44e elementor-widget elementor-widget-text-editor\" data-id=\"047e44e\" data-element_type=\"widget\" data-widget_type=\"text-editor.default\">\n\t\t\t\t<div class=\"elementor-widget-container\">\n\t\t\t\t\t\t\t<p>Transportar y almacenar productos valiosos es un asunto serio. Miopack tiene productos especiales para usted sobre transporte y log\u00edstica. Los productos especiales para transporte y log\u00edstica estabilizan sus pal\u00e9s, durante el transporte, el almacenamiento y todos los procesos, proporcionando una alta protecci\u00f3n. Aumenta la resistencia de los pal\u00e9s, evita que se da\u00f1en los productos durante el proceso de almacenamiento.<\/p>\n\t\t\t\t\t\t<\/div>\n\t\t\t\t<\/div>\n\t\t\t\t<div class=\"elementor-element elementor-element-bc0e7f8 elementor-widget elementor-widget-heading\" data-id=\"bc0e7f8\" data-element_type=\"widget\" data-widget_type=\"heading.default\">\n\t\t\t\t<div class=\"elementor-widget-container\">\n\t\t\t<h3 class='heading-left  divider-sm'  style=\"color:#000000\"><span>ESPECI\u0307FI\u0307CACIONES T\u00c9CNICAS<\/span><\/h3>\t\t<\/div>\n\t\t\t\t<\/div>\n\t\t\t\t<div class=\"elementor-element elementor-element-f06feea elementor-widget elementor-widget-text-editor\" data-id=\"f06feea\" data-element_type=\"widget\" data-widget_type=\"text-editor.default\">\n\t\t\t\t<div class=\"elementor-widget-container\">\n\t\t\t\t\t\t\t<p>Transportar y almacenar productos valiosos es un asunto serio. Miopack tiene productos especiales para usted sobre transporte y log\u00edstica. Los productos especiales para transporte y log\u00edstica estabilizan sus pal\u00e9s, durante el transporte, el almacenamiento y todos los procesos, proporcionando una alta protecci\u00f3n. Aumenta la resistencia de los pal\u00e9s, evita que se da\u00f1en los productos durante el proceso de almacenamiento.<\/p>\n\t\t\t\t\t\t<\/div>\n\t\t\t\t<\/div>\n\t\t\t\t\t<\/div>\n\t\t<\/div>\n\t\t\t\t\t<\/div>\n\t\t<\/section>\n\t\t\t\t<\/div>\n\t\t","protected":false},"excerpt":{"rendered":"<p>CANTONERAS PERFIL U El perfil en U proporciona una gran protecci\u00f3n durante el proceso de transporte. DIMENSIONES Espesor: 3,0 &#8211; 5,0 mm Longitud : 500 &#8211; 5000 mm \u00c1REAS DE USO Transportar y almacenar productos valiosos es un asunto serio. &hellip;<\/p>\n","protected":false},"author":1,"featured_media":0,"parent":0,"menu_order":0,"comment_status":"closed","ping_status":"closed","template":"","meta":{"footnotes":""},"class_list":["post-2854","page","type-page","status-publish","hentry"],"yoast_head":"<!-- This site is optimized with the Yoast SEO plugin v25.2 - https:\/\/yoast.com\/wordpress\/plugins\/seo\/ -->\n<title>Protectores de perfil en U - Miopack Ambalaj Packaging Solutions<\/title>\n<meta name=\"robots\" content=\"index, follow, max-snippet:-1, max-image-preview:large, max-video-preview:-1\" \/>\n<link rel=\"canonical\" href=\"https:\/\/miopack.com.tr\/es\/cantoneras-perfil-u\/\" \/>\n<meta property=\"og:locale\" content=\"es_ES\" \/>\n<meta property=\"og:type\" content=\"article\" \/>\n<meta property=\"og:title\" content=\"Protectores de perfil en U - Miopack Ambalaj Packaging Solutions\" \/>\n<meta property=\"og:description\" content=\"CANTONERAS PERFIL U El perfil en U proporciona una gran protecci\u00f3n durante el proceso de transporte. DIMENSIONES Espesor: 3,0 &#8211; 5,0 mm Longitud : 500 &#8211; 5000 mm \u00c1REAS DE USO Transportar y almacenar productos valiosos es un asunto serio. &hellip;\" \/>\n<meta property=\"og:url\" content=\"https:\/\/miopack.com.tr\/es\/cantoneras-perfil-u\/\" \/>\n<meta property=\"og:site_name\" content=\"Miopack Ambalaj Packaging Solutions\" \/>\n<meta property=\"article:publisher\" content=\"https:\/\/www.facebook.com\/miopack.packaging.solutions\/\" \/>\n<meta property=\"article:modified_time\" content=\"2023-12-01T13:02:49+00:00\" \/>\n<meta property=\"og:image\" content=\"https:\/\/miopack.com.tr\/wp-content\/uploads\/Logosuz-U-profil-edge-protector.jpg\" \/>\n<meta name=\"twitter:card\" content=\"summary_large_image\" \/>\n<meta name=\"twitter:label1\" content=\"Tiempo de lectura\" \/>\n\t<meta name=\"twitter:data1\" content=\"1 minuto\" \/>\n<script type=\"application\/ld+json\" class=\"yoast-schema-graph\">{\"@context\":\"https:\/\/schema.org\",\"@graph\":[{\"@type\":\"WebPage\",\"@id\":\"https:\/\/miopack.com.tr\/es\/cantoneras-perfil-u\/\",\"url\":\"https:\/\/miopack.com.tr\/es\/cantoneras-perfil-u\/\",\"name\":\"Protectores de perfil en U - Miopack Ambalaj Packaging Solutions\",\"isPartOf\":{\"@id\":\"https:\/\/miopack.com.tr\/es\/#website\"},\"primaryImageOfPage\":{\"@id\":\"https:\/\/miopack.com.tr\/es\/cantoneras-perfil-u\/#primaryimage\"},\"image\":{\"@id\":\"https:\/\/miopack.com.tr\/es\/cantoneras-perfil-u\/#primaryimage\"},\"thumbnailUrl\":\"https:\/\/miopack.com.tr\/wp-content\/uploads\/Logosuz-U-profil-edge-protector.jpg\",\"datePublished\":\"2023-11-27T09:06:14+00:00\",\"dateModified\":\"2023-12-01T13:02:49+00:00\",\"breadcrumb\":{\"@id\":\"https:\/\/miopack.com.tr\/es\/cantoneras-perfil-u\/#breadcrumb\"},\"inLanguage\":\"es\",\"potentialAction\":[{\"@type\":\"ReadAction\",\"target\":[\"https:\/\/miopack.com.tr\/es\/cantoneras-perfil-u\/\"]}]},{\"@type\":\"ImageObject\",\"inLanguage\":\"es\",\"@id\":\"https:\/\/miopack.com.tr\/es\/cantoneras-perfil-u\/#primaryimage\",\"url\":\"https:\/\/miopack.com.tr\/wp-content\/uploads\/Logosuz-U-profil-edge-protector.jpg\",\"contentUrl\":\"https:\/\/miopack.com.tr\/wp-content\/uploads\/Logosuz-U-profil-edge-protector.jpg\"},{\"@type\":\"BreadcrumbList\",\"@id\":\"https:\/\/miopack.com.tr\/es\/cantoneras-perfil-u\/#breadcrumb\",\"itemListElement\":[{\"@type\":\"ListItem\",\"position\":1,\"name\":\"Home\",\"item\":\"https:\/\/miopack.com.tr\/es\/inicio\/\"},{\"@type\":\"ListItem\",\"position\":2,\"name\":\"Protectores de perfil en U\"}]},{\"@type\":\"WebSite\",\"@id\":\"https:\/\/miopack.com.tr\/es\/#website\",\"url\":\"https:\/\/miopack.com.tr\/es\/\",\"name\":\"www.miopack.com.tr\",\"description\":\"Cardboard corners - Edge Protector - Angle Board - Packing Sources - Cardboard - Solidboard - Angleboard - Metallized Cardboard - Pastry Coaster\",\"publisher\":{\"@id\":\"https:\/\/miopack.com.tr\/es\/#organization\"},\"potentialAction\":[{\"@type\":\"SearchAction\",\"target\":{\"@type\":\"EntryPoint\",\"urlTemplate\":\"https:\/\/miopack.com.tr\/es\/?s={search_term_string}\"},\"query-input\":{\"@type\":\"PropertyValueSpecification\",\"valueRequired\":true,\"valueName\":\"search_term_string\"}}],\"inLanguage\":\"es\"},{\"@type\":\"Organization\",\"@id\":\"https:\/\/miopack.com.tr\/es\/#organization\",\"name\":\"Miopack Ambalaj Packaging Solutions\",\"url\":\"https:\/\/miopack.com.tr\/es\/\",\"logo\":{\"@type\":\"ImageObject\",\"inLanguage\":\"es\",\"@id\":\"https:\/\/miopack.com.tr\/es\/#\/schema\/logo\/image\/\",\"url\":\"https:\/\/miopack.com.tr\/wp-content\/uploads\/miopack-logo-1.png\",\"contentUrl\":\"https:\/\/miopack.com.tr\/wp-content\/uploads\/miopack-logo-1.png\",\"width\":442,\"height\":160,\"caption\":\"Miopack Ambalaj Packaging Solutions\"},\"image\":{\"@id\":\"https:\/\/miopack.com.tr\/es\/#\/schema\/logo\/image\/\"},\"sameAs\":[\"https:\/\/www.facebook.com\/miopack.packaging.solutions\/\",\"https:\/\/www.instagram.com\/miopack_packaging\/\",\"https:\/\/www.youtube.com\/@miopack\",\"https:\/\/www.linkedin.com\/company\/miopack\"]}]}<\/script>\n<!-- \/ Yoast SEO plugin. -->","yoast_head_json":{"title":"Protectores de perfil en U - Miopack Ambalaj Packaging Solutions","robots":{"index":"index","follow":"follow","max-snippet":"max-snippet:-1","max-image-preview":"max-image-preview:large","max-video-preview":"max-video-preview:-1"},"canonical":"https:\/\/miopack.com.tr\/es\/cantoneras-perfil-u\/","og_locale":"es_ES","og_type":"article","og_title":"Protectores de perfil en U - Miopack Ambalaj Packaging Solutions","og_description":"CANTONERAS PERFIL U El perfil en U proporciona una gran protecci\u00f3n durante el proceso de transporte. DIMENSIONES Espesor: 3,0 &#8211; 5,0 mm Longitud : 500 &#8211; 5000 mm \u00c1REAS DE USO Transportar y almacenar productos valiosos es un asunto serio. &hellip;","og_url":"https:\/\/miopack.com.tr\/es\/cantoneras-perfil-u\/","og_site_name":"Miopack Ambalaj Packaging Solutions","article_publisher":"https:\/\/www.facebook.com\/miopack.packaging.solutions\/","article_modified_time":"2023-12-01T13:02:49+00:00","og_image":[{"url":"https:\/\/miopack.com.tr\/wp-content\/uploads\/Logosuz-U-profil-edge-protector.jpg","type":"","width":"","height":""}],"twitter_card":"summary_large_image","twitter_misc":{"Tiempo de lectura":"1 minuto"},"schema":{"@context":"https:\/\/schema.org","@graph":[{"@type":"WebPage","@id":"https:\/\/miopack.com.tr\/es\/cantoneras-perfil-u\/","url":"https:\/\/miopack.com.tr\/es\/cantoneras-perfil-u\/","name":"Protectores de perfil en U - Miopack Ambalaj Packaging Solutions","isPartOf":{"@id":"https:\/\/miopack.com.tr\/es\/#website"},"primaryImageOfPage":{"@id":"https:\/\/miopack.com.tr\/es\/cantoneras-perfil-u\/#primaryimage"},"image":{"@id":"https:\/\/miopack.com.tr\/es\/cantoneras-perfil-u\/#primaryimage"},"thumbnailUrl":"https:\/\/miopack.com.tr\/wp-content\/uploads\/Logosuz-U-profil-edge-protector.jpg","datePublished":"2023-11-27T09:06:14+00:00","dateModified":"2023-12-01T13:02:49+00:00","breadcrumb":{"@id":"https:\/\/miopack.com.tr\/es\/cantoneras-perfil-u\/#breadcrumb"},"inLanguage":"es","potentialAction":[{"@type":"ReadAction","target":["https:\/\/miopack.com.tr\/es\/cantoneras-perfil-u\/"]}]},{"@type":"ImageObject","inLanguage":"es","@id":"https:\/\/miopack.com.tr\/es\/cantoneras-perfil-u\/#primaryimage","url":"https:\/\/miopack.com.tr\/wp-content\/uploads\/Logosuz-U-profil-edge-protector.jpg","contentUrl":"https:\/\/miopack.com.tr\/wp-content\/uploads\/Logosuz-U-profil-edge-protector.jpg"},{"@type":"BreadcrumbList","@id":"https:\/\/miopack.com.tr\/es\/cantoneras-perfil-u\/#breadcrumb","itemListElement":[{"@type":"ListItem","position":1,"name":"Home","item":"https:\/\/miopack.com.tr\/es\/inicio\/"},{"@type":"ListItem","position":2,"name":"Protectores de perfil en U"}]},{"@type":"WebSite","@id":"https:\/\/miopack.com.tr\/es\/#website","url":"https:\/\/miopack.com.tr\/es\/","name":"www.miopack.com.tr","description":"Cardboard corners - Edge Protector - Angle Board - Packing Sources - Cardboard - Solidboard - Angleboard - Metallized Cardboard - Pastry Coaster","publisher":{"@id":"https:\/\/miopack.com.tr\/es\/#organization"},"potentialAction":[{"@type":"SearchAction","target":{"@type":"EntryPoint","urlTemplate":"https:\/\/miopack.com.tr\/es\/?s={search_term_string}"},"query-input":{"@type":"PropertyValueSpecification","valueRequired":true,"valueName":"search_term_string"}}],"inLanguage":"es"},{"@type":"Organization","@id":"https:\/\/miopack.com.tr\/es\/#organization","name":"Miopack Ambalaj Packaging Solutions","url":"https:\/\/miopack.com.tr\/es\/","logo":{"@type":"ImageObject","inLanguage":"es","@id":"https:\/\/miopack.com.tr\/es\/#\/schema\/logo\/image\/","url":"https:\/\/miopack.com.tr\/wp-content\/uploads\/miopack-logo-1.png","contentUrl":"https:\/\/miopack.com.tr\/wp-content\/uploads\/miopack-logo-1.png","width":442,"height":160,"caption":"Miopack Ambalaj Packaging Solutions"},"image":{"@id":"https:\/\/miopack.com.tr\/es\/#\/schema\/logo\/image\/"},"sameAs":["https:\/\/www.facebook.com\/miopack.packaging.solutions\/","https:\/\/www.instagram.com\/miopack_packaging\/","https:\/\/www.youtube.com\/@miopack","https:\/\/www.linkedin.com\/company\/miopack"]}]}},"_links":{"self":[{"href":"https:\/\/miopack.com.tr\/es\/wp-json\/wp\/v2\/pages\/2854","targetHints":{"allow":["GET"]}}],"collection":[{"href":"https:\/\/miopack.com.tr\/es\/wp-json\/wp\/v2\/pages"}],"about":[{"href":"https:\/\/miopack.com.tr\/es\/wp-json\/wp\/v2\/types\/page"}],"author":[{"embeddable":true,"href":"https:\/\/miopack.com.tr\/es\/wp-json\/wp\/v2\/users\/1"}],"replies":[{"embeddable":true,"href":"https:\/\/miopack.com.tr\/es\/wp-json\/wp\/v2\/comments?post=2854"}],"version-history":[{"count":4,"href":"https:\/\/miopack.com.tr\/es\/wp-json\/wp\/v2\/pages\/2854\/revisions"}],"predecessor-version":[{"id":3347,"href":"https:\/\/miopack.com.tr\/es\/wp-json\/wp\/v2\/pages\/2854\/revisions\/3347"}],"wp:attachment":[{"href":"https:\/\/miopack.com.tr\/es\/wp-json\/wp\/v2\/media?parent=2854"}],"curies":[{"name":"wp","href":"https:\/\/api.w.org\/{rel}","templated":true}]}}