{"id":2850,"date":"2023-11-27T09:01:02","date_gmt":"2023-11-27T09:01:02","guid":{"rendered":"https:\/\/miopack.com.tr\/cantoneras-bloqueadas\/"},"modified":"2023-12-01T12:18:15","modified_gmt":"2023-12-01T12:18:15","slug":"cantoneras-bloqueadas","status":"publish","type":"page","link":"https:\/\/miopack.com.tr\/es\/cantoneras-bloqueadas\/","title":{"rendered":"Protectores de cantos bloqueados"},"content":{"rendered":"\t\t<div data-elementor-type=\"wp-page\" data-elementor-id=\"2850\" class=\"elementor elementor-2850 elementor-2067\">\n\t\t\t\t\t\t<section class=\"elementor-section elementor-top-section elementor-element elementor-element-b9f397a elementor-section-boxed elementor-section-height-default elementor-section-height-default\" data-id=\"b9f397a\" data-element_type=\"section\">\n\t\t\t\t\t\t<div class=\"elementor-container elementor-column-gap-default\">\n\t\t\t\t\t<div class=\"elementor-column elementor-col-50 elementor-top-column elementor-element elementor-element-32ff602\" data-id=\"32ff602\" data-element_type=\"column\">\n\t\t\t<div class=\"elementor-widget-wrap elementor-element-populated\">\n\t\t\t\t\t\t<div class=\"elementor-element elementor-element-b31683d elementor-widget elementor-widget-gallery_slider\" data-id=\"b31683d\" data-element_type=\"widget\" data-widget_type=\"gallery_slider.default\">\n\t\t\t\t<div class=\"elementor-widget-container\">\n\t\t\t<div class=\"gallery-fs\"><figure><img decoding=\"async\" src=\"https:\/\/miopack.com.tr\/wp-content\/uploads\/Corner-protector-miopaper-kilitli-kosebent-edge-corner-portector-angle-board-corner-cantoneras.jpg\" alt=\"\"><\/figure><\/div>\t\t<\/div>\n\t\t\t\t<\/div>\n\t\t\t\t\t<\/div>\n\t\t<\/div>\n\t\t\t\t<div class=\"elementor-column elementor-col-50 elementor-top-column elementor-element elementor-element-03565b5\" data-id=\"03565b5\" data-element_type=\"column\">\n\t\t\t<div class=\"elementor-widget-wrap\">\n\t\t\t\t\t\t\t<\/div>\n\t\t<\/div>\n\t\t\t\t\t<\/div>\n\t\t<\/section>\n\t\t\t\t<section class=\"elementor-section elementor-top-section elementor-element elementor-element-9141969 elementor-section-boxed elementor-section-height-default elementor-section-height-default\" data-id=\"9141969\" data-element_type=\"section\">\n\t\t\t\t\t\t<div class=\"elementor-container elementor-column-gap-default\">\n\t\t\t\t\t<div class=\"elementor-column elementor-col-100 elementor-top-column elementor-element elementor-element-aa3da3c\" data-id=\"aa3da3c\" data-element_type=\"column\">\n\t\t\t<div class=\"elementor-widget-wrap elementor-element-populated\">\n\t\t\t\t\t\t<div class=\"elementor-element elementor-element-6739ccb elementor-widget elementor-widget-heading\" data-id=\"6739ccb\" data-element_type=\"widget\" data-widget_type=\"heading.default\">\n\t\t\t\t<div class=\"elementor-widget-container\">\n\t\t\t<h3 class='heading-left  divider-sm'  style=\"color:#000000\"><span>CANTONERAS BLOQUEADAS<\/span><\/h3>\t\t<\/div>\n\t\t\t\t<\/div>\n\t\t\t\t<div class=\"elementor-element elementor-element-85ca906 elementor-widget elementor-widget-text-editor\" data-id=\"85ca906\" data-element_type=\"widget\" data-widget_type=\"text-editor.default\">\n\t\t\t\t<div class=\"elementor-widget-container\">\n\t\t\t\t\t\t\t<p><span style=\"font-family: Poppins, sans-serif; font-size: 13px;\">Proporciona una aplicaci\u00f3n f\u00e1cil y alternativa gracias a su sistema de cierre entrelazado en forma de rompecabezas.<\/span><\/p>\n\t\t\t\t\t\t<\/div>\n\t\t\t\t<\/div>\n\t\t\t\t<div class=\"elementor-element elementor-element-616be65 elementor-widget elementor-widget-heading\" data-id=\"616be65\" data-element_type=\"widget\" data-widget_type=\"heading.default\">\n\t\t\t\t<div class=\"elementor-widget-container\">\n\t\t\t<h3 class='heading-left  divider-sm'  style=\"color:#000000\"><span>\u00c1REAS DE USO<\/span><\/h3>\t\t<\/div>\n\t\t\t\t<\/div>\n\t\t\t\t<div class=\"elementor-element elementor-element-b9d41e8 elementor-widget elementor-widget-text-editor\" data-id=\"b9d41e8\" data-element_type=\"widget\" data-widget_type=\"text-editor.default\">\n\t\t\t\t<div class=\"elementor-widget-container\">\n\t\t\t\t\t\t\t<p><span style=\"font-family: Poppins, sans-serif; font-size: 13px;\">Puede utilizarse en todos los sectores que requieren colocar varios productos o pal\u00e9s uno encima de otro durante el transporte y el almacenamiento, especialmente en el sector de los electrodom\u00e9sticos y la electr\u00f3nica.<\/span><\/p>\n\t\t\t\t\t\t<\/div>\n\t\t\t\t<\/div>\n\t\t\t\t<div class=\"elementor-element elementor-element-b6c93c9 elementor-widget elementor-widget-heading\" data-id=\"b6c93c9\" data-element_type=\"widget\" data-widget_type=\"heading.default\">\n\t\t\t\t<div class=\"elementor-widget-container\">\n\t\t\t<h3 class='heading-left  divider-sm'  style=\"color:#000000\"><span>DIMENSIONES<\/span><\/h3>\t\t<\/div>\n\t\t\t\t<\/div>\n\t\t\t\t<div class=\"elementor-element elementor-element-8fce794 elementor-widget elementor-widget-text-editor\" data-id=\"8fce794\" data-element_type=\"widget\" data-widget_type=\"text-editor.default\">\n\t\t\t\t<div class=\"elementor-widget-container\">\n\t\t\t\t\t\t\t<ul>\n<li><span class=\"elementor-icon-list-text\" style=\"color: var(--e-global-color-secondary); display: inline-block; font-family: Poppins, sans-serif; transition: color 0.3s ease 0s; font-size: 14px;\">Grosor: 3,0 mm<\/span><\/li>\n<li><span class=\"elementor-icon-list-text\" style=\"color: var(--e-global-color-secondary); display: inline-block; font-family: Poppins, sans-serif; transition: color 0.3s ease 0s; font-size: 14px;\">Longitud: 200 mm<\/span><\/li>\n<\/ul>\n\t\t\t\t\t\t<\/div>\n\t\t\t\t<\/div>\n\t\t\t\t\t<\/div>\n\t\t<\/div>\n\t\t\t\t\t<\/div>\n\t\t<\/section>\n\t\t\t\t<\/div>\n\t\t","protected":false},"excerpt":{"rendered":"<p>CANTONERAS BLOQUEADAS Proporciona una aplicaci\u00f3n f\u00e1cil y alternativa gracias a su sistema de cierre entrelazado en forma de rompecabezas. \u00c1REAS DE USO Puede utilizarse en todos los sectores que requieren colocar varios productos o pal\u00e9s uno encima de otro durante &hellip;<\/p>\n","protected":false},"author":1,"featured_media":0,"parent":0,"menu_order":0,"comment_status":"closed","ping_status":"closed","template":"","meta":{"footnotes":""},"class_list":["post-2850","page","type-page","status-publish","hentry"],"yoast_head":"<!-- This site is optimized with the Yoast SEO plugin v25.2 - https:\/\/yoast.com\/wordpress\/plugins\/seo\/ -->\n<title>Protectores de cantos bloqueados - Miopack Ambalaj Packaging Solutions<\/title>\n<meta name=\"robots\" content=\"index, follow, max-snippet:-1, max-image-preview:large, max-video-preview:-1\" \/>\n<link rel=\"canonical\" href=\"https:\/\/miopack.com.tr\/es\/cantoneras-bloqueadas\/\" \/>\n<meta property=\"og:locale\" content=\"es_ES\" \/>\n<meta property=\"og:type\" content=\"article\" \/>\n<meta property=\"og:title\" content=\"Protectores de cantos bloqueados - Miopack Ambalaj Packaging Solutions\" \/>\n<meta property=\"og:description\" content=\"CANTONERAS BLOQUEADAS Proporciona una aplicaci\u00f3n f\u00e1cil y alternativa gracias a su sistema de cierre entrelazado en forma de rompecabezas. \u00c1REAS DE USO Puede utilizarse en todos los sectores que requieren colocar varios productos o pal\u00e9s uno encima de otro durante &hellip;\" \/>\n<meta property=\"og:url\" content=\"https:\/\/miopack.com.tr\/es\/cantoneras-bloqueadas\/\" \/>\n<meta property=\"og:site_name\" content=\"Miopack Ambalaj Packaging Solutions\" \/>\n<meta property=\"article:publisher\" content=\"https:\/\/www.facebook.com\/miopack.packaging.solutions\/\" \/>\n<meta property=\"article:modified_time\" content=\"2023-12-01T12:18:15+00:00\" \/>\n<meta property=\"og:image\" content=\"https:\/\/miopack.com.tr\/wp-content\/uploads\/Corner-protector-miopaper-kilitli-kosebent-edge-corner-portector-angle-board-corner-cantoneras.jpg\" \/>\n<meta name=\"twitter:card\" content=\"summary_large_image\" \/>\n<script type=\"application\/ld+json\" class=\"yoast-schema-graph\">{\"@context\":\"https:\/\/schema.org\",\"@graph\":[{\"@type\":\"WebPage\",\"@id\":\"https:\/\/miopack.com.tr\/es\/cantoneras-bloqueadas\/\",\"url\":\"https:\/\/miopack.com.tr\/es\/cantoneras-bloqueadas\/\",\"name\":\"Protectores de cantos bloqueados - Miopack Ambalaj Packaging Solutions\",\"isPartOf\":{\"@id\":\"https:\/\/miopack.com.tr\/es\/#website\"},\"primaryImageOfPage\":{\"@id\":\"https:\/\/miopack.com.tr\/es\/cantoneras-bloqueadas\/#primaryimage\"},\"image\":{\"@id\":\"https:\/\/miopack.com.tr\/es\/cantoneras-bloqueadas\/#primaryimage\"},\"thumbnailUrl\":\"https:\/\/miopack.com.tr\/wp-content\/uploads\/Corner-protector-miopaper-kilitli-kosebent-edge-corner-portector-angle-board-corner-cantoneras.jpg\",\"datePublished\":\"2023-11-27T09:01:02+00:00\",\"dateModified\":\"2023-12-01T12:18:15+00:00\",\"breadcrumb\":{\"@id\":\"https:\/\/miopack.com.tr\/es\/cantoneras-bloqueadas\/#breadcrumb\"},\"inLanguage\":\"es\",\"potentialAction\":[{\"@type\":\"ReadAction\",\"target\":[\"https:\/\/miopack.com.tr\/es\/cantoneras-bloqueadas\/\"]}]},{\"@type\":\"ImageObject\",\"inLanguage\":\"es\",\"@id\":\"https:\/\/miopack.com.tr\/es\/cantoneras-bloqueadas\/#primaryimage\",\"url\":\"https:\/\/miopack.com.tr\/wp-content\/uploads\/Corner-protector-miopaper-kilitli-kosebent-edge-corner-portector-angle-board-corner-cantoneras.jpg\",\"contentUrl\":\"https:\/\/miopack.com.tr\/wp-content\/uploads\/Corner-protector-miopaper-kilitli-kosebent-edge-corner-portector-angle-board-corner-cantoneras.jpg\"},{\"@type\":\"BreadcrumbList\",\"@id\":\"https:\/\/miopack.com.tr\/es\/cantoneras-bloqueadas\/#breadcrumb\",\"itemListElement\":[{\"@type\":\"ListItem\",\"position\":1,\"name\":\"Home\",\"item\":\"https:\/\/miopack.com.tr\/es\/inicio\/\"},{\"@type\":\"ListItem\",\"position\":2,\"name\":\"Protectores de cantos bloqueados\"}]},{\"@type\":\"WebSite\",\"@id\":\"https:\/\/miopack.com.tr\/es\/#website\",\"url\":\"https:\/\/miopack.com.tr\/es\/\",\"name\":\"www.miopack.com.tr\",\"description\":\"Cardboard corners - Edge Protector - Angle Board - Packing Sources - Cardboard - Solidboard - Angleboard - Metallized Cardboard - Pastry Coaster\",\"publisher\":{\"@id\":\"https:\/\/miopack.com.tr\/es\/#organization\"},\"potentialAction\":[{\"@type\":\"SearchAction\",\"target\":{\"@type\":\"EntryPoint\",\"urlTemplate\":\"https:\/\/miopack.com.tr\/es\/?s={search_term_string}\"},\"query-input\":{\"@type\":\"PropertyValueSpecification\",\"valueRequired\":true,\"valueName\":\"search_term_string\"}}],\"inLanguage\":\"es\"},{\"@type\":\"Organization\",\"@id\":\"https:\/\/miopack.com.tr\/es\/#organization\",\"name\":\"Miopack Ambalaj Packaging Solutions\",\"url\":\"https:\/\/miopack.com.tr\/es\/\",\"logo\":{\"@type\":\"ImageObject\",\"inLanguage\":\"es\",\"@id\":\"https:\/\/miopack.com.tr\/es\/#\/schema\/logo\/image\/\",\"url\":\"https:\/\/miopack.com.tr\/wp-content\/uploads\/miopack-logo-1.png\",\"contentUrl\":\"https:\/\/miopack.com.tr\/wp-content\/uploads\/miopack-logo-1.png\",\"width\":442,\"height\":160,\"caption\":\"Miopack Ambalaj Packaging Solutions\"},\"image\":{\"@id\":\"https:\/\/miopack.com.tr\/es\/#\/schema\/logo\/image\/\"},\"sameAs\":[\"https:\/\/www.facebook.com\/miopack.packaging.solutions\/\",\"https:\/\/www.instagram.com\/miopack_packaging\/\",\"https:\/\/www.youtube.com\/@miopack\",\"https:\/\/www.linkedin.com\/company\/miopack\"]}]}<\/script>\n<!-- \/ Yoast SEO plugin. -->","yoast_head_json":{"title":"Protectores de cantos bloqueados - Miopack Ambalaj Packaging Solutions","robots":{"index":"index","follow":"follow","max-snippet":"max-snippet:-1","max-image-preview":"max-image-preview:large","max-video-preview":"max-video-preview:-1"},"canonical":"https:\/\/miopack.com.tr\/es\/cantoneras-bloqueadas\/","og_locale":"es_ES","og_type":"article","og_title":"Protectores de cantos bloqueados - Miopack Ambalaj Packaging Solutions","og_description":"CANTONERAS BLOQUEADAS Proporciona una aplicaci\u00f3n f\u00e1cil y alternativa gracias a su sistema de cierre entrelazado en forma de rompecabezas. \u00c1REAS DE USO Puede utilizarse en todos los sectores que requieren colocar varios productos o pal\u00e9s uno encima de otro durante &hellip;","og_url":"https:\/\/miopack.com.tr\/es\/cantoneras-bloqueadas\/","og_site_name":"Miopack Ambalaj Packaging Solutions","article_publisher":"https:\/\/www.facebook.com\/miopack.packaging.solutions\/","article_modified_time":"2023-12-01T12:18:15+00:00","og_image":[{"url":"https:\/\/miopack.com.tr\/wp-content\/uploads\/Corner-protector-miopaper-kilitli-kosebent-edge-corner-portector-angle-board-corner-cantoneras.jpg","type":"","width":"","height":""}],"twitter_card":"summary_large_image","schema":{"@context":"https:\/\/schema.org","@graph":[{"@type":"WebPage","@id":"https:\/\/miopack.com.tr\/es\/cantoneras-bloqueadas\/","url":"https:\/\/miopack.com.tr\/es\/cantoneras-bloqueadas\/","name":"Protectores de cantos bloqueados - Miopack Ambalaj Packaging Solutions","isPartOf":{"@id":"https:\/\/miopack.com.tr\/es\/#website"},"primaryImageOfPage":{"@id":"https:\/\/miopack.com.tr\/es\/cantoneras-bloqueadas\/#primaryimage"},"image":{"@id":"https:\/\/miopack.com.tr\/es\/cantoneras-bloqueadas\/#primaryimage"},"thumbnailUrl":"https:\/\/miopack.com.tr\/wp-content\/uploads\/Corner-protector-miopaper-kilitli-kosebent-edge-corner-portector-angle-board-corner-cantoneras.jpg","datePublished":"2023-11-27T09:01:02+00:00","dateModified":"2023-12-01T12:18:15+00:00","breadcrumb":{"@id":"https:\/\/miopack.com.tr\/es\/cantoneras-bloqueadas\/#breadcrumb"},"inLanguage":"es","potentialAction":[{"@type":"ReadAction","target":["https:\/\/miopack.com.tr\/es\/cantoneras-bloqueadas\/"]}]},{"@type":"ImageObject","inLanguage":"es","@id":"https:\/\/miopack.com.tr\/es\/cantoneras-bloqueadas\/#primaryimage","url":"https:\/\/miopack.com.tr\/wp-content\/uploads\/Corner-protector-miopaper-kilitli-kosebent-edge-corner-portector-angle-board-corner-cantoneras.jpg","contentUrl":"https:\/\/miopack.com.tr\/wp-content\/uploads\/Corner-protector-miopaper-kilitli-kosebent-edge-corner-portector-angle-board-corner-cantoneras.jpg"},{"@type":"BreadcrumbList","@id":"https:\/\/miopack.com.tr\/es\/cantoneras-bloqueadas\/#breadcrumb","itemListElement":[{"@type":"ListItem","position":1,"name":"Home","item":"https:\/\/miopack.com.tr\/es\/inicio\/"},{"@type":"ListItem","position":2,"name":"Protectores de cantos bloqueados"}]},{"@type":"WebSite","@id":"https:\/\/miopack.com.tr\/es\/#website","url":"https:\/\/miopack.com.tr\/es\/","name":"www.miopack.com.tr","description":"Cardboard corners - Edge Protector - Angle Board - Packing Sources - Cardboard - Solidboard - Angleboard - Metallized Cardboard - Pastry Coaster","publisher":{"@id":"https:\/\/miopack.com.tr\/es\/#organization"},"potentialAction":[{"@type":"SearchAction","target":{"@type":"EntryPoint","urlTemplate":"https:\/\/miopack.com.tr\/es\/?s={search_term_string}"},"query-input":{"@type":"PropertyValueSpecification","valueRequired":true,"valueName":"search_term_string"}}],"inLanguage":"es"},{"@type":"Organization","@id":"https:\/\/miopack.com.tr\/es\/#organization","name":"Miopack Ambalaj Packaging Solutions","url":"https:\/\/miopack.com.tr\/es\/","logo":{"@type":"ImageObject","inLanguage":"es","@id":"https:\/\/miopack.com.tr\/es\/#\/schema\/logo\/image\/","url":"https:\/\/miopack.com.tr\/wp-content\/uploads\/miopack-logo-1.png","contentUrl":"https:\/\/miopack.com.tr\/wp-content\/uploads\/miopack-logo-1.png","width":442,"height":160,"caption":"Miopack Ambalaj Packaging Solutions"},"image":{"@id":"https:\/\/miopack.com.tr\/es\/#\/schema\/logo\/image\/"},"sameAs":["https:\/\/www.facebook.com\/miopack.packaging.solutions\/","https:\/\/www.instagram.com\/miopack_packaging\/","https:\/\/www.youtube.com\/@miopack","https:\/\/www.linkedin.com\/company\/miopack"]}]}},"_links":{"self":[{"href":"https:\/\/miopack.com.tr\/es\/wp-json\/wp\/v2\/pages\/2850","targetHints":{"allow":["GET"]}}],"collection":[{"href":"https:\/\/miopack.com.tr\/es\/wp-json\/wp\/v2\/pages"}],"about":[{"href":"https:\/\/miopack.com.tr\/es\/wp-json\/wp\/v2\/types\/page"}],"author":[{"embeddable":true,"href":"https:\/\/miopack.com.tr\/es\/wp-json\/wp\/v2\/users\/1"}],"replies":[{"embeddable":true,"href":"https:\/\/miopack.com.tr\/es\/wp-json\/wp\/v2\/comments?post=2850"}],"version-history":[{"count":4,"href":"https:\/\/miopack.com.tr\/es\/wp-json\/wp\/v2\/pages\/2850\/revisions"}],"predecessor-version":[{"id":3339,"href":"https:\/\/miopack.com.tr\/es\/wp-json\/wp\/v2\/pages\/2850\/revisions\/3339"}],"wp:attachment":[{"href":"https:\/\/miopack.com.tr\/es\/wp-json\/wp\/v2\/media?parent=2850"}],"curies":[{"name":"wp","href":"https:\/\/api.w.org\/{rel}","templated":true}]}}