{"id":2828,"date":"2023-01-20T12:27:32","date_gmt":"2023-01-20T12:27:32","guid":{"rendered":"https:\/\/miopack.com.tr\/plancha-ondulada-sin-fin-m-board\/"},"modified":"2024-02-21T06:57:25","modified_gmt":"2024-02-21T06:57:25","slug":"plancha-ondulada-sin-fin-m-board","status":"publish","type":"page","link":"https:\/\/miopack.com.tr\/es\/plancha-ondulada-sin-fin-m-board\/","title":{"rendered":"Plancha ondulada sin fin M Board"},"content":{"rendered":"\t\t<div data-elementor-type=\"wp-page\" data-elementor-id=\"2828\" class=\"elementor elementor-2828 elementor-1073\">\n\t\t\t\t\t\t<section class=\"elementor-section elementor-top-section elementor-element elementor-element-b9f397a elementor-section-boxed elementor-section-height-default elementor-section-height-default\" data-id=\"b9f397a\" data-element_type=\"section\">\n\t\t\t\t\t\t<div class=\"elementor-container elementor-column-gap-default\">\n\t\t\t\t\t<div class=\"elementor-column elementor-col-50 elementor-top-column elementor-element elementor-element-32ff602\" data-id=\"32ff602\" data-element_type=\"column\">\n\t\t\t<div class=\"elementor-widget-wrap elementor-element-populated\">\n\t\t\t\t\t\t<div class=\"elementor-element elementor-element-b31683d elementor-widget elementor-widget-gallery_slider\" data-id=\"b31683d\" data-element_type=\"widget\" data-widget_type=\"gallery_slider.default\">\n\t\t\t\t<div class=\"elementor-widget-container\">\n\t\t\t<div class=\"gallery-fs\"><figure><img decoding=\"async\" src=\"https:\/\/miopack.com.tr\/wp-content\/uploads\/m-board-endless-corrugated-sheet.png\" alt=\"\"><\/figure><\/div>\t\t<\/div>\n\t\t\t\t<\/div>\n\t\t\t\t\t<\/div>\n\t\t<\/div>\n\t\t\t\t<div class=\"elementor-column elementor-col-50 elementor-top-column elementor-element elementor-element-03565b5\" data-id=\"03565b5\" data-element_type=\"column\">\n\t\t\t<div class=\"elementor-widget-wrap\">\n\t\t\t\t\t\t\t<\/div>\n\t\t<\/div>\n\t\t\t\t\t<\/div>\n\t\t<\/section>\n\t\t\t\t<section class=\"elementor-section elementor-top-section elementor-element elementor-element-9141969 elementor-section-boxed elementor-section-height-default elementor-section-height-default\" data-id=\"9141969\" data-element_type=\"section\">\n\t\t\t\t\t\t<div class=\"elementor-container elementor-column-gap-default\">\n\t\t\t\t\t<div class=\"elementor-column elementor-col-100 elementor-top-column elementor-element elementor-element-aa3da3c\" data-id=\"aa3da3c\" data-element_type=\"column\">\n\t\t\t<div class=\"elementor-widget-wrap elementor-element-populated\">\n\t\t\t\t\t\t<div class=\"elementor-element elementor-element-6739ccb elementor-widget elementor-widget-heading\" data-id=\"6739ccb\" data-element_type=\"widget\" data-widget_type=\"heading.default\">\n\t\t\t\t<div class=\"elementor-widget-container\">\n\t\t\t<h3 class='heading-left  divider-sm'  style=\"color:#000000\"><span>M BOARD CHAPA ONDULADA SIN FIN<\/span><\/h3>\t\t<\/div>\n\t\t\t\t<\/div>\n\t\t\t\t<div class=\"elementor-element elementor-element-85ca906 elementor-widget elementor-widget-text-editor\" data-id=\"85ca906\" data-element_type=\"widget\" data-widget_type=\"text-editor.default\">\n\t\t\t\t<div class=\"elementor-widget-container\">\n\t\t\t\t\t\t\t<p>M Board es una l\u00e1mina continua de cart\u00f3n ondulado plegada en forma de acorde\u00f3n. Es una soluci\u00f3n ideal para los clientes que tienen muchos productos de distintos tama\u00f1os y utilizan muchas caracter\u00edsticas de envasado diferentes. Miopack ofrece una soluci\u00f3n rentable al ayudarle a utilizar menos material en sus envases y reducir el inventario, ya que es necesario mantener menos tama\u00f1os en stock. Ofrece la m\u00e1xima flexibilidad, ya que puede utilizarse para envasar diferentes productos en distintos tama\u00f1os y cantidades. Tambi\u00e9n dispone de m\u00e1quinas especiales de corte Miopack en sus instalaciones que le permiten crear paquetes a medida seg\u00fan sus necesidades.<\/p>\n<p><strong>PRESTACIONES<\/strong><\/p>\n<ul>\n<li>Reducci\u00f3n de los da\u00f1os durante el transporte.<\/li>\n<li>Menor stock: sustituye a muchos formatos de envasado distintos.<\/li>\n<li>Menos gesti\u00f3n: almacenamiento, gesti\u00f3n de existencias y pedidos simplificados.<\/li>\n<li>Reducci\u00f3n del consumo de material: elimina la necesidad de acolchado adicional.<\/li>\n<li>Reducci\u00f3n de los costes de transporte gracias a la utilizaci\u00f3n optimizada de la capacidad de los veh\u00edculos.<\/li>\n<li>Puede suministrarse impreso<\/li>\n<li>Plazos de entrega cortos.<\/li>\n<li>Pedido m\u00ednimo reducido<\/li>\n<\/ul>\t\t\t\t\t\t<\/div>\n\t\t\t\t<\/div>\n\t\t\t\t\t<\/div>\n\t\t<\/div>\n\t\t\t\t\t<\/div>\n\t\t<\/section>\n\t\t\t\t<\/div>\n\t\t","protected":false},"excerpt":{"rendered":"<p>M BOARD CHAPA ONDULADA SIN FIN M Board es una l\u00e1mina continua de cart\u00f3n ondulado plegada en forma de acorde\u00f3n. Es una soluci\u00f3n ideal para los clientes que tienen muchos productos de distintos tama\u00f1os y utilizan muchas caracter\u00edsticas de envasado &hellip;<\/p>\n","protected":false},"author":2,"featured_media":0,"parent":0,"menu_order":0,"comment_status":"closed","ping_status":"closed","template":"","meta":{"footnotes":""},"class_list":["post-2828","page","type-page","status-publish","hentry"],"yoast_head":"<!-- This site is optimized with the Yoast SEO plugin v25.2 - https:\/\/yoast.com\/wordpress\/plugins\/seo\/ -->\n<title>Plancha ondulada sin fin M Board - Miopack Ambalaj Packaging Solutions<\/title>\n<meta name=\"robots\" content=\"index, follow, max-snippet:-1, max-image-preview:large, max-video-preview:-1\" \/>\n<link rel=\"canonical\" href=\"https:\/\/miopack.com.tr\/es\/plancha-ondulada-sin-fin-m-board\/\" \/>\n<meta property=\"og:locale\" content=\"es_ES\" \/>\n<meta property=\"og:type\" content=\"article\" \/>\n<meta property=\"og:title\" content=\"Plancha ondulada sin fin M Board - Miopack Ambalaj Packaging Solutions\" \/>\n<meta property=\"og:description\" content=\"M BOARD CHAPA ONDULADA SIN FIN M Board es una l\u00e1mina continua de cart\u00f3n ondulado plegada en forma de acorde\u00f3n. Es una soluci\u00f3n ideal para los clientes que tienen muchos productos de distintos tama\u00f1os y utilizan muchas caracter\u00edsticas de envasado &hellip;\" \/>\n<meta property=\"og:url\" content=\"https:\/\/miopack.com.tr\/es\/plancha-ondulada-sin-fin-m-board\/\" \/>\n<meta property=\"og:site_name\" content=\"Miopack Ambalaj Packaging Solutions\" \/>\n<meta property=\"article:publisher\" content=\"https:\/\/www.facebook.com\/miopack.packaging.solutions\/\" \/>\n<meta property=\"article:modified_time\" content=\"2024-02-21T06:57:25+00:00\" \/>\n<meta property=\"og:image\" content=\"https:\/\/miopack.com.tr\/wp-content\/uploads\/m-board-endless-corrugated-sheet.png\" \/>\n<meta name=\"twitter:card\" content=\"summary_large_image\" \/>\n<meta name=\"twitter:label1\" content=\"Tiempo de lectura\" \/>\n\t<meta name=\"twitter:data1\" content=\"1 minuto\" \/>\n<script type=\"application\/ld+json\" class=\"yoast-schema-graph\">{\"@context\":\"https:\/\/schema.org\",\"@graph\":[{\"@type\":\"WebPage\",\"@id\":\"https:\/\/miopack.com.tr\/es\/plancha-ondulada-sin-fin-m-board\/\",\"url\":\"https:\/\/miopack.com.tr\/es\/plancha-ondulada-sin-fin-m-board\/\",\"name\":\"Plancha ondulada sin fin M Board - Miopack Ambalaj Packaging Solutions\",\"isPartOf\":{\"@id\":\"https:\/\/miopack.com.tr\/es\/#website\"},\"primaryImageOfPage\":{\"@id\":\"https:\/\/miopack.com.tr\/es\/plancha-ondulada-sin-fin-m-board\/#primaryimage\"},\"image\":{\"@id\":\"https:\/\/miopack.com.tr\/es\/plancha-ondulada-sin-fin-m-board\/#primaryimage\"},\"thumbnailUrl\":\"https:\/\/miopack.com.tr\/wp-content\/uploads\/m-board-endless-corrugated-sheet.png\",\"datePublished\":\"2023-01-20T12:27:32+00:00\",\"dateModified\":\"2024-02-21T06:57:25+00:00\",\"breadcrumb\":{\"@id\":\"https:\/\/miopack.com.tr\/es\/plancha-ondulada-sin-fin-m-board\/#breadcrumb\"},\"inLanguage\":\"es\",\"potentialAction\":[{\"@type\":\"ReadAction\",\"target\":[\"https:\/\/miopack.com.tr\/es\/plancha-ondulada-sin-fin-m-board\/\"]}]},{\"@type\":\"ImageObject\",\"inLanguage\":\"es\",\"@id\":\"https:\/\/miopack.com.tr\/es\/plancha-ondulada-sin-fin-m-board\/#primaryimage\",\"url\":\"https:\/\/miopack.com.tr\/wp-content\/uploads\/m-board-endless-corrugated-sheet.png\",\"contentUrl\":\"https:\/\/miopack.com.tr\/wp-content\/uploads\/m-board-endless-corrugated-sheet.png\"},{\"@type\":\"BreadcrumbList\",\"@id\":\"https:\/\/miopack.com.tr\/es\/plancha-ondulada-sin-fin-m-board\/#breadcrumb\",\"itemListElement\":[{\"@type\":\"ListItem\",\"position\":1,\"name\":\"Home\",\"item\":\"https:\/\/miopack.com.tr\/es\/inicio\/\"},{\"@type\":\"ListItem\",\"position\":2,\"name\":\"Plancha ondulada sin fin M Board\"}]},{\"@type\":\"WebSite\",\"@id\":\"https:\/\/miopack.com.tr\/es\/#website\",\"url\":\"https:\/\/miopack.com.tr\/es\/\",\"name\":\"www.miopack.com.tr\",\"description\":\"Cardboard corners - Edge Protector - Angle Board - Packing Sources - Cardboard - Solidboard - Angleboard - Metallized Cardboard - Pastry Coaster\",\"publisher\":{\"@id\":\"https:\/\/miopack.com.tr\/es\/#organization\"},\"potentialAction\":[{\"@type\":\"SearchAction\",\"target\":{\"@type\":\"EntryPoint\",\"urlTemplate\":\"https:\/\/miopack.com.tr\/es\/?s={search_term_string}\"},\"query-input\":{\"@type\":\"PropertyValueSpecification\",\"valueRequired\":true,\"valueName\":\"search_term_string\"}}],\"inLanguage\":\"es\"},{\"@type\":\"Organization\",\"@id\":\"https:\/\/miopack.com.tr\/es\/#organization\",\"name\":\"Miopack Ambalaj Packaging Solutions\",\"url\":\"https:\/\/miopack.com.tr\/es\/\",\"logo\":{\"@type\":\"ImageObject\",\"inLanguage\":\"es\",\"@id\":\"https:\/\/miopack.com.tr\/es\/#\/schema\/logo\/image\/\",\"url\":\"https:\/\/miopack.com.tr\/wp-content\/uploads\/miopack-logo-1.png\",\"contentUrl\":\"https:\/\/miopack.com.tr\/wp-content\/uploads\/miopack-logo-1.png\",\"width\":442,\"height\":160,\"caption\":\"Miopack Ambalaj Packaging Solutions\"},\"image\":{\"@id\":\"https:\/\/miopack.com.tr\/es\/#\/schema\/logo\/image\/\"},\"sameAs\":[\"https:\/\/www.facebook.com\/miopack.packaging.solutions\/\",\"https:\/\/www.instagram.com\/miopack_packaging\/\",\"https:\/\/www.youtube.com\/@miopack\",\"https:\/\/www.linkedin.com\/company\/miopack\"]}]}<\/script>\n<!-- \/ Yoast SEO plugin. -->","yoast_head_json":{"title":"Plancha ondulada sin fin M Board - Miopack Ambalaj Packaging Solutions","robots":{"index":"index","follow":"follow","max-snippet":"max-snippet:-1","max-image-preview":"max-image-preview:large","max-video-preview":"max-video-preview:-1"},"canonical":"https:\/\/miopack.com.tr\/es\/plancha-ondulada-sin-fin-m-board\/","og_locale":"es_ES","og_type":"article","og_title":"Plancha ondulada sin fin M Board - Miopack Ambalaj Packaging Solutions","og_description":"M BOARD CHAPA ONDULADA SIN FIN M Board es una l\u00e1mina continua de cart\u00f3n ondulado plegada en forma de acorde\u00f3n. Es una soluci\u00f3n ideal para los clientes que tienen muchos productos de distintos tama\u00f1os y utilizan muchas caracter\u00edsticas de envasado &hellip;","og_url":"https:\/\/miopack.com.tr\/es\/plancha-ondulada-sin-fin-m-board\/","og_site_name":"Miopack Ambalaj Packaging Solutions","article_publisher":"https:\/\/www.facebook.com\/miopack.packaging.solutions\/","article_modified_time":"2024-02-21T06:57:25+00:00","og_image":[{"url":"https:\/\/miopack.com.tr\/wp-content\/uploads\/m-board-endless-corrugated-sheet.png","type":"","width":"","height":""}],"twitter_card":"summary_large_image","twitter_misc":{"Tiempo de lectura":"1 minuto"},"schema":{"@context":"https:\/\/schema.org","@graph":[{"@type":"WebPage","@id":"https:\/\/miopack.com.tr\/es\/plancha-ondulada-sin-fin-m-board\/","url":"https:\/\/miopack.com.tr\/es\/plancha-ondulada-sin-fin-m-board\/","name":"Plancha ondulada sin fin M Board - Miopack Ambalaj Packaging Solutions","isPartOf":{"@id":"https:\/\/miopack.com.tr\/es\/#website"},"primaryImageOfPage":{"@id":"https:\/\/miopack.com.tr\/es\/plancha-ondulada-sin-fin-m-board\/#primaryimage"},"image":{"@id":"https:\/\/miopack.com.tr\/es\/plancha-ondulada-sin-fin-m-board\/#primaryimage"},"thumbnailUrl":"https:\/\/miopack.com.tr\/wp-content\/uploads\/m-board-endless-corrugated-sheet.png","datePublished":"2023-01-20T12:27:32+00:00","dateModified":"2024-02-21T06:57:25+00:00","breadcrumb":{"@id":"https:\/\/miopack.com.tr\/es\/plancha-ondulada-sin-fin-m-board\/#breadcrumb"},"inLanguage":"es","potentialAction":[{"@type":"ReadAction","target":["https:\/\/miopack.com.tr\/es\/plancha-ondulada-sin-fin-m-board\/"]}]},{"@type":"ImageObject","inLanguage":"es","@id":"https:\/\/miopack.com.tr\/es\/plancha-ondulada-sin-fin-m-board\/#primaryimage","url":"https:\/\/miopack.com.tr\/wp-content\/uploads\/m-board-endless-corrugated-sheet.png","contentUrl":"https:\/\/miopack.com.tr\/wp-content\/uploads\/m-board-endless-corrugated-sheet.png"},{"@type":"BreadcrumbList","@id":"https:\/\/miopack.com.tr\/es\/plancha-ondulada-sin-fin-m-board\/#breadcrumb","itemListElement":[{"@type":"ListItem","position":1,"name":"Home","item":"https:\/\/miopack.com.tr\/es\/inicio\/"},{"@type":"ListItem","position":2,"name":"Plancha ondulada sin fin M Board"}]},{"@type":"WebSite","@id":"https:\/\/miopack.com.tr\/es\/#website","url":"https:\/\/miopack.com.tr\/es\/","name":"www.miopack.com.tr","description":"Cardboard corners - Edge Protector - Angle Board - Packing Sources - Cardboard - Solidboard - Angleboard - Metallized Cardboard - Pastry Coaster","publisher":{"@id":"https:\/\/miopack.com.tr\/es\/#organization"},"potentialAction":[{"@type":"SearchAction","target":{"@type":"EntryPoint","urlTemplate":"https:\/\/miopack.com.tr\/es\/?s={search_term_string}"},"query-input":{"@type":"PropertyValueSpecification","valueRequired":true,"valueName":"search_term_string"}}],"inLanguage":"es"},{"@type":"Organization","@id":"https:\/\/miopack.com.tr\/es\/#organization","name":"Miopack Ambalaj Packaging Solutions","url":"https:\/\/miopack.com.tr\/es\/","logo":{"@type":"ImageObject","inLanguage":"es","@id":"https:\/\/miopack.com.tr\/es\/#\/schema\/logo\/image\/","url":"https:\/\/miopack.com.tr\/wp-content\/uploads\/miopack-logo-1.png","contentUrl":"https:\/\/miopack.com.tr\/wp-content\/uploads\/miopack-logo-1.png","width":442,"height":160,"caption":"Miopack Ambalaj Packaging Solutions"},"image":{"@id":"https:\/\/miopack.com.tr\/es\/#\/schema\/logo\/image\/"},"sameAs":["https:\/\/www.facebook.com\/miopack.packaging.solutions\/","https:\/\/www.instagram.com\/miopack_packaging\/","https:\/\/www.youtube.com\/@miopack","https:\/\/www.linkedin.com\/company\/miopack"]}]}},"_links":{"self":[{"href":"https:\/\/miopack.com.tr\/es\/wp-json\/wp\/v2\/pages\/2828","targetHints":{"allow":["GET"]}}],"collection":[{"href":"https:\/\/miopack.com.tr\/es\/wp-json\/wp\/v2\/pages"}],"about":[{"href":"https:\/\/miopack.com.tr\/es\/wp-json\/wp\/v2\/types\/page"}],"author":[{"embeddable":true,"href":"https:\/\/miopack.com.tr\/es\/wp-json\/wp\/v2\/users\/2"}],"replies":[{"embeddable":true,"href":"https:\/\/miopack.com.tr\/es\/wp-json\/wp\/v2\/comments?post=2828"}],"version-history":[{"count":4,"href":"https:\/\/miopack.com.tr\/es\/wp-json\/wp\/v2\/pages\/2828\/revisions"}],"predecessor-version":[{"id":4362,"href":"https:\/\/miopack.com.tr\/es\/wp-json\/wp\/v2\/pages\/2828\/revisions\/4362"}],"wp:attachment":[{"href":"https:\/\/miopack.com.tr\/es\/wp-json\/wp\/v2\/media?parent=2828"}],"curies":[{"name":"wp","href":"https:\/\/api.w.org\/{rel}","templated":true}]}}