{"id":2824,"date":"2023-01-20T08:33:12","date_gmt":"2023-01-20T08:33:12","guid":{"rendered":"https:\/\/miopack.com.tr\/separadores-planos-y-peinados\/"},"modified":"2023-12-01T13:08:52","modified_gmt":"2023-12-01T13:08:52","slug":"separadores-planos-y-peinados","status":"publish","type":"page","link":"https:\/\/miopack.com.tr\/es\/separadores-planos-y-peinados\/","title":{"rendered":"Separadores planos y peinados"},"content":{"rendered":"\t\t<div data-elementor-type=\"wp-page\" data-elementor-id=\"2824\" class=\"elementor elementor-2824 elementor-1014\">\n\t\t\t\t\t\t<section class=\"elementor-section elementor-top-section elementor-element elementor-element-b9f397a elementor-section-boxed elementor-section-height-default elementor-section-height-default\" data-id=\"b9f397a\" data-element_type=\"section\">\n\t\t\t\t\t\t<div class=\"elementor-container elementor-column-gap-default\">\n\t\t\t\t\t<div class=\"elementor-column elementor-col-50 elementor-top-column elementor-element elementor-element-32ff602\" data-id=\"32ff602\" data-element_type=\"column\">\n\t\t\t<div class=\"elementor-widget-wrap elementor-element-populated\">\n\t\t\t\t\t\t<div class=\"elementor-element elementor-element-b31683d elementor-widget elementor-widget-gallery_slider\" data-id=\"b31683d\" data-element_type=\"widget\" data-widget_type=\"gallery_slider.default\">\n\t\t\t\t<div class=\"elementor-widget-container\">\n\t\t\t<div class=\"gallery-fs\"><figure><img decoding=\"async\" src=\"https:\/\/miopack.com.tr\/wp-content\/uploads\/flat-combed-seperators-for-box.jpg-scaled.jpg\" alt=\"\"><\/figure><div class=\"gallery-fs-nav\"><button class=\"gallery-fs-fullscreen\"><i class=\"fa fa-arrows-alt\"><\/i><\/button><\/div><div class=\"gallery-fs-thumbnails gallery-fs-thumbnails-col-5 owl-carousel owl-loaded\"><a href='https:\/\/miopack.com.tr\/wp-content\/uploads\/flat-combed-seperators-for-box.jpg-scaled.jpg' data-caption='flat-combed-seperators-for-box.jpg' title='flat-combed-seperators-for-box.jpg' class=\"selected\"><img class='attachment-anps-gallery-thumb size-anps-gallery-thumb' src=https:\/\/miopack.com.tr\/wp-content\/uploads\/flat-combed-seperators-for-box.jpg-scaled.jpg sizes='(max-width: 280px) 100vw, 280px' width='280' height='158'><\/a><a href='https:\/\/miopack.com.tr\/wp-content\/uploads\/flat-combed-seperators-for-box.jpg' data-caption='flat-combed-seperators-for-box' title='flat-combed-seperators-for-box'><img class='attachment-anps-gallery-thumb size-anps-gallery-thumb' src=https:\/\/miopack.com.tr\/wp-content\/uploads\/flat-combed-seperators-for-box.jpg sizes='(max-width: 280px) 100vw, 280px' width='280' height='158'><\/a><\/div><\/div>\t\t<\/div>\n\t\t\t\t<\/div>\n\t\t\t\t\t<\/div>\n\t\t<\/div>\n\t\t\t\t<div class=\"elementor-column elementor-col-50 elementor-top-column elementor-element elementor-element-03565b5\" data-id=\"03565b5\" data-element_type=\"column\">\n\t\t\t<div class=\"elementor-widget-wrap\">\n\t\t\t\t\t\t\t<\/div>\n\t\t<\/div>\n\t\t\t\t\t<\/div>\n\t\t<\/section>\n\t\t\t\t<section class=\"elementor-section elementor-top-section elementor-element elementor-element-9141969 elementor-section-boxed elementor-section-height-default elementor-section-height-default\" data-id=\"9141969\" data-element_type=\"section\">\n\t\t\t\t\t\t<div class=\"elementor-container elementor-column-gap-default\">\n\t\t\t\t\t<div class=\"elementor-column elementor-col-100 elementor-top-column elementor-element elementor-element-aa3da3c\" data-id=\"aa3da3c\" data-element_type=\"column\">\n\t\t\t<div class=\"elementor-widget-wrap elementor-element-populated\">\n\t\t\t\t\t\t<div class=\"elementor-element elementor-element-6739ccb elementor-widget elementor-widget-heading\" data-id=\"6739ccb\" data-element_type=\"widget\" data-widget_type=\"heading.default\">\n\t\t\t\t<div class=\"elementor-widget-container\">\n\t\t\t<h3 class='heading-left  divider-sm'  style=\"color:#000000\"><span>SEPARADORES PLANOS Y PEINADOS<\/span><\/h3>\t\t<\/div>\n\t\t\t\t<\/div>\n\t\t\t\t<div class=\"elementor-element elementor-element-85ca906 elementor-widget elementor-widget-text-editor\" data-id=\"85ca906\" data-element_type=\"widget\" data-widget_type=\"text-editor.default\">\n\t\t\t\t<div class=\"elementor-widget-container\">\n\t\t\t\t\t\t\t<p>Puede fabricarse a partir de cart\u00f3n ondulado E, B, C, BC, EB. Generalmente se utiliza como tabique entre los productos que se apilan unos encima de otros. Hace las veces de estanter\u00eda en un paquete o pal\u00e9. Evita que los productos se deshagan y se desplomen al proporcionar una conexi\u00f3n entre ellos y aumenta la resistencia. Los separadores de cart\u00f3n ondulado pueden fabricarse en las dimensiones deseadas en funci\u00f3n de las dimensiones interiores del pal\u00e9 o paquete deseado.<\/p>\n<p>Los separadores peinados pueden fabricarse con la calidad y las dimensiones deseadas. Se forma montando los separadores cortados abriendo canales en forma de peines, en \u00e1ngulo recto entre s\u00ed en forma de m\u00e1s.<\/p>\n\t\t\t\t\t\t<\/div>\n\t\t\t\t<\/div>\n\t\t\t\t\t<\/div>\n\t\t<\/div>\n\t\t\t\t\t<\/div>\n\t\t<\/section>\n\t\t\t\t<\/div>\n\t\t","protected":false},"excerpt":{"rendered":"<p>SEPARADORES PLANOS Y PEINADOS Puede fabricarse a partir de cart\u00f3n ondulado E, B, C, BC, EB. Generalmente se utiliza como tabique entre los productos que se apilan unos encima de otros. Hace las veces de estanter\u00eda en un paquete o &hellip;<\/p>\n","protected":false},"author":2,"featured_media":0,"parent":0,"menu_order":0,"comment_status":"closed","ping_status":"closed","template":"","meta":{"footnotes":""},"class_list":["post-2824","page","type-page","status-publish","hentry"],"yoast_head":"<!-- This site is optimized with the Yoast SEO plugin v25.2 - https:\/\/yoast.com\/wordpress\/plugins\/seo\/ -->\n<title>Separadores planos y peinados - Miopack Ambalaj Packaging Solutions<\/title>\n<meta name=\"robots\" content=\"index, follow, max-snippet:-1, max-image-preview:large, max-video-preview:-1\" \/>\n<link rel=\"canonical\" href=\"https:\/\/miopack.com.tr\/es\/separadores-planos-y-peinados\/\" \/>\n<meta property=\"og:locale\" content=\"es_ES\" \/>\n<meta property=\"og:type\" content=\"article\" \/>\n<meta property=\"og:title\" content=\"Separadores planos y peinados - Miopack Ambalaj Packaging Solutions\" \/>\n<meta property=\"og:description\" content=\"SEPARADORES PLANOS Y PEINADOS Puede fabricarse a partir de cart\u00f3n ondulado E, B, C, BC, EB. Generalmente se utiliza como tabique entre los productos que se apilan unos encima de otros. Hace las veces de estanter\u00eda en un paquete o &hellip;\" \/>\n<meta property=\"og:url\" content=\"https:\/\/miopack.com.tr\/es\/separadores-planos-y-peinados\/\" \/>\n<meta property=\"og:site_name\" content=\"Miopack Ambalaj Packaging Solutions\" \/>\n<meta property=\"article:publisher\" content=\"https:\/\/www.facebook.com\/miopack.packaging.solutions\/\" \/>\n<meta property=\"article:modified_time\" content=\"2023-12-01T13:08:52+00:00\" \/>\n<meta property=\"og:image\" content=\"https:\/\/miopack.com.tr\/wp-content\/uploads\/flat-combed-seperators-for-box.jpg-scaled.jpg\" \/>\n<meta name=\"twitter:card\" content=\"summary_large_image\" \/>\n<meta name=\"twitter:label1\" content=\"Tiempo de lectura\" \/>\n\t<meta name=\"twitter:data1\" content=\"1 minuto\" \/>\n<script type=\"application\/ld+json\" class=\"yoast-schema-graph\">{\"@context\":\"https:\/\/schema.org\",\"@graph\":[{\"@type\":\"WebPage\",\"@id\":\"https:\/\/miopack.com.tr\/es\/separadores-planos-y-peinados\/\",\"url\":\"https:\/\/miopack.com.tr\/es\/separadores-planos-y-peinados\/\",\"name\":\"Separadores planos y peinados - Miopack Ambalaj Packaging Solutions\",\"isPartOf\":{\"@id\":\"https:\/\/miopack.com.tr\/es\/#website\"},\"primaryImageOfPage\":{\"@id\":\"https:\/\/miopack.com.tr\/es\/separadores-planos-y-peinados\/#primaryimage\"},\"image\":{\"@id\":\"https:\/\/miopack.com.tr\/es\/separadores-planos-y-peinados\/#primaryimage\"},\"thumbnailUrl\":\"https:\/\/miopack.com.tr\/wp-content\/uploads\/flat-combed-seperators-for-box.jpg-scaled.jpg\",\"datePublished\":\"2023-01-20T08:33:12+00:00\",\"dateModified\":\"2023-12-01T13:08:52+00:00\",\"breadcrumb\":{\"@id\":\"https:\/\/miopack.com.tr\/es\/separadores-planos-y-peinados\/#breadcrumb\"},\"inLanguage\":\"es\",\"potentialAction\":[{\"@type\":\"ReadAction\",\"target\":[\"https:\/\/miopack.com.tr\/es\/separadores-planos-y-peinados\/\"]}]},{\"@type\":\"ImageObject\",\"inLanguage\":\"es\",\"@id\":\"https:\/\/miopack.com.tr\/es\/separadores-planos-y-peinados\/#primaryimage\",\"url\":\"https:\/\/miopack.com.tr\/wp-content\/uploads\/flat-combed-seperators-for-box.jpg-scaled.jpg\",\"contentUrl\":\"https:\/\/miopack.com.tr\/wp-content\/uploads\/flat-combed-seperators-for-box.jpg-scaled.jpg\"},{\"@type\":\"BreadcrumbList\",\"@id\":\"https:\/\/miopack.com.tr\/es\/separadores-planos-y-peinados\/#breadcrumb\",\"itemListElement\":[{\"@type\":\"ListItem\",\"position\":1,\"name\":\"Home\",\"item\":\"https:\/\/miopack.com.tr\/es\/inicio\/\"},{\"@type\":\"ListItem\",\"position\":2,\"name\":\"Separadores planos y peinados\"}]},{\"@type\":\"WebSite\",\"@id\":\"https:\/\/miopack.com.tr\/es\/#website\",\"url\":\"https:\/\/miopack.com.tr\/es\/\",\"name\":\"www.miopack.com.tr\",\"description\":\"Cardboard corners - Edge Protector - Angle Board - Packing Sources - Cardboard - Solidboard - Angleboard - Metallized Cardboard - Pastry Coaster\",\"publisher\":{\"@id\":\"https:\/\/miopack.com.tr\/es\/#organization\"},\"potentialAction\":[{\"@type\":\"SearchAction\",\"target\":{\"@type\":\"EntryPoint\",\"urlTemplate\":\"https:\/\/miopack.com.tr\/es\/?s={search_term_string}\"},\"query-input\":{\"@type\":\"PropertyValueSpecification\",\"valueRequired\":true,\"valueName\":\"search_term_string\"}}],\"inLanguage\":\"es\"},{\"@type\":\"Organization\",\"@id\":\"https:\/\/miopack.com.tr\/es\/#organization\",\"name\":\"Miopack Ambalaj Packaging Solutions\",\"url\":\"https:\/\/miopack.com.tr\/es\/\",\"logo\":{\"@type\":\"ImageObject\",\"inLanguage\":\"es\",\"@id\":\"https:\/\/miopack.com.tr\/es\/#\/schema\/logo\/image\/\",\"url\":\"https:\/\/miopack.com.tr\/wp-content\/uploads\/miopack-logo-1.png\",\"contentUrl\":\"https:\/\/miopack.com.tr\/wp-content\/uploads\/miopack-logo-1.png\",\"width\":442,\"height\":160,\"caption\":\"Miopack Ambalaj Packaging Solutions\"},\"image\":{\"@id\":\"https:\/\/miopack.com.tr\/es\/#\/schema\/logo\/image\/\"},\"sameAs\":[\"https:\/\/www.facebook.com\/miopack.packaging.solutions\/\",\"https:\/\/www.instagram.com\/miopack_packaging\/\",\"https:\/\/www.youtube.com\/@miopack\",\"https:\/\/www.linkedin.com\/company\/miopack\"]}]}<\/script>\n<!-- \/ Yoast SEO plugin. -->","yoast_head_json":{"title":"Separadores planos y peinados - Miopack Ambalaj Packaging Solutions","robots":{"index":"index","follow":"follow","max-snippet":"max-snippet:-1","max-image-preview":"max-image-preview:large","max-video-preview":"max-video-preview:-1"},"canonical":"https:\/\/miopack.com.tr\/es\/separadores-planos-y-peinados\/","og_locale":"es_ES","og_type":"article","og_title":"Separadores planos y peinados - Miopack Ambalaj Packaging Solutions","og_description":"SEPARADORES PLANOS Y PEINADOS Puede fabricarse a partir de cart\u00f3n ondulado E, B, C, BC, EB. Generalmente se utiliza como tabique entre los productos que se apilan unos encima de otros. Hace las veces de estanter\u00eda en un paquete o &hellip;","og_url":"https:\/\/miopack.com.tr\/es\/separadores-planos-y-peinados\/","og_site_name":"Miopack Ambalaj Packaging Solutions","article_publisher":"https:\/\/www.facebook.com\/miopack.packaging.solutions\/","article_modified_time":"2023-12-01T13:08:52+00:00","og_image":[{"url":"https:\/\/miopack.com.tr\/wp-content\/uploads\/flat-combed-seperators-for-box.jpg-scaled.jpg","type":"","width":"","height":""}],"twitter_card":"summary_large_image","twitter_misc":{"Tiempo de lectura":"1 minuto"},"schema":{"@context":"https:\/\/schema.org","@graph":[{"@type":"WebPage","@id":"https:\/\/miopack.com.tr\/es\/separadores-planos-y-peinados\/","url":"https:\/\/miopack.com.tr\/es\/separadores-planos-y-peinados\/","name":"Separadores planos y peinados - Miopack Ambalaj Packaging Solutions","isPartOf":{"@id":"https:\/\/miopack.com.tr\/es\/#website"},"primaryImageOfPage":{"@id":"https:\/\/miopack.com.tr\/es\/separadores-planos-y-peinados\/#primaryimage"},"image":{"@id":"https:\/\/miopack.com.tr\/es\/separadores-planos-y-peinados\/#primaryimage"},"thumbnailUrl":"https:\/\/miopack.com.tr\/wp-content\/uploads\/flat-combed-seperators-for-box.jpg-scaled.jpg","datePublished":"2023-01-20T08:33:12+00:00","dateModified":"2023-12-01T13:08:52+00:00","breadcrumb":{"@id":"https:\/\/miopack.com.tr\/es\/separadores-planos-y-peinados\/#breadcrumb"},"inLanguage":"es","potentialAction":[{"@type":"ReadAction","target":["https:\/\/miopack.com.tr\/es\/separadores-planos-y-peinados\/"]}]},{"@type":"ImageObject","inLanguage":"es","@id":"https:\/\/miopack.com.tr\/es\/separadores-planos-y-peinados\/#primaryimage","url":"https:\/\/miopack.com.tr\/wp-content\/uploads\/flat-combed-seperators-for-box.jpg-scaled.jpg","contentUrl":"https:\/\/miopack.com.tr\/wp-content\/uploads\/flat-combed-seperators-for-box.jpg-scaled.jpg"},{"@type":"BreadcrumbList","@id":"https:\/\/miopack.com.tr\/es\/separadores-planos-y-peinados\/#breadcrumb","itemListElement":[{"@type":"ListItem","position":1,"name":"Home","item":"https:\/\/miopack.com.tr\/es\/inicio\/"},{"@type":"ListItem","position":2,"name":"Separadores planos y peinados"}]},{"@type":"WebSite","@id":"https:\/\/miopack.com.tr\/es\/#website","url":"https:\/\/miopack.com.tr\/es\/","name":"www.miopack.com.tr","description":"Cardboard corners - Edge Protector - Angle Board - Packing Sources - Cardboard - Solidboard - Angleboard - Metallized Cardboard - Pastry Coaster","publisher":{"@id":"https:\/\/miopack.com.tr\/es\/#organization"},"potentialAction":[{"@type":"SearchAction","target":{"@type":"EntryPoint","urlTemplate":"https:\/\/miopack.com.tr\/es\/?s={search_term_string}"},"query-input":{"@type":"PropertyValueSpecification","valueRequired":true,"valueName":"search_term_string"}}],"inLanguage":"es"},{"@type":"Organization","@id":"https:\/\/miopack.com.tr\/es\/#organization","name":"Miopack Ambalaj Packaging Solutions","url":"https:\/\/miopack.com.tr\/es\/","logo":{"@type":"ImageObject","inLanguage":"es","@id":"https:\/\/miopack.com.tr\/es\/#\/schema\/logo\/image\/","url":"https:\/\/miopack.com.tr\/wp-content\/uploads\/miopack-logo-1.png","contentUrl":"https:\/\/miopack.com.tr\/wp-content\/uploads\/miopack-logo-1.png","width":442,"height":160,"caption":"Miopack Ambalaj Packaging Solutions"},"image":{"@id":"https:\/\/miopack.com.tr\/es\/#\/schema\/logo\/image\/"},"sameAs":["https:\/\/www.facebook.com\/miopack.packaging.solutions\/","https:\/\/www.instagram.com\/miopack_packaging\/","https:\/\/www.youtube.com\/@miopack","https:\/\/www.linkedin.com\/company\/miopack"]}]}},"_links":{"self":[{"href":"https:\/\/miopack.com.tr\/es\/wp-json\/wp\/v2\/pages\/2824","targetHints":{"allow":["GET"]}}],"collection":[{"href":"https:\/\/miopack.com.tr\/es\/wp-json\/wp\/v2\/pages"}],"about":[{"href":"https:\/\/miopack.com.tr\/es\/wp-json\/wp\/v2\/types\/page"}],"author":[{"embeddable":true,"href":"https:\/\/miopack.com.tr\/es\/wp-json\/wp\/v2\/users\/2"}],"replies":[{"embeddable":true,"href":"https:\/\/miopack.com.tr\/es\/wp-json\/wp\/v2\/comments?post=2824"}],"version-history":[{"count":1,"href":"https:\/\/miopack.com.tr\/es\/wp-json\/wp\/v2\/pages\/2824\/revisions"}],"predecessor-version":[{"id":2826,"href":"https:\/\/miopack.com.tr\/es\/wp-json\/wp\/v2\/pages\/2824\/revisions\/2826"}],"wp:attachment":[{"href":"https:\/\/miopack.com.tr\/es\/wp-json\/wp\/v2\/media?parent=2824"}],"curies":[{"name":"wp","href":"https:\/\/api.w.org\/{rel}","templated":true}]}}