{"id":2782,"date":"2023-01-07T14:13:14","date_gmt":"2023-01-07T14:13:14","guid":{"rendered":"https:\/\/miopack.com.tr\/tablero-alveolar-ranurado\/"},"modified":"2023-12-01T13:04:55","modified_gmt":"2023-12-01T13:04:55","slug":"tablero-alveolar-ranurado","status":"publish","type":"page","link":"https:\/\/miopack.com.tr\/es\/tablero-alveolar-ranurado\/","title":{"rendered":"Tablero alveolar ranurado"},"content":{"rendered":"\t\t<div data-elementor-type=\"wp-page\" data-elementor-id=\"2782\" class=\"elementor elementor-2782 elementor-655\">\n\t\t\t\t\t\t<section class=\"elementor-section elementor-top-section elementor-element elementor-element-b9f397a elementor-section-boxed elementor-section-height-default elementor-section-height-default\" data-id=\"b9f397a\" data-element_type=\"section\">\n\t\t\t\t\t\t<div class=\"elementor-container elementor-column-gap-default\">\n\t\t\t\t\t<div class=\"elementor-column elementor-col-50 elementor-top-column elementor-element elementor-element-32ff602\" data-id=\"32ff602\" data-element_type=\"column\">\n\t\t\t<div class=\"elementor-widget-wrap elementor-element-populated\">\n\t\t\t\t\t\t<div class=\"elementor-element elementor-element-b31683d elementor-widget elementor-widget-gallery_slider\" data-id=\"b31683d\" data-element_type=\"widget\" data-widget_type=\"gallery_slider.default\">\n\t\t\t\t<div class=\"elementor-widget-container\">\n\t\t\t<div class=\"gallery-fs\"><figure><img decoding=\"async\" src=\"https:\/\/miopack.com.tr\/wp-content\/uploads\/slitted-core-board-1.jpg\" alt=\"\"><\/figure><div class=\"gallery-fs-nav\"><button class=\"gallery-fs-fullscreen\"><i class=\"fa fa-arrows-alt\"><\/i><\/button><\/div><div class=\"gallery-fs-thumbnails gallery-fs-thumbnails-col-5 owl-carousel owl-loaded\"><a href='https:\/\/miopack.com.tr\/wp-content\/uploads\/slitted-core-board-1.jpg' data-caption='' title='' class=\"selected\"><img class='attachment-anps-gallery-thumb size-anps-gallery-thumb' src=https:\/\/miopack.com.tr\/wp-content\/uploads\/slitted-core-board-1.jpg sizes='(max-width: 280px) 100vw, 280px' width='280' height='158'><\/a><a href='https:\/\/miopack.com.tr\/wp-content\/uploads\/gray-coreboard-1.jpg' data-caption='' title=''><img class='attachment-anps-gallery-thumb size-anps-gallery-thumb' src=https:\/\/miopack.com.tr\/wp-content\/uploads\/gray-coreboard-1.jpg sizes='(max-width: 280px) 100vw, 280px' width='280' height='158'><\/a><\/div><\/div>\t\t<\/div>\n\t\t\t\t<\/div>\n\t\t\t\t\t<\/div>\n\t\t<\/div>\n\t\t\t\t<div class=\"elementor-column elementor-col-50 elementor-top-column elementor-element elementor-element-03565b5\" data-id=\"03565b5\" data-element_type=\"column\">\n\t\t\t<div class=\"elementor-widget-wrap\">\n\t\t\t\t\t\t\t<\/div>\n\t\t<\/div>\n\t\t\t\t\t<\/div>\n\t\t<\/section>\n\t\t\t\t<section class=\"elementor-section elementor-top-section elementor-element elementor-element-9141969 elementor-section-boxed elementor-section-height-default elementor-section-height-default\" data-id=\"9141969\" data-element_type=\"section\">\n\t\t\t\t\t\t<div class=\"elementor-container elementor-column-gap-default\">\n\t\t\t\t\t<div class=\"elementor-column elementor-col-100 elementor-top-column elementor-element elementor-element-aa3da3c\" data-id=\"aa3da3c\" data-element_type=\"column\">\n\t\t\t<div class=\"elementor-widget-wrap elementor-element-populated\">\n\t\t\t\t\t\t<div class=\"elementor-element elementor-element-6739ccb elementor-widget elementor-widget-heading\" data-id=\"6739ccb\" data-element_type=\"widget\" data-widget_type=\"heading.default\">\n\t\t\t\t<div class=\"elementor-widget-container\">\n\t\t\t<h3 class='heading-left  divider-sm'  style=\"color:#000000\"><span>PLACA BASE RANURADA<\/span><\/h3>\t\t<\/div>\n\t\t\t\t<\/div>\n\t\t\t\t<div class=\"elementor-element elementor-element-85ca906 elementor-widget elementor-widget-text-editor\" data-id=\"85ca906\" data-element_type=\"widget\" data-widget_type=\"text-editor.default\">\n\t\t\t\t<div class=\"elementor-widget-container\">\n\t\t\t\t\t\t\t<p><span style=\"color: #5d5d5d; font-family: Arial, sans-serif; font-size: 13px;\">El producto resultante tiene una densidad de 260-480 gr\/m\u00b2 y una anchura de 5-50 cm. El di\u00e1metro m\u00e1ximo de la bobina cortada es de 125 cm.<\/span><\/p>\n\t\t\t\t\t\t<\/div>\n\t\t\t\t<\/div>\n\t\t\t\t\t<\/div>\n\t\t<\/div>\n\t\t\t\t\t<\/div>\n\t\t<\/section>\n\t\t\t\t<section class=\"elementor-section elementor-top-section elementor-element elementor-element-b6eb26b elementor-section-boxed elementor-section-height-default elementor-section-height-default\" data-id=\"b6eb26b\" data-element_type=\"section\">\n\t\t\t\t\t\t<div class=\"elementor-container elementor-column-gap-default\">\n\t\t\t\t\t<div class=\"elementor-column elementor-col-100 elementor-top-column elementor-element elementor-element-8692787\" data-id=\"8692787\" data-element_type=\"column\">\n\t\t\t<div class=\"elementor-widget-wrap elementor-element-populated\">\n\t\t\t\t\t\t<div class=\"elementor-element elementor-element-0cb1c87 elementor-widget elementor-widget-heading\" data-id=\"0cb1c87\" data-element_type=\"widget\" data-widget_type=\"heading.default\">\n\t\t\t\t<div class=\"elementor-widget-container\">\n\t\t\t<h3 class='heading-left  divider-sm'  style=\"color:#000000\"><span>DIMENSIONES<\/span><\/h3>\t\t<\/div>\n\t\t\t\t<\/div>\n\t\t\t\t<div class=\"elementor-element elementor-element-e5ef08d elementor-widget elementor-widget-text-editor\" data-id=\"e5ef08d\" data-element_type=\"widget\" data-widget_type=\"text-editor.default\">\n\t\t\t\t<div class=\"elementor-widget-container\">\n\t\t\t\t\t\t\t<ul>\n<li class=\"elementor-icon-list-item\" style=\"border: 0px; outline: 0px; vertical-align: baseline; background: 0px 0px; padding-bottom: calc(0px); align-items: var(--icon-vertical-align,center); justify-content: flex-start; text-align: left;\"><span class=\"elementor-icon-list-text\" style=\"color: var(--e-global-color-secondary); display: inline-block; font-family: Poppins, sans-serif; transition: color 0.3s ease 0s;\">Anchura: 50-500 mm<\/span><\/li>\n<li class=\"elementor-icon-list-item\" style=\"margin-top: calc(0px); border: 0px; outline: 0px; vertical-align: baseline; background: 0px 0px; align-items: var(--icon-vertical-align,center); justify-content: flex-start; text-align: left;\"><span class=\"elementor-icon-list-text\" style=\"color: var(--e-global-color-secondary); display: inline-block; font-family: Poppins, sans-serif; transition: color 0.3s ease 0s;\">Longitud:<\/span><\/li>\n<\/ul>\n\t\t\t\t\t\t<\/div>\n\t\t\t\t<\/div>\n\t\t\t\t\t<\/div>\n\t\t<\/div>\n\t\t\t\t\t<\/div>\n\t\t<\/section>\n\t\t\t\t<section class=\"elementor-section elementor-top-section elementor-element elementor-element-ff895ba elementor-section-boxed elementor-section-height-default elementor-section-height-default\" data-id=\"ff895ba\" data-element_type=\"section\">\n\t\t\t\t\t\t<div class=\"elementor-container elementor-column-gap-default\">\n\t\t\t\t\t<div class=\"elementor-column elementor-col-100 elementor-top-column elementor-element elementor-element-7cfb509\" data-id=\"7cfb509\" data-element_type=\"column\">\n\t\t\t<div class=\"elementor-widget-wrap elementor-element-populated\">\n\t\t\t\t\t\t<div class=\"elementor-element elementor-element-fc8290f elementor-widget elementor-widget-heading\" data-id=\"fc8290f\" data-element_type=\"widget\" data-widget_type=\"heading.default\">\n\t\t\t\t<div class=\"elementor-widget-container\">\n\t\t\t<h3 class='heading-left  divider-sm'  style=\"color:#000000\"><span>\u00c1REAS DE USO<\/span><\/h3>\t\t<\/div>\n\t\t\t\t<\/div>\n\t\t\t\t<div class=\"elementor-element elementor-element-46e7ca5 elementor-widget elementor-widget-text-editor\" data-id=\"46e7ca5\" data-element_type=\"widget\" data-widget_type=\"text-editor.default\">\n\t\t\t\t<div class=\"elementor-widget-container\">\n\t\t\t\t\t\t\t<p><span style=\"font-family: Poppins, sans-serif; font-size: 13px;\">El envasado de bienes de consumo es una industria diversa y creativa. Es vital a\u00f1adir valor, proporcionar protecci\u00f3n y comercializar eficazmente el producto en un entorno minorista.<\/span><\/p>\n\t\t\t\t\t\t<\/div>\n\t\t\t\t<\/div>\n\t\t\t\t\t<\/div>\n\t\t<\/div>\n\t\t\t\t\t<\/div>\n\t\t<\/section>\n\t\t\t\t<section class=\"elementor-section elementor-top-section elementor-element elementor-element-0a407a1 elementor-section-boxed elementor-section-height-default elementor-section-height-default\" data-id=\"0a407a1\" data-element_type=\"section\">\n\t\t\t\t\t\t<div class=\"elementor-container elementor-column-gap-default\">\n\t\t\t\t\t<div class=\"elementor-column elementor-col-100 elementor-top-column elementor-element elementor-element-1821c12\" data-id=\"1821c12\" data-element_type=\"column\">\n\t\t\t<div class=\"elementor-widget-wrap elementor-element-populated\">\n\t\t\t\t\t\t<div class=\"elementor-element elementor-element-c3fdad2 elementor-widget elementor-widget-heading\" data-id=\"c3fdad2\" data-element_type=\"widget\" data-widget_type=\"heading.default\">\n\t\t\t\t<div class=\"elementor-widget-container\">\n\t\t\t<h3 class='heading-left  divider-sm'  style=\"color:#000000\"><span>DETALLES T\u00c9CNICOS<\/span><\/h3>\t\t<\/div>\n\t\t\t\t<\/div>\n\t\t\t\t<div class=\"elementor-element elementor-element-1dfc69c elementor-widget elementor-widget-text-editor\" data-id=\"1dfc69c\" data-element_type=\"widget\" data-widget_type=\"text-editor.default\">\n\t\t\t\t<div class=\"elementor-widget-container\">\n\t\t\t\t\t\t\t<table id=\"plus-table-id-b49397f\" class=\"plus-table plus-text-break plus-column-rules aligncenter\" data-sort-table=\"no\" data-show-entry=\"no\" data-searchable=\"no\">\n<thead>\n<tr class=\"plus-table-row\">\n<th id=\"tooltip65682a29ea3fb\" class=\"sort-this elementor-repeater-item-d88575e plus-table-col\" scope=\"col\" data-sort=\"0\" data-local=\"true\">\n  <span class=\"sort-style\"><br \/>\n    <span class=\"plus-table__text\"><br \/>\n      <span class=\"plus-table__text-inner\">Densidad<\/span><br \/>\n    <\/span><br \/>\n  <\/span>\n<\/th>\n<th id=\"tooltip65682a29ea40e\" class=\"sort-this elementor-repeater-item-dff619e plus-table-col\" scope=\"col\" data-sort=\"1\" data-local=\"true\">\n  <span class=\"sort-style\"><br \/>\n    <span class=\"plus-table__text\"><br \/>\n      <span class=\"plus-table__text-inner\">Di\u00e1metro interior \u00d8 (mm)<\/span><br \/>\n    <\/span><br \/>\n  <\/span>\n<\/th>\n<th id=\"tooltip65682a29ea41b\" class=\"sort-this elementor-repeater-item-d91e23b plus-table-col\" scope=\"col\" data-sort=\"2\" data-local=\"true\">\n  <span class=\"sort-style\"><br \/>\n    <span class=\"plus-table__text\"><br \/>\n      <span class=\"plus-table__text-inner\">Di\u00e1metro exterior \u00d8 (mm)<\/span><br \/>\n    <\/span><br \/>\n  <\/span>\n<\/th>\n<th id=\"tooltip65682a29ea428\" class=\"sort-this elementor-repeater-item-81b0fe5 plus-table-col\" scope=\"col\" data-sort=\"3\" data-local=\"true\">\n  <span class=\"sort-style\"><br \/>\n    <span class=\"plus-table__text\"><br \/>\n      <span class=\"plus-table__text-inner\">Anchura (mm)<\/span><br \/>\n    <\/span><br \/>\n  <\/span>\n<\/th>\n<\/tr>\n<\/thead>\n<tbody>\n<tr class=\"plus-table-row\" data-entry=\"1\">\n<td id=\"tooltip65682a29ea443\" class=\"plus-table-col elementor-repeater-item-88c32a6\" rowspan=\"7\" data-title=\"Density\">\n  <span class=\"plus-table__text\"><br \/>\n    <span class=\"plus-table__text-inner\">260 &#8211; 480<\/span><br \/>\n  <\/span>\n<\/td>\n<td id=\"tooltip65682a29ea458\" class=\"plus-table-col elementor-repeater-item-110ea1c\" data-title=\"Inner diameter \u00d8 (mm)\">\n  <span class=\"plus-table__text\"><br \/>\n    <span class=\"plus-table__text-inner\">76<\/span><br \/>\n  <\/span>\n<\/td>\n<td id=\"tooltip65682a29ea467\" class=\"plus-table-col elementor-repeater-item-a064c88\" rowspan=\"7\" data-title=\"Outer diameter \u00d8 (mm)\">\n  <span class=\"plus-table__text\"><br \/>\n    <span class=\"plus-table__text-inner\">1000 &#8211; 1250<\/span><br \/>\n  <\/span>\n<\/td>\n<td id=\"tooltip65682a29ea475\" class=\"plus-table-col elementor-repeater-item-f8561df\" data-title=\"Width (mm)\">\n  <span class=\"plus-table__text\"><br \/>\n    <span class=\"plus-table__text-inner\">50 &#8211; 500<\/span><br \/>\n  <\/span>\n<\/td>\n<\/tr>\n<\/tbody>\n<\/table>\n\t\t\t\t\t\t<\/div>\n\t\t\t\t<\/div>\n\t\t\t\t\t<\/div>\n\t\t<\/div>\n\t\t\t\t\t<\/div>\n\t\t<\/section>\n\t\t\t\t<\/div>\n\t\t","protected":false},"excerpt":{"rendered":"<p>PLACA BASE RANURADA El producto resultante tiene una densidad de 260-480 gr\/m\u00b2 y una anchura de 5-50 cm. El di\u00e1metro m\u00e1ximo de la bobina cortada es de 125 cm. DIMENSIONES Anchura: 50-500 mm Longitud: \u00c1REAS DE USO El envasado de &hellip;<\/p>\n","protected":false},"author":1,"featured_media":0,"parent":0,"menu_order":0,"comment_status":"closed","ping_status":"closed","template":"","meta":{"footnotes":""},"class_list":["post-2782","page","type-page","status-publish","hentry"],"yoast_head":"<!-- This site is optimized with the Yoast SEO plugin v25.2 - https:\/\/yoast.com\/wordpress\/plugins\/seo\/ -->\n<title>Tablero alveolar ranurado - Miopack Ambalaj Packaging Solutions<\/title>\n<meta name=\"robots\" content=\"index, follow, max-snippet:-1, max-image-preview:large, max-video-preview:-1\" \/>\n<link rel=\"canonical\" href=\"https:\/\/miopack.com.tr\/es\/tablero-alveolar-ranurado\/\" \/>\n<meta property=\"og:locale\" content=\"es_ES\" \/>\n<meta property=\"og:type\" content=\"article\" \/>\n<meta property=\"og:title\" content=\"Tablero alveolar ranurado - Miopack Ambalaj Packaging Solutions\" \/>\n<meta property=\"og:description\" content=\"PLACA BASE RANURADA El producto resultante tiene una densidad de 260-480 gr\/m\u00b2 y una anchura de 5-50 cm. El di\u00e1metro m\u00e1ximo de la bobina cortada es de 125 cm. DIMENSIONES Anchura: 50-500 mm Longitud: \u00c1REAS DE USO El envasado de &hellip;\" \/>\n<meta property=\"og:url\" content=\"https:\/\/miopack.com.tr\/es\/tablero-alveolar-ranurado\/\" \/>\n<meta property=\"og:site_name\" content=\"Miopack Ambalaj Packaging Solutions\" \/>\n<meta property=\"article:publisher\" content=\"https:\/\/www.facebook.com\/miopack.packaging.solutions\/\" \/>\n<meta property=\"article:modified_time\" content=\"2023-12-01T13:04:55+00:00\" \/>\n<meta property=\"og:image\" content=\"https:\/\/miopack.com.tr\/wp-content\/uploads\/slitted-core-board-1.jpg\" \/>\n<meta name=\"twitter:card\" content=\"summary_large_image\" \/>\n<script type=\"application\/ld+json\" class=\"yoast-schema-graph\">{\"@context\":\"https:\/\/schema.org\",\"@graph\":[{\"@type\":\"WebPage\",\"@id\":\"https:\/\/miopack.com.tr\/es\/tablero-alveolar-ranurado\/\",\"url\":\"https:\/\/miopack.com.tr\/es\/tablero-alveolar-ranurado\/\",\"name\":\"Tablero alveolar ranurado - Miopack Ambalaj Packaging Solutions\",\"isPartOf\":{\"@id\":\"https:\/\/miopack.com.tr\/es\/#website\"},\"primaryImageOfPage\":{\"@id\":\"https:\/\/miopack.com.tr\/es\/tablero-alveolar-ranurado\/#primaryimage\"},\"image\":{\"@id\":\"https:\/\/miopack.com.tr\/es\/tablero-alveolar-ranurado\/#primaryimage\"},\"thumbnailUrl\":\"https:\/\/miopack.com.tr\/wp-content\/uploads\/slitted-core-board-1.jpg\",\"datePublished\":\"2023-01-07T14:13:14+00:00\",\"dateModified\":\"2023-12-01T13:04:55+00:00\",\"breadcrumb\":{\"@id\":\"https:\/\/miopack.com.tr\/es\/tablero-alveolar-ranurado\/#breadcrumb\"},\"inLanguage\":\"es\",\"potentialAction\":[{\"@type\":\"ReadAction\",\"target\":[\"https:\/\/miopack.com.tr\/es\/tablero-alveolar-ranurado\/\"]}]},{\"@type\":\"ImageObject\",\"inLanguage\":\"es\",\"@id\":\"https:\/\/miopack.com.tr\/es\/tablero-alveolar-ranurado\/#primaryimage\",\"url\":\"https:\/\/miopack.com.tr\/wp-content\/uploads\/slitted-core-board-1.jpg\",\"contentUrl\":\"https:\/\/miopack.com.tr\/wp-content\/uploads\/slitted-core-board-1.jpg\"},{\"@type\":\"BreadcrumbList\",\"@id\":\"https:\/\/miopack.com.tr\/es\/tablero-alveolar-ranurado\/#breadcrumb\",\"itemListElement\":[{\"@type\":\"ListItem\",\"position\":1,\"name\":\"Home\",\"item\":\"https:\/\/miopack.com.tr\/es\/inicio\/\"},{\"@type\":\"ListItem\",\"position\":2,\"name\":\"Tablero alveolar ranurado\"}]},{\"@type\":\"WebSite\",\"@id\":\"https:\/\/miopack.com.tr\/es\/#website\",\"url\":\"https:\/\/miopack.com.tr\/es\/\",\"name\":\"www.miopack.com.tr\",\"description\":\"Cardboard corners - Edge Protector - Angle Board - Packing Sources - Cardboard - Solidboard - Angleboard - Metallized Cardboard - Pastry Coaster\",\"publisher\":{\"@id\":\"https:\/\/miopack.com.tr\/es\/#organization\"},\"potentialAction\":[{\"@type\":\"SearchAction\",\"target\":{\"@type\":\"EntryPoint\",\"urlTemplate\":\"https:\/\/miopack.com.tr\/es\/?s={search_term_string}\"},\"query-input\":{\"@type\":\"PropertyValueSpecification\",\"valueRequired\":true,\"valueName\":\"search_term_string\"}}],\"inLanguage\":\"es\"},{\"@type\":\"Organization\",\"@id\":\"https:\/\/miopack.com.tr\/es\/#organization\",\"name\":\"Miopack Ambalaj Packaging Solutions\",\"url\":\"https:\/\/miopack.com.tr\/es\/\",\"logo\":{\"@type\":\"ImageObject\",\"inLanguage\":\"es\",\"@id\":\"https:\/\/miopack.com.tr\/es\/#\/schema\/logo\/image\/\",\"url\":\"https:\/\/miopack.com.tr\/wp-content\/uploads\/miopack-logo-1.png\",\"contentUrl\":\"https:\/\/miopack.com.tr\/wp-content\/uploads\/miopack-logo-1.png\",\"width\":442,\"height\":160,\"caption\":\"Miopack Ambalaj Packaging Solutions\"},\"image\":{\"@id\":\"https:\/\/miopack.com.tr\/es\/#\/schema\/logo\/image\/\"},\"sameAs\":[\"https:\/\/www.facebook.com\/miopack.packaging.solutions\/\",\"https:\/\/www.instagram.com\/miopack_packaging\/\",\"https:\/\/www.youtube.com\/@miopack\",\"https:\/\/www.linkedin.com\/company\/miopack\"]}]}<\/script>\n<!-- \/ Yoast SEO plugin. -->","yoast_head_json":{"title":"Tablero alveolar ranurado - Miopack Ambalaj Packaging Solutions","robots":{"index":"index","follow":"follow","max-snippet":"max-snippet:-1","max-image-preview":"max-image-preview:large","max-video-preview":"max-video-preview:-1"},"canonical":"https:\/\/miopack.com.tr\/es\/tablero-alveolar-ranurado\/","og_locale":"es_ES","og_type":"article","og_title":"Tablero alveolar ranurado - Miopack Ambalaj Packaging Solutions","og_description":"PLACA BASE RANURADA El producto resultante tiene una densidad de 260-480 gr\/m\u00b2 y una anchura de 5-50 cm. El di\u00e1metro m\u00e1ximo de la bobina cortada es de 125 cm. DIMENSIONES Anchura: 50-500 mm Longitud: \u00c1REAS DE USO El envasado de &hellip;","og_url":"https:\/\/miopack.com.tr\/es\/tablero-alveolar-ranurado\/","og_site_name":"Miopack Ambalaj Packaging Solutions","article_publisher":"https:\/\/www.facebook.com\/miopack.packaging.solutions\/","article_modified_time":"2023-12-01T13:04:55+00:00","og_image":[{"url":"https:\/\/miopack.com.tr\/wp-content\/uploads\/slitted-core-board-1.jpg","type":"","width":"","height":""}],"twitter_card":"summary_large_image","schema":{"@context":"https:\/\/schema.org","@graph":[{"@type":"WebPage","@id":"https:\/\/miopack.com.tr\/es\/tablero-alveolar-ranurado\/","url":"https:\/\/miopack.com.tr\/es\/tablero-alveolar-ranurado\/","name":"Tablero alveolar ranurado - Miopack Ambalaj Packaging Solutions","isPartOf":{"@id":"https:\/\/miopack.com.tr\/es\/#website"},"primaryImageOfPage":{"@id":"https:\/\/miopack.com.tr\/es\/tablero-alveolar-ranurado\/#primaryimage"},"image":{"@id":"https:\/\/miopack.com.tr\/es\/tablero-alveolar-ranurado\/#primaryimage"},"thumbnailUrl":"https:\/\/miopack.com.tr\/wp-content\/uploads\/slitted-core-board-1.jpg","datePublished":"2023-01-07T14:13:14+00:00","dateModified":"2023-12-01T13:04:55+00:00","breadcrumb":{"@id":"https:\/\/miopack.com.tr\/es\/tablero-alveolar-ranurado\/#breadcrumb"},"inLanguage":"es","potentialAction":[{"@type":"ReadAction","target":["https:\/\/miopack.com.tr\/es\/tablero-alveolar-ranurado\/"]}]},{"@type":"ImageObject","inLanguage":"es","@id":"https:\/\/miopack.com.tr\/es\/tablero-alveolar-ranurado\/#primaryimage","url":"https:\/\/miopack.com.tr\/wp-content\/uploads\/slitted-core-board-1.jpg","contentUrl":"https:\/\/miopack.com.tr\/wp-content\/uploads\/slitted-core-board-1.jpg"},{"@type":"BreadcrumbList","@id":"https:\/\/miopack.com.tr\/es\/tablero-alveolar-ranurado\/#breadcrumb","itemListElement":[{"@type":"ListItem","position":1,"name":"Home","item":"https:\/\/miopack.com.tr\/es\/inicio\/"},{"@type":"ListItem","position":2,"name":"Tablero alveolar ranurado"}]},{"@type":"WebSite","@id":"https:\/\/miopack.com.tr\/es\/#website","url":"https:\/\/miopack.com.tr\/es\/","name":"www.miopack.com.tr","description":"Cardboard corners - Edge Protector - Angle Board - Packing Sources - Cardboard - Solidboard - Angleboard - Metallized Cardboard - Pastry Coaster","publisher":{"@id":"https:\/\/miopack.com.tr\/es\/#organization"},"potentialAction":[{"@type":"SearchAction","target":{"@type":"EntryPoint","urlTemplate":"https:\/\/miopack.com.tr\/es\/?s={search_term_string}"},"query-input":{"@type":"PropertyValueSpecification","valueRequired":true,"valueName":"search_term_string"}}],"inLanguage":"es"},{"@type":"Organization","@id":"https:\/\/miopack.com.tr\/es\/#organization","name":"Miopack Ambalaj Packaging Solutions","url":"https:\/\/miopack.com.tr\/es\/","logo":{"@type":"ImageObject","inLanguage":"es","@id":"https:\/\/miopack.com.tr\/es\/#\/schema\/logo\/image\/","url":"https:\/\/miopack.com.tr\/wp-content\/uploads\/miopack-logo-1.png","contentUrl":"https:\/\/miopack.com.tr\/wp-content\/uploads\/miopack-logo-1.png","width":442,"height":160,"caption":"Miopack Ambalaj Packaging Solutions"},"image":{"@id":"https:\/\/miopack.com.tr\/es\/#\/schema\/logo\/image\/"},"sameAs":["https:\/\/www.facebook.com\/miopack.packaging.solutions\/","https:\/\/www.instagram.com\/miopack_packaging\/","https:\/\/www.youtube.com\/@miopack","https:\/\/www.linkedin.com\/company\/miopack"]}]}},"_links":{"self":[{"href":"https:\/\/miopack.com.tr\/es\/wp-json\/wp\/v2\/pages\/2782","targetHints":{"allow":["GET"]}}],"collection":[{"href":"https:\/\/miopack.com.tr\/es\/wp-json\/wp\/v2\/pages"}],"about":[{"href":"https:\/\/miopack.com.tr\/es\/wp-json\/wp\/v2\/types\/page"}],"author":[{"embeddable":true,"href":"https:\/\/miopack.com.tr\/es\/wp-json\/wp\/v2\/users\/1"}],"replies":[{"embeddable":true,"href":"https:\/\/miopack.com.tr\/es\/wp-json\/wp\/v2\/comments?post=2782"}],"version-history":[{"count":1,"href":"https:\/\/miopack.com.tr\/es\/wp-json\/wp\/v2\/pages\/2782\/revisions"}],"predecessor-version":[{"id":2783,"href":"https:\/\/miopack.com.tr\/es\/wp-json\/wp\/v2\/pages\/2782\/revisions\/2783"}],"wp:attachment":[{"href":"https:\/\/miopack.com.tr\/es\/wp-json\/wp\/v2\/media?parent=2782"}],"curies":[{"name":"wp","href":"https:\/\/api.w.org\/{rel}","templated":true}]}}